{"id":157,"date":"2024-11-07T08:16:48","date_gmt":"2024-11-07T06:16:48","guid":{"rendered":"https:\/\/sisu.ut.ee\/ti\/?page_id=157"},"modified":"2024-12-10T13:22:25","modified_gmt":"2024-12-10T11:22:25","slug":"4-mille-jaoks-ai-tooriistu-kasutada","status":"publish","type":"page","link":"https:\/\/sisu.ut.ee\/ti\/4-mille-jaoks-ai-tooriistu-kasutada\/","title":{"rendered":"4. Mille jaoks TI t\u00f6\u00f6riistu kasutada?"},"content":{"rendered":"<p>Kui siinne \u00f5ppematerjal on pannud sind m\u00f5tlema, et ka sina sooviksid \u00f5petades v\u00f5i \u00f5ppides TI v\u00f5imalusi kasutada, siis j\u00e4rgevalt on toodud hulk soovitusi ja nippe, mida saad selleks katsetada.<\/p>\n\n\n\n<p>TI rakendusi kasutades ja valides tuleb kindlasti meeles pidada, et TI arendus ei ole l\u00e4htunud haridusvaldkonna vajadustest. Tegu on esmalt ikkagi \u00e4riga ning rakenduste arendajate peamine eesm\u00e4rk on raha teenida. TI rakenduste kasutamine \u00f5ppet\u00f6\u00f6s v\u00f5ib olla k\u00fcll mitmeti kasulik, kuid moodsate vahendite leviku tuules ei tasu unustada ka neid meetodeid, mis on h\u00e4sti toiminud enne n-\u00f6 TI ajastut.<\/p>\n","protected":false},"excerpt":{"rendered":"<p>Kui siinne \u00f5ppematerjal on pannud sind m\u00f5tlema, et ka sina sooviksid \u00f5petades v\u00f5i \u00f5ppides TI v\u00f5imalusi kasutada, siis j\u00e4rgevalt on toodud hulk soovitusi ja nippe, mida saad selleks katsetada. TI rakendusi kasutades ja valides tuleb kindlasti meeles pidada, et TI &#8230;<\/p>\n","protected":false},"author":9,"featured_media":0,"parent":0,"menu_order":0,"comment_status":"closed","ping_status":"closed","template":"","meta":{"_acf_changed":false,"inline_featured_image":false,"footnotes":""},"class_list":["post-157","page","type-page","status-publish","hentry"],"acf":[],"_links":{"self":[{"href":"https:\/\/sisu.ut.ee\/ti\/wp-json\/wp\/v2\/pages\/157","targetHints":{"allow":["GET"]}}],"collection":[{"href":"https:\/\/sisu.ut.ee\/ti\/wp-json\/wp\/v2\/pages"}],"about":[{"href":"https:\/\/sisu.ut.ee\/ti\/wp-json\/wp\/v2\/types\/page"}],"author":[{"embeddable":true,"href":"https:\/\/sisu.ut.ee\/ti\/wp-json\/wp\/v2\/users\/9"}],"replies":[{"embeddable":true,"href":"https:\/\/sisu.ut.ee\/ti\/wp-json\/wp\/v2\/comments?post=157"}],"version-history":[{"count":8,"href":"https:\/\/sisu.ut.ee\/ti\/wp-json\/wp\/v2\/pages\/157\/revisions"}],"predecessor-version":[{"id":633,"href":"https:\/\/sisu.ut.ee\/ti\/wp-json\/wp\/v2\/pages\/157\/revisions\/633"}],"wp:attachment":[{"href":"https:\/\/sisu.ut.ee\/ti\/wp-json\/wp\/v2\/media?parent=157"}],"curies":[{"name":"wp","href":"https:\/\/api.w.org\/{rel}","templated":true}]}}