{"id":151,"date":"2024-11-07T08:10:21","date_gmt":"2024-11-07T06:10:21","guid":{"rendered":"https:\/\/sisu.ut.ee\/ti\/?page_id=151"},"modified":"2025-04-08T08:24:09","modified_gmt":"2025-04-08T05:24:09","slug":"ti-opetamisel-eelised-ja-puudused","status":"publish","type":"page","link":"https:\/\/sisu.ut.ee\/ti\/ti-opetamisel-eelised-ja-puudused\/","title":{"rendered":"3.3. TI \u00f5petamisel: eelised ja puudused\u00a0"},"content":{"rendered":"<p>TI kasutamine \u00f5petamisel annab teatud eelised, kuid kindlasti ei ole see ideaalne vahend, mida pimesi usaldada. Seet\u00f5ttu tasub p\u00f5hjalikult l\u00e4bi m\u00f5elda, kuidas tehnoloogia pakutavad eelised oma \u00f5petamises \u00e4ra kasutada, kuid olla samas teadlik ka selle puudustest.\u00a0\u00a0\u00a0<\/p>\n\n\n\n<hr class=\"wp-block-separator has-alpha-channel-opacity\">\n\n\n\n<div class=\"wp-block-columns is-layout-flex wp-container-core-columns-is-layout-9d6595d7 wp-block-columns-is-layout-flex\">\n<div class=\"wp-block-column is-layout-flow wp-block-column-is-layout-flow\" style=\"flex-basis:50%\">\n<p><strong>EELIS<\/strong><br>TI annab v\u00f5imaluse t\u00f5husalt luua erinevate \u00f5pioskuste ja -eelistustega \u00f5ppijatele m\u00f5eldud \u00f5ppematerjale, toetades seel\u00e4bi paremini nende individuaalset \u00f5piprotsessi.\u00a0\u00a0<\/p>\n<\/div>\n\n\n\n<div class=\"wp-block-column is-layout-flow wp-block-column-is-layout-flow\" style=\"flex-basis:50%\">\n<p><strong>PUUDUS<\/strong><br>Siiski tuleb arvestada v\u00e4hemalt esialgse ajakuluga selle peale, et panna TI rakendused enda eesm\u00e4rkide jaoks edukalt t\u00f6\u00f6le. Samuti on oluline arvestada, et TI on siiski masin, mis ei pruugi suuta k\u00f5iki \u00f5pper\u00fchma erip\u00e4rasid arvesse v\u00f5tta, mist\u00f5ttu on \u00f5ppej\u00f5ul vaja materjale kontrollida ja kohandada.\u00a0\u00a0<\/p>\n<\/div>\n<\/div>\n\n\n\n<hr class=\"wp-block-separator has-alpha-channel-opacity\">\n\n\n\n<div class=\"wp-block-columns is-layout-flex wp-container-core-columns-is-layout-9d6595d7 wp-block-columns-is-layout-flex\">\n<div class=\"wp-block-column is-layout-flow wp-block-column-is-layout-flow\" style=\"flex-basis:50%\">\n<p><strong>EELIS<\/strong><br>TI rakendamine aitab mitmekesistada \u00f5ppematerjale ning saada n-\u00f6 k\u00f5rvalseisja vaade oma algsetele plaanidele.\u00a0\u00a0<\/p>\n<\/div>\n\n\n\n<div class=\"wp-block-column is-layout-flow wp-block-column-is-layout-flow\" style=\"flex-basis:50%\">\n<p><strong>PUUDUS<\/strong><br>Samas tuleb olla TI rakendamisel t\u00e4helepanelik, kuna TI v\u00f5ib hallutsineerida ning luua faktiliselt ebakorrektset sisu. Seet\u00f5ttu on oluline pakutud sisu kriitiliselt hinnata, et mitte luua ebarealistlikke \u00fclesandeid v\u00f5i ebat\u00e4pse sisuga \u00f5ppematerjale.\u00a0<\/p>\n<\/div>\n<\/div>\n\n\n\n<hr class=\"wp-block-separator has-alpha-channel-opacity\">\n\n\n\n<div class=\"wp-block-columns is-layout-flex wp-container-core-columns-is-layout-9d6595d7 wp-block-columns-is-layout-flex\">\n<div class=\"wp-block-column is-layout-flow wp-block-column-is-layout-flow\" style=\"flex-basis:50%\">\n<p><strong>EELIS<\/strong><br>TI v\u00f5imaldab kiiret ja s\u00fcsteemset tagasisidestamist, mis aitab \u00f5ppijal m\u00e4rgata oma vigu ning nendest \u00f5ppida.\u00a0\u00a0<\/p>\n<\/div>\n\n\n\n<div class=\"wp-block-column is-layout-flow wp-block-column-is-layout-flow\" style=\"flex-basis:50%\">\n<p><strong>PUUDUS<\/strong><br>Teisalt ei suuda masinlik tagasiside alati \u00f5ppeprotsessile kaasa aidata, sest \u00f5ppija vajab ka inimlikku ja empaatilist tuge, mida saab pakkuda vaid \u00f5ppej\u00f5ud. Seega peab TI rakendamist tagasisidestamisel kindlasti kombineerima \u00f5ppej\u00f5u toetusega.\u00a0\u00a0<\/p>\n<\/div>\n<\/div>\n\n\n\n<hr class=\"wp-block-separator has-alpha-channel-opacity\">\n\n\n\n<div class=\"wp-block-columns is-layout-flex wp-container-core-columns-is-layout-9d6595d7 wp-block-columns-is-layout-flex\">\n<div class=\"wp-block-column is-layout-flow wp-block-column-is-layout-flow\" style=\"flex-basis:50%\">\n<p><strong>EELIS<\/strong><br>TI-d kasutades on v\u00f5imalik v\u00e4hendada ajakulu \u00f5ppet\u00f6\u00f6 ja -materjalide ettevalmistamiseks ning tagasisidestamiseks.\u00a0\u00a0<\/p>\n<\/div>\n\n\n\n<div class=\"wp-block-column is-layout-flow wp-block-column-is-layout-flow\" style=\"flex-basis:50%\">\n<p><strong>PUUDUS<\/strong><br>Samas areneb TI valdkond v\u00e4ga kiiresti, mis n\u00f5uab \u00f5ppej\u00f5ult pidevalt enda kursis hoidmist muutustega, et rakendada TI-d oma \u00f5petamises v\u00f5imalikult t\u00f5husalt. See v\u00f5ib omakorda v\u00f5tta aega ning esialgne ajaline v\u00f5it ei pruugigi olla nii suur. Siiski tasub valida teatud TI lahendused ning keskenduda nende tundma\u00f5ppimisele, mis tagab oma aja optimaalse kasutamise pikema perioodi jooksul.\u00a0<\/p>\n<\/div>\n<\/div>\n\n\n\n<hr class=\"wp-block-separator has-alpha-channel-opacity\">\n\n\n\n<div class=\"wp-block-columns is-layout-flex wp-container-core-columns-is-layout-9d6595d7 wp-block-columns-is-layout-flex\">\n<div class=\"wp-block-column is-layout-flow wp-block-column-is-layout-flow\" style=\"flex-basis:50%\">\n<p><strong>EELIS<\/strong><br>TI kasutamine \u00f5ppet\u00f6\u00f6s julgustab ka \u00f5ppijaid TI rakendusi kasutama ning treenib TI-alast kirjaoskust. Tegu on olulise oskusega, mida \u00f5ppijatel on tulevikus t\u00f6\u00f6turul vaja.\u00a0\u00a0<\/p>\n<\/div>\n\n\n\n<div class=\"wp-block-column is-layout-flow wp-block-column-is-layout-flow\" style=\"flex-basis:50%\">\n<p><strong>PUUDUS<\/strong><br>Siiski tuleb arendada ka \u00f5ppijate kriitilist anal\u00fc\u00fcsi- ja hindamisoskust, et nad ei muutuks TI-st liialt s\u00f5ltuvaks ning oleksid suutelised TI pakutavat sisuliselt ja vormiliselt hindama ning selle kasutamist efektiivselt juhtima.\u00a0\u00a0\u00a0<\/p>\n<\/div>\n<\/div>\n\n\n\n<hr class=\"wp-block-separator has-alpha-channel-opacity\">\n\n\n\n<div class=\"wp-block-columns is-layout-flex wp-container-core-columns-is-layout-9d6595d7 wp-block-columns-is-layout-flex\">\n<div class=\"wp-block-column is-layout-flow wp-block-column-is-layout-flow\" style=\"flex-basis:50%\">\n<p><strong>EELIS<\/strong><br>TI suudab t\u00f6\u00f6delda suures mahus andmeid ning v\u00f5imaldab seega kiiremat anal\u00fc\u00fcsi.\u00a0\u00a0<\/p>\n<\/div>\n\n\n\n<div class=\"wp-block-column is-layout-flow wp-block-column-is-layout-flow\" style=\"flex-basis:50%\">\n<p><strong>PUUDUS<\/strong><br>Tuleb aga kindlasti j\u00e4lgida, et andmeid kasutataks alati privaatsust ja andmekaitset silmas pidades. Samuti tuleb arvestada autori\u00f5iguse p\u00f5him\u00f5tetega ning v\u00e4ltida TI rakendustesse konfidentsiaalse v\u00f5i tundliku info sisestamist.\u00a0<\/p>\n<\/div>\n<\/div>\n\n\n\n<hr class=\"wp-block-separator has-alpha-channel-opacity\">\n","protected":false},"excerpt":{"rendered":"<p>TI kasutamine \u00f5petamisel annab teatud eelised, kuid kindlasti ei ole see ideaalne vahend, mida pimesi usaldada. Seet\u00f5ttu tasub p\u00f5hjalikult l\u00e4bi m\u00f5elda, kuidas tehnoloogia pakutavad eelised oma \u00f5petamises \u00e4ra kasutada, kuid olla samas teadlik ka selle puudustest.\u00a0\u00a0\u00a0 EELISTI annab v\u00f5imaluse t\u00f5husalt &#8230;<\/p>\n","protected":false},"author":9,"featured_media":0,"parent":0,"menu_order":0,"comment_status":"closed","ping_status":"closed","template":"","meta":{"_acf_changed":false,"inline_featured_image":false,"footnotes":""},"class_list":["post-151","page","type-page","status-publish","hentry"],"acf":[],"_links":{"self":[{"href":"https:\/\/sisu.ut.ee\/ti\/wp-json\/wp\/v2\/pages\/151","targetHints":{"allow":["GET"]}}],"collection":[{"href":"https:\/\/sisu.ut.ee\/ti\/wp-json\/wp\/v2\/pages"}],"about":[{"href":"https:\/\/sisu.ut.ee\/ti\/wp-json\/wp\/v2\/types\/page"}],"author":[{"embeddable":true,"href":"https:\/\/sisu.ut.ee\/ti\/wp-json\/wp\/v2\/users\/9"}],"replies":[{"embeddable":true,"href":"https:\/\/sisu.ut.ee\/ti\/wp-json\/wp\/v2\/comments?post=151"}],"version-history":[{"count":7,"href":"https:\/\/sisu.ut.ee\/ti\/wp-json\/wp\/v2\/pages\/151\/revisions"}],"predecessor-version":[{"id":1147,"href":"https:\/\/sisu.ut.ee\/ti\/wp-json\/wp\/v2\/pages\/151\/revisions\/1147"}],"wp:attachment":[{"href":"https:\/\/sisu.ut.ee\/ti\/wp-json\/wp\/v2\/media?parent=151"}],"curies":[{"name":"wp","href":"https:\/\/api.w.org\/{rel}","templated":true}]}}