{"id":144,"date":"2024-11-07T07:54:11","date_gmt":"2024-11-07T05:54:11","guid":{"rendered":"https:\/\/sisu.ut.ee\/ti\/?page_id=144"},"modified":"2025-05-12T09:36:51","modified_gmt":"2025-05-12T06:36:51","slug":"tekstiroboti-korrektne-kasutamine-ja-sellele-viitamine","status":"publish","type":"page","link":"https:\/\/sisu.ut.ee\/ti\/tekstiroboti-korrektne-kasutamine-ja-sellele-viitamine\/","title":{"rendered":"3.4. Tekstiroboti korrektne kasutamine ja sellele viitamine"},"content":{"rendered":"<figure class=\"wp-block-pullquote alignright\"><blockquote><p>TI kasutusele ei pea viitama, kui kasutad seda ideede genereerimise faasis n-\u00f6 arutelukaaslasena v\u00f5i selleks, et saada enda ideedele tagasisidet.\u00a0<\/p><\/blockquote><\/figure>\n\n\n\n<p>Korrektset viitamist TI tekstirobotite kasutamisele on k\u00f5ige lihtsam selgitada l\u00f5put\u00f6\u00f6des kehtivate viitamisp\u00f5him\u00f5tete n\u00e4itel. Laiemalt jaotub TI kasutamine ja sellele viitamine pikemates kirjalikes tekstides, sh l\u00f5put\u00f6\u00f6des, kolme kategooriasse:\u00a0<\/p>\n\n\n\n<ol class=\"wp-block-list\">\n<li>v\u00f5ib TI-d kasutada ja pole vaja viidata,\u00a0\u00a0<\/li>\n\n\n\n<li>v\u00f5ib TI-d kasutada ja peab kindlasti viitama,\u00a0<\/li>\n\n\n\n<li>ei v\u00f5i TI-d kasutada, isegi kui korrektselt viidata.\u00a0\u00a0<\/li>\n<\/ol>\n\n\n\n<p>Esimesse kategooriasse kuuluvad k\u00f5ik need TI kasutamise olukorrad, kus TI annab autorile mingil kujul n\u00f5u, aga ei loo midagi uut, mis l\u00e4heks kirjutatavas tekstis otseselt kasutusse. N\u00e4iteks v\u00f5ib TI aidata genereerida ideid, osaleda ajur\u00fcnnakutel v\u00f5i anda sinu kirjutatud tekstile tagasisidet. Samuti v\u00f5ib TI olla toeks uurimisteema t\u00e4psustamisel, soovitada pealkirja variante ning anda tagasisidet h\u00fcpoteeside v\u00f5i uurimisk\u00fcsimuste kohta. Taolistel juhtudel ei ole vaja TI kasutusele viidata.\u00a0\u00a0<\/p>\n\n\n\n<figure class=\"wp-block-pullquote alignright\"><blockquote><p>TI abil loodud teksti kasutades tuleb alati TI\u00a0rakendusele viidata, et tagada (teadus)t\u00f6\u00f6\u00a0protsessi l\u00e4bipaistvus.\u00a0<\/p><\/blockquote><\/figure>\n\n\n\n<p>Teises kategoorias on TI tekstirobotite abil loodud tekst, mida t\u00f6\u00f6 autor vastavalt vajadusele t\u00e4iendab v\u00f5i toimetab ning lisab selle siis oma t\u00f6\u00f6sse. Sellisel juhul on oluline, et TI loodud teksti ei tohi esitada enda loodud tekstina, vaid kasutatud TI rakendusele tuleb korrektselt viidata. Nii on n\u00e4iteks lubatud koostada TI abil t\u00f6\u00f6 teooriaosa jaoks artiklitest \u00fclevaatlik kokkuv\u00f5te, ent saadud teksti lisamine otse oma t\u00f6\u00f6sse ei ole lubatud. K\u00fcll aga v\u00f5ib TI koostatud kokkuv\u00f5ttest inspireerituna kirjutada valmis sarnase teemak\u00e4sitlusega teksti. Selleks v\u00f5ib kasutada isegi m\u00f5ningaid TI v\u00e4ljundist p\u00e4rit lauseid, kuid autori enda intellektuaalne panus peab tekstist l\u00e4bi kumama. Nii toimides on tarvis kasutatud TI rakendusele ka korrektselt viidata, sest teksti algidee on p\u00e4rit tekstirobotilt. Samuti ei tohi unustada viitamist info algallikatele, nt teadusartiklitele, mille p\u00f5hjal TI kokkuv\u00f5tte koostas. Sealjuures peab kogu TI genereeritud sisu olema samuti selgelt v\u00e4lja toodud, sest see tagab t\u00f6\u00f6protsessi l\u00e4bipaistvuse ja on koosk\u00f5las akadeemilise t\u00f6\u00f6 eetiliste n\u00f5uete ja hea teadustavaga.\u00a0<\/p>\n\n\n\n<figure class=\"wp-block-pullquote alignright\"><blockquote><p>TI rakenduste kasutamine ei ole \u00fcldse lubatud terviklike tekstiosade koostamiseks ega andmete fabritseerimiseks. Kontrolli alati TI loodud sisu korrektsust!\u00a0<\/p><\/blockquote><\/figure>\n\n\n\n<p>Teine kategooria sisaldab ka selliseid tegevusi, kus TI-d on kasutatud metoodiliselt t\u00f6\u00f6 mingis etapis ning see kasutus m\u00f5jutab otseselt t\u00f6\u00f6 tulemusi. N\u00e4iteks kui leiad, et TI on sinu uuritavate andmete anal\u00fc\u00fcsiks v\u00f5i visualiseerimiseks parim valik, siis on lubatud seda teha, aga kogu anal\u00fc\u00fcsiprotsess peab olema t\u00f6\u00f6 meetodiosas ammendavalt lahti kirjutatud. \u00dchtlasi peab viitama kasutatud rakendustele, et teistel uurijatel oleks v\u00f5imalik vajaduse korral sarnast uurimisprotsessi replikeerida.\u00a0\u00a0<\/p>\n\n\n\n<p>Kolmas kategooria h\u00f5lmab neid tegevusi, mille korral TI kasutamine ei ole \u00fcldse lubatud. Siia alla kuuluvad n\u00e4iteks l\u00f5put\u00f6\u00f6 tervete peat\u00fckkide, alapeat\u00fckkide v\u00f5i isegi l\u00f5ikude kirjutamine, TI genereeritud teksti ilma n\u00f5uetekohaselt viitamata parafraseerimine (st saadud sisu esitamine pisut teisiti s\u00f5nastatud kujul) ning TI fabritseeritud andmete kasutamine t\u00f6\u00f6 uurimismaterjalina.\u00a0Samuti ei ole lubatud esitada TI-lt saadud infot, mille sisu paikapidavust ei ole autor \u00fcle kontrollinud. \u00a0<\/p>\n\n\n\n<h2 class=\"wp-block-heading\">TI rakendustele viitamine\u00a0<\/h2>\n\n\n\n<p>Vastavalt <a href=\"https:\/\/ut.ee\/et\/sisu\/suunis-tehisintellekti-kasutamiseks-oppetoos\" target=\"_blank\" rel=\"noreferrer noopener\">T\u00dc suunisele TI kasutamiseks \u00f5ppet\u00f6\u00f6s<\/a> s\u00f5ltub tekstisisene viitamine tekstirobotile \u201cakadeemilises \u00fcksuses v\u00f5i ajakirjas kasutatavast viitamisstiilist (APA, Chicago, MLA vm). APA stiilis j\u00e4rgitakse TI rakendustele viitamisel tarkvarale viitamise malli. Viites tuleb \u00e4ra m\u00e4rkida TI rakenduse looja v\u00f5i seda pakkuv ettev\u00f5te ning kasutatud versiooni aasta.\u201d<\/p>\n\n\n\n<p>N\u00e4iteks v\u00f5ib viidata nii:\u00a0\u00a0<\/p>\n\n\n\n<p><em>Andmeanal\u00fc\u00fcsi etappide kirjelduse s\u00fcstematiseerimiseks kasutati OpenAI (2023) tekstirobotit ChatGPT.<\/em>\u00a0\u00a0<\/p>\n\n\n\n<p>V\u00f5i:\u00a0\u00a0<\/p>\n\n\n\n<p><em>T\u00f6\u00f6 peamise definitsiooni koostamiseks sisestas autor varasemas kirjanduses kasutatud definitsioonid ChatGPT (OpenAI, 2024) tekstirobotisse ja k\u00fcsis: \u201cPalun s\u00f5nasta nende definitsioonide p\u00f5hjal \u00fcks keskne definitsioon.\u201d<\/em>\u00a0<\/p>\n\n\n\n<p>Tehes konkreetse \u00f5ppeaine \u00fclesandeid, peab tekstirobotite kasutamisel alati l\u00e4htuma reeglitest, mille on kehtestanud selles instituudis selle \u00f5ppeaine \u00f5ppej\u00f5ud. \u00dcli\u00f5pilane v\u00f5ib alati \u00f5ppej\u00f5ult k\u00fcsida, kas ja mismoodi tohib k\u00f5nealuses aines TI-d kasutada.\u00a0\u00a0<\/p>\n\n\n\n<h2 class=\"wp-block-heading\">Enesekontroll<\/h2>\n\n\n\n<div class=\"h5p-iframe-wrapper\"><div class=\"video-placeholder-wrapper video-placeholder-wrapper--fixed\" style=\"height: 366px;\">\n\t\t\t    <div class=\"video-placeholder d-flex justify-content-center align-items-center\">\n\t\t\t        <div class=\"overlay text-white p-2 w-100 text-center d-block justify-content-center align-items-center\">\n\t\t\t            <div>Kolmandate osapoolte sisu n\u00e4gemiseks palun n\u00f5ustu k\u00fcpsistega.<\/div>\n\t\t\t            <button class=\"btn btn-secondary btn-sm mt-1 consent-change\">Muuda n\u00f5usolekut<\/button>\n\t\t\t        <\/div>\n\t\t\t    <\/div>\n\t\t\t<\/div>\n<\/div>\n\n\n\n<h2 class=\"wp-block-heading\">\u00dclesanne<\/h2>\n\n\n\n<blockquote class=\"wp-block-quote is-layout-flow wp-block-quote-is-layout-flow\">\n<p>Juku kirjutab oma magistrit\u00f6\u00f6d sotsiaalmeedia m\u00f5just tarbijak\u00e4itumisele. Tal on kogutud andmed, mis sisaldavad sotsiaalmeedia postitusi ja kommentaare tarbijate kohta erinevatel platvormidel. Juku otsustab kasutada TI tekstirobotit, et anal\u00fc\u00fcsida neid postitusi ja tuvastada korduvad teemad ja mustrid. Tekstirobot pakub v\u00e4lja teatud v\u00f5tmeteema, mille Juku leiab olevat kasuliku oma t\u00f6\u00f6 anal\u00fc\u00fcsiosa jaoks. P\u00e4rast mustrite tuvastamist t\u00e4iendab Juku saadud tulemusi oma kommentaaride ja anal\u00fc\u00fcsiga, lisades need magistrit\u00f6\u00f6 tulemustesse.\u00a0<\/p>\n\n\n\n<p>Juku arutleb, kas selline kasutus on lubatud ja kas ta peab TI kasutusele viitama. Mida sina arvad?\u00a0<\/p>\n<\/blockquote>\n\n\n<div class=\"accordion-block mb-3\">\n\t\t<div class=\"accordion \" id=\"accordion-accordion-69db28c864f76\">\n\t\t\t\t\t\t\t<div class=\"accordion-item accordion-item--white\">\n\t\t\t\t\t<h2 class=\"accordion-header\" id=\"accordion-69db28c864f76-heading-1\">\n\t\t\t\t\t\t<button class=\"accordion-button collapsed\" type=\"button\" data-bs-toggle=\"collapse\" data-bs-target=\"#accordion-69db28c864f76-collapse-1\" aria-expanded=\"true\" aria-controls=\"accordion-69db28c864f76-collapse-1\">\n\t\t\t\t\t\t\tVastus\n\t\t\t\t\t\t<\/button>\n\t\t\t\t\t<\/h2>\n\t\t\t\t\t<div id=\"accordion-69db28c864f76-collapse-1\" class=\"accordion-collapse collapse \" aria-labelledby=\"accordion-69db28c864f76-heading-1\">\n\t\t\t\t\t\t<div class=\"accordion-body\">\n\t\t\t\t\t\t\t<p>Juku tegevus kuulub \u00f5ppematerjalis kirjeldatud teise kategooria alla, sest TI-tekstirobot aitas tal anal\u00fc\u00fcsida andmeid ja pakkuda v\u00e4lja teatud mustreid, mis kajastuvad magistrit\u00f6\u00f6s. Kuna Juku kasutas TI-d oma andmete anal\u00fc\u00fcsimiseks ja rakendas osaliselt tekstiroboti loodud mustrid oma t\u00f6\u00f6s, peab ta kindlasti viitama kasutatud TI rakendusele. Kuigi Juku on tulemusi t\u00e4iendanud oma anal\u00fc\u00fcsiga, p\u00e4rinevad algsed ideed tekstirobotilt, mist\u00f5ttu peab TI panus olema korrektselt viidatud. See tagab l\u00e4bipaistvuse ja on koosk\u00f5las akadeemilise eetika n\u00f5uetega.<\/p>\n\n\t\t\t\t\t\t<\/div>\n\t\t\t\t\t<\/div>\n\t\t\t\t<\/div>\n\t\t\t\t\t<\/div>\n\t<\/div>\n","protected":false},"excerpt":{"rendered":"<p>TI kasutusele ei pea viitama, kui kasutad seda ideede genereerimise faasis n-\u00f6 arutelukaaslasena v\u00f5i selleks, et saada enda ideedele tagasisidet.\u00a0 Korrektset viitamist TI tekstirobotite kasutamisele on k\u00f5ige lihtsam selgitada l\u00f5put\u00f6\u00f6des kehtivate viitamisp\u00f5him\u00f5tete n\u00e4itel. Laiemalt jaotub TI kasutamine ja sellele viitamine &#8230;<\/p>\n","protected":false},"author":9,"featured_media":0,"parent":0,"menu_order":0,"comment_status":"closed","ping_status":"closed","template":"","meta":{"_acf_changed":false,"inline_featured_image":false,"footnotes":""},"class_list":["post-144","page","type-page","status-publish","hentry"],"acf":[],"_links":{"self":[{"href":"https:\/\/sisu.ut.ee\/ti\/wp-json\/wp\/v2\/pages\/144","targetHints":{"allow":["GET"]}}],"collection":[{"href":"https:\/\/sisu.ut.ee\/ti\/wp-json\/wp\/v2\/pages"}],"about":[{"href":"https:\/\/sisu.ut.ee\/ti\/wp-json\/wp\/v2\/types\/page"}],"author":[{"embeddable":true,"href":"https:\/\/sisu.ut.ee\/ti\/wp-json\/wp\/v2\/users\/9"}],"replies":[{"embeddable":true,"href":"https:\/\/sisu.ut.ee\/ti\/wp-json\/wp\/v2\/comments?post=144"}],"version-history":[{"count":16,"href":"https:\/\/sisu.ut.ee\/ti\/wp-json\/wp\/v2\/pages\/144\/revisions"}],"predecessor-version":[{"id":1332,"href":"https:\/\/sisu.ut.ee\/ti\/wp-json\/wp\/v2\/pages\/144\/revisions\/1332"}],"wp:attachment":[{"href":"https:\/\/sisu.ut.ee\/ti\/wp-json\/wp\/v2\/media?parent=144"}],"curies":[{"name":"wp","href":"https:\/\/api.w.org\/{rel}","templated":true}]}}