{"id":1401,"date":"2025-09-29T15:19:28","date_gmt":"2025-09-29T12:19:28","guid":{"rendered":"https:\/\/sisu.ut.ee\/ti\/?page_id=1401"},"modified":"2025-10-01T17:29:29","modified_gmt":"2025-10-01T14:29:29","slug":"juhtruhm","status":"publish","type":"page","link":"https:\/\/sisu.ut.ee\/ti\/juhtruhm\/","title":{"rendered":"Juhtr\u00fchm"},"content":{"rendered":"<p>Juhtr\u00fchm loodi 28.05.2025.<\/p>\n\n\n\n<p><strong>Liikmed:<\/strong><\/p>\n\n\n\n<ul class=\"wp-block-list\">\n<li>Aune Valk, \u00f5ppeprorektor; <\/li>\n\n\n\n<li>Mari Moora, teadusprorektor; <\/li>\n\n\n\n<li>Kstina Noormets, kantsler; <\/li>\n\n\n\n<li>Imre Lall, infotehnoloogia osakond, teenuste talituse juhataja;<\/li>\n\n\n\n<li>Ivar Koppel, arvutiteaduse instituut, teadusarvutuste keskuse juhataja, IT arendusjuht;<\/li>\n\n\n\n<li>Taivo Raud, rektoraadi b\u00fcroo juhataja.<\/li>\n<\/ul>\n\n\n\n<p><strong>Tegevused:<\/strong><\/p>\n\n\n\n<ul class=\"wp-block-list\">\n<li>tehisaru kasutusp\u00f5him\u00f5tete v\u00e4lja t\u00f6\u00f6tamine ja uuendamine; <\/li>\n\n\n\n<li>tehisaru p\u00f5hi- ja tugitegevustesse l\u00f5imimiseks kokku kutsutud t\u00f6\u00f6r\u00fchmadele \u00fclesannete andmine ja t\u00f6\u00f6tulemuste seire; <\/li>\n\n\n\n<li>\u00fclikooli p\u00f5hi\u00fclesannete t\u00e4itmiseks vajalike tehisaru rakenduste kulumudeli v\u00e4lja t\u00f6\u00f6tamine;<\/li>\n\n\n\n<li>\u00fclikooli arengukava tegevuskavasse lisatavate ettepanekute ja rahastusettepanekute tegemine; <\/li>\n\n\n\n<li>\u00fclikooli sisekasutuseks m\u00f5eldud tehisaru arenduste koordineerimine; <\/li>\n\n\n\n<li>tehisaru kasutamise k\u00fcsitluste ja uuringute l\u00e4biviimise koordineerimine.<\/li>\n<\/ul>\n\n\n\n<p><\/p>\n\n\n\n<p><\/p>\n","protected":false},"excerpt":{"rendered":"<p>Juhtr\u00fchm loodi 28.05.2025. Liikmed: Tegevused:<\/p>\n","protected":false},"author":9,"featured_media":0,"parent":0,"menu_order":0,"comment_status":"closed","ping_status":"closed","template":"","meta":{"_acf_changed":false,"inline_featured_image":false,"footnotes":""},"class_list":["post-1401","page","type-page","status-publish","hentry"],"acf":[],"_links":{"self":[{"href":"https:\/\/sisu.ut.ee\/ti\/wp-json\/wp\/v2\/pages\/1401","targetHints":{"allow":["GET"]}}],"collection":[{"href":"https:\/\/sisu.ut.ee\/ti\/wp-json\/wp\/v2\/pages"}],"about":[{"href":"https:\/\/sisu.ut.ee\/ti\/wp-json\/wp\/v2\/types\/page"}],"author":[{"embeddable":true,"href":"https:\/\/sisu.ut.ee\/ti\/wp-json\/wp\/v2\/users\/9"}],"replies":[{"embeddable":true,"href":"https:\/\/sisu.ut.ee\/ti\/wp-json\/wp\/v2\/comments?post=1401"}],"version-history":[{"count":7,"href":"https:\/\/sisu.ut.ee\/ti\/wp-json\/wp\/v2\/pages\/1401\/revisions"}],"predecessor-version":[{"id":1418,"href":"https:\/\/sisu.ut.ee\/ti\/wp-json\/wp\/v2\/pages\/1401\/revisions\/1418"}],"wp:attachment":[{"href":"https:\/\/sisu.ut.ee\/ti\/wp-json\/wp\/v2\/media?parent=1401"}],"curies":[{"name":"wp","href":"https:\/\/api.w.org\/{rel}","templated":true}]}}