{"id":126,"date":"2024-11-06T13:49:00","date_gmt":"2024-11-06T11:49:00","guid":{"rendered":"https:\/\/sisu.ut.ee\/ti\/?page_id=126"},"modified":"2025-04-09T09:58:53","modified_gmt":"2025-04-09T06:58:53","slug":"kirjandus-2","status":"publish","type":"page","link":"https:\/\/sisu.ut.ee\/ti\/kirjandus-2\/","title":{"rendered":"3.5. Kirjandus"},"content":{"rendered":"<ul class=\"wp-block-list\">\n<li>Annette Vee (Pittsburghi \u00dclikool) ettekanne tehisintellekti kasutamise ohtudest ja v\u00f5imalustest akadeemilises \u00f5ppet\u00f6\u00f6s: <a href=\"https:\/\/uttv.ee\/naita?id=35978\" target=\"_blank\" rel=\"noreferrer noopener\">https:\/\/uttv.ee\/naita?id=35978<\/a><\/li>\n\n\n\n<li>Chan, C.K.Y. &amp; Hu, W. (2023). Students\u2019 voices on generative AI: perceptions, benefits, and challenges in higher education. International Journal of Educational Technology in Higher Education, 20, 43. <a href=\"https:\/\/rdcu.be\/dTDLW\" target=\"_blank\" rel=\"noreferrer noopener\">https:\/\/doi.org\/10.1186\/s41239-023-00411-8<\/a>\u00a0<\/li>\n\n\n\n<li>Kim, J., Yu, S., Detrick, R. &amp; Li, N. (2024). Exploring students\u2019 perspectives on Generative AI-assisted academic writing. Education and Information Technologies. <a href=\"https:\/\/rdcu.be\/dTCWc\" target=\"_blank\" rel=\"noreferrer noopener\">https:\/\/doi.org\/10.1007\/s10639-024-12878-7<\/a>\u00a0<\/li>\n<\/ul>\n","protected":false},"excerpt":{"rendered":"","protected":false},"author":9,"featured_media":0,"parent":0,"menu_order":0,"comment_status":"closed","ping_status":"closed","template":"","meta":{"_acf_changed":false,"inline_featured_image":false,"footnotes":""},"class_list":["post-126","page","type-page","status-publish","hentry"],"acf":[],"_links":{"self":[{"href":"https:\/\/sisu.ut.ee\/ti\/wp-json\/wp\/v2\/pages\/126","targetHints":{"allow":["GET"]}}],"collection":[{"href":"https:\/\/sisu.ut.ee\/ti\/wp-json\/wp\/v2\/pages"}],"about":[{"href":"https:\/\/sisu.ut.ee\/ti\/wp-json\/wp\/v2\/types\/page"}],"author":[{"embeddable":true,"href":"https:\/\/sisu.ut.ee\/ti\/wp-json\/wp\/v2\/users\/9"}],"replies":[{"embeddable":true,"href":"https:\/\/sisu.ut.ee\/ti\/wp-json\/wp\/v2\/comments?post=126"}],"version-history":[{"count":8,"href":"https:\/\/sisu.ut.ee\/ti\/wp-json\/wp\/v2\/pages\/126\/revisions"}],"predecessor-version":[{"id":1185,"href":"https:\/\/sisu.ut.ee\/ti\/wp-json\/wp\/v2\/pages\/126\/revisions\/1185"}],"wp:attachment":[{"href":"https:\/\/sisu.ut.ee\/ti\/wp-json\/wp\/v2\/media?parent=126"}],"curies":[{"name":"wp","href":"https:\/\/api.w.org\/{rel}","templated":true}]}}