{"id":975,"date":"2024-11-06T12:10:21","date_gmt":"2024-11-06T10:10:21","guid":{"rendered":"https:\/\/sisu.ut.ee\/ti\/?page_id=975"},"modified":"2025-04-08T08:17:52","modified_gmt":"2025-04-08T05:17:52","slug":"literature","status":"publish","type":"page","link":"https:\/\/sisu.ut.ee\/ti\/en\/literature\/","title":{"rendered":"1.3. Literature"},"content":{"rendered":"<ul class=\"wp-block-list\">\n<li>Glazko, K., Mohammed, Y., Kosa, B., Potluri, V., &amp; Mankoff, J. (June 2024). Identifying and Improving Disability Bias in GPT-Based Resume Screening. In The 2024 ACM Conference on Fairness, Accountability, and Transparency (pp. 687-700). <a href=\"https:\/\/doi.org\/10.1145\/3630106.3658933\" target=\"_blank\" rel=\"noreferrer noopener\">https:\/\/doi.org\/10.1145\/3630106.3658933<\/a>.<\/li>\n\n\n\n<li>Kirkpatrick, K. (2023). The Carbon Footprint of Artificial Intelligence. Commun. ACM 66, 8 (August 2023), 17\u201319. <a href=\"https:\/\/doi.org\/10.1145\/3603746\" target=\"_blank\" rel=\"noreferrer noopener\">https:\/\/doi.org\/10.1145\/3603746<\/a>.<\/li>\n\n\n\n<li>Kotsar, E. (2024). Tehisintellektil p\u00f5hineva vestlusrobot ChatGPT kasutamise kogemused Tartu \u00dclikooli sotsiaalteaduste valdkonna \u00fcli\u00f5pilaste n\u00e4itel. Magistrit\u00f6\u00f6. Tartu \u00dclikool. <a href=\"https:\/\/dspace.ut.ee\/items\/9abc8662-7bff-497d-842f-c5097f0ec383\" target=\"_blank\" rel=\"noreferrer noopener\">https:\/\/dspace.ut.ee\/items\/9abc8662-7bff-497d-842f-c5097f0ec383<\/a>.<\/li>\n\n\n\n<li>PlanBe. (2024). AI\u2019s carbon footprint: How does the popularity of artificial intelligence affect the climate? PlanBe Eco. <a href=\"https:\/\/planbe.eco\/en\/blog\/ais-carbon-footprint-how-does-the-popularity-of-artificial-intelligence-affect-the-climate\/\" target=\"_blank\" rel=\"noreferrer noopener\">https:\/\/planbe.eco\/en\/blog\/ais-carbon-footprint-how-does-the-popularity-of-artificial-intelligence-affect-the-climate\/<\/a>.<\/li>\n\n\n\n<li>Ray, P.P. (2023). ChatGPT: A Comprehensive Review on Background, Applications, Key Challenges, Bias, Ethics, Limitations and Future Scope. Internet of Things and Cyber-Physical Systems, 3, 121-154. <a href=\"https:\/\/doi.org\/10.1016\/j.iotcps.2023.04.003\" target=\"_blank\" rel=\"noreferrer noopener\">https:\/\/doi.org\/10.1016\/j.iotcps.2023.04.003<\/a><\/li>\n<\/ul>\n","protected":false},"excerpt":{"rendered":"","protected":false},"author":9,"featured_media":0,"parent":0,"menu_order":0,"comment_status":"closed","ping_status":"closed","template":"","meta":{"_acf_changed":false,"inline_featured_image":false,"footnotes":""},"class_list":["post-975","page","type-page","status-publish","hentry"],"acf":[],"_links":{"self":[{"href":"https:\/\/sisu.ut.ee\/ti\/en\/wp-json\/wp\/v2\/pages\/975","targetHints":{"allow":["GET"]}}],"collection":[{"href":"https:\/\/sisu.ut.ee\/ti\/en\/wp-json\/wp\/v2\/pages"}],"about":[{"href":"https:\/\/sisu.ut.ee\/ti\/en\/wp-json\/wp\/v2\/types\/page"}],"author":[{"embeddable":true,"href":"https:\/\/sisu.ut.ee\/ti\/en\/wp-json\/wp\/v2\/users\/9"}],"replies":[{"embeddable":true,"href":"https:\/\/sisu.ut.ee\/ti\/en\/wp-json\/wp\/v2\/comments?post=975"}],"version-history":[{"count":2,"href":"https:\/\/sisu.ut.ee\/ti\/en\/wp-json\/wp\/v2\/pages\/975\/revisions"}],"predecessor-version":[{"id":1123,"href":"https:\/\/sisu.ut.ee\/ti\/en\/wp-json\/wp\/v2\/pages\/975\/revisions\/1123"}],"wp:attachment":[{"href":"https:\/\/sisu.ut.ee\/ti\/en\/wp-json\/wp\/v2\/media?parent=975"}],"curies":[{"name":"wp","href":"https:\/\/api.w.org\/{rel}","templated":true}]}}