{"id":1048,"date":"2024-11-07T08:42:38","date_gmt":"2024-11-07T06:42:38","guid":{"rendered":"https:\/\/sisu.ut.ee\/ti\/?page_id=1048"},"modified":"2025-04-25T09:21:05","modified_gmt":"2025-04-25T06:21:05","slug":"what-about-writing-theses","status":"publish","type":"page","link":"https:\/\/sisu.ut.ee\/ti\/en\/what-about-writing-theses\/","title":{"rendered":"4.3. What about writing theses?"},"content":{"rendered":"<figure class=\"wp-block-pullquote alignright\"><blockquote><p>Text-based AI model can be used to write theses, but a proper thesis cannot be completed solely by AI. In the age of AI, it is essential to support students throughout the entire writing process and raise awareness about the significance of its various stages.<\/p><\/blockquote><\/figure>\n\n\n\n<p>Has the advent and spread of AI made you think that writing theses (i.e., bachelor\u2019s and master\u2019s theses) and other extensive texts is pointless because a Text-based AI model could easily do the work for the student? In this chapter, we will debunk the fears and misconceptions associated with writing theses and discuss why theses are still crucial in the age of AI.<\/p>\n\n\n\n<p>The ability of text-based AI models to quickly produce seemingly coherent new texts has caused a lot of fear and debate about students potentially using these applications to write their theses, thus reducing the amount of independent work. This raises the question of whether writing theses loses its value if the text-based AI model can produce a sufficiently good job for the student. There seems to be a public perception that students no longer need to do anything except input a couple of lines of text into an AI application, after which the robot quickly generates the text.<\/p>\n\n\n\n<p>With such a perception, it is easy to question the authorship of written assignments, especially since there is no practical way to determine whether a human or AI created the text (see also the <a href=\"https:\/\/etu.ut.ee\/2024\/tartu-ulikooli-seisukoht-tekstiroboti-kasutamise-tuvastuse-kohta\/\" target=\"_blank\" rel=\"noreferrer noopener\">University of Tartu\u2019s stance on detecting text-based AI model usage<\/a> (in Estonian)). The inability to detect this may lead to academic dishonesty if students submit AI-generated work as their own. On the other hand, constant doubts about authorship may create situations where students are unjustly accused of using AI.<\/p>\n\n\n\n<p>However, it is helpful to remember that as long as independent critical thinking and argumentation skills are valued in academic higher education, the thesis remains relevant. Indeed, using text-based AI models can be beneficial during certain stages of writing a thesis (for more on this, see the section on thesis writing in the <a href=\"https:\/\/ut.ee\/en\/node\/151731\" target=\"_blank\" rel=\"noreferrer noopener\">University of Tartu\u2019s guidelines<\/a>), but this does not mean that entire theses can be easily written using text-based AI models.<\/p>\n\n\n\n<p>Here are some reasons why theses are still crucial in the age of AI:<\/p>\n\n\n\n<ul class=\"wp-block-list\">\n<li>Writing theses is at the <strong>core of academic education<\/strong>, developing thinking and argumentation skills. Just as bread is an essential food for humanity, a thesis is the fundamental output of academic research, helping to maintain the quality and depth of higher education.<\/li>\n<\/ul>\n\n\n\n<ul class=\"wp-block-list\">\n<li>The unconsidered use of text-based AI models for writing texts may diminish students\u2019 ability to conduct independent research and think critically. If students rely too much on AI, they will lose the opportunity to develop the skills necessary to engage in argued discussions, both academically and professionally. Educators and supervisors\u2019 task is to <strong>support and motivate students<\/strong> throughout the writing process so they are not tempted to over-rely on AI-generated texts.<\/li>\n<\/ul>\n\n\n\n<ul class=\"wp-block-list\">\n<li>A thesis should not be seen as just a text. To complete a proper thesis, students must undergo <strong>several stages<\/strong>, including identifying the research problem, setting objectives, formulating hypotheses, reviewing sources, choosing a methodology, and collecting and analysing data. All of these stages must be explained and justified in a coherent text. Writing a thesis is like project management. Therefore, the process of writing a thesis develops skills and knowledge that the use of AI cannot fully replace.<\/li>\n<\/ul>\n\n\n\n<ul class=\"wp-block-list\">\n<li>Writing a thesis requires <strong>independent thinking, problem-solving, and analysis<\/strong>. AI can be used as a tool, but the quality of the thesis depends on the student\u2019s knowledge and skills, which can only be developed through independent work and discussions with supervisors.<\/li>\n<\/ul>\n\n\n\n<ul class=\"wp-block-list\">\n<li>Maintaining <strong>academic integrity and ethics<\/strong> is essential to avoid the inappropriate use of AI when writing theses. Universities must support students in understanding the actual value and purpose of thesis writing and ensure that AI is not used for fraud.<\/li>\n<\/ul>\n\n\n\n<p>Longer written assignments could include components that require students to reflect on their writing process and engage in critical analysis while encouraging original author contributions and developing a personal style. The writing process can also be combined with collaborative learning, in which text creation occurs with peers (see more on <a href=\"https:\/\/www.teadustekst.ut.ee\/kooskirjutamine-ja-kirjutamislaagrid\/\" target=\"_blank\" rel=\"noreferrer noopener\">Collaborative Writing and Writing Camps<\/a> (in Estonian)).<\/p>\n\n\n\n<figure class=\"wp-block-pullquote alignright\"><blockquote><p>Reflecting on the writing process, collaborative learning, and a well-designed assessment process help mitigate the risks associated with AI in thesis writing.<\/p><\/blockquote><\/figure>\n\n\n\n<p>In the age of AI, careful thought must also be given to the <strong>principles of thesis assessment<\/strong>. It is certainly not enough for the defence committee to read through the text and provide their evaluation. The assessment of theses should more significantly take into account the following:<\/p>\n\n\n\n<ul class=\"wp-block-list\">\n<li>The student\u2019s active involvement throughout the entire writing process,<\/li>\n\n\n\n<li>Their participation in supervision meetings, and<\/li>\n\n\n\n<li>Continuous work on improving the text.<\/li>\n<\/ul>\n\n\n\n<p>Moreover, more weight should be given to the <strong>defence process<\/strong>. A thesis \u201ccreated\u201d in one or two weeks should not qualify for defence.<\/p>\n\n\n\n<p>Even though the possibility of using AI may change the thesis writing process, the availability of AI does not diminish the importance of theses in higher education. Theses remain significant in the AI age because they develop students\u2019 critical thinking, analytical skills, and scientific reasoning competence. AI can be a helpful tool but cannot replace the thesis writing process. Universities must continue to emphasise the importance of these and support students in their writing.<\/p>\n\n\n\n<h2 class=\"wp-block-heading\">Read more:\u00a0<\/h2>\n\n\n\n<ul class=\"wp-block-list\">\n<li>Akadeemiliste tekstide kirjutamine. <a href=\"https:\/\/www.teadustekst.ut.ee\/\" target=\"_blank\" rel=\"noreferrer noopener\">https:\/\/www.teadustekst.ut.ee\/<\/a><\/li>\n\n\n\n<li>Hint, Helen, Helena Lemendik ja Djuddah Leijen (2023). ChatGPT k\u00f5rghariduse voodi all: kas p\u00e4ris koll? ERR Novaator, 03.05. <a href=\"https:\/\/novaator.err.ee\/1608966095\/chatgpt-korghariduse-voodi-all-kas-paris-koll\" target=\"_blank\" rel=\"noreferrer noopener\">https:\/\/novaator.err.ee\/1608966095\/chatgpt-korghariduse-voodi-all-kas-paris-koll<\/a><\/li>\n\n\n\n<li>Hint, Helen (2024). L\u00f5put\u00f6\u00f6 kirjutamine on nagu leiva k\u00fcpsetamine. ERR Novaator, 03.06. <a href=\"https:\/\/novaator.err.ee\/1609360253\/helen-hint-loputoo-kirjutamine-on-nagu-leiva-kupsetamine\" target=\"_blank\" rel=\"noreferrer noopener\">https:\/\/novaator.err.ee\/1609360253\/helen-hint-loputoo-kirjutamine-on-nagu-leiva-kupsetamine<\/a><\/li>\n\n\n\n<li>Port, Kristjan (2022). Tehisintellekt muudab \u00fcli\u00f5pilaste esseed sisut\u00fchjaks m\u00f5tteharjutuseks. ERR Novaator, 08.12. <a href=\"https:\/\/novaator.err.ee\/1608813757\/tehisintellekt-muudab-uliopilaste-esseed-sisutuhjaks-motteharjutuseks\" target=\"_blank\" rel=\"noreferrer noopener\">https:\/\/novaator.err.ee\/1608813757\/tehisintellekt-muudab-uliopilaste-esseed-sisutuhjaks-motteharjutuseks<\/a>\u00a0<\/li>\n\n\n\n<li>For more information on the use of artificial intelligence in the preparation of theses, see the University of Tartu guidelines on the use of artificial intelligence in teaching: <a href=\"https:\/\/ut.ee\/et\/sisu\/tartu-ulikooli-suunis-tekstiroboti-kasutamiseks-oppetoos\" target=\"_blank\" rel=\"noreferrer noopener\">https:\/\/ut.ee\/et\/sisu\/tartu-ulikooli-suunis-tekstiroboti-kasutamiseks-oppetoos<\/a><\/li>\n<\/ul>\n","protected":false},"excerpt":{"rendered":"<p>Text-based AI model can be used to write theses, but a proper thesis cannot be completed solely by AI. In the age of AI, it is essential to support students throughout the entire writing process and raise awareness about the &#8230;<\/p>\n","protected":false},"author":9,"featured_media":0,"parent":0,"menu_order":0,"comment_status":"closed","ping_status":"closed","template":"","meta":{"_acf_changed":false,"inline_featured_image":false,"footnotes":""},"class_list":["post-1048","page","type-page","status-publish","hentry"],"acf":[],"_links":{"self":[{"href":"https:\/\/sisu.ut.ee\/ti\/en\/wp-json\/wp\/v2\/pages\/1048","targetHints":{"allow":["GET"]}}],"collection":[{"href":"https:\/\/sisu.ut.ee\/ti\/en\/wp-json\/wp\/v2\/pages"}],"about":[{"href":"https:\/\/sisu.ut.ee\/ti\/en\/wp-json\/wp\/v2\/types\/page"}],"author":[{"embeddable":true,"href":"https:\/\/sisu.ut.ee\/ti\/en\/wp-json\/wp\/v2\/users\/9"}],"replies":[{"embeddable":true,"href":"https:\/\/sisu.ut.ee\/ti\/en\/wp-json\/wp\/v2\/comments?post=1048"}],"version-history":[{"count":4,"href":"https:\/\/sisu.ut.ee\/ti\/en\/wp-json\/wp\/v2\/pages\/1048\/revisions"}],"predecessor-version":[{"id":1284,"href":"https:\/\/sisu.ut.ee\/ti\/en\/wp-json\/wp\/v2\/pages\/1048\/revisions\/1284"}],"wp:attachment":[{"href":"https:\/\/sisu.ut.ee\/ti\/en\/wp-json\/wp\/v2\/media?parent=1048"}],"curies":[{"name":"wp","href":"https:\/\/api.w.org\/{rel}","templated":true}]}}