{"id":9,"date":"2024-04-04T03:58:02","date_gmt":"2024-04-04T00:58:02","guid":{"rendered":"https:\/\/sisu.ut.ee\/tervisest\/31-sonavara-seedehaired\/"},"modified":"2024-04-04T03:58:14","modified_gmt":"2024-04-04T00:58:14","slug":"31-sonavara-seedehaired","status":"publish","type":"page","link":"https:\/\/sisu.ut.ee\/tervisest\/31-sonavara-seedehaired\/","title":{"rendered":"3.1 S\u00f5navara (seedeh\u00e4ired)"},"content":{"rendered":"<p><span style=\"font-size: x-large\"><strong>S\u00d5NAVARA<\/strong><\/span><\/p>\n<table class=\"table table-hover\" border=\"1\">\n<tbody>\n<tr>\n<td>haavand, haavandi, haavandit<\/td>\n<td>\u044f\u0437\u0432\u0430<\/td>\n<td style=\"width: 20%\">ulcer<\/td>\n<\/tr>\n<tr>\n<td>ise, enda, ennast<\/td>\n<td>\u0441\u0430\u043c ~ \u0441\u0430\u043c\u0430\u00a0~ \u0441\u0430\u043c\u043e<\/td>\n<td>by itself\u00a0<\/td>\n<\/tr>\n<tr>\n<td>kaksteists\u00f5rmiksool, -soole, -soolt<\/td>\n<td>\u0434\u0432\u0435\u043d\u0430\u0434\u0446\u0430\u0442\u0438\u043f\u0435\u0440\u0441\u0442\u043d\u0430\u044f\u043a\u0438\u0448\u043a\u0430,\u00a0\u0434\u0443\u043e\u0434\u0435\u043d\u0443\u043c<\/td>\n<td>duodenum<\/td>\n<\/tr>\n<tr>\n<td>kindlaks tegema, kindlaks teha, teeb kindlaks + mille?\/mida?<\/td>\n<td>\u043f\u0440\u043e\u0432\u0435\u0440\u044f\u0442\u044c, \u0443\u0441\u0442\u0430\u043d\u0430\u0432\u043b\u0438\u0432\u0430\u0442\u044c<\/td>\n<td>find out<\/td>\n<\/tr>\n<tr>\n<td>koolikud, koolikute, koolikuid<\/td>\n<td>\u043a\u043e\u043b\u0438\u043a\u0438\u00a0<\/td>\n<td>colics<\/td>\n<\/tr>\n<tr>\n<td>k\u00f5hun\u00e4\u00e4re, -n\u00e4\u00e4rme, -n\u00e4\u00e4ret<\/td>\n<td>\u043f\u043e\u0434\u0436\u0435\u043b\u0443\u0434\u043e\u0447\u043d\u0430\u044f\u0436\u0435\u043b\u0435\u0437\u0430,\u00a0\u043f\u0430\u043d\u043a\u0440\u0435\u0430\u0441<\/td>\n<td>pancreas<\/td>\n<\/tr>\n<tr>\n<td>liigs\u00f6\u00f6mine, liigs\u00f6\u00f6mise, liigs\u00f6\u00f6mist<\/td>\n<td>\n<p>\u043f\u0435\u0440\u0435\u0435\u0434\u0430\u043d\u0438\u0435<\/p>\n<\/td>\n<td>overeating<\/td>\n<\/tr>\n<tr>\n<td>l\u00e4htuma, l\u00e4htuda, l\u00e4htub + millest?\u00a0<\/td>\n<td>\n<p>\u0438\u0441\u0445\u043e\u0434\u0438\u0442\u044c<\/p>\n<\/td>\n<td>emerge<\/td>\n<\/tr>\n<tr>\n<td>m\u00f5ningad, m\u00f5ningate, m\u00f5ningaid<\/td>\n<td>\u043d\u0435\u043a\u043e\u0442\u043e\u0440\u044b\u0435<\/td>\n<td>some<\/td>\n<\/tr>\n<tr>\n<td>n\u00f5ustama, n\u00f5ustada, n\u00f5ustab + keda?<\/td>\n<td>\n<p>\u043a\u043e\u043d\u0441\u0443\u043b\u044c\u0442\u0438\u0440\u043e\u0432\u0430\u0442\u044c, \u0434\u0430\u0432\u0430\u0442\u044c \u0441\u043e\u0432\u0435\u0442\u00a0<\/p>\n<\/td>\n<td>advise, consult<\/td>\n<\/tr>\n<tr>\n<td>pikemaajaline, pikemaajalise, pikemaajalist<\/td>\n<td>\u043f\u0440\u043e\u0434\u043e\u043b\u0436\u0438\u0442\u0435\u043b\u044c\u043d\u044b\u0439<\/td>\n<td>longertime<\/td>\n<\/tr>\n<tr>\n<td>pingutama, pingutada, pingutab<\/td>\n<td>\u043f\u0435\u0440\u0435\u043d\u0430\u043f\u0440\u044f\u0433\u0430\u0442\u044c\u00a0<\/td>\n<td>overdo<\/td>\n<\/tr>\n<tr>\n<td>p\u00fcsima, p\u00fcsida, p\u00fcsib<\/td>\n<td>\u0443\u0434\u0435\u0440\u0436\u0438\u0432\u0430\u0442\u044c\u0441\u044f<\/td>\n<td>last<\/td>\n<\/tr>\n<tr>\n<td>p\u00fcsiv, p\u00fcsiva, p\u00fcsivat<\/td>\n<td>\u043f\u043e\u0441\u0442\u043e\u044f\u043d\u043d\u044b\u0439, \u0431\u0435\u0441\u043f\u0440\u0435\u0441\u0442\u0430\u043d\u043d\u044b\u0439, \u043d\u0435\u043f\u0440\u0435\u0440\u044b\u0432\u043d\u044b\u0439\u00a0<\/td>\n<td>lasting<\/td>\n<\/tr>\n<tr>\n<td>rinnak, rinnaku, rinnakut<\/td>\n<td>\u0433\u0440\u0443\u0434\u0438\u043d\u0430, \u0433\u0440\u0443\u0434\u043d\u0430\u044f\u043a\u043e\u0441\u0442\u044c<\/td>\n<td>breastbone<\/td>\n<\/tr>\n<tr>\n<td>sapikivid, sapikivide, sapikive<\/td>\n<td>\u0436\u0451\u043b\u0447\u043d\u044b\u0435 ~ \u0436\u0435\u043b\u0447\u043d\u044b\u0435 \u043a\u0430\u043c\u043d\u0438<\/td>\n<td>gall stones<\/td>\n<\/tr>\n<tr>\n<td>seedeh\u00e4ire, seedeh\u00e4ire, seedeh\u00e4iret<\/td>\n<td>\n<p>\u043d\u0430\u0440\u0443\u0448\u0435\u043d\u0438\u044f \u043f\u0438\u0448\u0435\u0432\u0430\u0440\u0435\u043d\u0438\u044f<\/p>\n<\/td>\n<td>indigestion<\/td>\n<\/tr>\n<tr>\n<td>seedeh\u00e4irelaadne, -laadse, -laadset<\/td>\n<td>\n<p>\u043f\u043e \u0442\u0438\u043f\u0443 \u043d\u0430\u0440\u0443\u0448\u0435\u043d\u0438\u044f \u043f\u0438\u0448\u0435\u0432\u0430\u0440\u0435\u043d\u0438\u044f<\/p>\n<\/td>\n<td>indigestion-like<\/td>\n<\/tr>\n<tr>\n<td>s\u00fcvendama, s\u00fcvendada, s\u00fcvendab + mida?<\/td>\n<td>\u0443\u0433\u043b\u0443\u0431\u043b\u044f\u0442\u044c<\/td>\n<td>intensify<\/td>\n<\/tr>\n<tr>\n<td>vallandama, vallandada, vallandab \u00a0+ mille?\/mida?\u00a0<\/td>\n<td>\u0432\u044b\u0437\u044b\u0432\u0430\u0442\u044c<\/td>\n<td>release<\/td>\n<\/tr>\n<tr>\n<td>v\u00e4listama, v\u00e4listada, v\u00e4listab + mille?\u00a0<\/td>\n<td>\u0438\u0441\u043a\u043b\u044e\u0447\u0430\u0442\u044c<\/td>\n<td>exclude<\/td>\n<\/tr>\n<\/tbody>\n<\/table>\n","protected":false},"excerpt":{"rendered":"<p>S\u00d5NAVARA haavand, haavandi, haavandit \u044f\u0437\u0432\u0430 ulcer ise, enda, ennast \u0441\u0430\u043c ~ \u0441\u0430\u043c\u0430\u00a0~ \u0441\u0430\u043c\u043e by itself\u00a0 kaksteists\u00f5rmiksool, -soole, -soolt \u0434\u0432\u0435\u043d\u0430\u0434\u0446\u0430\u0442\u0438\u043f\u0435\u0440\u0441\u0442\u043d\u0430\u044f\u043a\u0438\u0448\u043a\u0430,\u00a0\u0434\u0443\u043e\u0434\u0435\u043d\u0443\u043c duodenum kindlaks tegema, kindlaks teha, teeb kindlaks + mille?\/mida? \u043f\u0440\u043e\u0432\u0435\u0440\u044f\u0442\u044c, \u0443\u0441\u0442\u0430\u043d\u0430\u0432\u043b\u0438\u0432\u0430\u0442\u044c find out koolikud, koolikute, koolikuid \u043a\u043e\u043b\u0438\u043a\u0438\u00a0 colics k\u00f5hun\u00e4\u00e4re, -n\u00e4\u00e4rme, -n\u00e4\u00e4ret &#8230;<\/p>\n","protected":false},"author":116,"featured_media":0,"parent":0,"menu_order":0,"comment_status":"closed","ping_status":"closed","template":"","meta":{"_acf_changed":false,"inline_featured_image":false,"footnotes":""},"class_list":["post-9","page","type-page","status-publish","hentry"],"acf":[],"_links":{"self":[{"href":"https:\/\/sisu.ut.ee\/tervisest\/wp-json\/wp\/v2\/pages\/9","targetHints":{"allow":["GET"]}}],"collection":[{"href":"https:\/\/sisu.ut.ee\/tervisest\/wp-json\/wp\/v2\/pages"}],"about":[{"href":"https:\/\/sisu.ut.ee\/tervisest\/wp-json\/wp\/v2\/types\/page"}],"author":[{"embeddable":true,"href":"https:\/\/sisu.ut.ee\/tervisest\/wp-json\/wp\/v2\/users\/116"}],"replies":[{"embeddable":true,"href":"https:\/\/sisu.ut.ee\/tervisest\/wp-json\/wp\/v2\/comments?post=9"}],"version-history":[{"count":1,"href":"https:\/\/sisu.ut.ee\/tervisest\/wp-json\/wp\/v2\/pages\/9\/revisions"}],"predecessor-version":[{"id":107,"href":"https:\/\/sisu.ut.ee\/tervisest\/wp-json\/wp\/v2\/pages\/9\/revisions\/107"}],"wp:attachment":[{"href":"https:\/\/sisu.ut.ee\/tervisest\/wp-json\/wp\/v2\/media?parent=9"}],"curies":[{"name":"wp","href":"https:\/\/api.w.org\/{rel}","templated":true}]}}