{"id":4,"date":"2024-04-04T03:58:02","date_gmt":"2024-04-04T00:58:02","guid":{"rendered":"https:\/\/sisu.ut.ee\/tervisest\/anamnees\/"},"modified":"2024-04-18T12:23:34","modified_gmt":"2024-04-18T09:23:34","slug":"anamnees","status":"publish","type":"page","link":"https:\/\/sisu.ut.ee\/tervisest\/anamnees\/","title":{"rendered":"Anamnees"},"content":{"rendered":"<p><img loading=\"lazy\" decoding=\"async\" class=\"alignnone wp-image-25\" style=\"float: right;\" title=\"publicdomainq-0006775crzftf-800px.png\" src=\"https:\/\/sisu.ut.ee\/wp-content\/uploads\/sites\/263\/publicdomainq-0006775crzftf-800px.png\" alt=\"publicdomainq-0006775crzftf-800px.png\" width=\"333\" height=\"398\" srcset=\"https:\/\/sisu.ut.ee\/wp-content\/uploads\/sites\/263\/publicdomainq-0006775crzftf-800px.png 670w, https:\/\/sisu.ut.ee\/wp-content\/uploads\/sites\/263\/publicdomainq-0006775crzftf-800px-251x300.png 251w\" sizes=\"auto, (max-width: 333px) 100vw, 333px\">Arsti ja patsiendi esmane suhtlus algab anamneesi v\u00f5tmisest. Selle p\u00f5hjal m\u00e4\u00e4rab arst edasised uuringud, protseduurid ja paneb esialgse diagnoosi.<\/p>\n<p>Selles \u00f5piobjektis saad tutvuda tavalisemate k\u00fcsimustega, mida arstid patsientidele esitavad.<\/p>\n<p>Anameesi v\u00f5tmise v\u00f5ib eesm\u00e4rgist l\u00e4htuvalt jagada kolmeks kategooriaks:<\/p>\n<ul>\n<li><a href=\"\/tervisest\/haiguseanamnees\">haiguseanamnees<\/a><\/li>\n<li><a href=\"\/tervisest\/eluanamnees\">eluanamnees<\/a><\/li>\n<li><a href=\"\/tervisest\/pereanamnees\">pereanamnees<\/a><\/li>\n<\/ul>\n<p>Loe ja kuula dialooge \u201c<a href=\"\/tervisest\/dialoog-sudameprobleemid\">S\u00fcdameprobleemid<\/a>\u201c, \u201c<a href=\"\/tervisest\/dialoog-hingamisprobleemid\">Hingamisprobleemid<\/a>\u201d ja \u201c<a href=\"\/tervisest\/dialoog-luu-ja-lihaskonna-probleemid\">Luu- ja lihaskonna probleemid<\/a>\u201c.<\/p>\n<p>Harjuta uut s\u00f5navara testide abil:<\/p>\n<ul>\n<li><a href=\"\/tervisest\/test-sudameprobleemid\">test \u2013 \u201cS\u00fcdameprobleemid\u201d<\/a><\/li>\n<li><a href=\"\/tervisest\/test-hingamisprobleemid\">test \u2013 \u201cHingamisprobleemid\u201d<\/a><\/li>\n<li><a href=\"https:\/\/sisu.ut.ee\/tervisest\/test-luu-ja-lihaskonna-probleemid-2\/\">test \u2013 \u201cLuu- ja lihaskonna probleemid\u201d<\/a><\/li>\n<\/ul>\n","protected":false},"excerpt":{"rendered":"<p>Arsti ja patsiendi esmane suhtlus algab anamneesi v\u00f5tmisest. Selle p\u00f5hjal m\u00e4\u00e4rab arst edasised uuringud, protseduurid ja paneb esialgse diagnoosi. Selles \u00f5piobjektis saad tutvuda tavalisemate k\u00fcsimustega, mida arstid patsientidele esitavad. Anameesi v\u00f5tmise v\u00f5ib eesm\u00e4rgist l\u00e4htuvalt jagada kolmeks kategooriaks: haiguseanamnees eluanamnees pereanamnees &#8230;<\/p>\n","protected":false},"author":116,"featured_media":0,"parent":0,"menu_order":0,"comment_status":"closed","ping_status":"closed","template":"","meta":{"_acf_changed":false,"inline_featured_image":false,"footnotes":""},"class_list":["post-4","page","type-page","status-publish","hentry"],"acf":[],"_links":{"self":[{"href":"https:\/\/sisu.ut.ee\/tervisest\/wp-json\/wp\/v2\/pages\/4","targetHints":{"allow":["GET"]}}],"collection":[{"href":"https:\/\/sisu.ut.ee\/tervisest\/wp-json\/wp\/v2\/pages"}],"about":[{"href":"https:\/\/sisu.ut.ee\/tervisest\/wp-json\/wp\/v2\/types\/page"}],"author":[{"embeddable":true,"href":"https:\/\/sisu.ut.ee\/tervisest\/wp-json\/wp\/v2\/users\/116"}],"replies":[{"embeddable":true,"href":"https:\/\/sisu.ut.ee\/tervisest\/wp-json\/wp\/v2\/comments?post=4"}],"version-history":[{"count":4,"href":"https:\/\/sisu.ut.ee\/tervisest\/wp-json\/wp\/v2\/pages\/4\/revisions"}],"predecessor-version":[{"id":158,"href":"https:\/\/sisu.ut.ee\/tervisest\/wp-json\/wp\/v2\/pages\/4\/revisions\/158"}],"wp:attachment":[{"href":"https:\/\/sisu.ut.ee\/tervisest\/wp-json\/wp\/v2\/media?parent=4"}],"curies":[{"name":"wp","href":"https:\/\/api.w.org\/{rel}","templated":true}]}}