{"id":3,"date":"2024-04-04T03:58:02","date_gmt":"2024-04-04T00:58:02","guid":{"rendered":"https:\/\/sisu.ut.ee\/tervisest\/avaleht\/"},"modified":"2024-04-18T11:35:14","modified_gmt":"2024-04-18T08:35:14","slug":"avaleht","status":"publish","type":"page","link":"https:\/\/sisu.ut.ee\/tervisest\/","title":{"rendered":"Avaleht"},"content":{"rendered":"<p><img loading=\"lazy\" decoding=\"async\" width=\"752\" height=\"263\" class=\"alignnone wp-image-24 aligncenter\" title=\"arstid.jpg\" src=\"https:\/\/sisu.ut.ee\/wp-content\/uploads\/sites\/263\/arstid.jpg\" alt=\"arstid.jpg\" srcset=\"https:\/\/sisu.ut.ee\/wp-content\/uploads\/sites\/263\/arstid.jpg 752w, https:\/\/sisu.ut.ee\/wp-content\/uploads\/sites\/263\/arstid-300x105.jpg 300w\" sizes=\"auto, (max-width: 752px) 100vw, 752px\"><\/p>\n<p style=\"text-align: left;\"><strong>Tere tulemast!<\/strong><\/p>\n<p style=\"text-align: left;\">\u00d5piobjekt on m\u00f5eldud iseseisvaks t\u00f6\u00f6ks ja toetab t\u00e4iendus\u00f5ppe programmi \u201cAuditooriumist kliinikusse\u201d praktikumideks ettevalmistamist ning nendes \u00f5pitu kinnistamist.<\/p>\n<p style=\"text-align: left;\">Materjalid on m\u00f5eldud kasutamiseks eelk\u00f5ige\u00a0Tartu \u00dclikooli meditsiinivaldkonna kolmanda aasta \u00fcli\u00f5pilastele, kelle emakeel pole eesti keel ning kellel on ees ootamas esimene erialane praktika. Materjalid on koostatud \u00f5ppijale, kelle eesti keele oskus vastab tasemele B1.<\/p>\n<p><strong>\u00d5piobjekti koostajad:<\/strong><\/p>\n<ul>\n<li>Gerli Lokk (<a href=\"mailto:gerli.lokk@ut.ee\">gerli.lokk@ut.ee<\/a>)<\/li>\n<li>Piret Toomet (<a href=\"mailto:piret.toomet@ut.ee\">piret.toomet@ut.ee<\/a>)<\/li>\n<\/ul>\n<p style=\"text-align: center;\"><img loading=\"lazy\" decoding=\"async\" class=\"alignnone size-full wp-image-41\" src=\"https:\/\/sisu.ut.ee\/wp-content\/uploads\/sites\/263\/el_sf170.jpg\" alt=\"\" width=\"170\" height=\"266\"><\/p>\n<p style=\"text-align: center;\">\u00a9 Tartu \u00dclikool |\u00a0\u00d5piobjekti valmimist rahastatakse ESF tegevuse PR\u00d5M 8.8. \u201cT\u00e4iendav keele\u00f5pe kutse- ja k\u00f5rghariduses\u201d vahenditest.<\/p>\n","protected":false},"excerpt":{"rendered":"<p>Tere tulemast! \u00d5piobjekt on m\u00f5eldud iseseisvaks t\u00f6\u00f6ks ja toetab t\u00e4iendus\u00f5ppe programmi \u201cAuditooriumist kliinikusse\u201d praktikumideks ettevalmistamist ning nendes \u00f5pitu kinnistamist. Materjalid on m\u00f5eldud kasutamiseks eelk\u00f5ige\u00a0Tartu \u00dclikooli meditsiinivaldkonna kolmanda aasta \u00fcli\u00f5pilastele, kelle emakeel pole eesti keel ning kellel on ees ootamas esimene &#8230;<\/p>\n","protected":false},"author":116,"featured_media":0,"parent":0,"menu_order":0,"comment_status":"closed","ping_status":"closed","template":"","meta":{"_acf_changed":false,"inline_featured_image":false,"footnotes":""},"class_list":["post-3","page","type-page","status-publish","hentry"],"acf":[],"_links":{"self":[{"href":"https:\/\/sisu.ut.ee\/tervisest\/wp-json\/wp\/v2\/pages\/3","targetHints":{"allow":["GET"]}}],"collection":[{"href":"https:\/\/sisu.ut.ee\/tervisest\/wp-json\/wp\/v2\/pages"}],"about":[{"href":"https:\/\/sisu.ut.ee\/tervisest\/wp-json\/wp\/v2\/types\/page"}],"author":[{"embeddable":true,"href":"https:\/\/sisu.ut.ee\/tervisest\/wp-json\/wp\/v2\/users\/116"}],"replies":[{"embeddable":true,"href":"https:\/\/sisu.ut.ee\/tervisest\/wp-json\/wp\/v2\/comments?post=3"}],"version-history":[{"count":4,"href":"https:\/\/sisu.ut.ee\/tervisest\/wp-json\/wp\/v2\/pages\/3\/revisions"}],"predecessor-version":[{"id":120,"href":"https:\/\/sisu.ut.ee\/tervisest\/wp-json\/wp\/v2\/pages\/3\/revisions\/120"}],"wp:attachment":[{"href":"https:\/\/sisu.ut.ee\/tervisest\/wp-json\/wp\/v2\/media?parent=3"}],"curies":[{"name":"wp","href":"https:\/\/api.w.org\/{rel}","templated":true}]}}