{"id":22,"date":"2024-04-04T03:58:03","date_gmt":"2024-04-04T00:58:03","guid":{"rendered":"https:\/\/sisu.ut.ee\/tervisest\/dialoog-hingamisprobleemid\/"},"modified":"2024-04-18T12:30:45","modified_gmt":"2024-04-18T09:30:45","slug":"dialoog-hingamisprobleemid","status":"publish","type":"page","link":"https:\/\/sisu.ut.ee\/tervisest\/dialoog-hingamisprobleemid\/","title":{"rendered":"Dialoog &#8220;Hingamisprobleemid&#8221;"},"content":{"rendered":"<audio controls><source src=\"https:\/\/sisu.ut.ee\/wp-content\/uploads\/sites\/263\/dialoog2.mp3\" type=\"audio\/mpeg\">Teie veebilehitseja ei toeta audio elementi.<\/source><\/audio>\n<p>Arst: Tere! Mille \u00fcle te kaebate? Kuidas ma saan teid aidata?<\/p>\n<p>Patsient: Mul on hingamisprobleem, sisse hingata on v\u00e4ga raske. Ma hingeldan sageli.<\/p>\n<p>A: Kas teil on palavik?<\/p>\n<p>P: Ma hommikul kraadisin ja mul ei ole palavikku.<\/p>\n<p>A: Kas teil on nohu?<\/p>\n<p>P: Ma vahepeal turtsun, aga mul ei ole nohu.<\/p>\n<p>A: Kas te k\u00f6hite?<\/p>\n<p>P: Jah, aeg-ajalt mul tekivad k\u00f6hahood.<\/p>\n<p>A: Kui pikad need hood on?<\/p>\n<p>P: Vahepeal k\u00f6hin isegi 10 minutit j\u00e4rjest.<\/p>\n<p>A: Millal need hood tavaliselt tekivad?<\/p>\n<p>P: \u00d6\u00f6sel ja varahommikul.<\/p>\n<p>A: Kas teil on allergia millegi vastu?<\/p>\n<p>P: Ei, ma ise k\u00fcll ei tea, et oleks. Tunnen k\u00fcll, et t\u00f6\u00f6l on hingata kuidagi raskem.<\/p>\n<p>A Kus te t\u00f6\u00f6tate?<\/p>\n<p>P: Minu kontor on vanas puumajas.<\/p>\n<p>A: Kas seal on hallitust?<\/p>\n<p>P. Ma ei tea, et oleks, aga v\u00f5ib-olla siiski on.<\/p>\n<p>A: Kas teie v\u00f5i keegi teie pereliikmetest suitsetab?<\/p>\n<p>P: Ei, mina ei suitseta ja keegi minu pereliikmetest ka ei suitseta.<\/p>\n<p>A: Kas teie hingamine on vilisev\/vilistav?<\/p>\n<p>P: Jah, seda eriti siis, kui ma teen sporti.<\/p>\n<p>A: Arvan, et teil on astma, see on hingamisteede krooniline p\u00f5letik. Kas kellelgi teie pereliikmetest on astma?<\/p>\n<p>P: Jah, minu emal on astma.<\/p>\n<p>A: H\u00e4sti, teeme teile kopsur\u00f6ntgeni ja spirograafia. Spirograafia abil hindame teie kopsude mahtu, elastsust ja kopsuteede l\u00e4bitavust. Me m\u00f5\u00f5dame maksimaalse s\u00fcgavuse ja kiirusega sisse- ja v\u00e4ljahingamist. P\u00e4rast uuringut v\u00f5ib esineda pearinglust, n\u00f5rkust, k\u00f6harefleksi ja survetunnet rinnus, aga p\u00e4rast uuringuid saate \u00fcldjuhul teha oma igap\u00e4evaseid toimetusi edasi.<\/p>\n<p>P: H\u00e4sti, selge!<\/p>\n<p><strong>S\u00d5NAVARA<\/strong><\/p>\n<table class=\"table table-hover\" border=\"1\">\n<tbody>\n<tr>\n<td>Elastsus, elastsuse, elastsust<\/td>\n<td>\u044d\u043b\u0430\u0441\u0442\u0438\u0447\u043d\u043e\u0441\u0442\u044c<\/td>\n<td>elastance<\/td>\n<\/tr>\n<tr>\n<td>Hallitus, hallituse, hallitust<\/td>\n<td>\u043f\u043b\u0435\u0441\u0435\u043d\u044c<\/td>\n<td>mold<\/td>\n<\/tr>\n<tr>\n<td>Hindama, hinnata, hindab + mida?<\/td>\n<td>\u043e\u0446\u0435\u043d\u0438\u0432\u0430\u0442\u044c<\/td>\n<td>evaluate<\/td>\n<\/tr>\n<tr>\n<td>Hingeldama, hingeldada, hingeldab<\/td>\n<td>\u0437\u0430\u0434\u044b\u0445\u0430\u0442\u044c\u0441\u044f<\/td>\n<td>pant, gasp for air<\/td>\n<\/tr>\n<tr>\n<td>J\u00e4rjest<\/td>\n<td>\u0434\u0440\u0443\u0433 \u0437\u0430 \u0434\u0440\u0443\u0433\u043e\u043c, \u043f\u043e \u043f\u043e\u0440\u044f\u0434\u043a\u0443<\/td>\n<td>in a row<\/td>\n<\/tr>\n<tr>\n<td>Krooniline, kroonilise, kroonilist<\/td>\n<td>\u0445\u0440\u043e\u043d\u0438\u0447\u0435\u0441\u043a\u0438\u0439<\/td>\n<td>chronic<\/td>\n<\/tr>\n<tr>\n<td>K\u00f6hahoog, -hoo, -hoogu<\/td>\n<td>\u043f\u0440\u0438\u0441\u0442\u0443\u043f \u043a\u0430\u0448\u043b\u044f<\/td>\n<td>fit of coughing<\/td>\n<\/tr>\n<tr>\n<td>L\u00e4bitavus, l\u00e4bitavuse, l\u00e4bitavust<\/td>\n<td>\u043f\u0440\u043e\u043d\u0438\u0446\u0430\u0435\u043c\u043e\u0441\u0442\u044c<\/td>\n<td>permeability<\/td>\n<\/tr>\n<tr>\n<td>Pearinglus, -ringluse, -ringlust<\/td>\n<td>\u0433\u043e\u043b\u043e\u0432\u043e\u043a\u0440\u0443\u0436\u0435\u043d\u0438\u0435<\/td>\n<td>dizziness<\/td>\n<\/tr>\n<tr>\n<td>Maht, mahu, mahtu<\/td>\n<td>\u0451\u043c\u043a\u043e\u0441\u0442\u044c<\/td>\n<td>capacity<\/td>\n<\/tr>\n<tr>\n<td>N\u00f5rkus, n\u00f5rkuse, n\u00f5rkust<\/td>\n<td>\u0441\u043b\u0430\u0431\u043e\u0441\u0442\u044c<\/td>\n<td>weakness<\/td>\n<\/tr>\n<tr>\n<td>Sisse hingama, sisse hingata, hingab sisse + mida?<\/td>\n<td>\u0432\u0434\u044b\u0445\u0430\u0442\u044c<\/td>\n<td>breathe in<\/td>\n<\/tr>\n<tr>\n<td>Survetunne, -tunde, -tunnet<\/td>\n<td>\u0447\u0443\u0432\u0441\u0442\u0432\u043e \u0441\u0434\u0430\u0432\u043b\u0435\u043d\u0438\u044f, \u0441\u0436\u0430\u0442\u0438\u044f<\/td>\n<td>the feeling of compression<\/td>\n<\/tr>\n<tr>\n<td>S\u00fcgavus, s\u00fcgavuse, s\u00fcgavust<\/td>\n<td>\u0433\u043b\u0443\u0431\u0438\u043d\u0430<\/td>\n<td>depth<\/td>\n<\/tr>\n<tr>\n<td>Toimetus, toimetuse, toimetust<\/td>\n<td>\u0434\u0435\u043b\u043e,\u00a0\u0437\u0430\u043d\u044f\u0442\u0438\u0435<\/td>\n<td>everyday activity<\/td>\n<\/tr>\n<tr>\n<td>Turtsuma, turtsuda, turtsub<\/td>\n<td>\u0447\u0438\u0445\u0430\u0442\u044c<\/td>\n<td>sneeze<\/td>\n<\/tr>\n<tr>\n<td>Vilisev, viliseva, vilisevat<\/td>\n<td>\u0441\u0432\u0438\u0441\u0442\u044f\u0449\u0438\u0439<\/td>\n<td>wheezing<\/td>\n<\/tr>\n<\/tbody>\n<\/table>\n","protected":false},"excerpt":{"rendered":"<p>Arst: Tere! Mille \u00fcle te kaebate? Kuidas ma saan teid aidata? Patsient: Mul on hingamisprobleem, sisse hingata on v\u00e4ga raske. Ma hingeldan sageli. A: Kas teil on palavik? P: Ma hommikul kraadisin ja mul ei ole palavikku. A: Kas teil &#8230;<\/p>\n","protected":false},"author":116,"featured_media":0,"parent":0,"menu_order":0,"comment_status":"closed","ping_status":"closed","template":"","meta":{"_acf_changed":false,"inline_featured_image":false,"footnotes":""},"class_list":["post-22","page","type-page","status-publish","hentry"],"acf":[],"_links":{"self":[{"href":"https:\/\/sisu.ut.ee\/tervisest\/wp-json\/wp\/v2\/pages\/22","targetHints":{"allow":["GET"]}}],"collection":[{"href":"https:\/\/sisu.ut.ee\/tervisest\/wp-json\/wp\/v2\/pages"}],"about":[{"href":"https:\/\/sisu.ut.ee\/tervisest\/wp-json\/wp\/v2\/types\/page"}],"author":[{"embeddable":true,"href":"https:\/\/sisu.ut.ee\/tervisest\/wp-json\/wp\/v2\/users\/116"}],"replies":[{"embeddable":true,"href":"https:\/\/sisu.ut.ee\/tervisest\/wp-json\/wp\/v2\/comments?post=22"}],"version-history":[{"count":2,"href":"https:\/\/sisu.ut.ee\/tervisest\/wp-json\/wp\/v2\/pages\/22\/revisions"}],"predecessor-version":[{"id":165,"href":"https:\/\/sisu.ut.ee\/tervisest\/wp-json\/wp\/v2\/pages\/22\/revisions\/165"}],"wp:attachment":[{"href":"https:\/\/sisu.ut.ee\/tervisest\/wp-json\/wp\/v2\/media?parent=22"}],"curies":[{"name":"wp","href":"https:\/\/api.w.org\/{rel}","templated":true}]}}