{"id":21,"date":"2024-04-04T03:58:03","date_gmt":"2024-04-04T00:58:03","guid":{"rendered":"https:\/\/sisu.ut.ee\/tervisest\/dialoog-sudameprobleemid\/"},"modified":"2024-04-18T12:29:21","modified_gmt":"2024-04-18T09:29:21","slug":"dialoog-sudameprobleemid","status":"publish","type":"page","link":"https:\/\/sisu.ut.ee\/tervisest\/dialoog-sudameprobleemid\/","title":{"rendered":"Dialoog &#8220;S\u00fcdameprobleemid&#8221;"},"content":{"rendered":"<audio controls><source src=\"https:\/\/sisu.ut.ee\/wp-content\/uploads\/sites\/263\/dialoog1.mp3\" type=\"audio\/mpeg\">Teie veebilehitseja ei toeta audio elementi.<\/source><\/audio>\n<p>Arst: Tere p\u00e4evast, kuidas ennast tunnete? Mille \u00fcle kaebate?<\/p>\n<p>Patsient: Ma olen pidevalt v\u00e4sinud, ma ei j\u00f5ua mitte midagi teha.<\/p>\n<p>A: Kui kaua olete ennast niimoodi tundnud?<\/p>\n<p>P: Juba mitu n\u00e4dalat.<\/p>\n<p>A: Milline on hetkel olukord t\u00f6\u00f6l?<\/p>\n<p>P: Mul on hetkel v\u00e4ga pingeline, stressi on v\u00e4ga palju. Jah, v\u00e4ga stressirikas periood on praegu.<\/p>\n<p>A: Nii et siis t\u00e4ielik j\u00f5uetus?<\/p>\n<p>P: Jah, v\u00f5ib k\u00fcll nii \u00f6elda.<\/p>\n<p>A: Kuidas te ennast f\u00fc\u00fcsilise koormuse ajal ja p\u00e4rast seda tunnete?<\/p>\n<p>P: Mul on v\u00e4ga v\u00e4he energiat, aga ma k\u00e4in aeg-ajalt kepik\u00f5ndi tegemas. P\u00e4rast seda tekib mul aeg-ajalt ka \u00f5hupuudus ja hingeldus ja vasakul pool rinnus nagu suruks. Ahjaa, kui ma trepist \u00fcles l\u00e4hen, hakkab s\u00fcda puperdama.<\/p>\n<p>A: See t\u00e4hendab, et s\u00fcda ei saa oma t\u00f6\u00f6ks vajalikku hapnikku k\u00e4tte. Peame kindlasti m\u00f5\u00f5tma teie verer\u00f5hku. S\u00fcdamet\u00f6\u00f6d m\u00f5jutab ka suitsetamine. Kas te suitsetate?<\/p>\n<p>P: Suitsetasin, aga eelmisel aastal j\u00e4tsin maha.<\/p>\n<p>A: See on v\u00e4ga hea! Mulle tundub, et te olete v\u00f5rreldes eelmise korraga ka kaalust alla v\u00f5tnud!<\/p>\n<p>P: Jah, ma olen umbes viis kilo alla v\u00f5tnud.<\/p>\n<p>A: See m\u00f5jub teie s\u00fcdamele kindlasti h\u00e4sti. V\u00e4ga tubli! Nii, m\u00f5\u00f5dame n\u00fc\u00fcd teie verer\u00f5hku. Verer\u00f5hk on teil k\u00fcll liiga k\u00f5rge: 150\/90. Kirjutan teile verer\u00f5hku alandavaid ravimeid. Kas te muretsete palju?<\/p>\n<p>P: Muidugi ma muretsen! Ma muretsen oma tervise p\u00e4rast, kodus ja t\u00f6\u00f6l on ka probleeme ja palju stressi.<\/p>\n<p>A: Aga te peate meeles pidama, et negatiivsete m\u00f5tetega te t\u00f5state oma verer\u00f5hku veelgi. K\u00f5rge verer\u00f5hk v\u00f5ib p\u00f5hjustada s\u00fcdameatakke. See on ka insuldi ja neerupuudulikkuse riskifaktor. Proovige m\u00f5elda positiivselt ja probleemidesse rahulikult suhtuda. Kindlasti m\u00f5jub s\u00fcdamele h\u00e4sti ka aktiivne liikumine ja tervislik toitumine. Ma kirjutan teile saatekirja laborisse. Seal v\u00f5etakse teilt vereproov. Ma arvan, et kontrollime ka teie neerusid. Selleks peame tegema uriinianal\u00fc\u00fcsi. Viige uriinianal\u00fc\u00fcs palun homme hommikul laborisse. Helistage mulle palun homme \u00f5htupoolikul ja siis r\u00e4\u00e4gime tulemustest.<\/p>\n<p>P: H\u00e4sti! Teeme nii!<\/p>\n<p>A: Kuna tundub, et teil on s\u00fcdamega probleeme, siis palun med\u00f5el teile teha ka EKG. EKG n\u00e4itab s\u00fcdame aktiivsust. Selleks peate minema k\u00f5rvalkabinetti, med\u00f5de annab teile t\u00e4psed juhised. Suhtlemiseni homme!<\/p>\n<p>P: N\u00e4gemiseni!<\/p>\n<p><strong>S\u00d5NAVARA\u00a0<\/strong><\/p>\n<table class=\"table table-hover\" border=\"1\">\n<tbody>\n<tr>\n<td>Aeg-ajalt<\/td>\n<td>\u0432\u0440\u0435\u043c\u044f \u043e\u0442 \u0432\u0440\u0435\u043c\u0435\u043d\u0438<\/td>\n<td>from time to time<\/td>\n<\/tr>\n<tr>\n<td>Alandama, alandada, alandab + mida?<\/td>\n<td>\u043f\u043e\u043d\u0438\u0436\u0430\u0442\u044c<\/td>\n<td>reduce<\/td>\n<\/tr>\n<tr>\n<td>Alla v\u00f5tma, alla v\u00f5tta, v\u00f5tab alla + millest?<\/td>\n<td>\u0441\u0431\u0430\u0432\u043b\u044f\u0442\u044c<\/td>\n<td>loose weight<\/td>\n<\/tr>\n<tr>\n<td>Hingeldus, hingelduse, hingeldust<\/td>\n<td>\u043e\u0434\u044b\u0448\u043a\u0430<\/td>\n<td>hyperpnea<\/td>\n<\/tr>\n<tr>\n<td>J\u00f5uetus, j\u00f5uetuse, j\u00f5uetust<\/td>\n<td>\u0438\u0441\u0442\u043e\u0449\u0435\u043d\u0438\u0435<\/td>\n<td>forcelessness<\/td>\n<\/tr>\n<tr>\n<td>Maha j\u00e4tma, maha j\u00e4tta, j\u00e4tab maha + mille?\/mida?<\/td>\n<td>\u0431\u0440\u043e\u0441\u0438\u0442\u044c, \u043f\u0435\u0440\u0435\u0441\u0442\u0430\u0442\u044c<\/td>\n<td>quit<\/td>\n<\/tr>\n<tr>\n<td>Neer, neeru, neeru<\/td>\n<td>\u043f\u043e\u0447\u043a\u0430<\/td>\n<td>kidney<\/td>\n<\/tr>\n<tr>\n<td>Pingeline, pingelise, pingelist<\/td>\n<td>\u043d\u0430\u043f\u0440\u044f\u0436\u0451\u043d\u043d\u044b\u0439<\/td>\n<td>stressful<\/td>\n<\/tr>\n<tr>\n<td>Puperdama, puperdada, puperdab<\/td>\n<td>\u0442\u0440\u0435\u043f\u0435\u0442\u0430\u0442\u044c,\u00a0\u043a\u043e\u043b\u043e\u0442\u0438\u0442\u044c\u0441\u044f<\/td>\n<td>beat very fast<\/td>\n<\/tr>\n<tr>\n<td>Suruma, suruda, surub + kus?<\/td>\n<td>\u0441\u0436\u0438\u043c\u0430\u0442\u044c<\/td>\n<td>press<\/td>\n<\/tr>\n<tr>\n<td>\u00d5hupuudus, -puuduse, -puudust<\/td>\n<td>\u043d\u0435\u0434\u043e\u0441\u0442\u0430\u0442\u043e\u043a ~ \u043d\u0435\u0445\u0432\u0430\u0442\u043a\u0430 \u0432\u043e\u0437\u0434\u0443\u0445\u0430<\/td>\n<td>lack of air<\/td>\n<\/tr>\n<\/tbody>\n<\/table>\n","protected":false},"excerpt":{"rendered":"<p>Arst: Tere p\u00e4evast, kuidas ennast tunnete? Mille \u00fcle kaebate? Patsient: Ma olen pidevalt v\u00e4sinud, ma ei j\u00f5ua mitte midagi teha. A: Kui kaua olete ennast niimoodi tundnud? P: Juba mitu n\u00e4dalat. A: Milline on hetkel olukord t\u00f6\u00f6l? P: Mul on &#8230;<\/p>\n","protected":false},"author":116,"featured_media":0,"parent":0,"menu_order":0,"comment_status":"closed","ping_status":"closed","template":"","meta":{"_acf_changed":false,"inline_featured_image":false,"footnotes":""},"class_list":["post-21","page","type-page","status-publish","hentry"],"acf":[],"_links":{"self":[{"href":"https:\/\/sisu.ut.ee\/tervisest\/wp-json\/wp\/v2\/pages\/21","targetHints":{"allow":["GET"]}}],"collection":[{"href":"https:\/\/sisu.ut.ee\/tervisest\/wp-json\/wp\/v2\/pages"}],"about":[{"href":"https:\/\/sisu.ut.ee\/tervisest\/wp-json\/wp\/v2\/types\/page"}],"author":[{"embeddable":true,"href":"https:\/\/sisu.ut.ee\/tervisest\/wp-json\/wp\/v2\/users\/116"}],"replies":[{"embeddable":true,"href":"https:\/\/sisu.ut.ee\/tervisest\/wp-json\/wp\/v2\/comments?post=21"}],"version-history":[{"count":2,"href":"https:\/\/sisu.ut.ee\/tervisest\/wp-json\/wp\/v2\/pages\/21\/revisions"}],"predecessor-version":[{"id":164,"href":"https:\/\/sisu.ut.ee\/tervisest\/wp-json\/wp\/v2\/pages\/21\/revisions\/164"}],"wp:attachment":[{"href":"https:\/\/sisu.ut.ee\/tervisest\/wp-json\/wp\/v2\/media?parent=21"}],"curies":[{"name":"wp","href":"https:\/\/api.w.org\/{rel}","templated":true}]}}