{"id":20,"date":"2024-04-04T03:58:03","date_gmt":"2024-04-04T00:58:03","guid":{"rendered":"https:\/\/sisu.ut.ee\/tervisest\/patsiendi-kusimused-ravimi-manustamise-kohta\/"},"modified":"2024-04-18T12:13:39","modified_gmt":"2024-04-18T09:13:39","slug":"patsiendi-kusimused-ravimi-manustamise-kohta","status":"publish","type":"page","link":"https:\/\/sisu.ut.ee\/tervisest\/patsiendi-kusimused-ravimi-manustamise-kohta\/","title":{"rendered":"Patsiendi k\u00fcsimused ravimi manustamise kohta"},"content":{"rendered":"<audio controls><source src=\"https:\/\/sisu.ut.ee\/wp-content\/uploads\/sites\/263\/patsiendikusimused.mp3\" type=\"audio\/mpeg\">Teie veebilehitseja ei toeta audio elementi.<\/source><\/audio>\n<ul>\n<li>Mis juhtub, kui ma otsustan seda ravimit mitte v\u00f5tta?<\/li>\n<li>Mis on alternatiivid ravimiga ravimisel?<\/li>\n<li>Mis on ravimi nimi ja mis on selle toimeaine(d)?<\/li>\n<li>Kui see ei ole patentravim, siis missugused on tema odavamad analoogid?<\/li>\n<li>Kuidas antud ravim toimib? Kas see ravib v\u00f5i leevendab s\u00fcmptome?<\/li>\n<li>Millal ja kuidas pean seda v\u00f5tma?<\/li>\n<li>Kuidas ma saan aru, et ravim toimib? Mida pean tegema, kui see ei toimi?<\/li>\n<li>Kui kaua peaksin seda ravimit tarvitama? Kui tunnen ennast paremini, kas siis tohin ravimi kasutamise katkestada?<\/li>\n<li>Mis on selle ravimi sagedasemad k\u00f5rvaltoimed? Kas ravimil on harvaesinevaid t\u00f5siseid k\u00f5rvaltoimeid? Mida teha k\u00f5rvaltoimete ilmnemisel?<\/li>\n<li>Mida ma pean tegema, kui ma unustasin ravimit v\u00f5tta korra v\u00f5i mitu korda?<\/li>\n<li>Kas ma tohin samaaegselt v\u00f5tta teisi ravimeid? Kas ma tohin tarvitada alkoholi? Missuguseid toite peaksin v\u00e4ltima? Kas ma tohin autot juhtida?<\/li>\n<li>Kas sellest ravimist v\u00f5ib muutuda s\u00f5ltuvaks?<\/li>\n<\/ul>\n<p>Allikas:<\/p>\n<ul>\n<li>Eesti Patsientide Esindus\u00fching. Leitav aadressil: <a href=\"http:\/\/www.epey.ee\/index.php?page=209\" target=\"_blank\" rel=\"noopener\">http:\/\/www.epey.ee\/index.php?page=209<\/a>. Viimati vaadatud 04.09.2017<\/li>\n<\/ul>\n<p><strong>S\u00d5NAVARA<\/strong><\/p>\n<table class=\"table table-hover\" border=\"1\">\n<tbody>\n<tr>\n<td>Katkestama, katkestada, katkestab + mille?\/ mida?<\/td>\n<td>\u043f\u0440\u0435\u043a\u0440\u0430\u0449\u0430\u0442\u044c<\/td>\n<td>stop\/to quit<\/td>\n<\/tr>\n<tr>\n<td>K\u00f5rvaltoime, -toime, -toimet<\/td>\n<td>\u043f\u043e\u0431\u043e\u0447\u043d\u043e\u0435 \u0434\u0435\u0439\u0441\u0442\u0432\u0438\u0435<\/td>\n<td>side effect<\/td>\n<\/tr>\n<tr>\n<td>Leevendama, leevendada, leevendab + mida?<\/td>\n<td>\u0441\u043c\u044f\u0433\u0447\u0430\u0442\u044c,\u00a0\u0443\u0442\u043e\u043b\u044f\u0442\u044c<\/td>\n<td>alleviate<\/td>\n<\/tr>\n<tr>\n<td>S\u00f5ltuv, s\u00f5ltuva, s\u00f5ltuvat<\/td>\n<td>\u0437\u0430\u0432\u0438\u0441\u0438\u043c\u044b\u0439<\/td>\n<td>addicted<\/td>\n<\/tr>\n<tr>\n<td>Toimeaine, toimeaine, toimeainet<\/td>\n<td>\u0434\u0435\u0439\u0441\u0442\u0432\u0443\u044e\u0449\u0435\u0435 \u0432\u0435\u0449\u0435\u0441\u0442\u0432\u043e<\/td>\n<td>active agent<\/td>\n<\/tr>\n<tr>\n<td>Toimima, toimida, toimib<\/td>\n<td>\u0434\u0435\u0439\u0441\u0442\u0432\u043e\u0432\u0430\u0442\u044c<\/td>\n<td>have effect<\/td>\n<\/tr>\n<tr>\n<td>V\u00e4ltima, v\u00e4ltida, v\u00e4ldib + mida?<\/td>\n<td>\u0438\u0437\u0431\u0435\u0433\u0430\u0442\u044c<\/td>\n<td>avoid<\/td>\n<\/tr>\n<\/tbody>\n<\/table>\n","protected":false},"excerpt":{"rendered":"<p>Mis juhtub, kui ma otsustan seda ravimit mitte v\u00f5tta? Mis on alternatiivid ravimiga ravimisel? Mis on ravimi nimi ja mis on selle toimeaine(d)? Kui see ei ole patentravim, siis missugused on tema odavamad analoogid? Kuidas antud ravim toimib? Kas see &#8230;<\/p>\n","protected":false},"author":116,"featured_media":0,"parent":0,"menu_order":0,"comment_status":"closed","ping_status":"closed","template":"","meta":{"_acf_changed":false,"inline_featured_image":false,"footnotes":""},"class_list":["post-20","page","type-page","status-publish","hentry"],"acf":[],"_links":{"self":[{"href":"https:\/\/sisu.ut.ee\/tervisest\/wp-json\/wp\/v2\/pages\/20","targetHints":{"allow":["GET"]}}],"collection":[{"href":"https:\/\/sisu.ut.ee\/tervisest\/wp-json\/wp\/v2\/pages"}],"about":[{"href":"https:\/\/sisu.ut.ee\/tervisest\/wp-json\/wp\/v2\/types\/page"}],"author":[{"embeddable":true,"href":"https:\/\/sisu.ut.ee\/tervisest\/wp-json\/wp\/v2\/users\/116"}],"replies":[{"embeddable":true,"href":"https:\/\/sisu.ut.ee\/tervisest\/wp-json\/wp\/v2\/comments?post=20"}],"version-history":[{"count":3,"href":"https:\/\/sisu.ut.ee\/tervisest\/wp-json\/wp\/v2\/pages\/20\/revisions"}],"predecessor-version":[{"id":153,"href":"https:\/\/sisu.ut.ee\/tervisest\/wp-json\/wp\/v2\/pages\/20\/revisions\/153"}],"wp:attachment":[{"href":"https:\/\/sisu.ut.ee\/tervisest\/wp-json\/wp\/v2\/media?parent=20"}],"curies":[{"name":"wp","href":"https:\/\/api.w.org\/{rel}","templated":true}]}}