{"id":17,"date":"2024-04-04T03:58:03","date_gmt":"2024-04-04T00:58:03","guid":{"rendered":"https:\/\/sisu.ut.ee\/tervisest\/sonavara-peavalu\/"},"modified":"2024-04-04T03:58:14","modified_gmt":"2024-04-04T00:58:14","slug":"sonavara-peavalu","status":"publish","type":"page","link":"https:\/\/sisu.ut.ee\/tervisest\/sonavara-peavalu\/","title":{"rendered":"S\u00f5navara (peavalu)"},"content":{"rendered":"<p id=\"yui_3_17_2_1_1511882391597_135\"><span id=\"yui_3_17_2_1_1511882391597_134\"><strong id=\"yui_3_17_2_1_1511882391597_133\">S\u00d5NAVARA\u00a0<\/strong><\/span><\/p>\n<table class=\"table table-hover\" border=\"1\">\n<tbody>\n<tr>\n<td>ajastus, ajastuse, ajastust<\/td>\n<td>\n<p>\u043e\u0442\u0440\u0435\u0437\u043e\u043a \u0432\u0440\u0435\u043c\u0435\u043d\u0438 (\u043a\u0430\u043a\u043e\u0435-\u0442\u043e \u0440\u0430\u0441\u043f\u043e\u043b\u043e\u0436\u0435\u043d\u0438\u0435 \u0432\u043e \u0432\u0440\u0435\u043c\u0435\u043d\u0438)<\/p>\n<\/td>\n<td>timing<\/td>\n<\/tr>\n<tr>\n<td>haarama, haarata, haarab + mille? mida? millest?<\/td>\n<td>\u0445\u0432\u0430\u0442\u0430\u0442\u044c\u00a0<\/td>\n<td>seize<\/td>\n<\/tr>\n<tr>\n<td>j\u00e4ikus, j\u00e4ikuse, j\u00e4ikust<\/td>\n<td>\n<p>\u043d\u0435\u0441\u0433\u0438\u0431\u0430\u0435\u043c\u043e\u0441\u0442\u044c ~ \u043e\u043a\u043e\u0441\u0442\u0435\u043d\u0435\u043b\u043e\u0441\u0442\u044c ~ \u043e\u0446\u0435\u043f\u0435\u043d\u0435\u043b\u043e\u0441\u0442\u044c<\/p>\n<\/td>\n<td>inflexibility<\/td>\n<\/tr>\n<tr>\n<td>kaasnema, kaasneda, kaasneb + millega?\u00a0<\/td>\n<td>\u0441\u043e\u043f\u0440\u043e\u0432\u043e\u0436\u0434\u0430\u0442\u044c\u0441\u044f<\/td>\n<td>accompany<\/td>\n<\/tr>\n<tr>\n<td>kihelus, kiheluse, kihelust\u00a0 \u00a0 \u00a0\u00a0<\/td>\n<td>\u0437\u0443\u0434<\/td>\n<td>itching<\/td>\n<\/tr>\n<tr>\n<td>kukal, kukla, kukalt\u00a0 \u00a0\u00a0<\/td>\n<td>\u0437\u0430\u0442\u044b\u043b\u043e\u043a<\/td>\n<td>nape, back of the head<\/td>\n<\/tr>\n<tr>\n<td>kukkuma, kukkuda, kukub<\/td>\n<td>\u043f\u0430\u0434\u0430\u0442\u044c<\/td>\n<td>fall<\/td>\n<\/tr>\n<tr>\n<td>k\u00e4sim\u00fc\u00fck, -m\u00fc\u00fcgi, -m\u00fc\u00fcki<\/td>\n<td>\u0440\u0443\u0447\u043d\u0430\u044f \u043f\u0440\u043e\u0434\u0430\u0436\u0430<\/td>\n<td>non-prescription sale<\/td>\n<\/tr>\n<tr>\n<td>lahustuv, lahustuva, lahustuvat<\/td>\n<td>\u0440\u0430\u0441\u0442\u0432\u043e\u0440\u0438\u043c\u044b\u0439<\/td>\n<td>soluble<\/td>\n<\/tr>\n<tr>\n<td>murdeiga, murdeea, murdeiga<\/td>\n<td>\n<p>\u043f\u0435\u0440\u0435\u043b\u043e\u043c\u043d\u044b\u0439\/\u043f\u0443\u0431\u0435\u0440\u0442\u0430\u0442\u043d\u044b\u0439 \u0432\u043e\u0437\u0440\u0430\u0441\u0442<\/p>\n<\/td>\n<td>puberty<\/td>\n<\/tr>\n<tr>\n<td>m\u00f5jutama, m\u00f5jutada, m\u00f5jutab + mida?<\/td>\n<td>\u0432\u043b\u0438\u044f\u0442\u044c<\/td>\n<td>affect<\/td>\n<\/tr>\n<tr>\n<td>oim, oiu, oidu<\/td>\n<td>\u00a0\u0432\u0438\u0441\u043e\u043a<\/td>\n<td>temple<\/td>\n<\/tr>\n<tr>\n<td>paiknema, paikneda, paikneb + kus?<\/td>\n<td>\n<p>\u043d\u0430\u0445\u043e\u0434\u0438\u0442\u044c\u0441\u044f\/\u0440\u0430\u0441\u043f\u043e\u043b\u0430\u0433\u0430\u0442\u044c\u0441\u044f<\/p>\n<\/td>\n<td>be located<\/td>\n<\/tr>\n<tr>\n<td>piirkond, piirkonna, piirkonda<\/td>\n<td>\u043e\u0431\u043b\u0430\u0441\u0442\u044c<\/td>\n<td>area,\u00a0<\/td>\n<\/tr>\n<tr>\n<td>pinge, pinge, pinget\u00a0 \u00a0\u00a0<\/td>\n<td>\u043d\u0430\u043f\u0440\u044f\u0436\u0435\u043d\u0438\u0435<\/td>\n<td>tension<\/td>\n<\/tr>\n<tr>\n<td>poolkera, -kera, -kera\u00a0\u00a0<\/td>\n<td>\u043f\u043e\u043b\u0443\u0448\u0430\u0440\u0438\u0435<\/td>\n<td>hemisphere,\u00a0<\/td>\n<\/tr>\n<tr>\n<td>tuikav, tuikava, tuikavat (valu)<\/td>\n<td>\n<address><em>\u00a0\u043f\u0443\u043b\u044c\u0441\u0438\u0440\u0443\u044e\u0449\u0430\u044f \u0431\u043e\u043b\u044c<\/em><\/address>\n<\/td>\n<td>pulsing<\/td>\n<\/tr>\n<tr>\n<td>tuim, tuima, tuima (valu)<\/td>\n<td>\u0442\u0443\u043f\u0430\u044f<\/td>\n<td>dull<\/td>\n<\/tr>\n<tr>\n<td>vallandama, vallandada, vallandab + mille? mida?\u00a0<\/td>\n<td>\u0432\u044b\u0437\u044b\u0432\u0430\u0442\u044c<\/td>\n<td>release<\/td>\n<\/tr>\n<\/tbody>\n<\/table>\n","protected":false},"excerpt":{"rendered":"<p>S\u00d5NAVARA\u00a0 ajastus, ajastuse, ajastust \u043e\u0442\u0440\u0435\u0437\u043e\u043a \u0432\u0440\u0435\u043c\u0435\u043d\u0438 (\u043a\u0430\u043a\u043e\u0435-\u0442\u043e \u0440\u0430\u0441\u043f\u043e\u043b\u043e\u0436\u0435\u043d\u0438\u0435 \u0432\u043e \u0432\u0440\u0435\u043c\u0435\u043d\u0438) timing haarama, haarata, haarab + mille? mida? millest? \u0445\u0432\u0430\u0442\u0430\u0442\u044c\u00a0 seize j\u00e4ikus, j\u00e4ikuse, j\u00e4ikust \u043d\u0435\u0441\u0433\u0438\u0431\u0430\u0435\u043c\u043e\u0441\u0442\u044c ~ \u043e\u043a\u043e\u0441\u0442\u0435\u043d\u0435\u043b\u043e\u0441\u0442\u044c ~ \u043e\u0446\u0435\u043f\u0435\u043d\u0435\u043b\u043e\u0441\u0442\u044c inflexibility kaasnema, kaasneda, kaasneb + millega?\u00a0 \u0441\u043e\u043f\u0440\u043e\u0432\u043e\u0436\u0434\u0430\u0442\u044c\u0441\u044f accompany kihelus, kiheluse, kihelust\u00a0 \u00a0 &#8230;<\/p>\n","protected":false},"author":116,"featured_media":0,"parent":0,"menu_order":0,"comment_status":"closed","ping_status":"closed","template":"","meta":{"_acf_changed":false,"inline_featured_image":false,"footnotes":""},"class_list":["post-17","page","type-page","status-publish","hentry"],"acf":[],"_links":{"self":[{"href":"https:\/\/sisu.ut.ee\/tervisest\/wp-json\/wp\/v2\/pages\/17","targetHints":{"allow":["GET"]}}],"collection":[{"href":"https:\/\/sisu.ut.ee\/tervisest\/wp-json\/wp\/v2\/pages"}],"about":[{"href":"https:\/\/sisu.ut.ee\/tervisest\/wp-json\/wp\/v2\/types\/page"}],"author":[{"embeddable":true,"href":"https:\/\/sisu.ut.ee\/tervisest\/wp-json\/wp\/v2\/users\/116"}],"replies":[{"embeddable":true,"href":"https:\/\/sisu.ut.ee\/tervisest\/wp-json\/wp\/v2\/comments?post=17"}],"version-history":[{"count":1,"href":"https:\/\/sisu.ut.ee\/tervisest\/wp-json\/wp\/v2\/pages\/17\/revisions"}],"predecessor-version":[{"id":99,"href":"https:\/\/sisu.ut.ee\/tervisest\/wp-json\/wp\/v2\/pages\/17\/revisions\/99"}],"wp:attachment":[{"href":"https:\/\/sisu.ut.ee\/tervisest\/wp-json\/wp\/v2\/media?parent=17"}],"curies":[{"name":"wp","href":"https:\/\/api.w.org\/{rel}","templated":true}]}}