{"id":16,"date":"2024-04-04T03:58:03","date_gmt":"2024-04-04T00:58:03","guid":{"rendered":"https:\/\/sisu.ut.ee\/tervisest\/peavalu\/"},"modified":"2024-04-18T12:42:26","modified_gmt":"2024-04-18T09:42:26","slug":"peavalu","status":"publish","type":"page","link":"https:\/\/sisu.ut.ee\/tervisest\/peavalu\/","title":{"rendered":"Peavalu"},"content":{"rendered":"<p><strong>K\u00f5ige tavalisemad peavalu t\u00fc\u00fcbid on:<\/strong><\/p>\n<ul>\n<li>pingepeavalu<\/li>\n<li>migreen<\/li>\n<li>sinusiidiga kaasnev peavalu<\/li>\n<\/ul>\n<p><strong>Valu iseloom ja asukoht:<\/strong><\/p>\n<p>Pingepeavalu\u00a0paikneb sageli\u00a0kuklapiirkonnas ja kaela \u00fclaosas.\u00a0M\u00f5nikord ulatub valu\u00a0pea \u00fclaossa\u00a0ja\u00a0silmade \u00fcmbrusse.\u00a0Pingepeavaluga\u00a0ei ole seotud kaela j\u00e4ikus. Valu on tavaliselt\u00a0tuim.<\/p>\n<p>Migreen\u00a0paikneb tihti\u00a0lauba- v\u00f5i oimupiirkonnas\u00a0ja haarab \u00fchte peapoolt. Migreeni valu on\u00a0raske\u00a0ja\u00a0tuikav.\u00a0Auraga migreenile\u00a0eelnevad sageli\u00a0n\u00e4gemish\u00e4ired, samuti v\u00f5ivad patsiendid kogeda kihelust v\u00f5i tuimust \u00fches kehapooles, n\u00e4os, huultes, s\u00f5rmedes, k\u00e4tes. Migreeniga kaasneb ka\u00a0iiveldus\u00a0ja vahel\u00a0oksendamine.\u00a0Aurata migreeni\u00a0puhul ei esine\u00a0n\u00e4gemish\u00e4ireid. Peavalu v\u00f5ib olla\u00a0\u00fchepoolne\u00a0v\u00f5i m\u00f5jutada\u00a0m\u00f5lemat aju poolkera. Kaasneda v\u00f5ivad\u00a0iiveldus\u00a0ja\u00a0oksendamine.<\/p>\n<p>Sinusiidiga kaasnev peavalu\u00a0paikneb\u00a0silmade \u00fcmbruses\u00a0ning tavaliselt m\u00f5jutab see\u00a0\u00fchte peapoolt.<\/p>\n<p><strong>Peavalu v\u00f5ivad vallandada:<\/strong><\/p>\n<ul>\n<li>stress<\/li>\n<li>toit ja alkohol<\/li>\n<li>ravimid<\/li>\n<li>hormoonid<\/li>\n<li>trauma v\u00f5i kukkumine<\/li>\n<li>n\u00e4gemise halvenemine<\/li>\n<\/ul>\n<p>OLULISED K\u00dcSIMUSED:<\/p>\n<p><strong>Patsiendi vanus<\/strong><\/p>\n<p>Iga peavaluga\u00a0laps\u00a0tuleks viia arsti vastuv\u00f5tule, eriti siis, kui valu on tekkinud kukkumise v\u00f5i vigastuse tagaj\u00e4rjel. Samuti vajavad arsti tugeva kuklavalu ja kaelaj\u00e4ikusega lapsed.<\/p>\n<p>Migreen avaldub tavaliselt\u00a0murdeeas.<\/p>\n<p>Migreeni all kannatavad k\u00f5ige enam\u00a020-30 aastased\u00a0inimesed.\u00a0\u00dcle 40-aastastel\u00a0inimestel on esimene migreenihoog ebatavaline ja nad peaksid arstiga konsulteerima.<\/p>\n<p><strong>Kestus<\/strong><\/p>\n<p>K\u00f5ik peavaluga patsiendid, kes ei saa \u00fche p\u00e4eva jooksul abi k\u00e4sim\u00fc\u00fcgi valuvaigistitest, vajavad arsti juurde suunamist.<\/p>\n<p><strong>Ravimine<\/strong><\/p>\n<p>Valuvaigistite valik h\u00f5lmab kolme peamist ravimite gruppi:\u00a0paratsetamooli, MSPVA-d ehk\u00a0mittesteroidseid p\u00f5letikuvastaseid\u00a0ravimeid\u00a0(ibuprofeeni, diklofenakki, ketoprofeeni, deksketoprofeeni, naprokseeni) ja\u00a0aspiriini. Neid v\u00f5ib kombineerida muude komponentidega, nagu\u00a0kodeiin,\u00a0dih\u00fcdrokodeiin\u00a0ja\u00a0kofeiin.<\/p>\n<p>Valuvaigistite maksimaalne kontsentratsioon veres saavutatakse\u00a030 minutit p\u00e4rast lahustuva ravimi manustamist. Traditsioonilise aspiiriini tableti manustamise j\u00e4rel v\u00f5ib selleks kuluda\u00a0kuni 2 tundi. Migreeni puhul on t\u00e4htis ravimiannuste\u00a0ajastus: valuvaigisti tuleks v\u00f5tta\u00a0migreenihoo esimeste s\u00fcmptomite ajal\u00a0ja soovitavalt lahustuval kujul. Sinusiidi korral on kasulik\u00a0kombineeritud ravi:\u00a0valuvaigistid koos dekongestantidega.<\/p>\n<p>Sumatriptaani 50 mg tablette saab kasutada \u00e4geda migreeni leevendamiseks, kui patsiendil on migreeni diagnoos.<\/p>\n<hr>\n<p>Kasutatud kirjandus:<\/p>\n<p>A. Blenkinsopp, P. Paxton, J. Blenkinsopp: S\u00fcmptomite k\u00e4sitlemine apteegis. Levinud haiguste\u00a0 kirjeldused ja leevendamisv\u00f5imalused. Eesti Apteekide \u00dchendus, 2015<\/p>\n","protected":false},"excerpt":{"rendered":"<p>K\u00f5ige tavalisemad peavalu t\u00fc\u00fcbid on: pingepeavalu migreen sinusiidiga kaasnev peavalu Valu iseloom ja asukoht: Pingepeavalu\u00a0paikneb sageli\u00a0kuklapiirkonnas ja kaela \u00fclaosas.\u00a0M\u00f5nikord ulatub valu\u00a0pea \u00fclaossa\u00a0ja\u00a0silmade \u00fcmbrusse.\u00a0Pingepeavaluga\u00a0ei ole seotud kaela j\u00e4ikus. Valu on tavaliselt\u00a0tuim. Migreen\u00a0paikneb tihti\u00a0lauba- v\u00f5i oimupiirkonnas\u00a0ja haarab \u00fchte peapoolt. Migreeni valu on\u00a0raske\u00a0ja\u00a0tuikav.\u00a0Auraga &#8230;<\/p>\n","protected":false},"author":116,"featured_media":0,"parent":0,"menu_order":0,"comment_status":"closed","ping_status":"closed","template":"","meta":{"_acf_changed":false,"inline_featured_image":false,"footnotes":""},"class_list":["post-16","page","type-page","status-publish","hentry"],"acf":[],"_links":{"self":[{"href":"https:\/\/sisu.ut.ee\/tervisest\/wp-json\/wp\/v2\/pages\/16","targetHints":{"allow":["GET"]}}],"collection":[{"href":"https:\/\/sisu.ut.ee\/tervisest\/wp-json\/wp\/v2\/pages"}],"about":[{"href":"https:\/\/sisu.ut.ee\/tervisest\/wp-json\/wp\/v2\/types\/page"}],"author":[{"embeddable":true,"href":"https:\/\/sisu.ut.ee\/tervisest\/wp-json\/wp\/v2\/users\/116"}],"replies":[{"embeddable":true,"href":"https:\/\/sisu.ut.ee\/tervisest\/wp-json\/wp\/v2\/comments?post=16"}],"version-history":[{"count":2,"href":"https:\/\/sisu.ut.ee\/tervisest\/wp-json\/wp\/v2\/pages\/16\/revisions"}],"predecessor-version":[{"id":175,"href":"https:\/\/sisu.ut.ee\/tervisest\/wp-json\/wp\/v2\/pages\/16\/revisions\/175"}],"wp:attachment":[{"href":"https:\/\/sisu.ut.ee\/tervisest\/wp-json\/wp\/v2\/media?parent=16"}],"curies":[{"name":"wp","href":"https:\/\/api.w.org\/{rel}","templated":true}]}}