{"id":15,"date":"2024-04-04T03:58:03","date_gmt":"2024-04-04T00:58:03","guid":{"rendered":"https:\/\/sisu.ut.ee\/tervisest\/sonavara-kulmetushaigused-ja-gripp\/"},"modified":"2024-04-04T03:58:14","modified_gmt":"2024-04-04T00:58:14","slug":"sonavara-kulmetushaigused-ja-gripp","status":"publish","type":"page","link":"https:\/\/sisu.ut.ee\/tervisest\/sonavara-kulmetushaigused-ja-gripp\/","title":{"rendered":"S\u00f5navara (k\u00fclmetushaigused ja gripp)"},"content":{"rendered":"<p><span data-mce-mark=\"1\"><strong><span data-mce-mark=\"1\">S\u00d5NAVARA<\/span>\u00a0<\/strong><\/span><\/p>\n<table class=\"table table-hover\" border=\"1\">\n<tbody>\n<tr>\n<td>aevastama, aevastada, aevastab<\/td>\n<td>\n<p>\u0447\u0438\u0445\u0430\u0442\u044c<\/p>\n<\/td>\n<td>\n<p>sneeze<\/p>\n<\/td>\n<\/tr>\n<tr>\n<td>avalduma, avalduda, avaldub + kus? + millena? +kuidas?<\/td>\n<td>\u00a0\u043f\u0440\u043e\u044f\u0432\u0438\u0442\u044c\u0441\u044f<\/td>\n<td>appear<\/td>\n<\/tr>\n<tr>\n<td>enesetunne, -tunde, -tunnet<\/td>\n<td>\u0441\u0430\u043c\u043e\u0447\u0443\u0432\u0441\u0442\u0432\u0438\u0435<\/td>\n<td>feeling<\/td>\n<\/tr>\n<tr>\n<td>eritis, eritise, eritist<\/td>\n<td>\u0432\u044b\u0434\u0435\u043b\u0435\u043d\u0438\u0435<\/td>\n<td>secretion<\/td>\n<\/tr>\n<tr>\n<td>iseloomulik, iseloomuliku, iseloomulikku<\/td>\n<td>\u0441\u0438\u043c\u043f\u0442\u043e\u043c\u0430\u0442\u0438\u0447\u043d\u044b\u0439,\u00a0\u0445\u0430\u0440\u0430\u043a\u0442\u0435\u0440\u043d\u044b\u0439<\/td>\n<td>characteristic<\/td>\n<\/tr>\n<tr>\n<td>j\u00e4rkj\u00e4rguline, j\u00e4rkj\u00e4rgulise, j\u00e4rkj\u00e4rgulist<\/td>\n<td>\n<p>\u043f\u043e\u0441\u0442\u0435\u043f\u0435\u043d\u043d\u044b\u0439\u00a0<\/p>\n<\/td>\n<td>gradual<\/td>\n<\/tr>\n<tr>\n<td>k\u00e4sim\u00fc\u00fcgiravim, -ravimi, -ravimit<\/td>\n<td>\u0431\u0435\u0437\u0440\u0435\u0446\u0435\u043f\u0442\u0443\u0440\u043d\u043e\u0435 \u043b\u0435\u043a\u0430\u0440\u0441\u0442\u0432\u043e<\/td>\n<td>over- the-counter medicine<\/td>\n<\/tr>\n<tr>\n<td>leevendama, leevendada, leevendab + mida?<\/td>\n<td>\u043e\u0431\u043b\u0435\u0433\u0447\u0430\u0442\u044c<\/td>\n<td>relieve<\/td>\n<\/tr>\n<tr>\n<td>limaskest, limaskesta, limaskesta\u00a0<\/td>\n<td>\u0441\u043b\u0438\u0437\u0438\u0441\u0442\u0430\u044f \u043e\u0431\u043e\u043b\u043e\u0447\u043a\u0430<\/td>\n<td>mucous membrane<\/td>\n<\/tr>\n<tr>\n<td>manustama, manustada, manustab + mida?<\/td>\n<td>\u043f\u0440\u0438\u043d\u0438\u043c\u0430\u0442\u044c\u00a0<\/td>\n<td>embed<\/td>\n<\/tr>\n<tr>\n<td>turse, turse, turset<\/td>\n<td>\u043e\u0442\u0451\u043a\u00a0<\/td>\n<td>oedema<\/td>\n<\/tr>\n<tr>\n<td>t\u00fcsistus, t\u00fcsistuse, t\u00fcsistust\u00a0<\/td>\n<td>\u0443\u0441\u043b\u043e\u0436\u043d\u0435\u043d\u0438\u0435, \u043a\u043e\u043c\u043f\u043b\u0438\u043a\u0430\u0446\u0438\u044f<\/td>\n<td>complication<\/td>\n<\/tr>\n<tr>\n<td>vastuv\u00f5tlik, vastuv\u00f5tliku, vastuv\u00f5tlikku<\/td>\n<td>\u043f\u0440\u0435\u0434\u0440\u0430\u0441\u043f\u043e\u043b\u043e\u0436\u0435\u043d\u043d\u044b\u0439<\/td>\n<td>susceptible<\/td>\n<\/tr>\n<tr>\n<td>\u00e4rritama, \u00e4rritada, \u00e4rritab + mida?\u00a0<\/td>\n<td>\u0440\u0430\u0437\u0434\u0440\u0430\u0436\u0430\u0442\u044c<\/td>\n<td>irritate<\/td>\n<\/tr>\n<tr>\n<td>\u00fcheaegne, \u00fcheaegse, \u00fcheaegset\u00a0<\/td>\n<td>\u043e\u0434\u043d\u043e\u0432\u0440\u0435\u043c\u0435\u043d\u043d\u044b\u0439,\u00a0\u0441\u0438\u043d\u0445\u0440\u043e\u043d\u043d\u044b\u0439<\/td>\n<td>simultaneous<\/td>\n<\/tr>\n<\/tbody>\n<\/table>\n","protected":false},"excerpt":{"rendered":"<p>S\u00d5NAVARA\u00a0 aevastama, aevastada, aevastab \u0447\u0438\u0445\u0430\u0442\u044c sneeze avalduma, avalduda, avaldub + kus? + millena? +kuidas? \u00a0\u043f\u0440\u043e\u044f\u0432\u0438\u0442\u044c\u0441\u044f appear enesetunne, -tunde, -tunnet \u0441\u0430\u043c\u043e\u0447\u0443\u0432\u0441\u0442\u0432\u0438\u0435 feeling eritis, eritise, eritist \u0432\u044b\u0434\u0435\u043b\u0435\u043d\u0438\u0435 secretion iseloomulik, iseloomuliku, iseloomulikku \u0441\u0438\u043c\u043f\u0442\u043e\u043c\u0430\u0442\u0438\u0447\u043d\u044b\u0439,\u00a0\u0445\u0430\u0440\u0430\u043a\u0442\u0435\u0440\u043d\u044b\u0439 characteristic j\u00e4rkj\u00e4rguline, j\u00e4rkj\u00e4rgulise, j\u00e4rkj\u00e4rgulist \u043f\u043e\u0441\u0442\u0435\u043f\u0435\u043d\u043d\u044b\u0439\u00a0 gradual k\u00e4sim\u00fc\u00fcgiravim, -ravimi, -ravimit \u0431\u0435\u0437\u0440\u0435\u0446\u0435\u043f\u0442\u0443\u0440\u043d\u043e\u0435 &#8230;<\/p>\n","protected":false},"author":116,"featured_media":0,"parent":0,"menu_order":0,"comment_status":"closed","ping_status":"closed","template":"","meta":{"_acf_changed":false,"inline_featured_image":false,"footnotes":""},"class_list":["post-15","page","type-page","status-publish","hentry"],"acf":[],"_links":{"self":[{"href":"https:\/\/sisu.ut.ee\/tervisest\/wp-json\/wp\/v2\/pages\/15","targetHints":{"allow":["GET"]}}],"collection":[{"href":"https:\/\/sisu.ut.ee\/tervisest\/wp-json\/wp\/v2\/pages"}],"about":[{"href":"https:\/\/sisu.ut.ee\/tervisest\/wp-json\/wp\/v2\/types\/page"}],"author":[{"embeddable":true,"href":"https:\/\/sisu.ut.ee\/tervisest\/wp-json\/wp\/v2\/users\/116"}],"replies":[{"embeddable":true,"href":"https:\/\/sisu.ut.ee\/tervisest\/wp-json\/wp\/v2\/comments?post=15"}],"version-history":[{"count":1,"href":"https:\/\/sisu.ut.ee\/tervisest\/wp-json\/wp\/v2\/pages\/15\/revisions"}],"predecessor-version":[{"id":101,"href":"https:\/\/sisu.ut.ee\/tervisest\/wp-json\/wp\/v2\/pages\/15\/revisions\/101"}],"wp:attachment":[{"href":"https:\/\/sisu.ut.ee\/tervisest\/wp-json\/wp\/v2\/media?parent=15"}],"curies":[{"name":"wp","href":"https:\/\/api.w.org\/{rel}","templated":true}]}}