{"id":14,"date":"2024-04-04T03:58:03","date_gmt":"2024-04-04T00:58:03","guid":{"rendered":"https:\/\/sisu.ut.ee\/tervisest\/kulmetushaigused-ja-gripp\/"},"modified":"2024-04-18T12:42:42","modified_gmt":"2024-04-18T09:42:42","slug":"kulmetushaigused-ja-gripp","status":"publish","type":"page","link":"https:\/\/sisu.ut.ee\/tervisest\/kulmetushaigused-ja-gripp\/","title":{"rendered":"K\u00fclmetushaigused ja gripp"},"content":{"rendered":"<p><strong>K\u00fclmetus\u00a0<\/strong>on segu viiruslikest \u00fclemiste hingamisteede infektsioonidest.<\/p>\n<p><strong>Gripp<\/strong>\u00a0on haruldasem, raskem ja patsiendile palju ebameeldivam kui tavalised viiruslikud infektsioonid.<\/p>\n<p><strong>Gripp\u00a0on t\u00f5en\u00e4oline, kui:<\/strong><\/p>\n<ul>\n<li>palavik on k\u00f5rgem kui 38 kraadi;<\/li>\n<li>patsiendil on k\u00f6ha, kurguvalu, ninakinnisus, eritis ninast;<\/li>\n<li>patsiendil on peavalu, lihasevalu, higistamine ja k\u00fclmav\u00e4rinad, v\u00e4ga halb enesetunne;<\/li>\n<\/ul>\n<p><strong>OLULISED K\u00dcSIMUSED:<\/strong><\/p>\n<p><strong>1.\u00a0Patsiendi vanus.<\/strong><\/p>\n<p>Kas patsient on laps v\u00f5i t\u00e4iskasvanu?<\/p>\n<p>NB!\u00a0Lapsed\u00a0on \u00fclemiste hingamisteede infektsioonide suhtes vastuv\u00f5tlikumad.<\/p>\n<p>NB! Gripi t\u00fcsistus v\u00f5ib olla kopsup\u00f5letik. T\u00fcsistuste risk on suurem\u00a0v\u00e4ikestel lastel\u00a0ja\u00a0v\u00e4ga vanadel\u00a0patsientidel.<\/p>\n<p><strong>2.\u00a0S\u00fcmptomite avaldumine ja kestus.<\/strong><\/p>\n<p>Kui kiiresti on s\u00fcmptomid avaldunud? Kui kaua on s\u00fcmptomid kestnud?<\/p>\n<p>NB! S\u00fcmptomite\u00a0kiire avaldumine\u00a0on tavalisem\u00a0gripi\u00a0puhul. S\u00fcmptomite j\u00e4rkj\u00e4rguline avaldumine\u00a0on iseloomulik\u00a0k\u00fclmetusele.<\/p>\n<p>NB! Tavalise k\u00fclmetuse s\u00fcmptomid kestavad tavaliselt\u00a07-14 p\u00e4eva.\u00a0M\u00f5ned s\u00fcmptomid, n\u00e4iteks\u00a0k\u00f6ha, v\u00f5ivad p\u00fcsida kauem.<\/p>\n<p><strong>3.<\/strong>\u00a0<strong>S\u00fcmptomid<\/strong>.<\/p>\n<p>Millised s\u00fcmptomid patsiendil esinevad?<\/p>\n<ol>\n<li>Eritis ninast v\u00f5i ninakinnisus.<\/li>\n<li>Aevastamine v\u00f5i k\u00f6ha.<\/li>\n<li>Valud: peavalu, kurguvalu, k\u00f5rvavalu.<\/li>\n<li>Palavik, eriti k\u00f5rge palavik.<\/li>\n<\/ol>\n<p><strong>4.\u00a0Ravimine<\/strong>.<\/p>\n<p>K\u00e4sim\u00fc\u00fcgiravimid ja rahvameditsiinis kasutatavad ravimid parandavad patsiendi enesetunnet, kuid siin on oluline roll platseeboefektil. Oluline on v\u00e4ltida paljude erinevate k\u00e4sim\u00fc\u00fcgiravimite \u00fcheaegset kasutamist.<\/p>\n<p><strong>M\u00f5ned ravimid:<\/strong><\/p>\n<ul>\n<li><strong>S\u00fcmpatomimeetikumid<br>\n<\/strong>S\u00fcmpatomimeetikumid ravivad ninakinnisust, v\u00e4hendavad limaskesta turset ja limaeritust. NB! Ninaspreid ja tilkasid ei tohi manustada kauem kui 7 p\u00e4eva!<\/li>\n<li><strong>Antihistamiinikumid<br>\n<\/strong>Antihistamiinikumid leevendavad nohu ja aevastamist, kuid ei ole t\u00f5husad ninakinnisuse leevendamisel.<\/li>\n<li><strong>Analgeetikumid<br>\n<\/strong>Analgeetikumid leevendavad valu.<br>\n\u2013 Paratsetamool on efektiivne valu ja palaviku ravis, kuid see ei ravi p\u00f5letikku.<br>\n\u2013 MSPVA-d (ibuprofeen, diklofenakk, ketoprofeen, deksketoprofeen, naprokseen) leevendavad valu ja p\u00f5letikku ning alandavad palavikku.NB! MSPVA-d v\u00f5ivad \u00e4rritada magu ja p\u00f5hjustada seedeh\u00e4ireid, iiveldust ja k\u00f5hulahtisust. Samuti m\u00f5jutavad need vere h\u00fc\u00fcbimist. Antikogulantravi saavatele patsientidele ja eakatele patsientidele on paratsetamool parem valik.<br>\n\u2013 Aspiriin alandab palavikku ja sellel on ka p\u00f5letikuvastane ja valuvaigistav toime. NB! Aspiriini ei soovitata anda alla 16-aastastele patsientidele Reye\u2019 s\u00fcndroomi t\u00f5ttu. Aspiriin v\u00f5ib p\u00f5hjustada mao\u00e4rritust ja seedetrakti verejooksu<\/li>\n<li><strong>K\u00f6ha leevendajad<\/strong><\/li>\n<li><strong>Kurguvalu ravimid<\/strong><\/li>\n<li><strong>P\u00e4evak\u00fcbar<\/strong> (<em>Echinacea<\/em>)<br>\nP\u00e4evak\u00fcbara preparaadid v\u00f5ivad k\u00fclmetuse ennetamisel ja ravimisel olla paremad kui platseebo v\u00f5i ravi puudumine. NB! P\u00e4evak\u00fcbar v\u00f5ib tekitada allergilisi reaktsioone ja l\u00f6\u00f6vet!<\/li>\n<li><strong>Inhalatsioonid<br>\n<\/strong>Inhalatsioonid vabastavad hingamisteed ning leevendavad ninakinnisust ja k\u00f6ha. K\u00f5ige t\u00f5husamad on aurup\u00f5hised inhalatsioonid.<\/li>\n<\/ul>\n<hr>\n<p>Kasutatud kirjandus:<\/p>\n<ul>\n<li>A. Blenkinsopp, P. Paxton, J. Blenkinsopp: S\u00fcmptomite k\u00e4sitlemine apteegis. Levinud haiguste\u00a0 kirjeldused ja leevendamisv\u00f5imalused. Eesti Apteekide \u00dchendus, 2015<\/li>\n<\/ul>\n","protected":false},"excerpt":{"rendered":"<p>K\u00fclmetus\u00a0on segu viiruslikest \u00fclemiste hingamisteede infektsioonidest. Gripp\u00a0on haruldasem, raskem ja patsiendile palju ebameeldivam kui tavalised viiruslikud infektsioonid. Gripp\u00a0on t\u00f5en\u00e4oline, kui: palavik on k\u00f5rgem kui 38 kraadi; patsiendil on k\u00f6ha, kurguvalu, ninakinnisus, eritis ninast; patsiendil on peavalu, lihasevalu, higistamine ja k\u00fclmav\u00e4rinad, &#8230;<\/p>\n","protected":false},"author":116,"featured_media":0,"parent":0,"menu_order":0,"comment_status":"closed","ping_status":"closed","template":"","meta":{"_acf_changed":false,"inline_featured_image":false,"footnotes":""},"class_list":["post-14","page","type-page","status-publish","hentry"],"acf":[],"_links":{"self":[{"href":"https:\/\/sisu.ut.ee\/tervisest\/wp-json\/wp\/v2\/pages\/14","targetHints":{"allow":["GET"]}}],"collection":[{"href":"https:\/\/sisu.ut.ee\/tervisest\/wp-json\/wp\/v2\/pages"}],"about":[{"href":"https:\/\/sisu.ut.ee\/tervisest\/wp-json\/wp\/v2\/types\/page"}],"author":[{"embeddable":true,"href":"https:\/\/sisu.ut.ee\/tervisest\/wp-json\/wp\/v2\/users\/116"}],"replies":[{"embeddable":true,"href":"https:\/\/sisu.ut.ee\/tervisest\/wp-json\/wp\/v2\/comments?post=14"}],"version-history":[{"count":5,"href":"https:\/\/sisu.ut.ee\/tervisest\/wp-json\/wp\/v2\/pages\/14\/revisions"}],"predecessor-version":[{"id":176,"href":"https:\/\/sisu.ut.ee\/tervisest\/wp-json\/wp\/v2\/pages\/14\/revisions\/176"}],"wp:attachment":[{"href":"https:\/\/sisu.ut.ee\/tervisest\/wp-json\/wp\/v2\/media?parent=14"}],"curies":[{"name":"wp","href":"https:\/\/api.w.org\/{rel}","templated":true}]}}