{"id":13,"date":"2024-04-04T03:58:03","date_gmt":"2024-04-04T00:58:03","guid":{"rendered":"https:\/\/sisu.ut.ee\/tervisest\/dialoog-luu-ja-lihaskonna-probleemid\/"},"modified":"2024-04-18T12:31:19","modified_gmt":"2024-04-18T09:31:19","slug":"dialoog-luu-ja-lihaskonna-probleemid","status":"publish","type":"page","link":"https:\/\/sisu.ut.ee\/tervisest\/dialoog-luu-ja-lihaskonna-probleemid\/","title":{"rendered":"Dialoog &#8220;Luu- ja lihaskonna probleemid&#8221;"},"content":{"rendered":"<audio controls><source src=\"https:\/\/sisu.ut.ee\/wp-content\/uploads\/sites\/263\/dialoog3.mp3\" type=\"audio\/mpeg\">Teie veebilehitseja ei toeta audio elementi.<\/source><\/audio>\n<p>Arst: Tere p\u00e4evast! Mille \u00fcle te kaebate?<\/p>\n<p>Patsient: Mul on olnud kahe kuu jooksul juba kaks k\u00e4eluumurdu.<\/p>\n<p>A: Kas teil on olnud liigesevaevusi?<\/p>\n<p>P: Jaa, mu randmed valutavad ning mulle on tehtud karpaalkanali operatsioon, sest mu s\u00f5rmed surid kogu aeg \u00e4ra. Ka mu selg valutab aeg-ajalt.<\/p>\n<p>A: Selge, las ma vaatan teie selga. V\u00f5tke palun pluus seljast \u00e4ra. Mulle tundub, et teil on seljas v\u00e4ike k\u00fc\u00fcr. Ma kirjutan teile saatekirja r\u00f6ntgenisse.<\/p>\n<p>A: Kui vana te olete?<\/p>\n<p>P: Olen 59-aastane.<\/p>\n<p>A: Kellena te t\u00f6\u00f6tate?<\/p>\n<p>P: Olen t\u00f6\u00f6tanud m\u00fc\u00fcjana juba 30 aastat. Nii-et ma olen kassapidaja.<\/p>\n<p>A: Selge, olete p\u00e4evast p\u00e4eva kassas istudes sundasendis?<\/p>\n<p>P: Jah, nii see t\u00f5epoolest on.<\/p>\n<p>A: Kas teil on menopaus?<\/p>\n<p>P: Jah, mul algas menopaus juba enne 45. eluaastat.<\/p>\n<p>A: Kas teie suguv\u00f5sas on esinenud osteoporoosi?<\/p>\n<p>P: Jah, minu vanaemal diagnoositi osteoporoos.<\/p>\n<p>A: Kuna teil endal on diagnoositud diabeet ning nagu just selgus, esineb veel riskifaktoreid, siis on vaja uurida teie luude tihedust ja massi. Kahtlustan osteoporoosi. Kirjutan teile saatekirja reumatoloogi juurde.<\/p>\n<p>P: Milline haigus on osteoporoos? Mida see t\u00e4hendab?<\/p>\n<p>A: Osteoporoos on luude h\u00f5renemine. See t\u00e4hendab, et luude mass ja tihedus v\u00e4heneb ja luukoe struktuur on h\u00e4irunud. Kui on toimunud sellised muutused, siis muutuvad luud hapraks ja h\u00f5redaks ning murduvad kergesti. Osteoporoosi k\u00f5ige sagedasem ja ohtlikum t\u00fcsistus on luumurd.<\/p>\n<p>P: Ait\u00e4h info eest, aga ma olen n\u00fc\u00fcd v\u00e4ga mures.<\/p>\n<p>A: Te saate rohkem infot reumatoloogi k\u00e4est. \u00c4rge muretsege, sest osteoporoosi saab ravida ning sellele aitab v\u00e4ga palju kaasa elustiili muutus.<\/p>\n<p><strong>S\u00d5NAVARA\u00a0<\/strong><\/p>\n<table class=\"table table-hover\" border=\"1\">\n<tbody>\n<tr>\n<td>Habras, hapra, habrast<\/td>\n<td>\u0445\u0440\u0443\u043f\u043a\u0438\u0439, \u043b\u043e\u043c\u043a\u0438\u0439<\/td>\n<td>fragile<\/td>\n<\/tr>\n<tr>\n<td>H\u00f5re, h\u00f5reda, h\u00f5redat<\/td>\n<td>\u0440\u0435\u0434\u043a\u0438\u0439<\/td>\n<td>tenuous, sparse<\/td>\n<\/tr>\n<tr>\n<td>H\u00f5renema, h\u00f5reneda, h\u00f5reneb<\/td>\n<td>\u0440\u0435\u0434\u0435\u0442\u044c<\/td>\n<td>thin<\/td>\n<\/tr>\n<tr>\n<td>Kude, koe, kudet<\/td>\n<td>\u0442\u043a\u0430\u043d\u044c<\/td>\n<td>tissue<\/td>\n<\/tr>\n<tr>\n<td>K\u00fc\u00fcr, k\u00fc\u00fcru, k\u00fc\u00fcru<\/td>\n<td>\u0433\u043e\u0440\u0431<\/td>\n<td>hump<\/td>\n<\/tr>\n<tr>\n<td>Liigesevaevus, -vaevuse, -vaevust<\/td>\n<td>\u0441\u0443\u0441\u0442\u0430\u0432\u043d\u043e\u0435 \u043d\u0435\u0434\u043e\u043c\u043e\u0433\u0430\u043d\u0438\u0435,\u00a0\u0441\u0443\u0441\u0442\u0430\u0432\u043d\u0430\u044f \u0431\u043e\u043b\u044c<\/td>\n<td>joint ailment<\/td>\n<\/tr>\n<tr>\n<td>Luumurd, -murru, -murdu<\/td>\n<td>\u043f\u0435\u0440\u0435\u043b\u043e\u043c<\/td>\n<td>bone fracture<\/td>\n<\/tr>\n<tr>\n<td>Murduma, murduda, murdub<\/td>\n<td>\u043b\u043e\u043c\u0430\u0442\u044c\u0441\u044f<\/td>\n<td>break<\/td>\n<\/tr>\n<tr>\n<td>Ranne, randme, rannet<\/td>\n<td>\u0437\u0430\u043f\u044f\u0441\u0442\u044c\u0435<\/td>\n<td>wrist<\/td>\n<\/tr>\n<tr>\n<td>Saatekiri, -kirja, -kirja<\/td>\n<td>\u043d\u0430\u043f\u0440\u0430\u0432\u043b\u0435\u043d\u0438\u0435<\/td>\n<td>referral<\/td>\n<\/tr>\n<tr>\n<td>Selguma, selguda, selgub<\/td>\n<td>\u0440\u0430\u0437\u044a\u044f\u0441\u043d\u044f\u0442\u044c\u0441\u044f<\/td>\n<td>reveal, clarify<\/td>\n<\/tr>\n<tr>\n<td>Sundasendi, -asendi, -asendit<\/td>\n<td>\u0432\u044b\u043d\u0443\u0436\u0434\u0435\u043d\u043d\u043e\u0435 \u043f\u043e\u043b\u043e\u0436\u0435\u043d\u0438\u0435<\/td>\n<td>forced position<\/td>\n<\/tr>\n<tr>\n<td>Tihedus, tiheduse, tihedust<\/td>\n<td>\u043f\u043b\u043e\u0442\u043d\u043e\u0441\u0442\u044c<\/td>\n<td>density<\/td>\n<\/tr>\n<tr>\n<td>T\u00fcsistus, t\u00fcsistuse, t\u00fcsistust<\/td>\n<td>o\u0441\u043b\u043e\u0436\u043d\u0435\u043d\u0438\u0435<\/td>\n<td>complication<\/td>\n<\/tr>\n<tr>\n<td>\u00c4ra surema, \u00e4ra surra, (k\u00e4ed) surevad \u00e4ra<\/td>\n<td>\u043d\u0435\u043c\u0435\u0442\u044c<\/td>\n<td>go numb<\/td>\n<\/tr>\n<\/tbody>\n<\/table>\n","protected":false},"excerpt":{"rendered":"<p>Arst: Tere p\u00e4evast! Mille \u00fcle te kaebate? Patsient: Mul on olnud kahe kuu jooksul juba kaks k\u00e4eluumurdu. A: Kas teil on olnud liigesevaevusi? P: Jaa, mu randmed valutavad ning mulle on tehtud karpaalkanali operatsioon, sest mu s\u00f5rmed surid kogu aeg &#8230;<\/p>\n","protected":false},"author":116,"featured_media":0,"parent":0,"menu_order":0,"comment_status":"closed","ping_status":"closed","template":"","meta":{"_acf_changed":false,"inline_featured_image":false,"footnotes":""},"class_list":["post-13","page","type-page","status-publish","hentry"],"acf":[],"_links":{"self":[{"href":"https:\/\/sisu.ut.ee\/tervisest\/wp-json\/wp\/v2\/pages\/13","targetHints":{"allow":["GET"]}}],"collection":[{"href":"https:\/\/sisu.ut.ee\/tervisest\/wp-json\/wp\/v2\/pages"}],"about":[{"href":"https:\/\/sisu.ut.ee\/tervisest\/wp-json\/wp\/v2\/types\/page"}],"author":[{"embeddable":true,"href":"https:\/\/sisu.ut.ee\/tervisest\/wp-json\/wp\/v2\/users\/116"}],"replies":[{"embeddable":true,"href":"https:\/\/sisu.ut.ee\/tervisest\/wp-json\/wp\/v2\/comments?post=13"}],"version-history":[{"count":2,"href":"https:\/\/sisu.ut.ee\/tervisest\/wp-json\/wp\/v2\/pages\/13\/revisions"}],"predecessor-version":[{"id":166,"href":"https:\/\/sisu.ut.ee\/tervisest\/wp-json\/wp\/v2\/pages\/13\/revisions\/166"}],"wp:attachment":[{"href":"https:\/\/sisu.ut.ee\/tervisest\/wp-json\/wp\/v2\/media?parent=13"}],"curies":[{"name":"wp","href":"https:\/\/api.w.org\/{rel}","templated":true}]}}