{"id":123,"date":"2024-04-18T11:39:20","date_gmt":"2024-04-18T08:39:20","guid":{"rendered":"https:\/\/sisu.ut.ee\/tervisest\/test-ravimid-ja-ravimite-manustamine\/"},"modified":"2024-04-18T11:39:20","modified_gmt":"2024-04-18T08:39:20","slug":"test-ravimid-ja-ravimite-manustamine","status":"publish","type":"page","link":"https:\/\/sisu.ut.ee\/tervisest\/test-ravimid-ja-ravimite-manustamine\/","title":{"rendered":"Test &#8220;Ravimid ja ravimite manustamine&#8221;"},"content":{"rendered":"<div id=\"watupro_quiz\" class=\"quiz-area single-page-quiz\">\n<p id=\"submittingExam8\" style=\"display:none;text-align:center;\"><img loading=\"lazy\" decoding=\"async\" src=\"https:\/\/sisu.ut.ee\/wp-content\/plugins\/watupro\/img\/loading.gif\" width=\"16\" height=\"16\"><\/p>\n\n\n\n<form action=\"\" method=\"post\" class=\"quiz-form\" id=\"quiz-8\" enctype=\"multipart\/form-data\">\n<div class=\"watu-question \" id=\"question-1\" style=\";\"><div id=\"questionWrap-1\" class=\"  watupro-required-47 watupro-question-id-47\">\n\t\t\t<div class=\"question-content\"><div><p>Vali\u00a0\u00f5ige k\u00e4sklus patsiendile.<br><br><img loading=\"lazy\" decoding=\"async\" width=\"180\" height=\"251\" class=\"alignnone wp-image-56\" style=\"\" src=\"https:\/\/multisite.ut.ee\/wp-content\/uploads\/sites\/263\/tabletid.jpg\" title=\"tabletid.jpg\" alt=\"tabl\"><\/p><\/div><input type=\"hidden\" name=\"question_id[]\" id=\"qID_1\" value=\"47\" class=\"watupro-question-id\"><input type=\"hidden\" id=\"answerType47\" class=\"answerTypeCnt1\" value=\"radio\"><input type=\"hidden\" id=\"watupro-required-question-47\"><!-- end question-content--><\/div><div class=\"question-choices watupro-choices-columns \" id=\"questionChoices47\"><div class=\"watupro-question-choice  \" dir=\"auto\"><input type=\"radio\" name=\"answer-47[]\" id=\"answer-id-167\" class=\"answer   answerof-47 \" value=\"167\"><label for=\"answer-id-167\" id=\"answer-label-167\" class=\" answer\"><span><p>V\u00f5tke 20 tilka pool tundi enne magamaminekut!<\/p><\/span><\/label><\/div><div class=\"watupro-question-choice  \" dir=\"auto\"><input type=\"radio\" name=\"answer-47[]\" id=\"answer-id-168\" class=\"answer   answerof-47 \" value=\"168\"><label for=\"answer-id-168\" id=\"answer-label-168\" class=\" answer\"><span><p>Neelake tervelt alla koos klaasit\u00e4ie leige veega!<\/p><\/span><\/label><\/div><div class=\"watupro-question-choice  \" dir=\"auto\"><input type=\"radio\" name=\"answer-47[]\" id=\"answer-id-166\" class=\"answer   answerof-47 \" value=\"166\"><label for=\"answer-id-166\" id=\"answer-label-166\" class=\" answer\"><span><p>S\u00fcstige vaktsiin k\u00e4sivarde!<\/p><\/span><\/label><\/div><div class=\"watupro-question-choice  \" dir=\"auto\"><input type=\"radio\" name=\"answer-47[]\" id=\"answer-id-165\" class=\"answer   answerof-47 \" value=\"165\"><label for=\"answer-id-165\" id=\"answer-label-165\" class=\" answer\"><span><p>V\u00f5tke 2 lusikat\u00e4it p\u00e4rast s\u00f6\u00f6ki!<\/p><\/span><\/label><\/div><!-- end question-choices--><\/div><!-- end questionWrap--><\/div><\/div><div class=\"watu-question \" id=\"question-2\" style=\";\"><div id=\"questionWrap-2\" class=\"  watupro-required-49 watupro-question-id-49\">\n\t\t\t<div class=\"question-content\"><div><p>Vali \u00f5ige k\u00e4sklus patsiendile.<\/p><p><img loading=\"lazy\" decoding=\"async\" width=\"183\" height=\"233\" class=\"alignnone wp-image-58\" style=\"\" src=\"https:\/\/multisite.ut.ee\/wp-content\/uploads\/sites\/263\/systlad.jpg\" title=\"systlad.jpg\" alt=\"s\u00fcst\"><\/p><\/div><input type=\"hidden\" name=\"question_id[]\" id=\"qID_2\" value=\"49\" class=\"watupro-question-id\"><input type=\"hidden\" id=\"answerType49\" class=\"answerTypeCnt2\" value=\"radio\"><input type=\"hidden\" id=\"watupro-required-question-49\"><!-- end question-content--><\/div><div class=\"question-choices watupro-choices-columns \" id=\"questionChoices49\"><div class=\"watupro-question-choice  \" dir=\"auto\"><input type=\"radio\" name=\"answer-49[]\" id=\"answer-id-174\" class=\"answer   answerof-49 \" value=\"174\"><label for=\"answer-id-174\" id=\"answer-label-174\" class=\" answer\"><span><p>S\u00fcstige vaktsiin k\u00e4sivarde!<\/p><\/span><\/label><\/div><div class=\"watupro-question-choice  \" dir=\"auto\"><input type=\"radio\" name=\"answer-49[]\" id=\"answer-id-173\" class=\"answer   answerof-49 \" value=\"173\"><label for=\"answer-id-173\" id=\"answer-label-173\" class=\" answer\"><span><p>V\u00f5tke 2 lusikat\u00e4it p\u00e4rast s\u00f6\u00f6ki!<\/p><\/span><\/label><\/div><div class=\"watupro-question-choice  \" dir=\"auto\"><input type=\"radio\" name=\"answer-49[]\" id=\"answer-id-175\" class=\"answer   answerof-49 \" value=\"175\"><label for=\"answer-id-175\" id=\"answer-label-175\" class=\" answer\"><span><p>V\u00f5tke 20 tilka pool tundi enne magamaj\u00e4\u00e4mist!<\/p><\/span><\/label><\/div><div class=\"watupro-question-choice  \" dir=\"auto\"><input type=\"radio\" name=\"answer-49[]\" id=\"answer-id-176\" class=\"answer   answerof-49 \" value=\"176\"><label for=\"answer-id-176\" id=\"answer-label-176\" class=\" answer\"><span><p>Neelake tervelt alla koos klaasit\u00e4ie leige veega!<\/p><\/span><\/label><\/div><!-- end question-choices--><\/div><!-- end questionWrap--><\/div><\/div><div class=\"watu-question \" id=\"question-3\" style=\";\"><div id=\"questionWrap-3\" class=\"  watupro-required-50 watupro-question-id-50\">\n\t\t\t<div class=\"question-content\"><div><p>Vali \u00f5ige k\u00e4sklus patsiendile.<br><br><img loading=\"lazy\" decoding=\"async\" width=\"249\" height=\"239\" class=\"alignnone wp-image-59\" style=\"\" src=\"https:\/\/multisite.ut.ee\/wp-content\/uploads\/sites\/263\/valab2.jpg\" title=\"valab2.jpg\" alt=\"valab\"><\/p><\/div><input type=\"hidden\" name=\"question_id[]\" id=\"qID_3\" value=\"50\" class=\"watupro-question-id\"><input type=\"hidden\" id=\"answerType50\" class=\"answerTypeCnt3\" value=\"radio\"><input type=\"hidden\" id=\"watupro-required-question-50\"><!-- end question-content--><\/div><div class=\"question-choices watupro-choices-columns \" id=\"questionChoices50\"><div class=\"watupro-question-choice  \" dir=\"auto\"><input type=\"radio\" name=\"answer-50[]\" id=\"answer-id-177\" class=\"answer   answerof-50 \" value=\"177\"><label for=\"answer-id-177\" id=\"answer-label-177\" class=\" answer\"><span><p>V\u00f5tke 2 lusikat\u00e4it p\u00e4rast s\u00f6\u00f6ki!<\/p><\/span><\/label><\/div><div class=\"watupro-question-choice  \" dir=\"auto\"><input type=\"radio\" name=\"answer-50[]\" id=\"answer-id-179\" class=\"answer   answerof-50 \" value=\"179\"><label for=\"answer-id-179\" id=\"answer-label-179\" class=\" answer\"><span><p>V\u00f5tke 20 tilka pool tundi enne magamaminekut!<\/p><\/span><\/label><\/div><div class=\"watupro-question-choice  \" dir=\"auto\"><input type=\"radio\" name=\"answer-50[]\" id=\"answer-id-178\" class=\"answer   answerof-50 \" value=\"178\"><label for=\"answer-id-178\" id=\"answer-label-178\" class=\" answer\"><span><p>S\u00fcstige vaktsiin k\u00e4sivarde!<\/p><\/span><\/label><\/div><div class=\"watupro-question-choice  \" dir=\"auto\"><input type=\"radio\" name=\"answer-50[]\" id=\"answer-id-180\" class=\"answer   answerof-50 \" value=\"180\"><label for=\"answer-id-180\" id=\"answer-label-180\" class=\" answer\"><span><p>Neelake tervelt alla koos klaasit\u00e4ie leige veega!<\/p><\/span><\/label><\/div><!-- end question-choices--><\/div><!-- end questionWrap--><\/div><\/div><div class=\"watu-question \" id=\"question-4\" style=\";\"><div id=\"questionWrap-4\" class=\"  watupro-required-48 watupro-question-id-48\">\n\t\t\t<div class=\"question-content\"><div><p>Vali \u00f5ige k\u00e4sklus patsiendile.<br><br><img loading=\"lazy\" decoding=\"async\" width=\"238\" height=\"251\" class=\"alignnone wp-image-57\" style=\"\" src=\"https:\/\/multisite.ut.ee\/wp-content\/uploads\/sites\/263\/pudelid.jpg\" title=\"pudelid.jpg\" alt=\"pud\"><\/p><\/div><input type=\"hidden\" name=\"question_id[]\" id=\"qID_4\" value=\"48\" class=\"watupro-question-id\"><input type=\"hidden\" id=\"answerType48\" class=\"answerTypeCnt4\" value=\"radio\"><input type=\"hidden\" id=\"watupro-required-question-48\"><!-- end question-content--><\/div><div class=\"question-choices watupro-choices-columns \" id=\"questionChoices48\"><div class=\"watupro-question-choice  \" dir=\"auto\"><input type=\"radio\" name=\"answer-48[]\" id=\"answer-id-172\" class=\"answer   answerof-48 \" value=\"172\"><label for=\"answer-id-172\" id=\"answer-label-172\" class=\" answer\"><span><p>Neelake tervelt alla koos klaasit\u00e4ie leige veega!<\/p><\/span><\/label><\/div><div class=\"watupro-question-choice  \" dir=\"auto\"><input type=\"radio\" name=\"answer-48[]\" id=\"answer-id-169\" class=\"answer   answerof-48 \" value=\"169\"><label for=\"answer-id-169\" id=\"answer-label-169\" class=\" answer\"><span><p>V\u00f5tke 2 lusikat\u00e4it p\u00e4rast s\u00f6\u00f6ki!<\/p><\/span><\/label><\/div><div class=\"watupro-question-choice  \" dir=\"auto\"><input type=\"radio\" name=\"answer-48[]\" id=\"answer-id-170\" class=\"answer   answerof-48 \" value=\"170\"><label for=\"answer-id-170\" id=\"answer-label-170\" class=\" answer\"><span><p>S\u00fcstige vaktsiin k\u00e4sivarde!<\/p><\/span><\/label><\/div><div class=\"watupro-question-choice  \" dir=\"auto\"><input type=\"radio\" name=\"answer-48[]\" id=\"answer-id-171\" class=\"answer   answerof-48 \" value=\"171\"><label for=\"answer-id-171\" id=\"answer-label-171\" class=\" answer\"><span><p>V\u00f5tke 20 tilka pool tundi enne magamaminekut!<\/p><\/span><\/label><\/div><!-- end question-choices--><\/div><!-- end questionWrap--><\/div><\/div><div style=\"display:none\" id=\"question-5\">\n\t<div class=\"question-content\">\n\t\t<img loading=\"lazy\" decoding=\"async\" src=\"https:\/\/sisu.ut.ee\/wp-content\/plugins\/watupro\/img\/loading.gif\" width=\"16\" height=\"16\" alt=\"Loading...\" title=\"Loading...\">\u00a0Loading...\t<\/div>\n<\/div>\n\n<br>\n\t\n\t\t\t<div class=\"watupro_buttons flex \" id=\"watuPROButtons8\">\n\t\t  <div id=\"prev-question\" style=\"display:none;\"><input type=\"button\" value=\"&lt; Previous\" onclick=\"WatuPRO.nextQuestion(event, 'previous');\"><\/div>\t\t  \t\t  \t\t   \n\t\t   \t  \t\t<div><input type=\"button\" name=\"action\" class=\"watupro-submit-button\" onclick=\"WatuPRO.submitResult(event)\" id=\"action-button\" value=\"View Results\">\n\t\t<\/div>\n\t\t<\/div>\n\t\t\n\t<input type=\"hidden\" name=\"quiz_id\" value=\"8\" id=\"watuPROExamID\">\n\t<input type=\"hidden\" name=\"start_time\" id=\"startTime\" value=\"2026-04-04 18:44:39\">\n\t<input type=\"hidden\" name=\"start_timestamp\" id=\"startTimeStamp\" value=\"1775328279\">\n\t<input type=\"hidden\" name=\"question_ids\" value=\"\">\n\t<input type=\"hidden\" name=\"watupro_questions\" value=\"47:167,168,166,165 | 49:174,173,175,176 | 50:177,179,178,180 | 48:172,169,170,171\">\n\t<input type=\"hidden\" name=\"no_ajax\" value=\"0\">\t\t\t<\/form>\n\t<p>\u00a0<\/p>\n<\/div>\n\n<script type=\"text\/javascript\">\n\/\/jQuery(document).ready(function(){\ndocument.addEventListener(\"DOMContentLoaded\", function(event) { \t\nvar question_ids = \"47,49,50,48\";\nWatuPROSettings[8] = {};\nWatuPRO.qArr = question_ids.split(',');\nWatuPRO.exam_id = 8;\t    \nWatuPRO.post_id = 123;\nWatuPRO.store_progress = 0;\nWatuPRO.curCatPage = 1;\nWatuPRO.requiredIDs=\"0,47,49,50,48\".split(\",\");\nWatuPRO.hAppID = \"0.00306900 1775317479\";\nvar url = \"https:\/\/sisu.ut.ee\/wp-content\/plugins\/watupro\/show_exam.php\";\nWatuPRO.examMode = 1;\nWatuPRO.siteURL=\"https:\/\/sisu.ut.ee\/tervisest\/wp-admin\/admin-ajax.php\";\nWatuPRO.emailIsNotRequired = 0;\nWatuPRO.perDecade = 10;\nWatuPROIntel.init(8);\nWatuPRO.inCategoryPages=1;});    \t \n<\/script>\n\n","protected":false},"excerpt":{"rendered":"","protected":false},"author":9,"featured_media":0,"parent":0,"menu_order":0,"comment_status":"closed","ping_status":"closed","template":"","meta":{"_acf_changed":false,"inline_featured_image":false,"footnotes":""},"class_list":["post-123","page","type-page","status-publish","hentry"],"acf":[],"_links":{"self":[{"href":"https:\/\/sisu.ut.ee\/tervisest\/wp-json\/wp\/v2\/pages\/123","targetHints":{"allow":["GET"]}}],"collection":[{"href":"https:\/\/sisu.ut.ee\/tervisest\/wp-json\/wp\/v2\/pages"}],"about":[{"href":"https:\/\/sisu.ut.ee\/tervisest\/wp-json\/wp\/v2\/types\/page"}],"author":[{"embeddable":true,"href":"https:\/\/sisu.ut.ee\/tervisest\/wp-json\/wp\/v2\/users\/9"}],"replies":[{"embeddable":true,"href":"https:\/\/sisu.ut.ee\/tervisest\/wp-json\/wp\/v2\/comments?post=123"}],"version-history":[{"count":0,"href":"https:\/\/sisu.ut.ee\/tervisest\/wp-json\/wp\/v2\/pages\/123\/revisions"}],"wp:attachment":[{"href":"https:\/\/sisu.ut.ee\/tervisest\/wp-json\/wp\/v2\/media?parent=123"}],"curies":[{"name":"wp","href":"https:\/\/api.w.org\/{rel}","templated":true}]}}