{"id":121,"date":"2024-04-18T11:38:12","date_gmt":"2024-04-18T08:38:12","guid":{"rendered":"https:\/\/sisu.ut.ee\/tervisest\/test-seedehaired\/"},"modified":"2024-04-18T11:38:12","modified_gmt":"2024-04-18T08:38:12","slug":"test-seedehaired","status":"publish","type":"page","link":"https:\/\/sisu.ut.ee\/tervisest\/test-seedehaired\/","title":{"rendered":"Test &#8220;Seedeh\u00e4ired&#8221;"},"content":{"rendered":"<div id=\"watupro_quiz\" class=\"quiz-area single-page-quiz\">\n<p id=\"submittingExam10\" style=\"display:none;text-align:center;\"><img loading=\"lazy\" decoding=\"async\" src=\"https:\/\/sisu.ut.ee\/wp-content\/plugins\/watupro\/img\/loading.gif\" width=\"16\" height=\"16\"><\/p>\n\n<div class=\"watupro-exam-description\" id=\"description-quiz-10\"><p>Kuula ja soorita harjutused.<\/p>\n<\/div>\n\n<form action=\"\" method=\"post\" class=\"quiz-form\" id=\"quiz-10\" enctype=\"multipart\/form-data\">\n<div class=\"watu-question \" id=\"question-1\" style=\";\"><div id=\"questionWrap-1\" class=\"  watupro-required-65 watupro-question-id-65\">\n\t\t\t<div class=\"question-content\"><div><strong>Palun kuula teema \"Seedeh\u00e4ired\" 1. haigusjuhtumi audiofaile \"Apteekri vaatenurk\"<\/strong><audio controls><source src=\"https:\/\/sisu.ut.ee\/wp-content\/uploads\/sites\/263\/seedehaired1apteeker.mp3\" type=\"audio\/mpeg\">Teie veebilehitseja ei toeta audio elementi.<\/source><\/audio><br>\r\n<br>\r\n<strong>ja \"Arsti vaatenurk\"<\/strong><audio controls><source src=\"https:\/\/sisu.ut.ee\/wp-content\/uploads\/sites\/263\/seedehaired1arst.mp3\" type=\"audio\/mpeg\">Teie veebilehitseja ei toeta audio elementi.<\/source><\/audio><br>\r\n<br>\r\n<strong>ning otsusta missugused v\u00e4ited on \u00f5iged:<\/strong><\/div><input type=\"hidden\" name=\"question_id[]\" id=\"qID_1\" value=\"65\" class=\"watupro-question-id\"><input type=\"hidden\" id=\"answerType65\" class=\"answerTypeCnt1\" value=\"checkbox\"><input type=\"hidden\" id=\"watupro-required-question-65\"><!-- end question-content--><\/div><div class=\"question-choices watupro-choices-columns \" id=\"questionChoices65\"><div class=\"watupro-question-choice  \" dir=\"auto\"><input type=\"checkbox\" name=\"answer-65[]\" id=\"answer-id-218\" class=\"answer   answerof-65 \" value=\"218\"><label for=\"answer-id-218\" id=\"answer-label-218\" class=\" answer\"><span><p><span>Patsiendi seedeh\u00e4ire p\u00f5hjus on liigs\u00f6\u00f6mine.<\/span><\/p><\/span><\/label><\/div><div class=\"watupro-question-choice  \" dir=\"auto\"><input type=\"checkbox\" name=\"answer-65[]\" id=\"answer-id-219\" class=\"answer   answerof-65 \" value=\"219\"><label for=\"answer-id-219\" id=\"answer-label-219\" class=\" answer\"><span><p><span>Patsient on eakas.<\/span><\/p><\/span><\/label><\/div><div class=\"watupro-question-choice  \" dir=\"auto\"><input type=\"checkbox\" name=\"answer-65[]\" id=\"answer-id-220\" class=\"answer   answerof-65 \" value=\"220\"><label for=\"answer-id-220\" id=\"answer-label-220\" class=\" answer\"><span><p><span>Patsient peaks j\u00e4tkama\u00a0<\/span><em>diklofenak<\/em><span>i tarvitamist.\u00a0<\/span><\/p><\/span><\/label><\/div><div class=\"watupro-question-choice  \" dir=\"auto\"><input type=\"checkbox\" name=\"answer-65[]\" id=\"answer-id-221\" class=\"answer   answerof-65 \" value=\"221\"><label for=\"answer-id-221\" id=\"answer-label-221\" class=\" answer\"><span><p><span>Patsiendi probleemiks on tugevad \u00f5la- ja alaseljavalud.<\/span><\/p><\/span><\/label><\/div><div class=\"watupro-question-choice  \" dir=\"auto\"><input type=\"checkbox\" name=\"answer-65[]\" id=\"answer-id-222\" class=\"answer   answerof-65 \" value=\"222\"><label for=\"answer-id-222\" id=\"answer-label-222\" class=\" answer\"><span><p><span>Ortopeed otsustab, kas patsiendil on vaja puusaliigese vahetust.<\/span><\/p><\/span><\/label><\/div><div class=\"watupro-question-choice  \" dir=\"auto\"><input type=\"checkbox\" name=\"answer-65[]\" id=\"answer-id-223\" class=\"answer   answerof-65 \" value=\"223\"><label for=\"answer-id-223\" id=\"answer-label-223\" class=\" answer\"><span><p><span>Patsient v\u00f5iks puusavalu leevendada paratsetamooliga.<\/span><\/p><\/span><\/label><\/div><div class=\"watupro-question-choice  \" dir=\"auto\"><input type=\"checkbox\" name=\"answer-65[]\" id=\"answer-id-224\" class=\"answer   answerof-65 \" value=\"224\"><label for=\"answer-id-224\" id=\"answer-label-224\" class=\" answer\"><span><p><em>Diklofenak on\u00a0<\/em><span>mittesteroidne p\u00f5letikuvastane ravim.\u00a0\u00a0<\/span><\/p><\/span><\/label><\/div><div class=\"watupro-question-choice  \" dir=\"auto\"><input type=\"checkbox\" name=\"answer-65[]\" id=\"answer-id-225\" class=\"answer   answerof-65 \" value=\"225\"><label for=\"answer-id-225\" id=\"answer-label-225\" class=\" answer\"><span><p><span>Patsiendil on diagnoositud ka s\u00fcdamehaigus.<\/span><\/p><\/span><\/label><\/div><div class=\"watupro-question-choice  \" dir=\"auto\"><input type=\"checkbox\" name=\"answer-65[]\" id=\"answer-id-226\" class=\"answer   answerof-65 \" value=\"226\"><label for=\"answer-id-226\" id=\"answer-label-226\" class=\" answer\"><span><p><span>Patsient on\u00a0<\/span><em>diklofenak<\/em><span>i tarvitanud juba pikka aega.<\/span><\/p><\/span><\/label><\/div><div class=\"watupro-question-choice  \" dir=\"auto\"><input type=\"checkbox\" name=\"answer-65[]\" id=\"answer-id-227\" class=\"answer   answerof-65 \" value=\"227\"><label for=\"answer-id-227\" id=\"answer-label-227\" class=\" answer\"><span><p><span>Patsient peab loobuma k\u00f5ikidest ravimitest.<\/span><\/p><\/span><\/label><\/div><!-- end question-choices--><\/div><!-- end questionWrap--><\/div><\/div><div class=\"watu-question \" id=\"question-2\" style=\";\"><div id=\"questionWrap-2\" class=\"  watupro-required-66 watupro-question-id-66\">\n\t\t\t<div class=\"question-content\"><div><strong>Palun kuula teema \"Seedeh\u00e4ired\" 2. haigusjuhtumi audiofaile \"Apteekri vaatenurk\"<\/strong><audio controls><source src=\"https:\/\/sisu.ut.ee\/wp-content\/uploads\/sites\/263\/seedehaired2apteeker_1.mp3\" type=\"audio\/mpeg\">Teie veebilehitseja ei toeta audio elementi.<\/source><\/audio><br>\r\n<br>\r\n<strong>ja \"Arsti vaatenurk\"<\/strong><audio controls><source src=\"https:\/\/sisu.ut.ee\/wp-content\/uploads\/sites\/263\/seedehaired2arst.mp3\" type=\"audio\/mpeg\">Teie veebilehitseja ei toeta audio elementi.<\/source><\/audio><br>\r\n<br>\r\n<strong>ning otsusta missugused v\u00e4ited on \u00f5iged:<\/strong><\/div><input type=\"hidden\" name=\"question_id[]\" id=\"qID_2\" value=\"66\" class=\"watupro-question-id\"><input type=\"hidden\" id=\"answerType66\" class=\"answerTypeCnt2\" value=\"checkbox\"><input type=\"hidden\" id=\"watupro-required-question-66\"><!-- end question-content--><\/div><div class=\"question-choices watupro-choices-columns \" id=\"questionChoices66\"><div class=\"watupro-question-choice  \" dir=\"auto\"><input type=\"checkbox\" name=\"answer-66[]\" id=\"answer-id-228\" class=\"answer   answerof-66 \" value=\"228\"><label for=\"answer-id-228\" id=\"answer-label-228\" class=\" answer\"><span><p><span>Patsiendi s\u00fcmptomid on kerged ja need ilmnesid hiljuti.<\/span><\/p><\/span><\/label><\/div><div class=\"watupro-question-choice  \" dir=\"auto\"><input type=\"checkbox\" name=\"answer-66[]\" id=\"answer-id-229\" class=\"answer   answerof-66 \" value=\"229\"><label for=\"answer-id-229\" id=\"answer-label-229\" class=\" answer\"><span><p><span>Valu on\u00a0<\/span><em>epigastrium<\/em><span>is<\/span><\/p><\/span><\/label><\/div><div class=\"watupro-question-choice  \" dir=\"auto\"><input type=\"checkbox\" name=\"answer-66[]\" id=\"answer-id-230\" class=\"answer   answerof-66 \" value=\"230\"><label for=\"answer-id-230\" id=\"answer-label-230\" class=\" answer\"><span><p><span>Nende s\u00fcmptomitega patsiendile on lihtne diagnoosi panna.<\/span><\/p><\/span><\/label><\/div><div class=\"watupro-question-choice  \" dir=\"auto\"><input type=\"checkbox\" name=\"answer-66[]\" id=\"answer-id-231\" class=\"answer   answerof-66 \" value=\"231\"><label for=\"answer-id-231\" id=\"answer-label-231\" class=\" answer\"><span><p><span>Patsiendi k\u00f5ht valutab kogu aeg, aga valu ei ole tugev.\u00a0<\/span><\/p><\/span><\/label><\/div><div class=\"watupro-question-choice  \" dir=\"auto\"><input type=\"checkbox\" name=\"answer-66[]\" id=\"answer-id-232\" class=\"answer   answerof-66 \" value=\"232\"><label for=\"answer-id-232\" id=\"answer-label-232\" class=\" answer\"><span><p><span>Patsiendile on vaja teha l\u00e4bivaatus ja uuringud.\u00a0<\/span><\/p><\/span><\/label><\/div><div class=\"watupro-question-choice  \" dir=\"auto\"><input type=\"checkbox\" name=\"answer-66[]\" id=\"answer-id-233\" class=\"answer   answerof-66 \" value=\"233\"><label for=\"answer-id-233\" id=\"answer-label-233\" class=\" answer\"><span><p><span>Patsient peab kindlasti arsti poole p\u00f6\u00f6rduma.<\/span><\/p><\/span><\/label><\/div><div class=\"watupro-question-choice  \" dir=\"auto\"><input type=\"checkbox\" name=\"answer-66[]\" id=\"answer-id-234\" class=\"answer   answerof-66 \" value=\"234\"><label for=\"answer-id-234\" id=\"answer-label-234\" class=\" answer\"><span><p><span>Patsiendil v\u00f5ib olla maohaavand.<\/span><\/p><\/span><\/label><\/div><div class=\"watupro-question-choice  \" dir=\"auto\"><input type=\"checkbox\" name=\"answer-66[]\" id=\"answer-id-235\" class=\"answer   answerof-66 \" value=\"235\"><label for=\"answer-id-235\" id=\"answer-label-235\" class=\" answer\"><span><p><span>On teada, et patsient suitsetab juba 20 aastat ja tarvitab ka palju alkoholi.<\/span><\/p><\/span><\/label><\/div><div class=\"watupro-question-choice  \" dir=\"auto\"><input type=\"checkbox\" name=\"answer-66[]\" id=\"answer-id-236\" class=\"answer   answerof-66 \" value=\"236\"><label for=\"answer-id-236\" id=\"answer-label-236\" class=\" answer\"><span><p><span>Haiguse diagnoosimiseks on meil piisavalt andmeid.<\/span><\/p><\/span><\/label><\/div><div class=\"watupro-question-choice  \" dir=\"auto\"><input type=\"checkbox\" name=\"answer-66[]\" id=\"answer-id-237\" class=\"answer   answerof-66 \" value=\"237\"><label for=\"answer-id-237\" id=\"answer-label-237\" class=\" answer\"><span><p><span><span>Meil on liiga v\u00e4he andmeid haiguse diagnoosimiseks.<\/span><\/span><\/p><\/span><\/label><\/div><!-- end question-choices--><\/div><!-- end questionWrap--><\/div><\/div><div style=\"display:none\" id=\"question-3\">\n\t<div class=\"question-content\">\n\t\t<img loading=\"lazy\" decoding=\"async\" src=\"https:\/\/sisu.ut.ee\/wp-content\/plugins\/watupro\/img\/loading.gif\" width=\"16\" height=\"16\" alt=\"Loading...\" title=\"Loading...\">\u00a0Loading...\t<\/div>\n<\/div>\n\n<br>\n\t\n\t\t\t<div class=\"watupro_buttons flex \" id=\"watuPROButtons10\">\n\t\t  <div id=\"prev-question\" style=\"display:none;\"><input type=\"button\" value=\"&lt; Previous\" onclick=\"WatuPRO.nextQuestion(event, 'previous');\"><\/div>\t\t  \t\t  \t\t   \n\t\t   \t  \t\t<div><input type=\"button\" name=\"action\" class=\"watupro-submit-button\" onclick=\"WatuPRO.submitResult(event)\" id=\"action-button\" value=\"View Results\">\n\t\t<\/div>\n\t\t<\/div>\n\t\t\n\t<input type=\"hidden\" name=\"quiz_id\" value=\"10\" id=\"watuPROExamID\">\n\t<input type=\"hidden\" name=\"start_time\" id=\"startTime\" value=\"2026-04-04 18:35:42\">\n\t<input type=\"hidden\" name=\"start_timestamp\" id=\"startTimeStamp\" value=\"1775327742\">\n\t<input type=\"hidden\" name=\"question_ids\" value=\"\">\n\t<input type=\"hidden\" name=\"watupro_questions\" value=\"65:218,219,220,221,222,223,224,225,226,227 | 66:228,229,230,231,232,233,234,235,236,237\">\n\t<input type=\"hidden\" name=\"no_ajax\" value=\"0\">\t\t\t<\/form>\n\t<p>\u00a0<\/p>\n<\/div>\n\n<script type=\"text\/javascript\">\n\/\/jQuery(document).ready(function(){\ndocument.addEventListener(\"DOMContentLoaded\", function(event) { \t\nvar question_ids = \"65,66\";\nWatuPROSettings[10] = {};\nWatuPRO.qArr = question_ids.split(',');\nWatuPRO.exam_id = 10;\t    \nWatuPRO.post_id = 121;\nWatuPRO.store_progress = 0;\nWatuPRO.curCatPage = 1;\nWatuPRO.requiredIDs=\"0,65,66\".split(\",\");\nWatuPRO.hAppID = \"0.82696000 1775316942\";\nvar url = \"https:\/\/sisu.ut.ee\/wp-content\/plugins\/watupro\/show_exam.php\";\nWatuPRO.examMode = 1;\nWatuPRO.siteURL=\"https:\/\/sisu.ut.ee\/tervisest\/wp-admin\/admin-ajax.php\";\nWatuPRO.emailIsNotRequired = 0;\nWatuPRO.perDecade = 10;\nWatuPROIntel.init(10);\nWatuPRO.inCategoryPages=1;});    \t \n<\/script>\n\n","protected":false},"excerpt":{"rendered":"","protected":false},"author":9,"featured_media":0,"parent":0,"menu_order":0,"comment_status":"closed","ping_status":"closed","template":"","meta":{"_acf_changed":false,"inline_featured_image":false,"footnotes":""},"class_list":["post-121","page","type-page","status-publish","hentry"],"acf":[],"_links":{"self":[{"href":"https:\/\/sisu.ut.ee\/tervisest\/wp-json\/wp\/v2\/pages\/121","targetHints":{"allow":["GET"]}}],"collection":[{"href":"https:\/\/sisu.ut.ee\/tervisest\/wp-json\/wp\/v2\/pages"}],"about":[{"href":"https:\/\/sisu.ut.ee\/tervisest\/wp-json\/wp\/v2\/types\/page"}],"author":[{"embeddable":true,"href":"https:\/\/sisu.ut.ee\/tervisest\/wp-json\/wp\/v2\/users\/9"}],"replies":[{"embeddable":true,"href":"https:\/\/sisu.ut.ee\/tervisest\/wp-json\/wp\/v2\/comments?post=121"}],"version-history":[{"count":0,"href":"https:\/\/sisu.ut.ee\/tervisest\/wp-json\/wp\/v2\/pages\/121\/revisions"}],"wp:attachment":[{"href":"https:\/\/sisu.ut.ee\/tervisest\/wp-json\/wp\/v2\/media?parent=121"}],"curies":[{"name":"wp","href":"https:\/\/api.w.org\/{rel}","templated":true}]}}