{"id":12,"date":"2024-04-04T03:58:03","date_gmt":"2024-04-04T00:58:03","guid":{"rendered":"https:\/\/sisu.ut.ee\/tervisest\/pereanamnees\/"},"modified":"2024-04-18T12:28:15","modified_gmt":"2024-04-18T09:28:15","slug":"pereanamnees","status":"publish","type":"page","link":"https:\/\/sisu.ut.ee\/tervisest\/pereanamnees\/","title":{"rendered":"Pereanamnees"},"content":{"rendered":"<p><strong><span style=\"color: #ff6600;\">Suguv\u00f5sas esinevad geneetilised haigused, mis v\u00f5ivad patsiendi tervist m\u00f5jutada.\u00a0<\/span><\/strong><\/p>\n<audio controls><source src=\"https:\/\/sisu.ut.ee\/wp-content\/uploads\/sites\/263\/pereanamnees.mp3\" type=\"audio\/mpeg\">Teie veebilehitseja ei toeta audio elementi.<\/source><\/audio>\n<p>Kas teil on vendi v\u00f5i \u00f5desid?<\/p>\n<p>Kas teie vanemad on elus ja nende tervis on korras?<\/p>\n<p>Surma korral: millesse suri teie ema\/isa? Kui vanalt?<\/p>\n<p>Kas kellelgi teie peres esineb sama haigust?<\/p>\n<p>Kas teie suguv\u00f5sas esineb p\u00e4rilikke ehk geneetilisi haigusi? Milliseid?<\/p>\n<p>Kas teie peres esineb s\u00fcdame- ja veresoonkonnahaigusi?<\/p>\n<p>Kas teie suguv\u00f5sas esineb kroonilisi haigusi? Milliseid?<\/p>\n<p>Kas kellelgi teie peres on m\u00f5ni t\u00f5sine haigus?<\/p>\n<p><strong>S\u00d5NAVARA<\/strong><\/p>\n<table class=\"table table-hover\" border=\"1\">\n<tbody>\n<tr>\n<td>Esinema, esineda, esineb + mida?<\/td>\n<td>\u0432\u043e\u0437\u043d\u0438\u043a\u0430\u0442\u044c<\/td>\n<td>occur<\/td>\n<\/tr>\n<tr>\n<td>Surema, surra, sureb + millesse?<\/td>\n<td>\u0443\u043c\u0438\u0440\u0430\u0442\u044c<\/td>\n<td>die<\/td>\n<\/tr>\n<\/tbody>\n<\/table>\n","protected":false},"excerpt":{"rendered":"<p>Suguv\u00f5sas esinevad geneetilised haigused, mis v\u00f5ivad patsiendi tervist m\u00f5jutada.\u00a0 Kas teil on vendi v\u00f5i \u00f5desid? Kas teie vanemad on elus ja nende tervis on korras? Surma korral: millesse suri teie ema\/isa? Kui vanalt? Kas kellelgi teie peres esineb sama haigust? &#8230;<\/p>\n","protected":false},"author":116,"featured_media":0,"parent":0,"menu_order":0,"comment_status":"closed","ping_status":"closed","template":"","meta":{"_acf_changed":false,"inline_featured_image":false,"footnotes":""},"class_list":["post-12","page","type-page","status-publish","hentry"],"acf":[],"_links":{"self":[{"href":"https:\/\/sisu.ut.ee\/tervisest\/wp-json\/wp\/v2\/pages\/12","targetHints":{"allow":["GET"]}}],"collection":[{"href":"https:\/\/sisu.ut.ee\/tervisest\/wp-json\/wp\/v2\/pages"}],"about":[{"href":"https:\/\/sisu.ut.ee\/tervisest\/wp-json\/wp\/v2\/types\/page"}],"author":[{"embeddable":true,"href":"https:\/\/sisu.ut.ee\/tervisest\/wp-json\/wp\/v2\/users\/116"}],"replies":[{"embeddable":true,"href":"https:\/\/sisu.ut.ee\/tervisest\/wp-json\/wp\/v2\/comments?post=12"}],"version-history":[{"count":2,"href":"https:\/\/sisu.ut.ee\/tervisest\/wp-json\/wp\/v2\/pages\/12\/revisions"}],"predecessor-version":[{"id":163,"href":"https:\/\/sisu.ut.ee\/tervisest\/wp-json\/wp\/v2\/pages\/12\/revisions\/163"}],"wp:attachment":[{"href":"https:\/\/sisu.ut.ee\/tervisest\/wp-json\/wp\/v2\/media?parent=12"}],"curies":[{"name":"wp","href":"https:\/\/api.w.org\/{rel}","templated":true}]}}