{"id":11,"date":"2024-04-04T03:58:02","date_gmt":"2024-04-04T00:58:02","guid":{"rendered":"https:\/\/sisu.ut.ee\/tervisest\/eluanamnees\/"},"modified":"2025-04-22T16:40:57","modified_gmt":"2025-04-22T13:40:57","slug":"eluanamnees","status":"publish","type":"page","link":"https:\/\/sisu.ut.ee\/tervisest\/eluanamnees\/","title":{"rendered":"Eluanamnees"},"content":{"rendered":"<p><em>Anamnesis vitae<\/em><\/p>\n<p><strong><span style=\"color: #ff6600;\">Elulugu \u2013 patsiendi meditsiiniline biograafia, mis v\u00f5imaldab kindlaks teha haiguse arenemist soodustavad faktorid.<\/span><\/strong><\/p>\n<p>Tsimmermann, Vladimir. 2013. Leitav aadressil: <a href=\"https:\/\/anamnesiseesti.weebly.com\/kuumlsitlus.html\" target=\"_blank\" rel=\"noopener\">https:\/\/anamnesiseesti.weebly.com\/kuumlsitlus.html<\/a>. Viimati vaadatud 04.09.2017.<\/p>\n<audio controls><source src=\"https:\/\/sisu.ut.ee\/wp-content\/uploads\/sites\/263\/eluanamnees.mp3\" type=\"audio\/mpeg\">Teie veebilehitseja ei toeta audio elementi.<\/source><\/audio>\n<p>Mis on teie amet?<\/p>\n<p>Kus te t\u00f6\u00f6tate?<\/p>\n<p>Mitu tundi p\u00e4evas te t\u00f6\u00f6tate? Kas te t\u00f6\u00f6tate ka n\u00e4dalavahetusel?<\/p>\n<p>Millises keskkonnas te t\u00f6\u00f6tate? Kas puutute kokku kiirguse v\u00f5i kemikaalidega?<\/p>\n<p>Millised on teie t\u00f6\u00f6tingimused?<\/p>\n<p>Kas teil on t\u00f6\u00f6 juures probleeme?<\/p>\n<p>Milline on teie elustiil?<\/p>\n<p>Kuidas te toitute?<\/p>\n<p>Milline on teie unekvaliteet?<\/p>\n<p>Mitu tundi \u00f6\u00f6p\u00e4evas magate?<\/p>\n<p>Kas te teete trenni? = Kas te treenite? = Kas te teete sporti? = Kas te spordite?<\/p>\n<p>Kas teil on ebatervislikke harjumusi? Milliseid?<\/p>\n<p>Kas te suitsetate?<\/p>\n<p>Kui sageli ja kui palju te tarbite alkoholi?<\/p>\n<p>Kas teil esineb palju stressi? Kuidas te stressi vastu v\u00f5itlete?<\/p>\n<p>Millised on teie hobid? = Millega tegelete vabal ajal?<\/p>\n<p>Kas teil esineb allergiaid? Mille vastu?<\/p>\n<p>Kuidas need allergiad avalduvad? = Millised on allergilised reaktsioonid?<\/p>\n<p><strong>S\u00d5NAVARA<\/strong><\/p>\n<table class=\"table table-hover\" border=\"1\">\n<tbody>\n<tr>\n<td>Kiirgus, kiirguse, kiirgust<\/td>\n<td>\u0438\u0437\u043b\u0443\u0447\u0435\u043d\u0438\u0435<\/td>\n<td>radiation<\/td>\n<\/tr>\n<tr>\n<td>Tingimus, tingimuse, tingimust<\/td>\n<td>\u0443\u0441\u043b\u043e\u0432\u0438\u0435<\/td>\n<td>condition<\/td>\n<\/tr>\n<tr>\n<td>Harjumus, harjumuse, harjumust<\/td>\n<td>\u043f\u0440\u0438\u0432\u044b\u0447\u043a\u0430<\/td>\n<td>habit<\/td>\n<\/tr>\n<tr>\n<td>V\u00f5itlema, v\u00f5idelda, v\u00f5itleb + mille vastu? Millega?<\/td>\n<td>\u0411\u043e\u0440\u043e\u0442\u044c\u0441\u044f<\/td>\n<td>fight<\/td>\n<\/tr>\n<\/tbody>\n<\/table>\n","protected":false},"excerpt":{"rendered":"<p>Anamnesis vitae Elulugu \u2013 patsiendi meditsiiniline biograafia, mis v\u00f5imaldab kindlaks teha haiguse arenemist soodustavad faktorid. Tsimmermann, Vladimir. 2013. Leitav aadressil: https:\/\/anamnesiseesti.weebly.com\/kuumlsitlus.html. Viimati vaadatud 04.09.2017. Mis on teie amet? Kus te t\u00f6\u00f6tate? Mitu tundi p\u00e4evas te t\u00f6\u00f6tate? Kas te t\u00f6\u00f6tate ka &#8230;<\/p>\n","protected":false},"author":116,"featured_media":0,"parent":0,"menu_order":0,"comment_status":"closed","ping_status":"closed","template":"","meta":{"_acf_changed":false,"inline_featured_image":false,"footnotes":""},"class_list":["post-11","page","type-page","status-publish","hentry"],"acf":[],"_links":{"self":[{"href":"https:\/\/sisu.ut.ee\/tervisest\/wp-json\/wp\/v2\/pages\/11","targetHints":{"allow":["GET"]}}],"collection":[{"href":"https:\/\/sisu.ut.ee\/tervisest\/wp-json\/wp\/v2\/pages"}],"about":[{"href":"https:\/\/sisu.ut.ee\/tervisest\/wp-json\/wp\/v2\/types\/page"}],"author":[{"embeddable":true,"href":"https:\/\/sisu.ut.ee\/tervisest\/wp-json\/wp\/v2\/users\/116"}],"replies":[{"embeddable":true,"href":"https:\/\/sisu.ut.ee\/tervisest\/wp-json\/wp\/v2\/comments?post=11"}],"version-history":[{"count":3,"href":"https:\/\/sisu.ut.ee\/tervisest\/wp-json\/wp\/v2\/pages\/11\/revisions"}],"predecessor-version":[{"id":162,"href":"https:\/\/sisu.ut.ee\/tervisest\/wp-json\/wp\/v2\/pages\/11\/revisions\/162"}],"wp:attachment":[{"href":"https:\/\/sisu.ut.ee\/tervisest\/wp-json\/wp\/v2\/media?parent=11"}],"curies":[{"name":"wp","href":"https:\/\/api.w.org\/{rel}","templated":true}]}}