{"id":10,"date":"2024-04-04T03:58:02","date_gmt":"2024-04-04T00:58:02","guid":{"rendered":"https:\/\/sisu.ut.ee\/tervisest\/haiguseanamnees\/"},"modified":"2024-04-18T12:24:12","modified_gmt":"2024-04-18T09:24:12","slug":"haiguseanamnees","status":"publish","type":"page","link":"https:\/\/sisu.ut.ee\/tervisest\/haiguseanamnees\/","title":{"rendered":"Haiguseanamnees"},"content":{"rendered":"<p><em>Anamnesis morbi<\/em><\/p>\n<p><strong><span style=\"color: #ff6600;\">Haiguseanamneesi eesm\u00e4rk on saada andmeid haiguse algusest ja arenemisest, selle tekkimise p\u00f5hjustest.<\/span><\/strong><\/p>\n<audio controls><source src=\"https:\/\/sisu.ut.ee\/wp-content\/uploads\/sites\/263\/haiguseanamnees.mp3\" type=\"audio\/mpeg\">Teie veebilehitseja ei toeta audio elementi.<\/source><\/audio>\n<p>Mis teid vaevab? Mille \u00fcle kaebate? Mis on arsti poole p\u00f6\u00f6rdumise p\u00f5hjus?<\/p>\n<p>Kas teil valutab kuskilt? Kust valutab? Kui sageli valutab?<\/p>\n<p>Millal valu suureneb? = Millal valutab rohkem?<\/p>\n<p>Millal valu algas?<\/p>\n<p>Milline on valu? (terav, torkav, l\u00f5ikav, tuim)<\/p>\n<p>Kui tugev\/intensiivne on valu? (valu hindamine numbriliselt)<\/p>\n<p>Kas valu kiirgub kuhugi?<\/p>\n<p>Kas esinevad valuhood?<\/p>\n<p>Kuidas valu teid m\u00f5jutab? Kas see takistab t\u00f6\u00f6tamist?<\/p>\n<p>Millal esmased s\u00fcmptomid tekkisid?<\/p>\n<p>Kuidas s\u00fcmptomid tekkisid? (\u00e4kki, j\u00e4rk-j\u00e4rgult, progresseerumine, mitteprogresseerumine)<\/p>\n<p>Kui kaua on s\u00fcmptomid kestnud?<\/p>\n<p>Kas s\u00fcmptomid avalduvad pidevalt v\u00f5i on hootised?<\/p>\n<p>Mis vallandab s\u00fcmptomeid? Mis leevendab s\u00fcmptomeid?<\/p>\n<p>Millised on kaasnevad vaevused ja s\u00fcmptomid?<\/p>\n<p>Kas olete tarvitanud ravimeid? Milliseid ravimeid olete tarvitanud? Mitu korda p\u00e4evas? Kui pikk on olnud ravikuur?<\/p>\n<p>Kas tarbite igap\u00e4evaselt ravimeid v\u00f5i toidulisandeid? Milliseid ravimeid te v\u00f5tate?<\/p>\n<p>Kas ravimitel on teile teadaolevaid k\u00f5rvaltoimeid?<\/p>\n<p>Milliseid uuringuid on teile tehtud? Millised on olnud nende uuringute tulemused?<\/p>\n<p>Milliseid haigusi olete varem p\u00f5denud? Kas need on p\u00f5hjustanud t\u00fcsistusi?<\/p>\n<p>Milliseid traumasid on teil esinenud?<\/p>\n<p>Kas p\u00f5ete endale teadaolevalt kroonilisi haigusi? Milliseid?<\/p>\n<p>Kas olete varem olnud\/viibinud haiglaravil?<\/p>\n<p>Mille vastu olete vaktsineeritud?<\/p>\n<p>Kas teil on olnud operatsioone? Milliseid? Millal? Kas need on p\u00f5hjustanud t\u00fcsistusi?<\/p>\n<p><strong>S\u00d5NAVARA<\/strong><\/p>\n<table class=\"table table-hover\" border=\"1\">\n<tbody>\n<tr>\n<td>Avalduma, avalduda, avaldub<\/td>\n<td>\u043f\u0440\u043e\u044f\u0432\u043b\u044f\u0442\u044c\u0441\u044f<\/td>\n<td>emerge\/ occur<\/td>\n<\/tr>\n<tr>\n<td>Hootine, hootise, hootist<\/td>\n<td>\u043f\u043e\u0440\u044b\u0432\u0438\u0441\u0442\u044b\u0439, \u043f\u0440\u0438\u0441\u0442\u0443\u043f\u044b<\/td>\n<td>intermittent<\/td>\n<\/tr>\n<tr>\n<td>J\u00e4rk-j\u00e4rgult<\/td>\n<td>\u043f\u043e\u0441\u0442\u0435\u043f\u0435\u043d\u043d\u043e<\/td>\n<td>gradually<\/td>\n<\/tr>\n<tr>\n<td>Kaebama, kaevata, kaebab + mille \u00fcle? Mida?<\/td>\n<td>\u0436\u0430\u043b\u043e\u0432\u0430\u0442\u044c\u0441\u044f<\/td>\n<td>complain<\/td>\n<\/tr>\n<tr>\n<td>Kiirguma, kiirguda, kiirgub \u00a0+ kuhu?<\/td>\n<td>\u043e\u0442\u0434\u0430\u0432\u0430\u0442\u044c\u0441\u044f<\/td>\n<td>spread, radiate<\/td>\n<\/tr>\n<tr>\n<td>L\u00f5ikav, l\u00f5ikava , l\u00f5ikavat (valu)<\/td>\n<td>\u0440\u0435\u0436\u0443\u0449\u0430\u044f \u0431\u043e\u043b\u044c<\/td>\n<td>cutting<\/td>\n<\/tr>\n<tr>\n<td>Kaasnema, kaasneda, kaasneb + millega?<\/td>\n<td>\u0441\u043e\u043f\u0440\u043e\u0432\u043e\u0436\u0434\u0430\u0442\u044c\u0441\u044f<\/td>\n<td>accompany<\/td>\n<\/tr>\n<tr>\n<td>K\u00f5rvaltoime, -toime, -toimet<\/td>\n<td>\u043f\u043e\u0431\u043e\u0447\u043d\u043e\u0435 \u0434\u0435\u0439\u0441\u0442\u0432\u0438\u0435<\/td>\n<td>side effect<\/td>\n<\/tr>\n<tr>\n<td>Leevendama, leevendada, leevendab + mida?<\/td>\n<td>\u0441\u043c\u044f\u0433\u0447\u0430\u0442\u044c,\u00a0\u0443\u0442\u043e\u043b\u044f\u0442\u044c,\u00a0\u043e\u0431\u043b\u0435\u0433\u0447\u0430\u0442\u044c<\/td>\n<td>relieve<\/td>\n<\/tr>\n<tr>\n<td>Pidevalt<\/td>\n<td>\u043d\u0435\u043f\u0440\u0435\u0440\u044b\u0432\u043d\u043e<\/td>\n<td>continuously<\/td>\n<\/tr>\n<tr>\n<td>P\u00f5dema, p\u00f5deda, p\u00f5eb + mida?<\/td>\n<td>\u0411\u043e\u043b\u0435\u0442\u044c<\/td>\n<td>ail, ache<\/td>\n<\/tr>\n<tr>\n<td>Ravikuur, -kuuri, -kuuri<\/td>\n<td>\u043a\u0443\u0440\u0441 \u043b\u0435\u0447\u0435\u043d\u0438\u044f<\/td>\n<td>treatment course<\/td>\n<\/tr>\n<tr>\n<td>Takistama, takistada, takistab + mida?<\/td>\n<td>\u043f\u0440\u0435\u043f\u044f\u0442\u0441\u0442\u0432\u043e\u0432\u0430\u0442\u044c, \u0437\u0430\u0442\u0440\u0443\u0434\u043d\u044f\u0442\u044c<\/td>\n<td>prevent<\/td>\n<\/tr>\n<tr>\n<td>Terav, terava, teravat (valu)<\/td>\n<td>\u043e\u0441\u0442\u0440\u0430\u044f \u0431\u043e\u043b\u044c<\/td>\n<td>sharp<\/td>\n<\/tr>\n<tr>\n<td>Toidulisand, -lisandi, -lisandit<\/td>\n<td>\u043f\u0438\u0449\u0435\u0432\u0430\u044f \u0434\u043e\u0431\u0430\u0432\u043a\u0430<\/td>\n<td>dietary supplement<\/td>\n<\/tr>\n<tr>\n<td>Torkav, torkava, torkavat (valu)<\/td>\n<td>\u043a\u043e\u043b\u044e\u0449\u0430\u044f \u0431\u043e\u043b\u044c<\/td>\n<td>stabbing pain<\/td>\n<\/tr>\n<tr>\n<td>Tuim, tuima, tuima (valu)<\/td>\n<td>\u0442\u0443\u043f\u0430\u044f, \u043d\u043e\u044e\u0449\u0430\u044f ~ \u0449\u0435\u043c\u044f\u0449\u0430\u044f \u0431\u043e\u043b\u044c<\/td>\n<td>dull pain<\/td>\n<\/tr>\n<tr>\n<td>T\u00fcsistus, t\u00fcsistuse, t\u00fcsistust<\/td>\n<td>\u043e\u0441\u043b\u043e\u0436\u043d\u0435\u043d\u0438\u0435<\/td>\n<td>complication<\/td>\n<\/tr>\n<tr>\n<td>Vaevama, vaevata, vaevab + keda? + millega?<\/td>\n<td>\u00a0\u043c\u0443\u0447\u0438\u0442\u044c<\/td>\n<td>afflict<\/td>\n<\/tr>\n<tr>\n<td>Vaevus, vaevuse, vaevust<\/td>\n<td>\u0441\u0442\u0440\u0430\u0434\u0430\u043d\u0438\u0435<\/td>\n<td>affliction<\/td>\n<\/tr>\n<tr>\n<td>Vallandama, vallandada, vallandab + mida?<\/td>\n<td>\u0432\u044b\u0437\u044b\u0432\u0430\u0442\u044c<\/td>\n<td>release, cause<\/td>\n<\/tr>\n<tr>\n<td>Valuhoog, -hoo, -hoogu<\/td>\n<td>\u043f\u0440\u0438\u0441\u0442\u0443\u043f, \u043f\u0440\u0438\u043f\u0430\u0434\u043e\u043a, \u0430\u0442\u0430\u043a\u0430<\/td>\n<td>pain attack<\/td>\n<\/tr>\n<\/tbody>\n<\/table>\n","protected":false},"excerpt":{"rendered":"<p>Anamnesis morbi Haiguseanamneesi eesm\u00e4rk on saada andmeid haiguse algusest ja arenemisest, selle tekkimise p\u00f5hjustest. Mis teid vaevab? Mille \u00fcle kaebate? Mis on arsti poole p\u00f6\u00f6rdumise p\u00f5hjus? Kas teil valutab kuskilt? Kust valutab? Kui sageli valutab? Millal valu suureneb? = Millal &#8230;<\/p>\n","protected":false},"author":116,"featured_media":0,"parent":0,"menu_order":0,"comment_status":"closed","ping_status":"closed","template":"","meta":{"_acf_changed":false,"inline_featured_image":false,"footnotes":""},"class_list":["post-10","page","type-page","status-publish","hentry"],"acf":[],"_links":{"self":[{"href":"https:\/\/sisu.ut.ee\/tervisest\/wp-json\/wp\/v2\/pages\/10","targetHints":{"allow":["GET"]}}],"collection":[{"href":"https:\/\/sisu.ut.ee\/tervisest\/wp-json\/wp\/v2\/pages"}],"about":[{"href":"https:\/\/sisu.ut.ee\/tervisest\/wp-json\/wp\/v2\/types\/page"}],"author":[{"embeddable":true,"href":"https:\/\/sisu.ut.ee\/tervisest\/wp-json\/wp\/v2\/users\/116"}],"replies":[{"embeddable":true,"href":"https:\/\/sisu.ut.ee\/tervisest\/wp-json\/wp\/v2\/comments?post=10"}],"version-history":[{"count":3,"href":"https:\/\/sisu.ut.ee\/tervisest\/wp-json\/wp\/v2\/pages\/10\/revisions"}],"predecessor-version":[{"id":159,"href":"https:\/\/sisu.ut.ee\/tervisest\/wp-json\/wp\/v2\/pages\/10\/revisions\/159"}],"wp:attachment":[{"href":"https:\/\/sisu.ut.ee\/tervisest\/wp-json\/wp\/v2\/media?parent=10"}],"curies":[{"name":"wp","href":"https:\/\/api.w.org\/{rel}","templated":true}]}}