{"id":6,"date":"2024-04-04T04:43:25","date_gmt":"2024-04-04T01:43:25","guid":{"rendered":"https:\/\/sisu.ut.ee\/tervisekontrolli-juhend\/3-moodul-kardiaalse-riski-hindamine-voistlussporti-alustavatel-lastel\/"},"modified":"2024-04-17T11:49:43","modified_gmt":"2024-04-17T08:49:43","slug":"3-moodul-kardiaalse-riski-hindamine-voistlussporti-alustavatel-lastel","status":"publish","type":"page","link":"https:\/\/sisu.ut.ee\/tervisekontrolli-juhend\/3-moodul-kardiaalse-riski-hindamine-voistlussporti-alustavatel-lastel\/","title":{"rendered":"3. moodul: Kardiaalse riski hindamine v\u00f5istlussporti alustavatel lastel"},"content":{"rendered":"<p>Kursuse sihtr\u00fchmaks on perearstid. Kursuse maht on 4 t\u00e4iendustundi.<\/p>\n<p>Kursusele saate registreeruda Tartu \u00dclikooli kliinilise meditsiini instituudi t\u00e4ienduskeskuse <a title=\"\" href=\"https:\/\/kliinilinemeditsiin.ut.ee\/et\/taiendusope\" target=\"_blank\" rel=\"noopener\" data-url=\"https:\/\/kliinilinemeditsiin.ut.ee\/et\/taiendusope\">kodulehel \u2013 https:\/\/kliinilinemeditsiin.ut.ee\/et\/taiendusope<\/a>, kas t\u00e4ites registreerimislehe v\u00f5i valides sobiva kursuse t\u00e4ienduskursuste plaanis.<\/p>\n<p>Kursuse eesm\u00e4rgiks on<\/p>\n<ol>\n<li>anda \u00fclevaade kardiaalse \u00e4kksurma riski hindamisest lastel, kes alustavad s\u00fcstemaatilise ja\/v\u00f5i intensiivse sportimisega, sh tutvustada AHA-k\u00fcsimustikku<\/li>\n<li>anda \u00fclevaade h\u00fcpertroofilise kardiom\u00fcopaatia, pika QT- ja WPW-s\u00fcndroomist ja arendada oskusi \u00e4ra tundmaks nendele haigustele viitavaid tunnuseid<\/li>\n<\/ol>\n<p>\u00d5piv\u00e4ljundid:<\/p>\n<p>\u00d5ppija<\/p>\n<ol>\n<li>oskab oskusliku anamneesi v\u00f5tmise, m\u00f5testatud objektiivse l\u00e4bivaatuse ja EKG leiu alusel \u00e4ra tunda h\u00fcpertroofilist kardiom\u00fcopaatiat, pika QT- ja WPW-s\u00fcndroomi<\/li>\n<li>teab, millistel juhtudel tuleb nende haiguste kahtlusel suunata laste kardioloogi vastuv\u00f5tule<\/li>\n<li>teab nende haigustega seotud ravi ja sportimisega seotud p\u00f5him\u00f5tteid<\/li>\n<\/ol>\n<p>Alateemad:<\/p>\n<ol>\n<li>H\u00fcpertroofiline kardiom\u00fcopaatia, pika QT-s\u00fcndroom ja WPW-s\u00fcndroom ja nende haiguste geneetiline olemus<\/li>\n<li>nende haiguste kliiniline avaldumine, geneetiline skriining<\/li>\n<li>EKG, MRT, Ehho-KG leid nende haiguste puhul<\/li>\n<li>nende haiguste diagnoosimise kriteeriumid<\/li>\n<li>nende haiguste ravi p\u00f5him\u00f5tted<\/li>\n<li>soovitused spordiga tegelemiseks nende haiguste korral<\/li>\n<\/ol>\n<p>Kursuse \u00f5ppej\u00f5ud on dr Tiiu Jalas.<\/p>\n<p><span lang=\"EN-US\"><span style=\"line-height: 107%;\">Dr Tiiu Jalas t\u00f6\u00f6tab Tallinna Lastehaiglas kardioloogiateenistuse juhatajana, erialalt on ta pediaater ja peale lastekardioloogia residentuuri l\u00e4bimist on t\u00f6\u00f6tanud lastekardioloogina. <\/span><\/span><\/p>\n","protected":false},"excerpt":{"rendered":"<p>Kursuse sihtr\u00fchmaks on perearstid. Kursuse maht on 4 t\u00e4iendustundi. Kursusele saate registreeruda Tartu \u00dclikooli kliinilise meditsiini instituudi t\u00e4ienduskeskuse kodulehel \u2013 https:\/\/kliinilinemeditsiin.ut.ee\/et\/taiendusope, kas t\u00e4ites registreerimislehe v\u00f5i valides sobiva kursuse t\u00e4ienduskursuste plaanis. Kursuse eesm\u00e4rgiks on anda \u00fclevaade kardiaalse \u00e4kksurma riski hindamisest lastel, &#8230;<\/p>\n","protected":false},"author":62,"featured_media":0,"parent":0,"menu_order":0,"comment_status":"closed","ping_status":"closed","template":"","meta":{"_acf_changed":false,"inline_featured_image":false,"footnotes":""},"class_list":["post-6","page","type-page","status-publish","hentry"],"acf":[],"_links":{"self":[{"href":"https:\/\/sisu.ut.ee\/tervisekontrolli-juhend\/wp-json\/wp\/v2\/pages\/6","targetHints":{"allow":["GET"]}}],"collection":[{"href":"https:\/\/sisu.ut.ee\/tervisekontrolli-juhend\/wp-json\/wp\/v2\/pages"}],"about":[{"href":"https:\/\/sisu.ut.ee\/tervisekontrolli-juhend\/wp-json\/wp\/v2\/types\/page"}],"author":[{"embeddable":true,"href":"https:\/\/sisu.ut.ee\/tervisekontrolli-juhend\/wp-json\/wp\/v2\/users\/62"}],"replies":[{"embeddable":true,"href":"https:\/\/sisu.ut.ee\/tervisekontrolli-juhend\/wp-json\/wp\/v2\/comments?post=6"}],"version-history":[{"count":2,"href":"https:\/\/sisu.ut.ee\/tervisekontrolli-juhend\/wp-json\/wp\/v2\/pages\/6\/revisions"}],"predecessor-version":[{"id":40,"href":"https:\/\/sisu.ut.ee\/tervisekontrolli-juhend\/wp-json\/wp\/v2\/pages\/6\/revisions\/40"}],"wp:attachment":[{"href":"https:\/\/sisu.ut.ee\/tervisekontrolli-juhend\/wp-json\/wp\/v2\/media?parent=6"}],"curies":[{"name":"wp","href":"https:\/\/api.w.org\/{rel}","templated":true}]}}