{"id":5,"date":"2024-04-04T04:43:24","date_gmt":"2024-04-04T01:43:24","guid":{"rendered":"https:\/\/sisu.ut.ee\/tervisekontrolli-juhend\/2-moodul-puusaliigeste-kontroll-vastsundinutel-ja-imikutel\/"},"modified":"2024-04-17T11:49:30","modified_gmt":"2024-04-17T08:49:30","slug":"2-moodul-puusaliigeste-kontroll-vastsundinutel-ja-imikutel","status":"publish","type":"page","link":"https:\/\/sisu.ut.ee\/tervisekontrolli-juhend\/2-moodul-puusaliigeste-kontroll-vastsundinutel-ja-imikutel\/","title":{"rendered":"2. moodul: Puusaliigeste hindamine vasts\u00fcndinutel ja imikutel"},"content":{"rendered":"<p>Kursuse sihtr\u00fchmaks on perearstid ja pere\u00f5ed. Kursuse maht on 4 t\u00e4iendustundi.<\/p>\n<p>Kursusele saate registreeruda Tartu \u00dclikooli kliinilise meditsiini instituudi t\u00e4ienduskeskuse <a title=\"\" href=\"https:\/\/kliinilinemeditsiin.ut.ee\/et\/taiendusope\" target=\"_blank\" rel=\"noopener\" data-url=\"https:\/\/kliinilinemeditsiin.ut.ee\/et\/taiendusope\">kodulehel \u2013 https:\/\/kliinilinemeditsiin.ut.ee\/et\/taiendusope<\/a>, kas t\u00e4ites registreerimislehe v\u00f5i valides sobiva kursuse t\u00e4ienduskursuste plaanis.<\/p>\n<p>Eesm\u00e4rgid:<\/p>\n<ol>\n<li>selgitada puusaliigese arengulise d\u00fcsplaasia olemust, riskitegureid ja \u00f5igeaegse diagnostika ja ravi olulisust;<\/li>\n<li>anda \u00fclevaade puusaliigese kliinilisest hindamisest;<\/li>\n<li>anda \u00fclevaade puusaliigeste ultraheliuuringu n\u00e4idustustest;<\/li>\n<li>anda n\u00f5uandeid puusaliigeste arengulise d\u00fcsplaasia k\u00e4sitluseks.<\/li>\n<\/ol>\n<p>\u00d5piv\u00e4ljundid:<\/p>\n<p>\u00d5ppija<\/p>\n<ul>\n<li>teab puusaliigese arengulise puusaliigese olemust,<\/li>\n<li>teab puusaliigese arengulise d\u00fcsplaasia riskitegureid<\/li>\n<li>teab, millal on n\u00e4idustatud puusaliigeste ultraheliuuring ja millisest vanusest alates puusaliigeste r\u00f6ntgenuuring<\/li>\n<li>teab, kuidas hinnata puusaliigeseid l\u00e4bivaatusel, sh kuidas l\u00e4bi viia Ortolani ja Barlow\u2019 testi<\/li>\n<li>teab, millal tuleb laps suunata ortopeedi vastuv\u00f5tule.<\/li>\n<\/ul>\n<p>Kursuse \u00f5ppej\u00f5ud dr Ragnar L\u00f5ivukene on SA T\u00dc Kliinikumi lastekirurgia osakonna juhataja ja vanemarst-\u00f5ppej\u00f5ud.<\/p>\n","protected":false},"excerpt":{"rendered":"<p>Kursuse sihtr\u00fchmaks on perearstid ja pere\u00f5ed. Kursuse maht on 4 t\u00e4iendustundi. Kursusele saate registreeruda Tartu \u00dclikooli kliinilise meditsiini instituudi t\u00e4ienduskeskuse kodulehel \u2013 https:\/\/kliinilinemeditsiin.ut.ee\/et\/taiendusope, kas t\u00e4ites registreerimislehe v\u00f5i valides sobiva kursuse t\u00e4ienduskursuste plaanis. Eesm\u00e4rgid: selgitada puusaliigese arengulise d\u00fcsplaasia olemust, riskitegureid ja &#8230;<\/p>\n","protected":false},"author":62,"featured_media":0,"parent":0,"menu_order":0,"comment_status":"closed","ping_status":"closed","template":"","meta":{"_acf_changed":false,"inline_featured_image":false,"footnotes":""},"class_list":["post-5","page","type-page","status-publish","hentry"],"acf":[],"_links":{"self":[{"href":"https:\/\/sisu.ut.ee\/tervisekontrolli-juhend\/wp-json\/wp\/v2\/pages\/5","targetHints":{"allow":["GET"]}}],"collection":[{"href":"https:\/\/sisu.ut.ee\/tervisekontrolli-juhend\/wp-json\/wp\/v2\/pages"}],"about":[{"href":"https:\/\/sisu.ut.ee\/tervisekontrolli-juhend\/wp-json\/wp\/v2\/types\/page"}],"author":[{"embeddable":true,"href":"https:\/\/sisu.ut.ee\/tervisekontrolli-juhend\/wp-json\/wp\/v2\/users\/62"}],"replies":[{"embeddable":true,"href":"https:\/\/sisu.ut.ee\/tervisekontrolli-juhend\/wp-json\/wp\/v2\/comments?post=5"}],"version-history":[{"count":2,"href":"https:\/\/sisu.ut.ee\/tervisekontrolli-juhend\/wp-json\/wp\/v2\/pages\/5\/revisions"}],"predecessor-version":[{"id":39,"href":"https:\/\/sisu.ut.ee\/tervisekontrolli-juhend\/wp-json\/wp\/v2\/pages\/5\/revisions\/39"}],"wp:attachment":[{"href":"https:\/\/sisu.ut.ee\/tervisekontrolli-juhend\/wp-json\/wp\/v2\/media?parent=5"}],"curies":[{"name":"wp","href":"https:\/\/api.w.org\/{rel}","templated":true}]}}