{"id":4,"date":"2024-04-04T04:43:24","date_gmt":"2024-04-04T01:43:24","guid":{"rendered":"https:\/\/sisu.ut.ee\/tervisekontrolli-juhend\/1-moodul-laste-silmade-ja-nagemise-kontroll\/"},"modified":"2024-04-17T11:49:18","modified_gmt":"2024-04-17T08:49:18","slug":"1-moodul-laste-silmade-ja-nagemise-kontroll","status":"publish","type":"page","link":"https:\/\/sisu.ut.ee\/tervisekontrolli-juhend\/1-moodul-laste-silmade-ja-nagemise-kontroll\/","title":{"rendered":"1. moodul: Laste silmade ja n\u00e4gemise kontroll"},"content":{"rendered":"<p>Kursuse sihtr\u00fchmaks on perearstid ja pere\u00f5ed. Kursuse maht on 4 t\u00e4iendustundi.<\/p>\n<p>Kursusele saate registreeruda Tartu \u00dclikooli kliinilise meditsiini instituudi t\u00e4ienduskeskuse <a title=\"\" href=\"https:\/\/kliinilinemeditsiin.ut.ee\/et\/taiendusope\" target=\"_blank\" rel=\"noopener\" data-url=\"https:\/\/kliinilinemeditsiin.ut.ee\/et\/taiendusope\">kodulehel \u2013 https:\/\/kliinilinemeditsiin.ut.ee\/et\/taiendusope<\/a>, kas t\u00e4ites registreerimislehe v\u00f5i valides sobiva kursuse t\u00e4ienduskursuste plaanis.<\/p>\n<p>Eesm\u00e4rgid:<\/p>\n<ol>\n<li>selgitada laste n\u00e4gemish\u00e4ire varase \/ \u00f5igeaegse avastamise olulisust;<\/li>\n<li>anda \u00fclevaade lapseea silmahaigustest, mis m\u00f5jutavad n\u00e4gemise arengut;<\/li>\n<li>tutvustada laste silmakontrolliks ja n\u00e4gemisteravuse m\u00e4\u00e4ramiseks vajalikke vahendeid;<\/li>\n<li>anda praktilisi n\u00f5uandeid laste silmakontrolliks ja n\u00e4gemisteravuse m\u00e4\u00e4ramiseks.<\/li>\n<\/ol>\n<p>\u00d5piv\u00e4ljundid:<\/p>\n<p>\u00d5ppija<\/p>\n<ul>\n<li>teab aml\u00fcoopia olemust, tekkep\u00f5hjuseid ja ravi p\u00f5him\u00f5tteid;<\/li>\n<li>teab laste tervise j\u00e4lgimise juhendi laste silmade ja n\u00e4gemise hindamise soovitusi;<\/li>\n<li>teab, kuidas LEA SYMBOLS\u00ae tabeliga kontrollida 3-aastase ja 6-aastase lapse n\u00e4gemisteravust;<\/li>\n<li>teab, kuidas kontrollida silmade punast refleksi ja k\u00f5\u00f5rdsilmsuse esinemist;<\/li>\n<li>teab, millal tuleb laps suunata silmaarsti vastuv\u00f5tule.<\/li>\n<\/ul>\n<p>Kursuse \u00f5ppej\u00f5ududeks on dr Mari Levin ja dr Mari Petraudze.<\/p>\n","protected":false},"excerpt":{"rendered":"<p>Kursuse sihtr\u00fchmaks on perearstid ja pere\u00f5ed. Kursuse maht on 4 t\u00e4iendustundi. Kursusele saate registreeruda Tartu \u00dclikooli kliinilise meditsiini instituudi t\u00e4ienduskeskuse kodulehel \u2013 https:\/\/kliinilinemeditsiin.ut.ee\/et\/taiendusope, kas t\u00e4ites registreerimislehe v\u00f5i valides sobiva kursuse t\u00e4ienduskursuste plaanis. Eesm\u00e4rgid: selgitada laste n\u00e4gemish\u00e4ire varase \/ \u00f5igeaegse avastamise &#8230;<\/p>\n","protected":false},"author":62,"featured_media":0,"parent":0,"menu_order":0,"comment_status":"closed","ping_status":"closed","template":"","meta":{"_acf_changed":false,"inline_featured_image":false,"footnotes":""},"class_list":["post-4","page","type-page","status-publish","hentry"],"acf":[],"_links":{"self":[{"href":"https:\/\/sisu.ut.ee\/tervisekontrolli-juhend\/wp-json\/wp\/v2\/pages\/4","targetHints":{"allow":["GET"]}}],"collection":[{"href":"https:\/\/sisu.ut.ee\/tervisekontrolli-juhend\/wp-json\/wp\/v2\/pages"}],"about":[{"href":"https:\/\/sisu.ut.ee\/tervisekontrolli-juhend\/wp-json\/wp\/v2\/types\/page"}],"author":[{"embeddable":true,"href":"https:\/\/sisu.ut.ee\/tervisekontrolli-juhend\/wp-json\/wp\/v2\/users\/62"}],"replies":[{"embeddable":true,"href":"https:\/\/sisu.ut.ee\/tervisekontrolli-juhend\/wp-json\/wp\/v2\/comments?post=4"}],"version-history":[{"count":2,"href":"https:\/\/sisu.ut.ee\/tervisekontrolli-juhend\/wp-json\/wp\/v2\/pages\/4\/revisions"}],"predecessor-version":[{"id":38,"href":"https:\/\/sisu.ut.ee\/tervisekontrolli-juhend\/wp-json\/wp\/v2\/pages\/4\/revisions\/38"}],"wp:attachment":[{"href":"https:\/\/sisu.ut.ee\/tervisekontrolli-juhend\/wp-json\/wp\/v2\/media?parent=4"}],"curies":[{"name":"wp","href":"https:\/\/api.w.org\/{rel}","templated":true}]}}