{"id":284,"date":"2024-04-26T08:59:27","date_gmt":"2024-04-26T05:59:27","guid":{"rendered":"https:\/\/sisu.ut.ee\/teravili\/testi-oma-teadmisi-rukis\/"},"modified":"2024-04-26T08:59:27","modified_gmt":"2024-04-26T05:59:27","slug":"testi-oma-teadmisi-rukis","status":"publish","type":"page","link":"https:\/\/sisu.ut.ee\/teravili\/testi-oma-teadmisi-rukis\/","title":{"rendered":"Testi oma teadmisi &#8211; rukis"},"content":{"rendered":"<div id=\"watupro_quiz\" class=\"quiz-area single-page-quiz\">\n<p id=\"submittingExam4\" style=\"display:none;text-align:center;\"><img loading=\"lazy\" decoding=\"async\" src=\"https:\/\/sisu.ut.ee\/wp-content\/plugins\/watupro\/img\/loading.gif\" width=\"16\" height=\"16\"><\/p>\n\n\n\n<form action=\"\" method=\"post\" class=\"quiz-form\" id=\"quiz-4\" enctype=\"multipart\/form-data\">\n<div class=\"watu-question \" id=\"question-1\" style=\";\"><div id=\"questionWrap-1\" class=\"  watupro-required-11 watupro-question-id-11\">\n\t\t\t<div class=\"question-content\"><div><p>Milliseid kasulikke toitaineid rukis sisaldab?\u00a0Vali 3 \u00f5iget vastust.<\/p><\/div><input type=\"hidden\" name=\"question_id[]\" id=\"qID_1\" value=\"11\" class=\"watupro-question-id\"><input type=\"hidden\" id=\"answerType11\" class=\"answerTypeCnt1\" value=\"checkbox\"><input type=\"hidden\" id=\"watupro-required-question-11\"><!-- end question-content--><\/div><div class=\"question-choices watupro-choices-columns \" id=\"questionChoices11\"><div class=\"watupro-question-choice  \" dir=\"auto\"><input type=\"checkbox\" name=\"answer-11[]\" id=\"answer-id-44\" class=\"answer   answerof-11 \" value=\"44\"><label for=\"answer-id-44\" id=\"answer-label-44\" class=\" answer\"><span><p>rasvu<\/p><\/span><\/label><\/div><div class=\"watupro-question-choice  \" dir=\"auto\"><input type=\"checkbox\" name=\"answer-11[]\" id=\"answer-id-45\" class=\"answer   answerof-11 \" value=\"45\"><label for=\"answer-id-45\" id=\"answer-label-45\" class=\" answer\"><span><p>kiudaineid<\/p><\/span><\/label><\/div><div class=\"watupro-question-choice  \" dir=\"auto\"><input type=\"checkbox\" name=\"answer-11[]\" id=\"answer-id-47\" class=\"answer   answerof-11 \" value=\"47\"><label for=\"answer-id-47\" id=\"answer-label-47\" class=\" answer\"><span><p>B-r\u00fchma vitamiine<\/p><\/span><\/label><\/div><div class=\"watupro-question-choice  \" dir=\"auto\"><input type=\"checkbox\" name=\"answer-11[]\" id=\"answer-id-46\" class=\"answer   answerof-11 \" value=\"46\"><label for=\"answer-id-46\" id=\"answer-label-46\" class=\" answer\"><span><p>mineraalaineid<\/p><\/span><\/label><\/div><div class=\"watupro-question-choice  \" dir=\"auto\"><input type=\"checkbox\" name=\"answer-11[]\" id=\"answer-id-48\" class=\"answer   answerof-11 \" value=\"48\"><label for=\"answer-id-48\" id=\"answer-label-48\" class=\" answer\"><span><p>vett<\/p><\/span><\/label><\/div><!-- end question-choices--><\/div><!-- end questionWrap--><\/div><\/div><div class=\"watu-question \" id=\"question-2\" style=\";\"><div id=\"questionWrap-2\" class=\"  watupro-required-15 watupro-question-id-15\">\n\t\t\t<div class=\"question-content\"><p>Kui toodete valmistamisel kasutatakse \u00e4ra kogu viljatera koos kestaga|nimetatakse neid\u00a0<select name=\"gap_15_1\" class=\"watupro-gap answer answerof-15\"><option value=\"\"><\/option><option value=\"t\u00e4istera\">t\u00e4istera<\/option><option value=\"vilja\">vilja<\/option><option value=\"teravilja\">teravilja<\/option><\/select> toodeteks.<\/p>\n<input type=\"hidden\" name=\"question_id[]\" id=\"qID_2\" value=\"15\" class=\"watupro-question-id\"><input type=\"hidden\" id=\"answerType15\" class=\"answerTypeCnt2\" value=\"gaps\"><input type=\"hidden\" id=\"watupro-required-question-15\"><!-- end question-content--><\/div><!-- end questionWrap--><\/div><\/div><div class=\"watu-question \" id=\"question-3\" style=\";\"><div id=\"questionWrap-3\" class=\"  watupro-required-10 watupro-question-id-10\">\n\t\t\t<div class=\"question-content\"><div><p>Millisest piirkonnast p\u00e4rineb rukis?<\/p><\/div><input type=\"hidden\" name=\"question_id[]\" id=\"qID_3\" value=\"10\" class=\"watupro-question-id\"><input type=\"hidden\" id=\"answerType10\" class=\"answerTypeCnt3\" value=\"radio\"><input type=\"hidden\" id=\"watupro-required-question-10\"><!-- end question-content--><\/div><div class=\"question-choices watupro-choices-columns \" id=\"questionChoices10\"><div class=\"watupro-question-choice  \" dir=\"auto\"><input type=\"radio\" name=\"answer-10[]\" id=\"answer-id-43\" class=\"answer   answerof-10 \" value=\"43\"><label for=\"answer-id-43\" id=\"answer-label-43\" class=\" answer\"><span><p>P\u00f5hja-Ameerika edelaosast<\/p><\/span><\/label><\/div><div class=\"watupro-question-choice  \" dir=\"auto\"><input type=\"radio\" name=\"answer-10[]\" id=\"answer-id-41\" class=\"answer   answerof-10 \" value=\"41\"><label for=\"answer-id-41\" id=\"answer-label-41\" class=\" answer\"><span><p>Aasia edelaosast<\/p><\/span><\/label><\/div><div class=\"watupro-question-choice  \" dir=\"auto\"><input type=\"radio\" name=\"answer-10[]\" id=\"answer-id-42\" class=\"answer   answerof-10 \" value=\"42\"><label for=\"answer-id-42\" id=\"answer-label-42\" class=\" answer\"><span><p>Aafrika edelaosast<\/p><\/span><\/label><\/div><!-- end question-choices--><\/div><!-- end questionWrap--><\/div><\/div><div class=\"watu-question \" id=\"question-4\" style=\";\"><div id=\"questionWrap-4\" class=\"  watupro-required-12 watupro-question-id-12\">\n\t\t\t<div class=\"question-content\"><div><p>Rukis on Eesti rahvusvili ning t\u00e4hendab meie rahvale\u00a0igap\u00e4evast leiba.<\/p><\/div><input type=\"hidden\" name=\"question_id[]\" id=\"qID_4\" value=\"12\" class=\"watupro-question-id\"><input type=\"hidden\" id=\"answerType12\" class=\"answerTypeCnt4\" value=\"radio\"><input type=\"hidden\" id=\"watupro-required-question-12\"><!-- end question-content--><\/div><div class=\"question-choices watupro-choices-columns \" id=\"questionChoices12\"><div class=\"watupro-question-choice  \" dir=\"auto\"><input type=\"radio\" name=\"answer-12[]\" id=\"answer-id-49\" class=\"answer   answerof-12 \" value=\"49\"><label for=\"answer-id-49\" id=\"answer-label-49\" class=\" answer\"><span>True<\/span><\/label><\/div><div class=\"watupro-question-choice  \" dir=\"auto\"><input type=\"radio\" name=\"answer-12[]\" id=\"answer-id-50\" class=\"answer   answerof-12 \" value=\"50\"><label for=\"answer-id-50\" id=\"answer-label-50\" class=\" answer\"><span>False<\/span><\/label><\/div><!-- end question-choices--><\/div><!-- end questionWrap--><\/div><\/div><div class=\"watu-question \" id=\"question-5\" style=\";\"><div id=\"questionWrap-5\" class=\"  watupro-required-14 watupro-question-id-14\">\n\t\t\t<div class=\"question-content\"><div><p>Millisel pildil on rukki viljapea ja terised?<\/p><\/div><input type=\"hidden\" name=\"question_id[]\" id=\"qID_5\" value=\"14\" class=\"watupro-question-id\"><input type=\"hidden\" id=\"answerType14\" class=\"answerTypeCnt5\" value=\"radio\"><input type=\"hidden\" id=\"watupro-required-question-14\"><!-- end question-content--><\/div><div class=\"question-choices watupro-choices-columns \" id=\"questionChoices14\"><div class=\"watupro-question-choice  \" dir=\"auto\"><input type=\"radio\" name=\"answer-14[]\" id=\"answer-id-56\" class=\"answer   answerof-14 \" value=\"56\"><label for=\"answer-id-56\" id=\"answer-label-56\" class=\" answer\"><span><p><img loading=\"lazy\" decoding=\"async\" width=\"2560\" height=\"2476\" class=\"alignnone wp-image-155\" style=\"\" src=\"https:\/\/multisite.ut.ee\/wp-content\/uploads\/sites\/479\/20210326_1647071-scaled.jpg\" title=\"20210326_1647071.jpg\" alt=\"Rukis tera ja viljapea\" srcset=\"https:\/\/sisu.ut.ee\/wp-content\/uploads\/sites\/479\/20210326_1647071-scaled.jpg 2560w, https:\/\/sisu.ut.ee\/wp-content\/uploads\/sites\/479\/20210326_1647071-300x290.jpg 300w, https:\/\/sisu.ut.ee\/wp-content\/uploads\/sites\/479\/20210326_1647071-1024x991.jpg 1024w, https:\/\/sisu.ut.ee\/wp-content\/uploads\/sites\/479\/20210326_1647071-768x743.jpg 768w, https:\/\/sisu.ut.ee\/wp-content\/uploads\/sites\/479\/20210326_1647071-1536x1486.jpg 1536w, https:\/\/sisu.ut.ee\/wp-content\/uploads\/sites\/479\/20210326_1647071-2048x1981.jpg 2048w, https:\/\/sisu.ut.ee\/wp-content\/uploads\/sites\/479\/20210326_1647071-1920x1857.jpg 1920w\" sizes=\"auto, (max-width: 2560px) 100vw, 2560px\"><\/p><\/span><\/label><\/div><div class=\"watupro-question-choice  \" dir=\"auto\"><input type=\"radio\" name=\"answer-14[]\" id=\"answer-id-58\" class=\"answer   answerof-14 \" value=\"58\"><label for=\"answer-id-58\" id=\"answer-label-58\" class=\" answer\"><span><p><img loading=\"lazy\" decoding=\"async\" width=\"2560\" height=\"2560\" class=\"alignnone wp-image-39\" style=\"\" src=\"https:\/\/multisite.ut.ee\/wp-content\/uploads\/sites\/479\/20201018_173851-scaled.jpg\" title=\"20201018_173851.jpg\" alt=\"Kaerapea\" srcset=\"https:\/\/sisu.ut.ee\/wp-content\/uploads\/sites\/479\/20201018_173851-scaled.jpg 2560w, https:\/\/sisu.ut.ee\/wp-content\/uploads\/sites\/479\/20201018_173851-300x300.jpg 300w, https:\/\/sisu.ut.ee\/wp-content\/uploads\/sites\/479\/20201018_173851-1024x1024.jpg 1024w, https:\/\/sisu.ut.ee\/wp-content\/uploads\/sites\/479\/20201018_173851-150x150.jpg 150w, https:\/\/sisu.ut.ee\/wp-content\/uploads\/sites\/479\/20201018_173851-768x768.jpg 768w, https:\/\/sisu.ut.ee\/wp-content\/uploads\/sites\/479\/20201018_173851-1536x1536.jpg 1536w, https:\/\/sisu.ut.ee\/wp-content\/uploads\/sites\/479\/20201018_173851-2048x2048.jpg 2048w, https:\/\/sisu.ut.ee\/wp-content\/uploads\/sites\/479\/20201018_173851-1920x1920.jpg 1920w\" sizes=\"auto, (max-width: 2560px) 100vw, 2560px\"><\/p><\/span><\/label><\/div><div class=\"watupro-question-choice  \" dir=\"auto\"><input type=\"radio\" name=\"answer-14[]\" id=\"answer-id-57\" class=\"answer   answerof-14 \" value=\"57\"><label for=\"answer-id-57\" id=\"answer-label-57\" class=\" answer\"><span><p><img loading=\"lazy\" decoding=\"async\" width=\"1080\" height=\"1440\" class=\"alignnone wp-image-40\" style=\"\" src=\"https:\/\/multisite.ut.ee\/wp-content\/uploads\/sites\/479\/dji_20201018_174450_105.jpg\" title=\"dji_20201018_174450_105.jpg\" alt=\"Kaerapea\" srcset=\"https:\/\/sisu.ut.ee\/wp-content\/uploads\/sites\/479\/dji_20201018_174450_105.jpg 1080w, https:\/\/sisu.ut.ee\/wp-content\/uploads\/sites\/479\/dji_20201018_174450_105-225x300.jpg 225w, https:\/\/sisu.ut.ee\/wp-content\/uploads\/sites\/479\/dji_20201018_174450_105-768x1024.jpg 768w\" sizes=\"auto, (max-width: 1080px) 100vw, 1080px\"><\/p><\/span><\/label><\/div><!-- end question-choices--><\/div><!-- end questionWrap--><\/div><\/div><div class=\"watu-question \" id=\"question-6\" style=\";\"><div id=\"questionWrap-6\" class=\"  watupro-required-16 watupro-question-id-16\">\n\t\t\t<div class=\"question-content\"><div><p>Miks on t\u00e4isteratooted kasulikud?<\/p><\/div><input type=\"hidden\" name=\"question_id[]\" id=\"qID_6\" value=\"16\" class=\"watupro-question-id\"><input type=\"hidden\" id=\"answerType16\" class=\"answerTypeCnt6\" value=\"checkbox\"><input type=\"hidden\" id=\"watupro-required-question-16\"><!-- end question-content--><\/div><div class=\"question-choices watupro-choices-columns \" id=\"questionChoices16\"><div class=\"watupro-question-choice  \" dir=\"auto\"><input type=\"checkbox\" name=\"answer-16[]\" id=\"answer-id-60\" class=\"answer   answerof-16 \" value=\"60\"><label for=\"answer-id-60\" id=\"answer-label-60\" class=\" answer\"><span><p>t\u00e4isteratoodetes on s\u00e4ilinud vajalikud\u00a0kiudained, vitamiinid\u00a0ja\u00a0 mineraalained\u00a0<\/p><\/span><\/label><\/div><div class=\"watupro-question-choice  \" dir=\"auto\"><input type=\"checkbox\" name=\"answer-16[]\" id=\"answer-id-63\" class=\"answer   answerof-16 \" value=\"63\"><label for=\"answer-id-63\" id=\"answer-label-63\" class=\" answer\"><span><p>t\u00e4isteratoodete puhul on\u00a0teradelt kooritud \u00e4ra kestad, seet\u00f5ttu on\u00a0tooted paremini seeditavad<\/p><\/span><\/label><\/div><div class=\"watupro-question-choice  \" dir=\"auto\"><input type=\"checkbox\" name=\"answer-16[]\" id=\"answer-id-62\" class=\"answer   answerof-16 \" value=\"62\"><label for=\"answer-id-62\" id=\"answer-label-62\" class=\" answer\"><span><p>\u00a0t\u00e4isteratoodetes on h\u00e4sti s\u00e4ilinud rafineeritud suhkur, mis on inimesele\u00a0vajalik energiaalllikas<\/p><\/span><\/label><\/div><div class=\"watupro-question-choice  \" dir=\"auto\"><input type=\"checkbox\" name=\"answer-16[]\" id=\"answer-id-61\" class=\"answer   answerof-16 \" value=\"61\"><label for=\"answer-id-61\" id=\"answer-label-61\" class=\" answer\"><span><p>t\u00e4isteratooted hoiavad k\u00f5hu kauem t\u00e4is<\/p><\/span><\/label><\/div><!-- end question-choices--><\/div><!-- end questionWrap--><\/div><\/div><div class=\"watu-question \" id=\"question-7\" style=\";\"><div id=\"questionWrap-7\" class=\"  watupro-required-13 watupro-question-id-13\">\n\t\t\t<div class=\"question-content\"><div><p>Mida\u00a0saadakse rukki t\u00f6\u00f6tlemisel?<\/p><\/div><input type=\"hidden\" name=\"question_id[]\" id=\"qID_7\" value=\"13\" class=\"watupro-question-id\"><input type=\"hidden\" id=\"answerType13\" class=\"answerTypeCnt7\" value=\"checkbox\"><input type=\"hidden\" id=\"watupro-required-question-13\"><!-- end question-content--><\/div><div class=\"question-choices watupro-choices-columns \" id=\"questionChoices13\"><div class=\"watupro-question-choice  \" dir=\"auto\"><input type=\"checkbox\" name=\"answer-13[]\" id=\"answer-id-54\" class=\"answer   answerof-13 \" value=\"54\"><label for=\"answer-id-54\" id=\"answer-label-54\" class=\" answer\"><span><p>kliid<\/p><\/span><\/label><\/div><div class=\"watupro-question-choice  \" dir=\"auto\"><input type=\"checkbox\" name=\"answer-13[]\" id=\"answer-id-52\" class=\"answer   answerof-13 \" value=\"52\"><label for=\"answer-id-52\" id=\"answer-label-52\" class=\" answer\"><span><p>manna<\/p><\/span><\/label><\/div><div class=\"watupro-question-choice  \" dir=\"auto\"><input type=\"checkbox\" name=\"answer-13[]\" id=\"answer-id-51\" class=\"answer   answerof-13 \" value=\"51\"><label for=\"answer-id-51\" id=\"answer-label-51\" class=\" answer\"><span><p>jahu<\/p><\/span><\/label><\/div><div class=\"watupro-question-choice  \" dir=\"auto\"><input type=\"checkbox\" name=\"answer-13[]\" id=\"answer-id-55\" class=\"answer   answerof-13 \" value=\"55\"><label for=\"answer-id-55\" id=\"answer-label-55\" class=\" answer\"><span><p>kruubid<\/p><\/span><\/label><\/div><div class=\"watupro-question-choice  \" dir=\"auto\"><input type=\"checkbox\" name=\"answer-13[]\" id=\"answer-id-53\" class=\"answer   answerof-13 \" value=\"53\"><label for=\"answer-id-53\" id=\"answer-label-53\" class=\" answer\"><span><p>helbed<\/p><\/span><\/label><\/div><!-- end question-choices--><\/div><!-- end questionWrap--><\/div><\/div><div style=\"display:none\" id=\"question-8\">\n\t<div class=\"question-content\">\n\t\t<img loading=\"lazy\" decoding=\"async\" src=\"https:\/\/sisu.ut.ee\/wp-content\/plugins\/watupro\/img\/loading.gif\" width=\"16\" height=\"16\" alt=\"Loading...\" title=\"Loading...\">\u00a0Loading...\t<\/div>\n<\/div>\n\n<br>\n\t\n\t\t\t<div class=\"watupro_buttons flex \" id=\"watuPROButtons4\">\n\t\t  <div id=\"prev-question\" style=\"display:none;\"><input type=\"button\" value=\"&lt; Previous\" onclick=\"WatuPRO.nextQuestion(event, 'previous');\"><\/div>\t\t  \t\t  \t\t   \n\t\t   \t  \t\t<div><input type=\"button\" name=\"action\" class=\"watupro-submit-button\" onclick=\"WatuPRO.submitResult(event)\" id=\"action-button\" value=\"View Results\">\n\t\t<\/div>\n\t\t<\/div>\n\t\t\n\t<input type=\"hidden\" name=\"quiz_id\" value=\"4\" id=\"watuPROExamID\">\n\t<input type=\"hidden\" name=\"start_time\" id=\"startTime\" value=\"2026-04-14 18:29:18\">\n\t<input type=\"hidden\" name=\"start_timestamp\" id=\"startTimeStamp\" value=\"1776191358\">\n\t<input type=\"hidden\" name=\"question_ids\" value=\"\">\n\t<input type=\"hidden\" name=\"watupro_questions\" value=\"11:44,45,47,46,48 | 15:59 | 10:43,41,42 | 12:49,50 | 14:56,58,57 | 16:60,63,62,61 | 13:54,52,51,55,53\">\n\t<input type=\"hidden\" name=\"no_ajax\" value=\"0\">\t\t\t<\/form>\n\t<p>\u00a0<\/p>\n<\/div>\n\n<script type=\"text\/javascript\">\n\/\/jQuery(document).ready(function(){\ndocument.addEventListener(\"DOMContentLoaded\", function(event) { \t\nvar question_ids = \"11,15,10,12,14,16,13\";\nWatuPROSettings[4] = {};\nWatuPRO.qArr = question_ids.split(',');\nWatuPRO.exam_id = 4;\t    \nWatuPRO.post_id = 284;\nWatuPRO.store_progress = 0;\nWatuPRO.curCatPage = 1;\nWatuPRO.requiredIDs=\"0,11,15,10,12,14,16,13\".split(\",\");\nWatuPRO.hAppID = \"0.87571700 1776180558\";\nvar url = \"https:\/\/sisu.ut.ee\/wp-content\/plugins\/watupro\/show_exam.php\";\nWatuPRO.examMode = 1;\nWatuPRO.siteURL=\"https:\/\/sisu.ut.ee\/teravili\/wp-admin\/admin-ajax.php\";\nWatuPRO.emailIsNotRequired = 0;\nWatuPRO.perDecade = 10;\nWatuPROIntel.init(4);\nWatuPRO.inCategoryPages=1;});    \t \n<\/script>\n\n","protected":false},"excerpt":{"rendered":"","protected":false},"author":9,"featured_media":0,"parent":0,"menu_order":0,"comment_status":"closed","ping_status":"closed","template":"","meta":{"_acf_changed":false,"inline_featured_image":false,"footnotes":""},"class_list":["post-284","page","type-page","status-publish","hentry"],"acf":[],"_links":{"self":[{"href":"https:\/\/sisu.ut.ee\/teravili\/wp-json\/wp\/v2\/pages\/284","targetHints":{"allow":["GET"]}}],"collection":[{"href":"https:\/\/sisu.ut.ee\/teravili\/wp-json\/wp\/v2\/pages"}],"about":[{"href":"https:\/\/sisu.ut.ee\/teravili\/wp-json\/wp\/v2\/types\/page"}],"author":[{"embeddable":true,"href":"https:\/\/sisu.ut.ee\/teravili\/wp-json\/wp\/v2\/users\/9"}],"replies":[{"embeddable":true,"href":"https:\/\/sisu.ut.ee\/teravili\/wp-json\/wp\/v2\/comments?post=284"}],"version-history":[{"count":0,"href":"https:\/\/sisu.ut.ee\/teravili\/wp-json\/wp\/v2\/pages\/284\/revisions"}],"wp:attachment":[{"href":"https:\/\/sisu.ut.ee\/teravili\/wp-json\/wp\/v2\/media?parent=284"}],"curies":[{"name":"wp","href":"https:\/\/api.w.org\/{rel}","templated":true}]}}