{"id":282,"date":"2024-04-26T08:58:35","date_gmt":"2024-04-26T05:58:35","guid":{"rendered":"https:\/\/sisu.ut.ee\/teravili\/testi-oma-teadmisi-oder\/"},"modified":"2024-04-26T08:58:35","modified_gmt":"2024-04-26T05:58:35","slug":"testi-oma-teadmisi-oder","status":"publish","type":"page","link":"https:\/\/sisu.ut.ee\/teravili\/testi-oma-teadmisi-oder\/","title":{"rendered":"Testi oma teadmisi &#8211; oder"},"content":{"rendered":"<div id=\"watupro_quiz\" class=\"quiz-area single-page-quiz\">\n<p id=\"submittingExam6\" style=\"display:none;text-align:center;\"><img loading=\"lazy\" decoding=\"async\" src=\"https:\/\/sisu.ut.ee\/wp-content\/plugins\/watupro\/img\/loading.gif\" width=\"16\" height=\"16\"><\/p>\n\n\n\n<form action=\"\" method=\"post\" class=\"quiz-form\" id=\"quiz-6\" enctype=\"multipart\/form-data\">\n<div class=\"watu-question \" id=\"question-1\" style=\";\"><div id=\"questionWrap-1\" class=\"  watupro-required-24 watupro-question-id-24\">\n\t\t\t<div class=\"question-content\"><p>Kui toodete valmistamisel kasutatakse \u00e4ra kogu viljatera koos kestaga|nimetatakse neid tooteid\u00a0<select name=\"gap_24_1\" class=\"watupro-gap answer answerof-24\"><option value=\"\"><\/option><option value=\"vilja\">vilja<\/option><option value=\"t\u00e4istera\">t\u00e4istera<\/option><option value=\"teravilja\">teravilja<\/option><\/select> toodeteks.<\/p>\n<input type=\"hidden\" name=\"question_id[]\" id=\"qID_1\" value=\"24\" class=\"watupro-question-id\"><input type=\"hidden\" id=\"answerType24\" class=\"answerTypeCnt1\" value=\"gaps\"><input type=\"hidden\" id=\"watupro-required-question-24\"><!-- end question-content--><\/div><!-- end questionWrap--><\/div><\/div><div class=\"watu-question \" id=\"question-2\" style=\";\"><div id=\"questionWrap-2\" class=\"  watupro-required-25 watupro-question-id-25\">\n\t\t\t<div class=\"question-content\"><div><p>Millisel pildil on\u00a0 odra viljapea ja terised?<\/p><\/div><input type=\"hidden\" name=\"question_id[]\" id=\"qID_2\" value=\"25\" class=\"watupro-question-id\"><input type=\"hidden\" id=\"answerType25\" class=\"answerTypeCnt2\" value=\"radio\"><input type=\"hidden\" id=\"watupro-required-question-25\"><!-- end question-content--><\/div><div class=\"question-choices watupro-choices-columns \" id=\"questionChoices25\"><div class=\"watupro-question-choice  \" dir=\"auto\"><input type=\"radio\" name=\"answer-25[]\" id=\"answer-id-82\" class=\"answer   answerof-25 \" value=\"82\"><label for=\"answer-id-82\" id=\"answer-label-82\" class=\" answer\"><span><p><img loading=\"lazy\" decoding=\"async\" width=\"2560\" height=\"2476\" class=\"alignnone wp-image-155\" style=\"\" src=\"https:\/\/multisite.ut.ee\/wp-content\/uploads\/sites\/479\/20210326_1647071-scaled.jpg\" title=\"20210326_1647071.jpg\" alt=\"Rukis tera ja viljapea\" srcset=\"https:\/\/sisu.ut.ee\/wp-content\/uploads\/sites\/479\/20210326_1647071-scaled.jpg 2560w, https:\/\/sisu.ut.ee\/wp-content\/uploads\/sites\/479\/20210326_1647071-300x290.jpg 300w, https:\/\/sisu.ut.ee\/wp-content\/uploads\/sites\/479\/20210326_1647071-1024x991.jpg 1024w, https:\/\/sisu.ut.ee\/wp-content\/uploads\/sites\/479\/20210326_1647071-768x743.jpg 768w, https:\/\/sisu.ut.ee\/wp-content\/uploads\/sites\/479\/20210326_1647071-1536x1486.jpg 1536w, https:\/\/sisu.ut.ee\/wp-content\/uploads\/sites\/479\/20210326_1647071-2048x1981.jpg 2048w, https:\/\/sisu.ut.ee\/wp-content\/uploads\/sites\/479\/20210326_1647071-1920x1857.jpg 1920w\" sizes=\"auto, (max-width: 2560px) 100vw, 2560px\"><\/p><\/span><\/label><\/div><div class=\"watupro-question-choice  \" dir=\"auto\"><input type=\"radio\" name=\"answer-25[]\" id=\"answer-id-84\" class=\"answer   answerof-25 \" value=\"84\"><label for=\"answer-id-84\" id=\"answer-label-84\" class=\" answer\"><span><p><img loading=\"lazy\" decoding=\"async\" width=\"1080\" height=\"1440\" class=\"alignnone wp-image-40\" style=\"\" src=\"https:\/\/multisite.ut.ee\/wp-content\/uploads\/sites\/479\/dji_20201018_174450_105.jpg\" title=\"dji_20201018_174450_105.jpg\" alt=\"Kaerapea\" srcset=\"https:\/\/sisu.ut.ee\/wp-content\/uploads\/sites\/479\/dji_20201018_174450_105.jpg 1080w, https:\/\/sisu.ut.ee\/wp-content\/uploads\/sites\/479\/dji_20201018_174450_105-225x300.jpg 225w, https:\/\/sisu.ut.ee\/wp-content\/uploads\/sites\/479\/dji_20201018_174450_105-768x1024.jpg 768w\" sizes=\"auto, (max-width: 1080px) 100vw, 1080px\"><\/p><\/span><\/label><\/div><div class=\"watupro-question-choice  \" dir=\"auto\"><input type=\"radio\" name=\"answer-25[]\" id=\"answer-id-83\" class=\"answer   answerof-25 \" value=\"83\"><label for=\"answer-id-83\" id=\"answer-label-83\" class=\" answer\"><span><p><img loading=\"lazy\" decoding=\"async\" width=\"2560\" height=\"2560\" class=\"alignnone wp-image-159\" style=\"\" src=\"https:\/\/multisite.ut.ee\/wp-content\/uploads\/sites\/479\/20201018_172603-scaled.jpg\" title=\"20201018_172603.jpg\" alt=\"Nisu\" srcset=\"https:\/\/sisu.ut.ee\/wp-content\/uploads\/sites\/479\/20201018_172603-scaled.jpg 2560w, https:\/\/sisu.ut.ee\/wp-content\/uploads\/sites\/479\/20201018_172603-300x300.jpg 300w, https:\/\/sisu.ut.ee\/wp-content\/uploads\/sites\/479\/20201018_172603-1024x1024.jpg 1024w, https:\/\/sisu.ut.ee\/wp-content\/uploads\/sites\/479\/20201018_172603-150x150.jpg 150w, https:\/\/sisu.ut.ee\/wp-content\/uploads\/sites\/479\/20201018_172603-768x768.jpg 768w, https:\/\/sisu.ut.ee\/wp-content\/uploads\/sites\/479\/20201018_172603-1536x1536.jpg 1536w, https:\/\/sisu.ut.ee\/wp-content\/uploads\/sites\/479\/20201018_172603-2048x2048.jpg 2048w, https:\/\/sisu.ut.ee\/wp-content\/uploads\/sites\/479\/20201018_172603-1920x1920.jpg 1920w\" sizes=\"auto, (max-width: 2560px) 100vw, 2560px\"><\/p><\/span><\/label><\/div><!-- end question-choices--><\/div><!-- end questionWrap--><\/div><\/div><div class=\"watu-question \" id=\"question-3\" style=\";\"><div id=\"questionWrap-3\" class=\"  watupro-required-28 watupro-question-id-28\">\n\t\t\t<div class=\"question-content\"><div><p>Kuidas nimetatakse odrajahust valmistatud leiba (vastuses on\u00a06 t\u00e4hte)?<\/p><\/div><input type=\"hidden\" name=\"question_id[]\" id=\"qID_3\" value=\"28\" class=\"watupro-question-id\"><input type=\"hidden\" id=\"answerType28\" class=\"answerTypeCnt3\" value=\"textarea\"><input type=\"hidden\" id=\"watupro-required-question-28\"><!-- end question-content--><\/div><div class=\"question-choices \" id=\"questionChoices28\"><p><textarea name=\"answer-28[]\" id=\"textarea_q_28\" class=\"watupro-textarea-medium\" rows=\"5\" cols=\"80\"><\/textarea>\n<\/p><!-- end question-choices--><\/div><!-- end questionWrap--><\/div><\/div><div class=\"watu-question \" id=\"question-4\" style=\";\"><div id=\"questionWrap-4\" class=\"  watupro-required-29 watupro-question-id-29\">\n\t\t\t<div class=\"question-content\"><div><p>Kuidas saadakse odrakruupi?<\/p><\/div><input type=\"hidden\" name=\"question_id[]\" id=\"qID_4\" value=\"29\" class=\"watupro-question-id\"><input type=\"hidden\" id=\"answerType29\" class=\"answerTypeCnt4\" value=\"checkbox\"><input type=\"hidden\" id=\"watupro-required-question-29\"><!-- end question-content--><\/div><div class=\"question-choices watupro-choices-columns \" id=\"questionChoices29\"><div class=\"watupro-question-choice  \" dir=\"auto\"><input type=\"checkbox\" name=\"answer-29[]\" id=\"answer-id-92\" class=\"answer   answerof-29 \" value=\"92\"><label for=\"answer-id-92\" id=\"answer-label-92\" class=\" answer\"><span><p>terade koorimisel ja lihvimisel<\/p><\/span><\/label><\/div><div class=\"watupro-question-choice  \" dir=\"auto\"><input type=\"checkbox\" name=\"answer-29[]\" id=\"answer-id-91\" class=\"answer   answerof-29 \" value=\"91\"><label for=\"answer-id-91\" id=\"answer-label-91\" class=\" answer\"><span><p>kooritud terade jahvatamisel<\/p><\/span><\/label><\/div><div class=\"watupro-question-choice  \" dir=\"auto\"><input type=\"checkbox\" name=\"answer-29[]\" id=\"answer-id-93\" class=\"answer   answerof-29 \" value=\"93\"><label for=\"answer-id-93\" id=\"answer-label-93\" class=\" answer\"><span><p>terade koorimisel ja purustamisel<\/p><\/span><\/label><\/div><!-- end question-choices--><\/div><!-- end questionWrap--><\/div><\/div><div class=\"watu-question \" id=\"question-5\" style=\";\"><div id=\"questionWrap-5\" class=\"  watupro-required-27 watupro-question-id-27\">\n\t\t\t<div class=\"question-content\"><div><p>Odrajahu sobib v\u00e4ga h\u00e4sti k\u00fcpsetamiseks, sest sisaldab v\u00e4he\u00a0kleepainet ehk teraliimi ja seet\u00f5ttu saavad k\u00fcpsetised\u00a0h\u00e4sti kerkida.<\/p><\/div><input type=\"hidden\" name=\"question_id[]\" id=\"qID_5\" value=\"27\" class=\"watupro-question-id\"><input type=\"hidden\" id=\"answerType27\" class=\"answerTypeCnt5\" value=\"radio\"><input type=\"hidden\" id=\"watupro-required-question-27\"><!-- end question-content--><\/div><div class=\"question-choices watupro-choices-columns \" id=\"questionChoices27\"><div class=\"watupro-question-choice  \" dir=\"auto\"><input type=\"radio\" name=\"answer-27[]\" id=\"answer-id-88\" class=\"answer   answerof-27 \" value=\"88\"><label for=\"answer-id-88\" id=\"answer-label-88\" class=\" answer\"><span>True<\/span><\/label><\/div><div class=\"watupro-question-choice  \" dir=\"auto\"><input type=\"radio\" name=\"answer-27[]\" id=\"answer-id-89\" class=\"answer   answerof-27 \" value=\"89\"><label for=\"answer-id-89\" id=\"answer-label-89\" class=\" answer\"><span>False<\/span><\/label><\/div><!-- end question-choices--><\/div><!-- end questionWrap--><\/div><\/div><div class=\"watu-question \" id=\"question-6\" style=\";\"><div id=\"questionWrap-6\" class=\"  watupro-required-26 watupro-question-id-26\">\n\t\t\t<div class=\"question-content\"><div><p>Kui kaua on Eestis otra kasvatatud?<\/p><\/div><input type=\"hidden\" name=\"question_id[]\" id=\"qID_6\" value=\"26\" class=\"watupro-question-id\"><input type=\"hidden\" id=\"answerType26\" class=\"answerTypeCnt6\" value=\"radio\"><input type=\"hidden\" id=\"watupro-required-question-26\"><!-- end question-content--><\/div><div class=\"question-choices watupro-choices-columns \" id=\"questionChoices26\"><div class=\"watupro-question-choice  \" dir=\"auto\"><input type=\"radio\" name=\"answer-26[]\" id=\"answer-id-86\" class=\"answer   answerof-26 \" value=\"86\"><label for=\"answer-id-86\" id=\"answer-label-86\" class=\" answer\"><span><p>500 aastat<\/p><\/span><\/label><\/div><div class=\"watupro-question-choice  \" dir=\"auto\"><input type=\"radio\" name=\"answer-26[]\" id=\"answer-id-87\" class=\"answer   answerof-26 \" value=\"87\"><label for=\"answer-id-87\" id=\"answer-label-87\" class=\" answer\"><span><p>2000 aastat<\/p><\/span><\/label><\/div><div class=\"watupro-question-choice  \" dir=\"auto\"><input type=\"radio\" name=\"answer-26[]\" id=\"answer-id-85\" class=\"answer   answerof-26 \" value=\"85\"><label for=\"answer-id-85\" id=\"answer-label-85\" class=\" answer\"><span><p>4000 aastat<\/p><\/span><\/label><\/div><!-- end question-choices--><\/div><!-- end questionWrap--><\/div><\/div><div class=\"watu-question \" id=\"question-7\" style=\";\"><div id=\"questionWrap-7\" class=\"  watupro-required-31 watupro-question-id-31\">\n\t\t\t<div class=\"question-content\"><div><p>Miks on t\u00e4isteratooted kasulikud?<\/p><\/div><input type=\"hidden\" name=\"question_id[]\" id=\"qID_7\" value=\"31\" class=\"watupro-question-id\"><input type=\"hidden\" id=\"answerType31\" class=\"answerTypeCnt7\" value=\"checkbox\"><input type=\"hidden\" id=\"watupro-required-question-31\"><!-- end question-content--><\/div><div class=\"question-choices watupro-choices-columns \" id=\"questionChoices31\"><div class=\"watupro-question-choice  \" dir=\"auto\"><input type=\"checkbox\" name=\"answer-31[]\" id=\"answer-id-96\" class=\"answer   answerof-31 \" value=\"96\"><label for=\"answer-id-96\" id=\"answer-label-96\" class=\" answer\"><span><p>t\u00e4isteratoodetes on s\u00e4ilinud vajalikud kiudained, vitamiinid ja mineraalained<\/p><\/span><\/label><\/div><div class=\"watupro-question-choice  \" dir=\"auto\"><input type=\"checkbox\" name=\"answer-31[]\" id=\"answer-id-98\" class=\"answer   answerof-31 \" value=\"98\"><label for=\"answer-id-98\" id=\"answer-label-98\" class=\" answer\"><span><p>t\u00e4isteratoodete puhul on teradelt kooritud \u00e4ra kestad, seet\u00f5ttu on tooted paremini seeditavad<\/p><\/span><\/label><\/div><div class=\"watupro-question-choice  \" dir=\"auto\"><input type=\"checkbox\" name=\"answer-31[]\" id=\"answer-id-97\" class=\"answer   answerof-31 \" value=\"97\"><label for=\"answer-id-97\" id=\"answer-label-97\" class=\" answer\"><span><p>t\u00e4isteratooted hoiavad k\u00f5hu kauem t\u00e4is ja aitavad v\u00e4ltida n\u00e4ljatunnet<\/p><\/span><\/label><\/div><div class=\"watupro-question-choice  \" dir=\"auto\"><input type=\"checkbox\" name=\"answer-31[]\" id=\"answer-id-99\" class=\"answer   answerof-31 \" value=\"99\"><label for=\"answer-id-99\" id=\"answer-label-99\" class=\" answer\"><span><p>t\u00e4isteratoodetes on h\u00e4sti s\u00e4ilinud rafineeritud suhkur, mis on inimesele vajalik energiaallikas<\/p><\/span><\/label><\/div><!-- end question-choices--><\/div><!-- end questionWrap--><\/div><\/div><div class=\"watu-question \" id=\"question-8\" style=\";\"><div id=\"questionWrap-8\" class=\"  watupro-required-30 watupro-question-id-30\">\n\t\t\t<div class=\"question-content\"><div><p>Otra kasvatatakse ka loomadele s\u00f6\u00f6daks.<\/p><\/div><input type=\"hidden\" name=\"question_id[]\" id=\"qID_8\" value=\"30\" class=\"watupro-question-id\"><input type=\"hidden\" id=\"answerType30\" class=\"answerTypeCnt8\" value=\"radio\"><input type=\"hidden\" id=\"watupro-required-question-30\"><!-- end question-content--><\/div><div class=\"question-choices watupro-choices-columns \" id=\"questionChoices30\"><div class=\"watupro-question-choice  \" dir=\"auto\"><input type=\"radio\" name=\"answer-30[]\" id=\"answer-id-94\" class=\"answer   answerof-30 \" value=\"94\"><label for=\"answer-id-94\" id=\"answer-label-94\" class=\" answer\"><span>True<\/span><\/label><\/div><div class=\"watupro-question-choice  \" dir=\"auto\"><input type=\"radio\" name=\"answer-30[]\" id=\"answer-id-95\" class=\"answer   answerof-30 \" value=\"95\"><label for=\"answer-id-95\" id=\"answer-label-95\" class=\" answer\"><span>False<\/span><\/label><\/div><!-- end question-choices--><\/div><!-- end questionWrap--><\/div><\/div><div style=\"display:none\" id=\"question-9\">\n\t<div class=\"question-content\">\n\t\t<img loading=\"lazy\" decoding=\"async\" src=\"https:\/\/sisu.ut.ee\/wp-content\/plugins\/watupro\/img\/loading.gif\" width=\"16\" height=\"16\" alt=\"Loading...\" title=\"Loading...\">\u00a0Loading...\t<\/div>\n<\/div>\n\n<br>\n\t\n\t\t\t<div class=\"watupro_buttons flex \" id=\"watuPROButtons6\">\n\t\t  <div id=\"prev-question\" style=\"display:none;\"><input type=\"button\" value=\"&lt; Previous\" onclick=\"WatuPRO.nextQuestion(event, 'previous');\"><\/div>\t\t  \t\t  \t\t   \n\t\t   \t  \t\t<div><input type=\"button\" name=\"action\" class=\"watupro-submit-button\" onclick=\"WatuPRO.submitResult(event)\" id=\"action-button\" value=\"View Results\">\n\t\t<\/div>\n\t\t<\/div>\n\t\t\n\t<input type=\"hidden\" name=\"quiz_id\" value=\"6\" id=\"watuPROExamID\">\n\t<input type=\"hidden\" name=\"start_time\" id=\"startTime\" value=\"2026-04-14 21:33:28\">\n\t<input type=\"hidden\" name=\"start_timestamp\" id=\"startTimeStamp\" value=\"1776202408\">\n\t<input type=\"hidden\" name=\"question_ids\" value=\"\">\n\t<input type=\"hidden\" name=\"watupro_questions\" value=\"24:81 | 25:82,84,83 | 28:90 | 29:92,91,93 | 27:88,89 | 26:86,87,85 | 31:96,98,97,99 | 30:94,95\">\n\t<input type=\"hidden\" name=\"no_ajax\" value=\"0\">\t\t\t<\/form>\n\t<p>\u00a0<\/p>\n<\/div>\n\n<script type=\"text\/javascript\">\n\/\/jQuery(document).ready(function(){\ndocument.addEventListener(\"DOMContentLoaded\", function(event) { \t\nvar question_ids = \"24,25,28,29,27,26,31,30\";\nWatuPROSettings[6] = {};\nWatuPRO.qArr = question_ids.split(',');\nWatuPRO.exam_id = 6;\t    \nWatuPRO.post_id = 282;\nWatuPRO.store_progress = 0;\nWatuPRO.curCatPage = 1;\nWatuPRO.requiredIDs=\"0,24,25,28,29,27,26,31,30\".split(\",\");\nWatuPRO.hAppID = \"0.14555400 1776191608\";\nvar url = \"https:\/\/sisu.ut.ee\/wp-content\/plugins\/watupro\/show_exam.php\";\nWatuPRO.examMode = 1;\nWatuPRO.siteURL=\"https:\/\/sisu.ut.ee\/teravili\/wp-admin\/admin-ajax.php\";\nWatuPRO.emailIsNotRequired = 0;\nWatuPRO.perDecade = 10;\nWatuPROIntel.init(6);\nWatuPRO.inCategoryPages=1;});    \t \n<\/script>\n\n","protected":false},"excerpt":{"rendered":"","protected":false},"author":9,"featured_media":0,"parent":0,"menu_order":0,"comment_status":"closed","ping_status":"closed","template":"","meta":{"_acf_changed":false,"inline_featured_image":false,"footnotes":""},"class_list":["post-282","page","type-page","status-publish","hentry"],"acf":[],"_links":{"self":[{"href":"https:\/\/sisu.ut.ee\/teravili\/wp-json\/wp\/v2\/pages\/282","targetHints":{"allow":["GET"]}}],"collection":[{"href":"https:\/\/sisu.ut.ee\/teravili\/wp-json\/wp\/v2\/pages"}],"about":[{"href":"https:\/\/sisu.ut.ee\/teravili\/wp-json\/wp\/v2\/types\/page"}],"author":[{"embeddable":true,"href":"https:\/\/sisu.ut.ee\/teravili\/wp-json\/wp\/v2\/users\/9"}],"replies":[{"embeddable":true,"href":"https:\/\/sisu.ut.ee\/teravili\/wp-json\/wp\/v2\/comments?post=282"}],"version-history":[{"count":0,"href":"https:\/\/sisu.ut.ee\/teravili\/wp-json\/wp\/v2\/pages\/282\/revisions"}],"wp:attachment":[{"href":"https:\/\/sisu.ut.ee\/teravili\/wp-json\/wp\/v2\/media?parent=282"}],"curies":[{"name":"wp","href":"https:\/\/api.w.org\/{rel}","templated":true}]}}