{"id":281,"date":"2024-04-26T08:58:13","date_gmt":"2024-04-26T05:58:13","guid":{"rendered":"https:\/\/sisu.ut.ee\/teravili\/testi-oma-teadmisi-kaer\/"},"modified":"2024-04-26T08:58:13","modified_gmt":"2024-04-26T05:58:13","slug":"testi-oma-teadmisi-kaer","status":"publish","type":"page","link":"https:\/\/sisu.ut.ee\/teravili\/testi-oma-teadmisi-kaer\/","title":{"rendered":"Testi oma teadmisi &#8211; kaer"},"content":{"rendered":"<div id=\"watupro_quiz\" class=\"quiz-area single-page-quiz\">\n<p id=\"submittingExam7\" style=\"display:none;text-align:center;\"><img loading=\"lazy\" decoding=\"async\" src=\"https:\/\/sisu.ut.ee\/wp-content\/plugins\/watupro\/img\/loading.gif\" width=\"16\" height=\"16\"><\/p>\n\n\n\n<form action=\"\" method=\"post\" class=\"quiz-form\" id=\"quiz-7\" enctype=\"multipart\/form-data\">\n<div class=\"watu-question \" id=\"question-1\" style=\";\"><div id=\"questionWrap-1\" class=\"  watupro-required-32 watupro-question-id-32\">\n\t\t\t<div class=\"question-content\"><p>Kui toodete valmistamisel kasutatakse \u00e4ra kogu viljatera koos kestaga|nimetatakse neid\u00a0<select name=\"gap_32_1\" class=\"watupro-gap answer answerof-32\"><option value=\"\"><\/option><option value=\"teravilja\">teravilja<\/option><option value=\"t\u00e4istera\">t\u00e4istera<\/option><option value=\"vilja\">vilja<\/option><\/select> toodeteks.<\/p>\n<input type=\"hidden\" name=\"question_id[]\" id=\"qID_1\" value=\"32\" class=\"watupro-question-id\"><input type=\"hidden\" id=\"answerType32\" class=\"answerTypeCnt1\" value=\"gaps\"><input type=\"hidden\" id=\"watupro-required-question-32\"><!-- end question-content--><\/div><!-- end questionWrap--><\/div><\/div><div class=\"watu-question \" id=\"question-2\" style=\";\"><div id=\"questionWrap-2\" class=\"  watupro-required-35 watupro-question-id-35\">\n\t\t\t<div class=\"question-content\"><div><p>Kaeral ei ole \u00fchtset viljapead, terised ripuvad pikkade varte otsas.<\/p><\/div><input type=\"hidden\" name=\"question_id[]\" id=\"qID_2\" value=\"35\" class=\"watupro-question-id\"><input type=\"hidden\" id=\"answerType35\" class=\"answerTypeCnt2\" value=\"radio\"><input type=\"hidden\" id=\"watupro-required-question-35\"><!-- end question-content--><\/div><div class=\"question-choices watupro-choices-columns \" id=\"questionChoices35\"><div class=\"watupro-question-choice  \" dir=\"auto\"><input type=\"radio\" name=\"answer-35[]\" id=\"answer-id-108\" class=\"answer   answerof-35 \" value=\"108\"><label for=\"answer-id-108\" id=\"answer-label-108\" class=\" answer\"><span>True<\/span><\/label><\/div><div class=\"watupro-question-choice  \" dir=\"auto\"><input type=\"radio\" name=\"answer-35[]\" id=\"answer-id-109\" class=\"answer   answerof-35 \" value=\"109\"><label for=\"answer-id-109\" id=\"answer-label-109\" class=\" answer\"><span>False<\/span><\/label><\/div><!-- end question-choices--><\/div><!-- end questionWrap--><\/div><\/div><div class=\"watu-question \" id=\"question-3\" style=\";\"><div id=\"questionWrap-3\" class=\"  watupro-required-34 watupro-question-id-34\">\n\t\t\t<div class=\"question-content\"><div><p>Millisel pildil on kaera viljapea ja terised?<\/p><\/div><input type=\"hidden\" name=\"question_id[]\" id=\"qID_3\" value=\"34\" class=\"watupro-question-id\"><input type=\"hidden\" id=\"answerType34\" class=\"answerTypeCnt3\" value=\"radio\"><input type=\"hidden\" id=\"watupro-required-question-34\"><!-- end question-content--><\/div><div class=\"question-choices watupro-choices-columns \" id=\"questionChoices34\"><div class=\"watupro-question-choice  \" dir=\"auto\"><input type=\"radio\" name=\"answer-34[]\" id=\"answer-id-106\" class=\"answer   answerof-34 \" value=\"106\"><label for=\"answer-id-106\" id=\"answer-label-106\" class=\" answer\"><span><p><img loading=\"lazy\" decoding=\"async\" width=\"2560\" height=\"2560\" class=\"alignnone wp-image-159\" style=\"\" src=\"https:\/\/multisite.ut.ee\/wp-content\/uploads\/sites\/479\/20201018_172603-scaled.jpg\" title=\"20201018_172603.jpg\" alt=\"Nisu\" srcset=\"https:\/\/sisu.ut.ee\/wp-content\/uploads\/sites\/479\/20201018_172603-scaled.jpg 2560w, https:\/\/sisu.ut.ee\/wp-content\/uploads\/sites\/479\/20201018_172603-300x300.jpg 300w, https:\/\/sisu.ut.ee\/wp-content\/uploads\/sites\/479\/20201018_172603-1024x1024.jpg 1024w, https:\/\/sisu.ut.ee\/wp-content\/uploads\/sites\/479\/20201018_172603-150x150.jpg 150w, https:\/\/sisu.ut.ee\/wp-content\/uploads\/sites\/479\/20201018_172603-768x768.jpg 768w, https:\/\/sisu.ut.ee\/wp-content\/uploads\/sites\/479\/20201018_172603-1536x1536.jpg 1536w, https:\/\/sisu.ut.ee\/wp-content\/uploads\/sites\/479\/20201018_172603-2048x2048.jpg 2048w, https:\/\/sisu.ut.ee\/wp-content\/uploads\/sites\/479\/20201018_172603-1920x1920.jpg 1920w\" sizes=\"auto, (max-width: 2560px) 100vw, 2560px\"><\/p><\/span><\/label><\/div><div class=\"watupro-question-choice  \" dir=\"auto\"><input type=\"radio\" name=\"answer-34[]\" id=\"answer-id-105\" class=\"answer   answerof-34 \" value=\"105\"><label for=\"answer-id-105\" id=\"answer-label-105\" class=\" answer\"><span><p><img loading=\"lazy\" decoding=\"async\" width=\"2560\" height=\"2560\" class=\"alignnone wp-image-39\" style=\"\" src=\"https:\/\/multisite.ut.ee\/wp-content\/uploads\/sites\/479\/20201018_173851-scaled.jpg\" title=\"20201018_173851.jpg\" alt=\"Kaerapea\" srcset=\"https:\/\/sisu.ut.ee\/wp-content\/uploads\/sites\/479\/20201018_173851-scaled.jpg 2560w, https:\/\/sisu.ut.ee\/wp-content\/uploads\/sites\/479\/20201018_173851-300x300.jpg 300w, https:\/\/sisu.ut.ee\/wp-content\/uploads\/sites\/479\/20201018_173851-1024x1024.jpg 1024w, https:\/\/sisu.ut.ee\/wp-content\/uploads\/sites\/479\/20201018_173851-150x150.jpg 150w, https:\/\/sisu.ut.ee\/wp-content\/uploads\/sites\/479\/20201018_173851-768x768.jpg 768w, https:\/\/sisu.ut.ee\/wp-content\/uploads\/sites\/479\/20201018_173851-1536x1536.jpg 1536w, https:\/\/sisu.ut.ee\/wp-content\/uploads\/sites\/479\/20201018_173851-2048x2048.jpg 2048w, https:\/\/sisu.ut.ee\/wp-content\/uploads\/sites\/479\/20201018_173851-1920x1920.jpg 1920w\" sizes=\"auto, (max-width: 2560px) 100vw, 2560px\"><\/p><\/span><\/label><\/div><div class=\"watupro-question-choice  \" dir=\"auto\"><input type=\"radio\" name=\"answer-34[]\" id=\"answer-id-107\" class=\"answer   answerof-34 \" value=\"107\"><label for=\"answer-id-107\" id=\"answer-label-107\" class=\" answer\"><span><p><img loading=\"lazy\" decoding=\"async\" width=\"1080\" height=\"1440\" class=\"alignnone wp-image-40\" style=\"\" src=\"https:\/\/multisite.ut.ee\/wp-content\/uploads\/sites\/479\/dji_20201018_174450_105.jpg\" title=\"dji_20201018_174450_105.jpg\" alt=\"Kaerapea\" srcset=\"https:\/\/sisu.ut.ee\/wp-content\/uploads\/sites\/479\/dji_20201018_174450_105.jpg 1080w, https:\/\/sisu.ut.ee\/wp-content\/uploads\/sites\/479\/dji_20201018_174450_105-225x300.jpg 225w, https:\/\/sisu.ut.ee\/wp-content\/uploads\/sites\/479\/dji_20201018_174450_105-768x1024.jpg 768w\" sizes=\"auto, (max-width: 1080px) 100vw, 1080px\"><\/p><\/span><\/label><\/div><!-- end question-choices--><\/div><!-- end questionWrap--><\/div><\/div><div class=\"watu-question \" id=\"question-4\" style=\";\"><div id=\"questionWrap-4\" class=\"  watupro-required-37 watupro-question-id-37\">\n\t\t\t<div class=\"question-content\"><div><p>Miks on t\u00e4isteratooted kasulikud?<\/p><\/div><input type=\"hidden\" name=\"question_id[]\" id=\"qID_4\" value=\"37\" class=\"watupro-question-id\"><input type=\"hidden\" id=\"answerType37\" class=\"answerTypeCnt4\" value=\"checkbox\"><input type=\"hidden\" id=\"watupro-required-question-37\"><!-- end question-content--><\/div><div class=\"question-choices watupro-choices-columns \" id=\"questionChoices37\"><div class=\"watupro-question-choice  \" dir=\"auto\"><input type=\"checkbox\" name=\"answer-37[]\" id=\"answer-id-117\" class=\"answer   answerof-37 \" value=\"117\"><label for=\"answer-id-117\" id=\"answer-label-117\" class=\" answer\"><span><p>t\u00e4isteratoodetes on s\u00e4ilinud vajalikud\u00a0kiudained, vitamiinid\u00a0ja mineraalained<\/p><\/span><\/label><\/div><div class=\"watupro-question-choice  \" dir=\"auto\"><input type=\"checkbox\" name=\"answer-37[]\" id=\"answer-id-115\" class=\"answer   answerof-37 \" value=\"115\"><label for=\"answer-id-115\" id=\"answer-label-115\" class=\" answer\"><span><p>t\u00e4isteratooted hoiavad k\u00f5hu kauem t\u00e4is ja aitavad v\u00e4ltida n\u00e4ljatunnet<\/p><\/span><\/label><\/div><div class=\"watupro-question-choice  \" dir=\"auto\"><input type=\"checkbox\" name=\"answer-37[]\" id=\"answer-id-116\" class=\"answer   answerof-37 \" value=\"116\"><label for=\"answer-id-116\" id=\"answer-label-116\" class=\" answer\"><span><p>t\u00e4isteratoodete puhul on teradelt kooritud \u00e4ra kestad, seet\u00f5ttu on tooted paremini seeditavad<\/p><\/span><\/label><\/div><div class=\"watupro-question-choice  \" dir=\"auto\"><input type=\"checkbox\" name=\"answer-37[]\" id=\"answer-id-118\" class=\"answer   answerof-37 \" value=\"118\"><label for=\"answer-id-118\" id=\"answer-label-118\" class=\" answer\"><span><p>t\u00e4isteratoodetes on h\u00e4sti s\u00e4ilinud rafineeritud suhkur, mis on inimesele vajalik energiaallikas<\/p><\/span><\/label><\/div><!-- end question-choices--><\/div><!-- end questionWrap--><\/div><\/div><div class=\"watu-question \" id=\"question-5\" style=\";\"><div id=\"questionWrap-5\" class=\"  watupro-required-33 watupro-question-id-33\">\n\t\t\t<div class=\"question-content\"><div><p>Milliste loomade lemmiktoidu hulka kuulub ka kaer?<\/p><\/div><input type=\"hidden\" name=\"question_id[]\" id=\"qID_5\" value=\"33\" class=\"watupro-question-id\"><input type=\"hidden\" id=\"answerType33\" class=\"answerTypeCnt5\" value=\"radio\"><input type=\"hidden\" id=\"watupro-required-question-33\"><!-- end question-content--><\/div><div class=\"question-choices watupro-choices-columns \" id=\"questionChoices33\"><div class=\"watupro-question-choice  \" dir=\"auto\"><input type=\"radio\" name=\"answer-33[]\" id=\"answer-id-104\" class=\"answer   answerof-33 \" value=\"104\"><label for=\"answer-id-104\" id=\"answer-label-104\" class=\" answer\"><span><p>lambad<\/p><\/span><\/label><\/div><div class=\"watupro-question-choice  \" dir=\"auto\"><input type=\"radio\" name=\"answer-33[]\" id=\"answer-id-101\" class=\"answer   answerof-33 \" value=\"101\"><label for=\"answer-id-101\" id=\"answer-label-101\" class=\" answer\"><span><p>hobused<\/p><\/span><\/label><\/div><div class=\"watupro-question-choice  \" dir=\"auto\"><input type=\"radio\" name=\"answer-33[]\" id=\"answer-id-103\" class=\"answer   answerof-33 \" value=\"103\"><label for=\"answer-id-103\" id=\"answer-label-103\" class=\" answer\"><span><p>kitsed<\/p><\/span><\/label><\/div><div class=\"watupro-question-choice  \" dir=\"auto\"><input type=\"radio\" name=\"answer-33[]\" id=\"answer-id-102\" class=\"answer   answerof-33 \" value=\"102\"><label for=\"answer-id-102\" id=\"answer-label-102\" class=\" answer\"><span><p>lehmad<\/p><\/span><\/label><\/div><!-- end question-choices--><\/div><!-- end questionWrap--><\/div><\/div><div class=\"watu-question \" id=\"question-6\" style=\";\"><div id=\"questionWrap-6\" class=\"  watupro-required-36 watupro-question-id-36\">\n\t\t\t<div class=\"question-content\"><div><p>Kaer on inimesele kasulik, sest sisaldab palju...<\/p><\/div><input type=\"hidden\" name=\"question_id[]\" id=\"qID_6\" value=\"36\" class=\"watupro-question-id\"><input type=\"hidden\" id=\"answerType36\" class=\"answerTypeCnt6\" value=\"checkbox\"><input type=\"hidden\" id=\"watupro-required-question-36\"><!-- end question-content--><\/div><div class=\"question-choices watupro-choices-columns \" id=\"questionChoices36\"><div class=\"watupro-question-choice  \" dir=\"auto\"><input type=\"checkbox\" name=\"answer-36[]\" id=\"answer-id-111\" class=\"answer   answerof-36 \" value=\"111\"><label for=\"answer-id-111\" id=\"answer-label-111\" class=\" answer\"><span><p>mineraalaineid<\/p><\/span><\/label><\/div><div class=\"watupro-question-choice  \" dir=\"auto\"><input type=\"checkbox\" name=\"answer-36[]\" id=\"answer-id-110\" class=\"answer   answerof-36 \" value=\"110\"><label for=\"answer-id-110\" id=\"answer-label-110\" class=\" answer\"><span><p>teraliimi ehk gluteeni<\/p><\/span><\/label><\/div><div class=\"watupro-question-choice  \" dir=\"auto\"><input type=\"checkbox\" name=\"answer-36[]\" id=\"answer-id-112\" class=\"answer   answerof-36 \" value=\"112\"><label for=\"answer-id-112\" id=\"answer-label-112\" class=\" answer\"><span><p>vitamiine<\/p><\/span><\/label><\/div><div class=\"watupro-question-choice  \" dir=\"auto\"><input type=\"checkbox\" name=\"answer-36[]\" id=\"answer-id-114\" class=\"answer   answerof-36 \" value=\"114\"><label for=\"answer-id-114\" id=\"answer-label-114\" class=\" answer\"><span><p>rafineeritud suhkrut<\/p><\/span><\/label><\/div><div class=\"watupro-question-choice  \" dir=\"auto\"><input type=\"checkbox\" name=\"answer-36[]\" id=\"answer-id-113\" class=\"answer   answerof-36 \" value=\"113\"><label for=\"answer-id-113\" id=\"answer-label-113\" class=\" answer\"><span><p>vett<\/p><\/span><\/label><\/div><!-- end question-choices--><\/div><!-- end questionWrap--><\/div><\/div><div style=\"display:none\" id=\"question-7\">\n\t<div class=\"question-content\">\n\t\t<img loading=\"lazy\" decoding=\"async\" src=\"https:\/\/sisu.ut.ee\/wp-content\/plugins\/watupro\/img\/loading.gif\" width=\"16\" height=\"16\" alt=\"Loading...\" title=\"Loading...\">\u00a0Loading...\t<\/div>\n<\/div>\n\n<br>\n\t\n\t\t\t<div class=\"watupro_buttons flex \" id=\"watuPROButtons7\">\n\t\t  <div id=\"prev-question\" style=\"display:none;\"><input type=\"button\" value=\"&lt; Previous\" onclick=\"WatuPRO.nextQuestion(event, 'previous');\"><\/div>\t\t  \t\t  \t\t   \n\t\t   \t  \t\t<div><input type=\"button\" name=\"action\" class=\"watupro-submit-button\" onclick=\"WatuPRO.submitResult(event)\" id=\"action-button\" value=\"View Results\">\n\t\t<\/div>\n\t\t<\/div>\n\t\t\n\t<input type=\"hidden\" name=\"quiz_id\" value=\"7\" id=\"watuPROExamID\">\n\t<input type=\"hidden\" name=\"start_time\" id=\"startTime\" value=\"2026-04-14 21:33:29\">\n\t<input type=\"hidden\" name=\"start_timestamp\" id=\"startTimeStamp\" value=\"1776202409\">\n\t<input type=\"hidden\" name=\"question_ids\" value=\"\">\n\t<input type=\"hidden\" name=\"watupro_questions\" value=\"32:100 | 35:108,109 | 34:106,105,107 | 37:117,115,116,118 | 33:104,101,103,102 | 36:111,110,112,114,113\">\n\t<input type=\"hidden\" name=\"no_ajax\" value=\"0\">\t\t\t<\/form>\n\t<p>\u00a0<\/p>\n<\/div>\n\n<script type=\"text\/javascript\">\n\/\/jQuery(document).ready(function(){\ndocument.addEventListener(\"DOMContentLoaded\", function(event) { \t\nvar question_ids = \"32,35,34,37,33,36\";\nWatuPROSettings[7] = {};\nWatuPRO.qArr = question_ids.split(',');\nWatuPRO.exam_id = 7;\t    \nWatuPRO.post_id = 281;\nWatuPRO.store_progress = 0;\nWatuPRO.curCatPage = 1;\nWatuPRO.requiredIDs=\"0,32,35,34,37,33,36\".split(\",\");\nWatuPRO.hAppID = \"0.02111400 1776191609\";\nvar url = \"https:\/\/sisu.ut.ee\/wp-content\/plugins\/watupro\/show_exam.php\";\nWatuPRO.examMode = 1;\nWatuPRO.siteURL=\"https:\/\/sisu.ut.ee\/teravili\/wp-admin\/admin-ajax.php\";\nWatuPRO.emailIsNotRequired = 0;\nWatuPRO.perDecade = 10;\nWatuPROIntel.init(7);\nWatuPRO.inCategoryPages=1;});    \t \n<\/script>\n\n","protected":false},"excerpt":{"rendered":"","protected":false},"author":9,"featured_media":0,"parent":0,"menu_order":0,"comment_status":"closed","ping_status":"closed","template":"","meta":{"_acf_changed":false,"inline_featured_image":false,"footnotes":""},"class_list":["post-281","page","type-page","status-publish","hentry"],"acf":[],"_links":{"self":[{"href":"https:\/\/sisu.ut.ee\/teravili\/wp-json\/wp\/v2\/pages\/281","targetHints":{"allow":["GET"]}}],"collection":[{"href":"https:\/\/sisu.ut.ee\/teravili\/wp-json\/wp\/v2\/pages"}],"about":[{"href":"https:\/\/sisu.ut.ee\/teravili\/wp-json\/wp\/v2\/types\/page"}],"author":[{"embeddable":true,"href":"https:\/\/sisu.ut.ee\/teravili\/wp-json\/wp\/v2\/users\/9"}],"replies":[{"embeddable":true,"href":"https:\/\/sisu.ut.ee\/teravili\/wp-json\/wp\/v2\/comments?post=281"}],"version-history":[{"count":0,"href":"https:\/\/sisu.ut.ee\/teravili\/wp-json\/wp\/v2\/pages\/281\/revisions"}],"wp:attachment":[{"href":"https:\/\/sisu.ut.ee\/teravili\/wp-json\/wp\/v2\/media?parent=281"}],"curies":[{"name":"wp","href":"https:\/\/api.w.org\/{rel}","templated":true}]}}