{"id":279,"date":"2024-04-26T08:57:18","date_gmt":"2024-04-26T05:57:18","guid":{"rendered":"https:\/\/sisu.ut.ee\/teravili\/testi-oma-teadmisi-mais\/"},"modified":"2024-04-26T08:57:18","modified_gmt":"2024-04-26T05:57:18","slug":"testi-oma-teadmisi-mais","status":"publish","type":"page","link":"https:\/\/sisu.ut.ee\/teravili\/testi-oma-teadmisi-mais\/","title":{"rendered":"Testi oma teadmisi &#8211; mais"},"content":{"rendered":"<div id=\"watupro_quiz\" class=\"quiz-area single-page-quiz\">\n<p id=\"submittingExam9\" style=\"display:none;text-align:center;\"><img loading=\"lazy\" decoding=\"async\" src=\"https:\/\/sisu.ut.ee\/wp-content\/plugins\/watupro\/img\/loading.gif\" width=\"16\" height=\"16\"><\/p>\n\n\n\n<form action=\"\" method=\"post\" class=\"quiz-form\" id=\"quiz-9\" enctype=\"multipart\/form-data\">\n<div class=\"watu-question \" id=\"question-1\" style=\";\"><div id=\"questionWrap-1\" class=\"  watupro-required-50 watupro-question-id-50\">\n\t\t\t<div class=\"question-content\"><div><p>Kuidas maisi kasutatakse?<\/p><\/div><input type=\"hidden\" name=\"question_id[]\" id=\"qID_1\" value=\"50\" class=\"watupro-question-id\"><input type=\"hidden\" id=\"answerType50\" class=\"answerTypeCnt1\" value=\"checkbox\"><input type=\"hidden\" id=\"watupro-required-question-50\"><!-- end question-content--><\/div><div class=\"question-choices watupro-choices-columns \" id=\"questionChoices50\"><div class=\"watupro-question-choice  \" dir=\"auto\"><input type=\"checkbox\" name=\"answer-50[]\" id=\"answer-id-155\" class=\"answer   answerof-50 \" value=\"155\"><label for=\"answer-id-155\" id=\"answer-label-155\" class=\" answer\"><span><p>v\u00e4rske maisit\u00f5lvikuna<\/p><\/span><\/label><\/div><div class=\"watupro-question-choice  \" dir=\"auto\"><input type=\"checkbox\" name=\"answer-50[]\" id=\"answer-id-154\" class=\"answer   answerof-50 \" value=\"154\"><label for=\"answer-id-154\" id=\"answer-label-154\" class=\" answer\"><span><p>helvestena<\/p><\/span><\/label><\/div><div class=\"watupro-question-choice  \" dir=\"auto\"><input type=\"checkbox\" name=\"answer-50[]\" id=\"answer-id-157\" class=\"answer   answerof-50 \" value=\"157\"><label for=\"answer-id-157\" id=\"answer-label-157\" class=\" answer\"><span><p>tangudena<\/p><\/span><\/label><\/div><div class=\"watupro-question-choice  \" dir=\"auto\"><input type=\"checkbox\" name=\"answer-50[]\" id=\"answer-id-158\" class=\"answer   answerof-50 \" value=\"158\"><label for=\"answer-id-158\" id=\"answer-label-158\" class=\" answer\"><span><p>kliidena<\/p><\/span><\/label><\/div><div class=\"watupro-question-choice  \" dir=\"auto\"><input type=\"checkbox\" name=\"answer-50[]\" id=\"answer-id-156\" class=\"answer   answerof-50 \" value=\"156\"><label for=\"answer-id-156\" id=\"answer-label-156\" class=\" answer\"><span><p>konserveeritud teradena<\/p><\/span><\/label><\/div><div class=\"watupro-question-choice  \" dir=\"auto\"><input type=\"checkbox\" name=\"answer-50[]\" id=\"answer-id-152\" class=\"answer   answerof-50 \" value=\"152\"><label for=\"answer-id-152\" id=\"answer-label-152\" class=\" answer\"><span><p>jahuna<\/p><\/span><\/label><\/div><div class=\"watupro-question-choice  \" dir=\"auto\"><input type=\"checkbox\" name=\"answer-50[]\" id=\"answer-id-153\" class=\"answer   answerof-50 \" value=\"153\"><label for=\"answer-id-153\" id=\"answer-label-153\" class=\" answer\"><span><p>mannana<\/p><\/span><\/label><\/div><!-- end question-choices--><\/div><!-- end questionWrap--><\/div><\/div><div class=\"watu-question \" id=\"question-2\" style=\";\"><div id=\"questionWrap-2\" class=\"  watupro-required-49 watupro-question-id-49\">\n\t\t\t<div class=\"question-content\"><div><p>Mida saab maisist valmistada?\u00a0<\/p><\/div><input type=\"hidden\" name=\"question_id[]\" id=\"qID_2\" value=\"49\" class=\"watupro-question-id\"><input type=\"hidden\" id=\"answerType49\" class=\"answerTypeCnt2\" value=\"checkbox\"><input type=\"hidden\" id=\"watupro-required-question-49\"><!-- end question-content--><\/div><div class=\"question-choices watupro-choices-columns \" id=\"questionChoices49\"><div class=\"watupro-question-choice  \" dir=\"auto\"><input type=\"checkbox\" name=\"answer-49[]\" id=\"answer-id-148\" class=\"answer   answerof-49 \" value=\"148\"><label for=\"answer-id-148\" id=\"answer-label-148\" class=\" answer\"><span><p>plastmassi<\/p><\/span><\/label><\/div><div class=\"watupro-question-choice  \" dir=\"auto\"><input type=\"checkbox\" name=\"answer-49[]\" id=\"answer-id-150\" class=\"answer   answerof-49 \" value=\"150\"><label for=\"answer-id-150\" id=\"answer-label-150\" class=\" answer\"><span><p>t\u00e4rklist<\/p><\/span><\/label><\/div><div class=\"watupro-question-choice  \" dir=\"auto\"><input type=\"checkbox\" name=\"answer-49[]\" id=\"answer-id-147\" class=\"answer   answerof-49 \" value=\"147\"><label for=\"answer-id-147\" id=\"answer-label-147\" class=\" answer\"><span><p>riiet<\/p><\/span><\/label><\/div><div class=\"watupro-question-choice  \" dir=\"auto\"><input type=\"checkbox\" name=\"answer-49[]\" id=\"answer-id-151\" class=\"answer   answerof-49 \" value=\"151\"><label for=\"answer-id-151\" id=\"answer-label-151\" class=\" answer\"><span><p>siirupit<\/p><\/span><\/label><\/div><div class=\"watupro-question-choice  \" dir=\"auto\"><input type=\"checkbox\" name=\"answer-49[]\" id=\"answer-id-146\" class=\"answer   answerof-49 \" value=\"146\"><label for=\"answer-id-146\" id=\"answer-label-146\" class=\" answer\"><span><p>toidu\u00f5li<\/p><\/span><\/label><\/div><div class=\"watupro-question-choice  \" dir=\"auto\"><input type=\"checkbox\" name=\"answer-49[]\" id=\"answer-id-149\" class=\"answer   answerof-49 \" value=\"149\"><label for=\"answer-id-149\" id=\"answer-label-149\" class=\" answer\"><span><p>autok\u00fctust<\/p><\/span><\/label><\/div><!-- end question-choices--><\/div><!-- end questionWrap--><\/div><\/div><div class=\"watu-question \" id=\"question-3\" style=\";\"><div id=\"questionWrap-3\" class=\"  watupro-required-45 watupro-question-id-45\">\n\t\t\t<div class=\"question-content\"><div><p>Mais on k\u00f5ige enam toodetav teravili maailmas.<\/p><\/div><input type=\"hidden\" name=\"question_id[]\" id=\"qID_3\" value=\"45\" class=\"watupro-question-id\"><input type=\"hidden\" id=\"answerType45\" class=\"answerTypeCnt3\" value=\"radio\"><input type=\"hidden\" id=\"watupro-required-question-45\"><!-- end question-content--><\/div><div class=\"question-choices watupro-choices-columns \" id=\"questionChoices45\"><div class=\"watupro-question-choice  \" dir=\"auto\"><input type=\"radio\" name=\"answer-45[]\" id=\"answer-id-140\" class=\"answer   answerof-45 \" value=\"140\"><label for=\"answer-id-140\" id=\"answer-label-140\" class=\" answer\"><span>True<\/span><\/label><\/div><div class=\"watupro-question-choice  \" dir=\"auto\"><input type=\"radio\" name=\"answer-45[]\" id=\"answer-id-141\" class=\"answer   answerof-45 \" value=\"141\"><label for=\"answer-id-141\" id=\"answer-label-141\" class=\" answer\"><span>False<\/span><\/label><\/div><!-- end question-choices--><\/div><!-- end questionWrap--><\/div><\/div><div class=\"watu-question \" id=\"question-4\" style=\";\"><div id=\"questionWrap-4\" class=\"  watupro-required-46 watupro-question-id-46\">\n\t\t\t<div class=\"question-content\"><div><p>Eestis ei kasvatata maisi, sest meie kliima ei ole teriste valmimiseks \u00fcldse sobilik.<\/p><\/div><input type=\"hidden\" name=\"question_id[]\" id=\"qID_4\" value=\"46\" class=\"watupro-question-id\"><input type=\"hidden\" id=\"answerType46\" class=\"answerTypeCnt4\" value=\"radio\"><input type=\"hidden\" id=\"watupro-required-question-46\"><!-- end question-content--><\/div><div class=\"question-choices watupro-choices-columns \" id=\"questionChoices46\"><div class=\"watupro-question-choice  \" dir=\"auto\"><input type=\"radio\" name=\"answer-46[]\" id=\"answer-id-142\" class=\"answer   answerof-46 \" value=\"142\"><label for=\"answer-id-142\" id=\"answer-label-142\" class=\" answer\"><span>True<\/span><\/label><\/div><div class=\"watupro-question-choice  \" dir=\"auto\"><input type=\"radio\" name=\"answer-46[]\" id=\"answer-id-143\" class=\"answer   answerof-46 \" value=\"143\"><label for=\"answer-id-143\" id=\"answer-label-143\" class=\" answer\"><span>False<\/span><\/label><\/div><!-- end question-choices--><\/div><!-- end questionWrap--><\/div><\/div><div class=\"watu-question \" id=\"question-5\" style=\";\"><div id=\"questionWrap-5\" class=\"  watupro-required-48 watupro-question-id-48\">\n\t\t\t<div class=\"question-content\"><div><p>L\u00f5heneval maisil ehk rahvakeeli popcornil on veel \u00fcks nimetus. Milline? (<em>vastuses on 10 t\u00e4hte<\/em>)<\/p><\/div><input type=\"hidden\" name=\"question_id[]\" id=\"qID_5\" value=\"48\" class=\"watupro-question-id\"><input type=\"hidden\" id=\"answerType48\" class=\"answerTypeCnt5\" value=\"textarea\"><input type=\"hidden\" id=\"watupro-required-question-48\"><!-- end question-content--><\/div><div class=\"question-choices \" id=\"questionChoices48\"><p><textarea name=\"answer-48[]\" id=\"textarea_q_48\" class=\"watupro-textarea-medium\" rows=\"5\" cols=\"80\"><\/textarea>\n<\/p><!-- end question-choices--><\/div><!-- end questionWrap--><\/div><\/div><div class=\"watu-question \" id=\"question-6\" style=\";\"><div id=\"questionWrap-6\" class=\"  watupro-required-47 watupro-question-id-47\">\n\t\t\t<div class=\"question-content\"><div><p>Kuidas nimetatakse maisiterade peenestamisel saadud maisimannat? (<em>vastuses on 7 t\u00e4hte<\/em>)<\/p><\/div><input type=\"hidden\" name=\"question_id[]\" id=\"qID_6\" value=\"47\" class=\"watupro-question-id\"><input type=\"hidden\" id=\"answerType47\" class=\"answerTypeCnt6\" value=\"textarea\"><input type=\"hidden\" id=\"watupro-required-question-47\"><!-- end question-content--><\/div><div class=\"question-choices \" id=\"questionChoices47\"><p><textarea name=\"answer-47[]\" id=\"textarea_q_47\" class=\"watupro-textarea-medium\" rows=\"5\" cols=\"80\"><\/textarea>\n<\/p><!-- end question-choices--><\/div><!-- end questionWrap--><\/div><\/div><div style=\"display:none\" id=\"question-7\">\n\t<div class=\"question-content\">\n\t\t<img loading=\"lazy\" decoding=\"async\" src=\"https:\/\/sisu.ut.ee\/wp-content\/plugins\/watupro\/img\/loading.gif\" width=\"16\" height=\"16\" alt=\"Loading...\" title=\"Loading...\">\u00a0Loading...\t<\/div>\n<\/div>\n\n<br>\n\t\n\t\t\t<div class=\"watupro_buttons flex \" id=\"watuPROButtons9\">\n\t\t  <div id=\"prev-question\" style=\"display:none;\"><input type=\"button\" value=\"&lt; Previous\" onclick=\"WatuPRO.nextQuestion(event, 'previous');\"><\/div>\t\t  \t\t  \t\t   \n\t\t   \t  \t\t<div><input type=\"button\" name=\"action\" class=\"watupro-submit-button\" onclick=\"WatuPRO.submitResult(event)\" id=\"action-button\" value=\"View Results\">\n\t\t<\/div>\n\t\t<\/div>\n\t\t\n\t<input type=\"hidden\" name=\"quiz_id\" value=\"9\" id=\"watuPROExamID\">\n\t<input type=\"hidden\" name=\"start_time\" id=\"startTime\" value=\"2026-04-14 21:34:09\">\n\t<input type=\"hidden\" name=\"start_timestamp\" id=\"startTimeStamp\" value=\"1776202449\">\n\t<input type=\"hidden\" name=\"question_ids\" value=\"\">\n\t<input type=\"hidden\" name=\"watupro_questions\" value=\"50:155,154,157,158,156,152,153 | 49:148,150,147,151,146,149 | 45:140,141 | 46:142,143 | 48:145 | 47:144\">\n\t<input type=\"hidden\" name=\"no_ajax\" value=\"0\">\t\t\t<\/form>\n\t<p>\u00a0<\/p>\n<\/div>\n\n<script type=\"text\/javascript\">\n\/\/jQuery(document).ready(function(){\ndocument.addEventListener(\"DOMContentLoaded\", function(event) { \t\nvar question_ids = \"50,49,45,46,48,47\";\nWatuPROSettings[9] = {};\nWatuPRO.qArr = question_ids.split(',');\nWatuPRO.exam_id = 9;\t    \nWatuPRO.post_id = 279;\nWatuPRO.store_progress = 0;\nWatuPRO.curCatPage = 1;\nWatuPRO.requiredIDs=\"0,50,49,45,46,48,47\".split(\",\");\nWatuPRO.hAppID = \"0.05262800 1776191649\";\nvar url = \"https:\/\/sisu.ut.ee\/wp-content\/plugins\/watupro\/show_exam.php\";\nWatuPRO.examMode = 1;\nWatuPRO.siteURL=\"https:\/\/sisu.ut.ee\/teravili\/wp-admin\/admin-ajax.php\";\nWatuPRO.emailIsNotRequired = 0;\nWatuPRO.perDecade = 10;\nWatuPROIntel.init(9);\nWatuPRO.inCategoryPages=1;});    \t \n<\/script>\n\n","protected":false},"excerpt":{"rendered":"","protected":false},"author":9,"featured_media":0,"parent":0,"menu_order":0,"comment_status":"closed","ping_status":"closed","template":"","meta":{"_acf_changed":false,"inline_featured_image":false,"footnotes":""},"class_list":["post-279","page","type-page","status-publish","hentry"],"acf":[],"_links":{"self":[{"href":"https:\/\/sisu.ut.ee\/teravili\/wp-json\/wp\/v2\/pages\/279","targetHints":{"allow":["GET"]}}],"collection":[{"href":"https:\/\/sisu.ut.ee\/teravili\/wp-json\/wp\/v2\/pages"}],"about":[{"href":"https:\/\/sisu.ut.ee\/teravili\/wp-json\/wp\/v2\/types\/page"}],"author":[{"embeddable":true,"href":"https:\/\/sisu.ut.ee\/teravili\/wp-json\/wp\/v2\/users\/9"}],"replies":[{"embeddable":true,"href":"https:\/\/sisu.ut.ee\/teravili\/wp-json\/wp\/v2\/comments?post=279"}],"version-history":[{"count":0,"href":"https:\/\/sisu.ut.ee\/teravili\/wp-json\/wp\/v2\/pages\/279\/revisions"}],"wp:attachment":[{"href":"https:\/\/sisu.ut.ee\/teravili\/wp-json\/wp\/v2\/media?parent=279"}],"curies":[{"name":"wp","href":"https:\/\/api.w.org\/{rel}","templated":true}]}}