{"id":277,"date":"2024-04-26T08:55:54","date_gmt":"2024-04-26T05:55:54","guid":{"rendered":"https:\/\/sisu.ut.ee\/teravili\/testi-oma-teadmisi-tatar\/"},"modified":"2024-04-26T08:55:54","modified_gmt":"2024-04-26T05:55:54","slug":"testi-oma-teadmisi-tatar","status":"publish","type":"page","link":"https:\/\/sisu.ut.ee\/teravili\/testi-oma-teadmisi-tatar\/","title":{"rendered":"Testi oma teadmisi &#8211; tatar"},"content":{"rendered":"<div id=\"watupro_quiz\" class=\"quiz-area single-page-quiz\">\n<p id=\"submittingExam11\" style=\"display:none;text-align:center;\"><img loading=\"lazy\" decoding=\"async\" src=\"https:\/\/sisu.ut.ee\/wp-content\/plugins\/watupro\/img\/loading.gif\" width=\"16\" height=\"16\"><\/p>\n\n\n\n<form action=\"\" method=\"post\" class=\"quiz-form\" id=\"quiz-11\" enctype=\"multipart\/form-data\">\n<div class=\"watu-question \" id=\"question-1\" style=\";\"><div id=\"questionWrap-1\" class=\"  watupro-required-58 watupro-question-id-58\">\n\t\t\t<div class=\"question-content\"><div><p>Millisel pildil on tatrap\u00f5ld?<\/p><\/div><input type=\"hidden\" name=\"question_id[]\" id=\"qID_1\" value=\"58\" class=\"watupro-question-id\"><input type=\"hidden\" id=\"answerType58\" class=\"answerTypeCnt1\" value=\"checkbox\"><input type=\"hidden\" id=\"watupro-required-question-58\"><!-- end question-content--><\/div><div class=\"question-choices watupro-choices-columns \" id=\"questionChoices58\"><div class=\"watupro-question-choice  \" dir=\"auto\"><input type=\"checkbox\" name=\"answer-58[]\" id=\"answer-id-179\" class=\"answer   answerof-58 \" value=\"179\"><label for=\"answer-id-179\" id=\"answer-label-179\" class=\" answer\"><span><p><img loading=\"lazy\" decoding=\"async\" width=\"1920\" height=\"1280\" class=\"alignnone wp-image-48\" style=\"\" src=\"https:\/\/multisite.ut.ee\/wp-content\/uploads\/sites\/479\/tatrapold.jpg\" title=\"tatrapold.jpg\" alt=\"Tatrap\u00f5ld\" srcset=\"https:\/\/sisu.ut.ee\/wp-content\/uploads\/sites\/479\/tatrapold.jpg 1920w, https:\/\/sisu.ut.ee\/wp-content\/uploads\/sites\/479\/tatrapold-300x200.jpg 300w, https:\/\/sisu.ut.ee\/wp-content\/uploads\/sites\/479\/tatrapold-1024x683.jpg 1024w, https:\/\/sisu.ut.ee\/wp-content\/uploads\/sites\/479\/tatrapold-768x512.jpg 768w, https:\/\/sisu.ut.ee\/wp-content\/uploads\/sites\/479\/tatrapold-1536x1024.jpg 1536w\" sizes=\"auto, (max-width: 1920px) 100vw, 1920px\"><\/p><\/span><\/label><\/div><div class=\"watupro-question-choice  \" dir=\"auto\"><input type=\"checkbox\" name=\"answer-58[]\" id=\"answer-id-181\" class=\"answer   answerof-58 \" value=\"181\"><label for=\"answer-id-181\" id=\"answer-label-181\" class=\" answer\"><span><p><img loading=\"lazy\" decoding=\"async\" width=\"180\" height=\"140\" class=\"alignnone wp-image-54\" style=\"\" src=\"https:\/\/multisite.ut.ee\/wp-content\/uploads\/sites\/479\/20200809_123705_moment.jpg\" title=\"20200809_123705_moment.jpg\" alt=\"Odrap\u00f5ld\"><\/p><\/span><\/label><\/div><div class=\"watupro-question-choice  \" dir=\"auto\"><input type=\"checkbox\" name=\"answer-58[]\" id=\"answer-id-180\" class=\"answer   answerof-58 \" value=\"180\"><label for=\"answer-id-180\" id=\"answer-label-180\" class=\" answer\"><span><p><img loading=\"lazy\" decoding=\"async\" width=\"1920\" height=\"1440\" class=\"alignnone wp-image-45\" style=\"\" src=\"https:\/\/multisite.ut.ee\/wp-content\/uploads\/sites\/479\/harilik_hirss.jpg\" title=\"harilik_hirss.jpg\" alt=\"Harilik hirss\" srcset=\"https:\/\/sisu.ut.ee\/wp-content\/uploads\/sites\/479\/harilik_hirss.jpg 1920w, https:\/\/sisu.ut.ee\/wp-content\/uploads\/sites\/479\/harilik_hirss-300x225.jpg 300w, https:\/\/sisu.ut.ee\/wp-content\/uploads\/sites\/479\/harilik_hirss-1024x768.jpg 1024w, https:\/\/sisu.ut.ee\/wp-content\/uploads\/sites\/479\/harilik_hirss-768x576.jpg 768w, https:\/\/sisu.ut.ee\/wp-content\/uploads\/sites\/479\/harilik_hirss-1536x1152.jpg 1536w\" sizes=\"auto, (max-width: 1920px) 100vw, 1920px\"><\/p><\/span><\/label><\/div><!-- end question-choices--><\/div><!-- end questionWrap--><\/div><\/div><div class=\"watu-question \" id=\"question-2\" style=\";\"><div id=\"questionWrap-2\" class=\"  watupro-required-64 watupro-question-id-64\">\n\t\t\t<div class=\"question-content\"><div><p>Hariliku tatra \u00f5itest arenevad v\u00e4lja kastanpruunide kestadega...<\/p><\/div><input type=\"hidden\" name=\"question_id[]\" id=\"qID_2\" value=\"64\" class=\"watupro-question-id\"><input type=\"hidden\" id=\"answerType64\" class=\"answerTypeCnt2\" value=\"radio\"><input type=\"hidden\" id=\"watupro-required-question-64\"><!-- end question-content--><\/div><div class=\"question-choices watupro-choices-columns \" id=\"questionChoices64\"><div class=\"watupro-question-choice  \" dir=\"auto\"><input type=\"radio\" name=\"answer-64[]\" id=\"answer-id-195\" class=\"answer   answerof-64 \" value=\"195\"><label for=\"answer-id-195\" id=\"answer-label-195\" class=\" answer\"><span><p>kolmnurksed viljad<\/p><\/span><\/label><\/div><div class=\"watupro-question-choice  \" dir=\"auto\"><input type=\"radio\" name=\"answer-64[]\" id=\"answer-id-197\" class=\"answer   answerof-64 \" value=\"197\"><label for=\"answer-id-197\" id=\"answer-label-197\" class=\" answer\"><span><p>piklikud viljad<\/p><\/span><\/label><\/div><div class=\"watupro-question-choice  \" dir=\"auto\"><input type=\"radio\" name=\"answer-64[]\" id=\"answer-id-196\" class=\"answer   answerof-64 \" value=\"196\"><label for=\"answer-id-196\" id=\"answer-label-196\" class=\" answer\"><span><p>\u00fcmmargused viljad<\/p><\/span><\/label><\/div><!-- end question-choices--><\/div><!-- end questionWrap--><\/div><\/div><div class=\"watu-question \" id=\"question-3\" style=\";\"><div id=\"questionWrap-3\" class=\"  watupro-required-60 watupro-question-id-60\">\n\t\t\t<div class=\"question-content\"><div><p>Tatart peetakse k\u00fcll teraviljaks, kuid tegelikult on ta sugulane rabarberiga ja oblikaga ning tema vilju nimetatakse p\u00e4hkliks.<\/p><\/div><input type=\"hidden\" name=\"question_id[]\" id=\"qID_3\" value=\"60\" class=\"watupro-question-id\"><input type=\"hidden\" id=\"answerType60\" class=\"answerTypeCnt3\" value=\"radio\"><input type=\"hidden\" id=\"watupro-required-question-60\"><!-- end question-content--><\/div><div class=\"question-choices watupro-choices-columns \" id=\"questionChoices60\"><div class=\"watupro-question-choice  \" dir=\"auto\"><input type=\"radio\" name=\"answer-60[]\" id=\"answer-id-185\" class=\"answer   answerof-60 \" value=\"185\"><label for=\"answer-id-185\" id=\"answer-label-185\" class=\" answer\"><span>True<\/span><\/label><\/div><div class=\"watupro-question-choice  \" dir=\"auto\"><input type=\"radio\" name=\"answer-60[]\" id=\"answer-id-186\" class=\"answer   answerof-60 \" value=\"186\"><label for=\"answer-id-186\" id=\"answer-label-186\" class=\" answer\"><span>False<\/span><\/label><\/div><!-- end question-choices--><\/div><!-- end questionWrap--><\/div><\/div><div class=\"watu-question \" id=\"question-4\" style=\";\"><div id=\"questionWrap-4\" class=\"  watupro-required-62 watupro-question-id-62\">\n\t\t\t<div class=\"question-content\"><p>Tatratangud on terad|millel on eraldatud\u00a0<input type=\"text\" size=\"10\" name=\"gap_62_1\" class=\"watupro-gap answer answerof-62\" value=\"\"><\/p>\n<input type=\"hidden\" name=\"question_id[]\" id=\"qID_4\" value=\"62\" class=\"watupro-question-id\"><input type=\"hidden\" id=\"answerType62\" class=\"answerTypeCnt4\" value=\"gaps\"><input type=\"hidden\" id=\"watupro-required-question-62\"><!-- end question-content--><\/div><!-- end questionWrap--><\/div><\/div><div class=\"watu-question \" id=\"question-5\" style=\";\"><div id=\"questionWrap-5\" class=\"  watupro-required-63 watupro-question-id-63\">\n\t\t\t<div class=\"question-content\"><p>Kas vitamiine|mineraalaineid ja kiudkaineid sisaldab rohkem toortatar v\u00f5i tavaline tatar? \u00d5ige vastus kirjuta j\u00e4rgmisesse kasti\u00a0<input type=\"text\" size=\"10\" name=\"gap_63_1\" class=\"watupro-gap answer answerof-63\" value=\"\"><\/p>\n<input type=\"hidden\" name=\"question_id[]\" id=\"qID_5\" value=\"63\" class=\"watupro-question-id\"><input type=\"hidden\" id=\"answerType63\" class=\"answerTypeCnt5\" value=\"gaps\"><input type=\"hidden\" id=\"watupro-required-question-63\"><!-- end question-content--><\/div><!-- end questionWrap--><\/div><\/div><div class=\"watu-question \" id=\"question-6\" style=\";\"><div id=\"questionWrap-6\" class=\"  watupro-required-59 watupro-question-id-59\">\n\t\t\t<div class=\"question-content\"><div><p>Millal hakati Eestis tatart kasvatama?<\/p><\/div><input type=\"hidden\" name=\"question_id[]\" id=\"qID_6\" value=\"59\" class=\"watupro-question-id\"><input type=\"hidden\" id=\"answerType59\" class=\"answerTypeCnt6\" value=\"radio\"><input type=\"hidden\" id=\"watupro-required-question-59\"><!-- end question-content--><\/div><div class=\"question-choices watupro-choices-columns \" id=\"questionChoices59\"><div class=\"watupro-question-choice  \" dir=\"auto\"><input type=\"radio\" name=\"answer-59[]\" id=\"answer-id-183\" class=\"answer   answerof-59 \" value=\"183\"><label for=\"answer-id-183\" id=\"answer-label-183\" class=\" answer\"><span><p>19. sajandil<\/p><\/span><\/label><\/div><div class=\"watupro-question-choice  \" dir=\"auto\"><input type=\"radio\" name=\"answer-59[]\" id=\"answer-id-182\" class=\"answer   answerof-59 \" value=\"182\"><label for=\"answer-id-182\" id=\"answer-label-182\" class=\" answer\"><span><p>18. sajandil<\/p><\/span><\/label><\/div><div class=\"watupro-question-choice  \" dir=\"auto\"><input type=\"radio\" name=\"answer-59[]\" id=\"answer-id-184\" class=\"answer   answerof-59 \" value=\"184\"><label for=\"answer-id-184\" id=\"answer-label-184\" class=\" answer\"><span><p>17. sajandil<\/p><\/span><\/label><\/div><!-- end question-choices--><\/div><!-- end questionWrap--><\/div><\/div><div class=\"watu-question \" id=\"question-7\" style=\";\"><div id=\"questionWrap-7\" class=\"  watupro-required-61 watupro-question-id-61\">\n\t\t\t<div class=\"question-content\"><div><p>Milliseid toitaineid tatar j\u00e4rgmisest loetelust sisaldab?<\/p><\/div><input type=\"hidden\" name=\"question_id[]\" id=\"qID_7\" value=\"61\" class=\"watupro-question-id\"><input type=\"hidden\" id=\"answerType61\" class=\"answerTypeCnt7\" value=\"checkbox\"><input type=\"hidden\" id=\"watupro-required-question-61\"><!-- end question-content--><\/div><div class=\"question-choices watupro-choices-columns \" id=\"questionChoices61\"><div class=\"watupro-question-choice  \" dir=\"auto\"><input type=\"checkbox\" name=\"answer-61[]\" id=\"answer-id-190\" class=\"answer   answerof-61 \" value=\"190\"><label for=\"answer-id-190\" id=\"answer-label-190\" class=\" answer\"><span><p>vitamiine<\/p><\/span><\/label><\/div><div class=\"watupro-question-choice  \" dir=\"auto\"><input type=\"checkbox\" name=\"answer-61[]\" id=\"answer-id-189\" class=\"answer   answerof-61 \" value=\"189\"><label for=\"answer-id-189\" id=\"answer-label-189\" class=\" answer\"><span><p>mineraalaineid\u00a0<\/p><\/span><\/label><\/div><div class=\"watupro-question-choice  \" dir=\"auto\"><input type=\"checkbox\" name=\"answer-61[]\" id=\"answer-id-187\" class=\"answer   answerof-61 \" value=\"187\"><label for=\"answer-id-187\" id=\"answer-label-187\" class=\" answer\"><span><p>valke (aminohappeid)<\/p><\/span><\/label><\/div><div class=\"watupro-question-choice  \" dir=\"auto\"><input type=\"checkbox\" name=\"answer-61[]\" id=\"answer-id-192\" class=\"answer   answerof-61 \" value=\"192\"><label for=\"answer-id-192\" id=\"answer-label-192\" class=\" answer\"><span><p>rafineeritud suhkrut<\/p><\/span><\/label><\/div><div class=\"watupro-question-choice  \" dir=\"auto\"><input type=\"checkbox\" name=\"answer-61[]\" id=\"answer-id-188\" class=\"answer   answerof-61 \" value=\"188\"><label for=\"answer-id-188\" id=\"answer-label-188\" class=\" answer\"><span><p>gluteeni<\/p><\/span><\/label><\/div><div class=\"watupro-question-choice  \" dir=\"auto\"><input type=\"checkbox\" name=\"answer-61[]\" id=\"answer-id-191\" class=\"answer   answerof-61 \" value=\"191\"><label for=\"answer-id-191\" id=\"answer-label-191\" class=\" answer\"><span><p>kiudaineid<\/p><\/span><\/label><\/div><!-- end question-choices--><\/div><!-- end questionWrap--><\/div><\/div><div style=\"display:none\" id=\"question-8\">\n\t<div class=\"question-content\">\n\t\t<img loading=\"lazy\" decoding=\"async\" src=\"https:\/\/sisu.ut.ee\/wp-content\/plugins\/watupro\/img\/loading.gif\" width=\"16\" height=\"16\" alt=\"Loading...\" title=\"Loading...\">\u00a0Loading...\t<\/div>\n<\/div>\n\n<br>\n\t\n\t\t\t<div class=\"watupro_buttons flex \" id=\"watuPROButtons11\">\n\t\t  <div id=\"prev-question\" style=\"display:none;\"><input type=\"button\" value=\"&lt; Previous\" onclick=\"WatuPRO.nextQuestion(event, 'previous');\"><\/div>\t\t  \t\t  \t\t   \n\t\t   \t  \t\t<div><input type=\"button\" name=\"action\" class=\"watupro-submit-button\" onclick=\"WatuPRO.submitResult(event)\" id=\"action-button\" value=\"View Results\">\n\t\t<\/div>\n\t\t<\/div>\n\t\t\n\t<input type=\"hidden\" name=\"quiz_id\" value=\"11\" id=\"watuPROExamID\">\n\t<input type=\"hidden\" name=\"start_time\" id=\"startTime\" value=\"2026-04-14 22:16:20\">\n\t<input type=\"hidden\" name=\"start_timestamp\" id=\"startTimeStamp\" value=\"1776204980\">\n\t<input type=\"hidden\" name=\"question_ids\" value=\"\">\n\t<input type=\"hidden\" name=\"watupro_questions\" value=\"58:179,181,180 | 64:195,197,196 | 60:185,186 | 62:193 | 63:194 | 59:183,182,184 | 61:190,189,187,192,188,191\">\n\t<input type=\"hidden\" name=\"no_ajax\" value=\"0\">\t\t\t<\/form>\n\t<p>\u00a0<\/p>\n<\/div>\n\n<script type=\"text\/javascript\">\n\/\/jQuery(document).ready(function(){\ndocument.addEventListener(\"DOMContentLoaded\", function(event) { \t\nvar question_ids = \"58,64,60,62,63,59,61\";\nWatuPROSettings[11] = {};\nWatuPRO.qArr = question_ids.split(',');\nWatuPRO.exam_id = 11;\t    \nWatuPRO.post_id = 277;\nWatuPRO.store_progress = 0;\nWatuPRO.curCatPage = 1;\nWatuPRO.requiredIDs=\"0,58,64,60,62,63,59,61\".split(\",\");\nWatuPRO.hAppID = \"0.23169700 1776194180\";\nvar url = \"https:\/\/sisu.ut.ee\/wp-content\/plugins\/watupro\/show_exam.php\";\nWatuPRO.examMode = 1;\nWatuPRO.siteURL=\"https:\/\/sisu.ut.ee\/teravili\/wp-admin\/admin-ajax.php\";\nWatuPRO.emailIsNotRequired = 0;\nWatuPRO.perDecade = 10;\nWatuPROIntel.init(11);\nWatuPRO.inCategoryPages=1;});    \t \n<\/script>\n\n","protected":false},"excerpt":{"rendered":"","protected":false},"author":9,"featured_media":0,"parent":0,"menu_order":0,"comment_status":"closed","ping_status":"closed","template":"","meta":{"_acf_changed":false,"inline_featured_image":false,"footnotes":""},"class_list":["post-277","page","type-page","status-publish","hentry"],"acf":[],"_links":{"self":[{"href":"https:\/\/sisu.ut.ee\/teravili\/wp-json\/wp\/v2\/pages\/277","targetHints":{"allow":["GET"]}}],"collection":[{"href":"https:\/\/sisu.ut.ee\/teravili\/wp-json\/wp\/v2\/pages"}],"about":[{"href":"https:\/\/sisu.ut.ee\/teravili\/wp-json\/wp\/v2\/types\/page"}],"author":[{"embeddable":true,"href":"https:\/\/sisu.ut.ee\/teravili\/wp-json\/wp\/v2\/users\/9"}],"replies":[{"embeddable":true,"href":"https:\/\/sisu.ut.ee\/teravili\/wp-json\/wp\/v2\/comments?post=277"}],"version-history":[{"count":0,"href":"https:\/\/sisu.ut.ee\/teravili\/wp-json\/wp\/v2\/pages\/277\/revisions"}],"wp:attachment":[{"href":"https:\/\/sisu.ut.ee\/teravili\/wp-json\/wp\/v2\/media?parent=277"}],"curies":[{"name":"wp","href":"https:\/\/api.w.org\/{rel}","templated":true}]}}