{"id":23,"date":"2024-04-04T07:05:25","date_gmt":"2024-04-04T04:05:25","guid":{"rendered":"https:\/\/sisu.ut.ee\/teravili\/retsept-ja-oppevideo-kihiline-maisisalat\/"},"modified":"2024-04-04T07:07:07","modified_gmt":"2024-04-04T04:07:07","slug":"retsept-ja-oppevideo-kihiline-maisisalat","status":"publish","type":"page","link":"https:\/\/sisu.ut.ee\/teravili\/retsept-ja-oppevideo-kihiline-maisisalat\/","title":{"rendered":"Retsept ja \u00f5ppevideo KIHILINE MAISISALAT"},"content":{"rendered":"<p>\r\n\t<img loading=\"lazy\" decoding=\"async\" width=\"1240\" height=\"874\" class=\"alignnone wp-image-100\" src=\"https:\/\/sisu.ut.ee\/wp-content\/uploads\/sites\/479\/kihiline_maisisalat_3.jpg\" title=\"kihiline_maisisalat_3.jpg\" alt=\"Kihiline maisisalat 3\" srcset=\"https:\/\/sisu.ut.ee\/wp-content\/uploads\/sites\/479\/kihiline_maisisalat_3.jpg 1240w, https:\/\/sisu.ut.ee\/wp-content\/uploads\/sites\/479\/kihiline_maisisalat_3-300x211.jpg 300w, https:\/\/sisu.ut.ee\/wp-content\/uploads\/sites\/479\/kihiline_maisisalat_3-1024x722.jpg 1024w, https:\/\/sisu.ut.ee\/wp-content\/uploads\/sites\/479\/kihiline_maisisalat_3-768x541.jpg 768w\" sizes=\"auto, (max-width: 1240px) 100vw, 1240px\">\r\n<\/p>\r\n\r\n<p>\r\n\t<\/p><div class=\"ratio ratio-16x9 mb-3\"><div class=\"video-placeholder-wrapper video-placeholder-wrapper--16x9\">\n\t\t\t    <div class=\"video-placeholder d-flex justify-content-center align-items-center\">\n\t\t\t        <div class=\"overlay text-white p-2 w-100 text-center d-block justify-content-center align-items-center\">\n\t\t\t            <div>Kolmandate osapoolte sisu n\u00e4gemiseks palun n\u00f5ustu k\u00fcpsistega.<\/div>\n\t\t\t            <button class=\"btn btn-secondary btn-sm mt-1 consent-change\">Muuda n\u00f5usolekut<\/button>\n\t\t\t        <\/div>\n\t\t\t    <\/div>\n\t\t\t<\/div>\n<\/div>\r\n\r\n\r\n<p>\r\n\t\u00a0\r\n<\/p>\r\n<br><div class=\"wp-block-group attached-files-group is-layout-constrained wp-block-group-is-layout-constrained\"><div class=\"wp-block-file\"><a href=\"https:\/\/sisu.ut.ee\/wp-content\/uploads\/sites\/479\/kihiline_maisisalat.pdf\" target=\"_blank\" rel=\"noreferrer noopener\">kihiline_maisisalat.pdf<\/a><\/div><div class=\"wp-block-file\"><a href=\"https:\/\/sisu.ut.ee\/wp-content\/uploads\/sites\/479\/kihiline_maisisalat_.pdf\" target=\"_blank\" rel=\"noreferrer noopener\">kihiline_maisisalat_.pdf<\/a><\/div><\/div>","protected":false},"excerpt":{"rendered":"<p>Kolmandate osapoolte sisu n\u00e4gemiseks palun n\u00f5ustu k\u00fcpsistega. Muuda n\u00f5usolekut \u00a0<\/p>\n","protected":false},"author":247,"featured_media":0,"parent":0,"menu_order":0,"comment_status":"closed","ping_status":"closed","template":"","meta":{"_acf_changed":false,"inline_featured_image":false,"footnotes":""},"class_list":["post-23","page","type-page","status-publish","hentry"],"acf":[],"_links":{"self":[{"href":"https:\/\/sisu.ut.ee\/teravili\/wp-json\/wp\/v2\/pages\/23","targetHints":{"allow":["GET"]}}],"collection":[{"href":"https:\/\/sisu.ut.ee\/teravili\/wp-json\/wp\/v2\/pages"}],"about":[{"href":"https:\/\/sisu.ut.ee\/teravili\/wp-json\/wp\/v2\/types\/page"}],"author":[{"embeddable":true,"href":"https:\/\/sisu.ut.ee\/teravili\/wp-json\/wp\/v2\/users\/247"}],"replies":[{"embeddable":true,"href":"https:\/\/sisu.ut.ee\/teravili\/wp-json\/wp\/v2\/comments?post=23"}],"version-history":[{"count":2,"href":"https:\/\/sisu.ut.ee\/teravili\/wp-json\/wp\/v2\/pages\/23\/revisions"}],"predecessor-version":[{"id":265,"href":"https:\/\/sisu.ut.ee\/teravili\/wp-json\/wp\/v2\/pages\/23\/revisions\/265"}],"wp:attachment":[{"href":"https:\/\/sisu.ut.ee\/teravili\/wp-json\/wp\/v2\/media?parent=23"}],"curies":[{"name":"wp","href":"https:\/\/api.w.org\/{rel}","templated":true}]}}