{"id":47,"date":"2025-01-16T15:28:39","date_gmt":"2025-01-16T13:28:39","guid":{"rendered":"https:\/\/sisu.ut.ee\/tem-ta28\/?page_id=47"},"modified":"2025-01-18T20:18:52","modified_gmt":"2025-01-18T18:18:52","slug":"kontaktid","status":"publish","type":"page","link":"https:\/\/sisu.ut.ee\/tem-ta28\/kontaktid\/","title":{"rendered":"Kontaktid"},"content":{"rendered":"<p><br><strong>Reet M\u00e4ndar<\/strong> reet.mandar (\u00e4t) ut.ee mikrobioloogia osakond, Bio-ja siiirdemeditsiini instituut, Tartu \u00dclikool<\/p>\n\n\n\n<p><strong>Partnerid<\/strong><\/p>\n\n\n\n<p>BioCC O\u00dc<\/p>\n\n\n\n<p>Eesti Maa\u00fclikool\u00a0\u00a0\u00a0\u00a0\u00a0\u00a0\u00a0\u00a0\u00a0\u00a0\u00a0\u00a0\u00a0\u00a0\u00a0\u00a0\u00a0\u00a0\u00a0\u00a0\u00a0\u00a0\u00a0\u00a0\u00a0\u00a0\u00a0\u00a0\u00a0\u00a0\u00a0\u00a0\u00a0\u00a0\u00a0\u00a0\u00a0\u00a0\u00a0\u00a0\u00a0\u00a0<\/p>\n\n\n\n<p>Tere AS \u00a0\u00a0\u00a0\u00a0\u00a0\u00a0\u00a0\u00a0\u00a0\u00a0\u00a0\u00a0\u00a0\u00a0<\/p>\n\n\n\n<p>Tervisetehnoloogiate Arenduskeskus AS<\/p>\n\n\n\n<figure class=\"wp-block-image size-full is-resized\"><img loading=\"lazy\" decoding=\"async\" width=\"544\" height=\"752\" src=\"https:\/\/sisu.ut.ee\/wp-content\/uploads\/sites\/861\/image-18.png\" alt=\"\" class=\"wp-image-61\" style=\"width:216px;height:auto\" srcset=\"https:\/\/sisu.ut.ee\/wp-content\/uploads\/sites\/861\/image-18.png 544w, https:\/\/sisu.ut.ee\/wp-content\/uploads\/sites\/861\/image-18-217x300.png 217w\" sizes=\"auto, (max-width: 544px) 100vw, 544px\"><\/figure>\n\n\n\n<figure class=\"wp-block-image size-full is-resized\"><img loading=\"lazy\" decoding=\"async\" width=\"500\" height=\"266\" src=\"https:\/\/sisu.ut.ee\/wp-content\/uploads\/sites\/861\/image-16.png\" alt=\"\" class=\"wp-image-59\" style=\"width:232px;height:auto\" srcset=\"https:\/\/sisu.ut.ee\/wp-content\/uploads\/sites\/861\/image-16.png 500w, https:\/\/sisu.ut.ee\/wp-content\/uploads\/sites\/861\/image-16-300x160.png 300w\" sizes=\"auto, (max-width: 500px) 100vw, 500px\"><\/figure>\n\n\n\n<figure class=\"wp-block-image size-large is-resized\"><img loading=\"lazy\" decoding=\"async\" width=\"1024\" height=\"267\" src=\"https:\/\/sisu.ut.ee\/wp-content\/uploads\/sites\/861\/image-13-1024x267.png\" alt=\"\" class=\"wp-image-56\" style=\"width:148px;height:auto\" srcset=\"https:\/\/sisu.ut.ee\/wp-content\/uploads\/sites\/861\/image-13-1024x267.png 1024w, https:\/\/sisu.ut.ee\/wp-content\/uploads\/sites\/861\/image-13-300x78.png 300w, https:\/\/sisu.ut.ee\/wp-content\/uploads\/sites\/861\/image-13-768x200.png 768w, https:\/\/sisu.ut.ee\/wp-content\/uploads\/sites\/861\/image-13.png 1125w\" sizes=\"auto, (max-width: 1024px) 100vw, 1024px\"><\/figure>\n\n\n\n<figure class=\"wp-block-image size-full is-resized\"><img loading=\"lazy\" decoding=\"async\" width=\"244\" height=\"182\" src=\"https:\/\/sisu.ut.ee\/wp-content\/uploads\/sites\/861\/image-17.png\" alt=\"\" class=\"wp-image-60\" style=\"width:163px;height:auto\"><\/figure>\n\n\n\n<figure class=\"wp-block-image size-full is-resized\"><img loading=\"lazy\" decoding=\"async\" width=\"427\" height=\"173\" src=\"https:\/\/sisu.ut.ee\/wp-content\/uploads\/sites\/861\/image-14.png\" alt=\"\" class=\"wp-image-57\" style=\"width:246px;height:auto\" srcset=\"https:\/\/sisu.ut.ee\/wp-content\/uploads\/sites\/861\/image-14.png 427w, https:\/\/sisu.ut.ee\/wp-content\/uploads\/sites\/861\/image-14-300x122.png 300w\" sizes=\"auto, (max-width: 427px) 100vw, 427px\"><\/figure>\n","protected":false},"excerpt":{"rendered":"<p>Reet M\u00e4ndar reet.mandar (\u00e4t) ut.ee mikrobioloogia osakond, Bio-ja siiirdemeditsiini instituut, Tartu \u00dclikool Partnerid BioCC O\u00dc Eesti Maa\u00fclikool\u00a0\u00a0\u00a0\u00a0\u00a0\u00a0\u00a0\u00a0\u00a0\u00a0\u00a0\u00a0\u00a0\u00a0\u00a0\u00a0\u00a0\u00a0\u00a0\u00a0\u00a0\u00a0\u00a0\u00a0\u00a0\u00a0\u00a0\u00a0\u00a0\u00a0\u00a0\u00a0\u00a0\u00a0\u00a0\u00a0\u00a0\u00a0\u00a0\u00a0\u00a0\u00a0 Tere AS \u00a0\u00a0\u00a0\u00a0\u00a0\u00a0\u00a0\u00a0\u00a0\u00a0\u00a0\u00a0\u00a0\u00a0 Tervisetehnoloogiate Arenduskeskus AS<\/p>\n","protected":false},"author":130,"featured_media":0,"parent":0,"menu_order":0,"comment_status":"closed","ping_status":"closed","template":"","meta":{"_acf_changed":false,"inline_featured_image":false,"footnotes":""},"class_list":["post-47","page","type-page","status-publish","hentry"],"acf":[],"_links":{"self":[{"href":"https:\/\/sisu.ut.ee\/tem-ta28\/wp-json\/wp\/v2\/pages\/47","targetHints":{"allow":["GET"]}}],"collection":[{"href":"https:\/\/sisu.ut.ee\/tem-ta28\/wp-json\/wp\/v2\/pages"}],"about":[{"href":"https:\/\/sisu.ut.ee\/tem-ta28\/wp-json\/wp\/v2\/types\/page"}],"author":[{"embeddable":true,"href":"https:\/\/sisu.ut.ee\/tem-ta28\/wp-json\/wp\/v2\/users\/130"}],"replies":[{"embeddable":true,"href":"https:\/\/sisu.ut.ee\/tem-ta28\/wp-json\/wp\/v2\/comments?post=47"}],"version-history":[{"count":3,"href":"https:\/\/sisu.ut.ee\/tem-ta28\/wp-json\/wp\/v2\/pages\/47\/revisions"}],"predecessor-version":[{"id":76,"href":"https:\/\/sisu.ut.ee\/tem-ta28\/wp-json\/wp\/v2\/pages\/47\/revisions\/76"}],"wp:attachment":[{"href":"https:\/\/sisu.ut.ee\/tem-ta28\/wp-json\/wp\/v2\/media?parent=47"}],"curies":[{"name":"wp","href":"https:\/\/api.w.org\/{rel}","templated":true}]}}