{"id":33,"date":"2024-04-04T05:45:38","date_gmt":"2024-04-04T02:45:38","guid":{"rendered":"https:\/\/sisu.ut.ee\/teke\/noortekeelest\/"},"modified":"2024-04-04T05:47:04","modified_gmt":"2024-04-04T02:47:04","slug":"noortekeelest","status":"publish","type":"page","link":"https:\/\/sisu.ut.ee\/teke\/noortekeelest\/","title":{"rendered":"Noorte keelest"},"content":{"rendered":"<p style=\"text-align: justify\">\n\t<span style=\"font-size:16px\"><img decoding=\"async\" alt=\"\" src=\"https:\/\/cdn.pixabay.com\/photo\/2018\/06\/18\/03\/31\/girls-3481791_960_720.jpg\" style=\"height: 200px;width: 300px;float: right;margin-left: 10px;margin-right: 10px\" title=\"\">Meedias juhitakse aeg-ajalt t\u00e4helepanu sellele,\u00a0et teismeliste keel n\u00e4ib j\u00e4\u00e4vat\u00a0\u00fcha vaesemaks ja\u00a0imbub justkui j\u00e4rjest enam l\u00e4bi ingliskeelsetest v\u00e4ljenditest,\u00a0sl\u00e4ngist, v\u00e4gis\u00f5nadest.\u00a0See tekitab\u00a0suuri k\u00fcsimusi: mis suunas noorte keelekasutus liigub ja\u00a0milline on selles valguses eesti keele tulevik?<\/span>\n<\/p>\n<ul>\n<li>\n\t\t<span style=\"font-size:16px\"><a data-url=\"https:\/\/menu.err.ee\/649936\/teismeliste-slangi-ei-moista-taiskasvanud-ega-vahel-nad-isegi\" href=\"https:\/\/menu.err.ee\/649936\/teismeliste-slangi-ei-moista-taiskasvanud-ega-vahel-nad-isegi\" target=\"_blank\" title=\"\" rel=\"noopener\">Pealtn\u00e4gija: teismeliste sl\u00e4ngi ei m\u00f5ista t\u00e4iskasvanud ega vahel nad isegi<\/a><\/span>\n\t<\/li>\n<li>\n\t\t<span style=\"font-size:16px\"><a data-url=\"https:\/\/leht.postimees.ee\/6910257\/roppused-vurtsitavad-uha-rohkem-eesti-noorte-konepruuki\" href=\"https:\/\/leht.postimees.ee\/6910257\/roppused-vurtsitavad-uha-rohkem-eesti-noorte-konepruuki\" target=\"_blank\" title=\"\" rel=\"noopener\">Priit Pullerits: roppused v\u00fcrtsitavad \u00fcha enam Eesti noorte k\u00f5nepruuki<\/a><\/span>\n\t<\/li>\n<li>\n\t\t<span style=\"font-size:16px\"><a data-url=\"https:\/\/kroonika.delfi.ee\/news\/mitmesugust\/arvamus-koeru-keskkooli-gumnasist-triin-aasa-noored-te-olete-eestlased?id=80442070\" href=\"https:\/\/kroonika.delfi.ee\/news\/mitmesugust\/arvamus-koeru-keskkooli-gumnasist-triin-aasa-noored-te-olete-eestlased?id=80442070\" target=\"_blank\" title=\"\" rel=\"noopener\">G\u00fcmnasisti arvamus: noored, te olete eestlased!<\/a><\/span>\n\t<\/li>\n<\/ul>\n<p style=\"text-align: justify\">\n\t<span style=\"font-size:16px\"><img decoding=\"async\" alt=\"Hamlet_chat\" data-file_info=\"%7B%22fid%22:%2247821%22,%22view_mode%22:%22default%22,%22type%22:%22media%22%7D\" src=\"https:\/\/sisu.ut.ee\/wp-content\/uploads\/sites\/408\/hamlet_chat.png\" style=\"height: 406px;width: 250px;float: left\" title=\"\">V\u00f5ib-olla ei olegi toimumas midagi seniolematut. Eesti keel on pea alati olnud m\u00f5ne suurkeele m\u00f5jualas. \u00dchiskonna ja keele\u00a0muutumine on loomulik protsess ning\u00a0muutumis- ja kohanemisv\u00f5ime v\u00f5ivad viidata\u00a0hoopis keele eluj\u00f5ulisusele, mitte h\u00e4\u00e4bumisele. Ka on teismelised ajast aega suhtunud kehtivatesse normidesse teatava vabameelsusega, p\u00fc\u00fcdnud eristuda ning\u00a0loonud selleks\u00a0oma isiklikku ja grupiidentiteeti,\u00a0muu hulgas\u00a0m\u00e4ngulise keelekasutuse kaudu.\u00a0<\/span>\n<\/p>\n<ul>\n<\/ul>\n<ul>\n<\/ul>\n<ul>\n<\/ul>\n<ul>\n<li>\n\t\t<span style=\"font-size:16px\"><a data-url=\"https:\/\/www.postimees.ee\/402378\/emakeeleopetaja-eesti-keel-liigub-oiges-suunas\" href=\"https:\/\/www.postimees.ee\/402378\/emakeeleopetaja-eesti-keel-liigub-oiges-suunas\" target=\"_blank\" title=\"\" rel=\"noopener\">Emakeele\u00f5petaja: eesti keel liigub \u00f5iges suunas<\/a><\/span>\n\t<\/li>\n<li>\n\t\t<span style=\"font-size:16px\"><a data-url=\"https:\/\/www.postimees.ee\/6510662\/tonu-tender-peab-eesti-keele-tervist-vaga-heaks\" href=\"https:\/\/www.postimees.ee\/6510662\/tonu-tender-peab-eesti-keele-tervist-vaga-heaks\" target=\"_blank\" title=\"\" rel=\"noopener\">T\u00f5nu Tender peab eesti keele tervist v\u00e4ga heaks<\/a><\/span>\n\t<\/li>\n<\/ul>\n<hr>\n<h2>\n\t<span style=\"color:#800000\"><span style=\"font-size:20px\">Kuula, vaata:<\/span><\/span><br>\n<\/h2>\n<hr>\n<p>\n\t<span style=\"font-size:16px\">TeKE uurimisruhma liikme Liina Lindstr\u00f6mi loeng\u00a0<strong>digitehnoloogia m\u00f5just eesti keelele<\/strong>.<\/span>\n<\/p>\n<p>\n\t<span style=\"font-size:16px\"><div class=\"ratio ratio-16x9 mb-3\"><div class=\"video-placeholder-wrapper video-placeholder-wrapper--16x9\">\n\t\t\t    <div class=\"video-placeholder d-flex justify-content-center align-items-center\">\n\t\t\t        <div class=\"overlay text-white p-2 w-100 text-center d-block justify-content-center align-items-center\">\n\t\t\t            <div>Kolmandate osapoolte sisu n\u00e4gemiseks palun n\u00f5ustu k\u00fcpsistega.<\/div>\n\t\t\t            <button class=\"btn btn-secondary btn-sm mt-1 consent-change\">Muuda n\u00f5usolekut<\/button>\n\t\t\t        <\/div>\n\t\t\t    <\/div>\n\t\t\t<\/div>\n<\/div><\/span>\n<\/p>\n<hr>\n<p>\n\t<span style=\"font-size:16px\"><strong>Interjuu noorte keelest\u00a0<a data-url=\"https:\/\/newbooksnetwork.com\/sali-tagliamonte-teen-talk-the-language-of-adolescents-cambridge-up-2016\/\" href=\"https:\/\/newbooksnetwork.com\/sali-tagliamonte-teen-talk-the-language-of-adolescents-cambridge-up-2016\/\" target=\"_blank\" title=\"\" rel=\"noopener\">Sali Tagliamontega<\/a><\/strong>, kes on keeleteadlane ja raamatu\u00a0<strong><em>Teen Talk<\/em><\/strong>\u00a0autor. Intervjuu on inglise keeles.<\/span>\n<\/p>\n<p style=\"margin-left: 40px\">\n\t<span style=\"font-size:18px\"><span style=\"color:#696969\"><em>\u201c<\/em><\/span><em><span style=\"color:#696969\">Teenagers are the innovators and the movers and shakers of language change and they are the hope for the future. Let\u2019s hear what they have to say.\u201d<\/span><\/em><\/span><span style=\"font-size:16px\"><em> <\/em>(<em>Teen Talk: The Language of Adolescents,\u00a0<\/em>Cambridge University Press, 2016, xiv)<\/span>\n<\/p>\n<hr>\n<p>\n\t<span style=\"font-size:16px\"><strong><em>Podcast<\/em>\u00a0noorte keelest <\/strong>(inglise keeles):\u00a0<\/span>\n<\/p>\n<p>\n\t<span style=\"font-size:16px\"><strong><a href=\"https:\/\/lingthusiasm.com\/post\/159796192161\/lingthusiasm-episode-7-kids-these-days-arent\" target=\"_blank\" title=\"\" rel=\"noopener\">Lingthusiasm:\u00a0Kids these days aren\u2019t ruining language<\/a>\u00a0<\/strong>(teema algab\u00a04:00)<\/span>\n<\/p>\n<p style=\"margin-left: 40px\">\n\t<span style=\"font-size:18px\"><span style=\"color:#696969\"><em>\u201cThe kids are OK, the English language is OK, the other languages are more or less OK but if they aren\u2019t it\u2019s not the fault of the kids.\u201d<\/em><\/span><\/span><\/p>\n","protected":false},"excerpt":{"rendered":"<p>Meedias juhitakse aeg-ajalt t\u00e4helepanu sellele,\u00a0et teismeliste keel n\u00e4ib j\u00e4\u00e4vat\u00a0\u00fcha vaesemaks ja\u00a0imbub justkui j\u00e4rjest enam l\u00e4bi ingliskeelsetest v\u00e4ljenditest,\u00a0sl\u00e4ngist, v\u00e4gis\u00f5nadest.\u00a0See tekitab\u00a0suuri k\u00fcsimusi: mis suunas noorte keelekasutus liigub ja\u00a0milline on selles valguses eesti keele tulevik? Pealtn\u00e4gija: teismeliste sl\u00e4ngi ei m\u00f5ista t\u00e4iskasvanud ega vahel &#8230;<\/p>\n","protected":false},"author":214,"featured_media":0,"parent":0,"menu_order":0,"comment_status":"closed","ping_status":"closed","template":"","meta":{"_acf_changed":false,"inline_featured_image":false,"footnotes":""},"class_list":["post-33","page","type-page","status-publish","hentry"],"acf":[],"_links":{"self":[{"href":"https:\/\/sisu.ut.ee\/teke\/wp-json\/wp\/v2\/pages\/33","targetHints":{"allow":["GET"]}}],"collection":[{"href":"https:\/\/sisu.ut.ee\/teke\/wp-json\/wp\/v2\/pages"}],"about":[{"href":"https:\/\/sisu.ut.ee\/teke\/wp-json\/wp\/v2\/types\/page"}],"author":[{"embeddable":true,"href":"https:\/\/sisu.ut.ee\/teke\/wp-json\/wp\/v2\/users\/214"}],"replies":[{"embeddable":true,"href":"https:\/\/sisu.ut.ee\/teke\/wp-json\/wp\/v2\/comments?post=33"}],"version-history":[{"count":1,"href":"https:\/\/sisu.ut.ee\/teke\/wp-json\/wp\/v2\/pages\/33\/revisions"}],"predecessor-version":[{"id":217,"href":"https:\/\/sisu.ut.ee\/teke\/wp-json\/wp\/v2\/pages\/33\/revisions\/217"}],"wp:attachment":[{"href":"https:\/\/sisu.ut.ee\/teke\/wp-json\/wp\/v2\/media?parent=33"}],"curies":[{"name":"wp","href":"https:\/\/api.w.org\/{rel}","templated":true}]}}