{"id":3,"date":"2024-04-04T05:45:35","date_gmt":"2024-04-04T02:45:35","guid":{"rendered":"https:\/\/sisu.ut.ee\/teke\/htg2022\/"},"modified":"2024-04-04T05:47:05","modified_gmt":"2024-04-04T02:47:05","slug":"htg2022","status":"publish","type":"page","link":"https:\/\/sisu.ut.ee\/teke\/htg2022\/","title":{"rendered":"TeKE k\u00fclastas Tartu Hugo Treffneri G\u00fcmnaasiumi"},"content":{"rendered":"<p>\n\t<span style=\"font-size:16px\"><em>13.05.2022<\/em><\/span>\n<\/p>\n<p style=\"text-align: justify\">\n\t<strong><span style=\"font-size:16px\">TeKE t\u00f6\u00f6r\u00fchma liikmed Mari-Liis Korkus, Liina Lindstr\u00f6m ja Aive Mandel\u00a0k\u00fclastastasid emakeele\u00f5petaja Anett Pulleritsu kutsel Tartu Hugo Treffneri G\u00fcmnaasiumi 10. ja 11. klassi \u00f5pilasi. Kohtusime kolmes eri t\u00f6\u00f6toas kokku enam kui \u00fcheksak\u00fcmne \u00f5pilasega, kes olid r\u00f5\u00f5mustavalt varmad arutelus kaasa l\u00f6\u00f6ma ja teadlastele oma keelekasutuse tagamaid avama.<\/span><\/strong><span style=\"font-size:16px\"> <\/span>\n<\/p>\n<p style=\"text-align: justify\">\n\t<span style=\"font-size:16px\">Kohtumistelt noortega tuleb noortekeeleuurija ikka\u00a0terake targemalt tagasi.\u00a0Sel korral saime muu hulgas\u00a0teada, et kui n\u00e4iteks\u00a0toit maitseb v\u00e4ga h\u00e4sti, saab selle kohta \u00f6elda \u201csee toit on\u00a0<em>bussin<\/em>\u201d [bassin] ja\u00a0avastasime\u00a0v\u00e4rske\u00a0eestikeelse termini \u2013\u00a0<em>suutmissurve.\u00a0<\/em>Noored jagasid meiega lahkelt muidki s\u00f5nu, mida omavahelises suhtluses kasutatakse ja mille\u00a0rakendus\u00a0Mentimeter koondas kirevaks s\u00f5napilveks.<\/span><span style=\"font-size:16px\"> <\/span>\n<\/p>\n<p style=\"text-align: justify\">\n\t<span><img loading=\"lazy\" decoding=\"async\" width=\"925\" height=\"619\" class=\"alignnone wp-image-38\" style=\"width:374px;height:250px;float:left;margin:10px\" src=\"https:\/\/sisu.ut.ee\/wp-content\/uploads\/sites\/408\/htg_tahvel_k2ed2.jpg\" title=\"htg_tahvel_k2ed2.jpg\" alt=\"htg k\u00e4ed\" srcset=\"https:\/\/sisu.ut.ee\/wp-content\/uploads\/sites\/408\/htg_tahvel_k2ed2.jpg 925w, https:\/\/sisu.ut.ee\/wp-content\/uploads\/sites\/408\/htg_tahvel_k2ed2-300x201.jpg 300w, https:\/\/sisu.ut.ee\/wp-content\/uploads\/sites\/408\/htg_tahvel_k2ed2-768x514.jpg 768w\" sizes=\"auto, (max-width: 925px) 100vw, 925px\"><\/span><span style=\"font-size:16px\">R\u00e4\u00e4kisime ka laiemalt, millega keeleteadlased tegelevad ning miks ja kuidas uurida noorte keelt.\u00a0<\/span>\n<\/p>\n<p style=\"text-align: justify\">\n\t<span style=\"font-size:16px\">T\u00f6\u00f6toa praktilises osas said noored\u00a0k\u00e4tt proovida oma eakaaslaste spontaanse k\u00f5ne transkribeerimisel ning n\u00e4ha, kuidas saab sama t\u00f6\u00f6ga hakkama automaatne k\u00f5netuvastus. <\/span>\n<\/p>\n<p style=\"text-align: justify\">\n\t<span style=\"font-size:16px\">Arutelu noorte keelekasutust iseloomustavate joonte \u00fcle oli nii elavaks, et kohati tuli\u00a0tahvliruumist puudu\u00a0ja \u00fcksnes tunni l\u00f5ppu kuulutav kell sundis\u00a0m\u00f5tteotsi kokku s\u00f5lmima.\u00a0<\/span>\n<\/p>\n<p style=\"text-align: justify\">\n\t<img loading=\"lazy\" decoding=\"async\" width=\"2560\" height=\"1737\" class=\"alignnone wp-image-43\" style=\"width: 810px;height: 550px\" src=\"https:\/\/sisu.ut.ee\/wp-content\/uploads\/sites\/408\/p1170260_exp-scaled.jpg\" title=\"p1170260_exp.jpg\" alt=\"tagasiside\" srcset=\"https:\/\/sisu.ut.ee\/wp-content\/uploads\/sites\/408\/p1170260_exp-scaled.jpg 2560w, https:\/\/sisu.ut.ee\/wp-content\/uploads\/sites\/408\/p1170260_exp-300x204.jpg 300w, https:\/\/sisu.ut.ee\/wp-content\/uploads\/sites\/408\/p1170260_exp-1024x695.jpg 1024w, https:\/\/sisu.ut.ee\/wp-content\/uploads\/sites\/408\/p1170260_exp-768x521.jpg 768w, https:\/\/sisu.ut.ee\/wp-content\/uploads\/sites\/408\/p1170260_exp-1536x1042.jpg 1536w, https:\/\/sisu.ut.ee\/wp-content\/uploads\/sites\/408\/p1170260_exp-2048x1390.jpg 2048w, https:\/\/sisu.ut.ee\/wp-content\/uploads\/sites\/408\/p1170260_exp-1920x1303.jpg 1920w\" sizes=\"auto, (max-width: 2560px) 100vw, 2560px\">\n<\/p>\n<p style=\"text-align: justify\">\n\t\u00a0\n<\/p>\n<p style=\"text-align: justify\">\n\t\u00a0\n<\/p>\n<p style=\"text-align: justify\">\n\t\u00a0<\/p>\n","protected":false},"excerpt":{"rendered":"<p>13.05.2022 TeKE t\u00f6\u00f6r\u00fchma liikmed Mari-Liis Korkus, Liina Lindstr\u00f6m ja Aive Mandel\u00a0k\u00fclastastasid emakeele\u00f5petaja Anett Pulleritsu kutsel Tartu Hugo Treffneri G\u00fcmnaasiumi 10. ja 11. klassi \u00f5pilasi. Kohtusime kolmes eri t\u00f6\u00f6toas kokku enam kui \u00fcheksak\u00fcmne \u00f5pilasega, kes olid r\u00f5\u00f5mustavalt varmad arutelus kaasa l\u00f6\u00f6ma &#8230;<\/p>\n","protected":false},"author":214,"featured_media":0,"parent":0,"menu_order":0,"comment_status":"closed","ping_status":"closed","template":"","meta":{"_acf_changed":false,"inline_featured_image":false,"footnotes":""},"class_list":["post-3","page","type-page","status-publish","hentry"],"acf":[],"_links":{"self":[{"href":"https:\/\/sisu.ut.ee\/teke\/wp-json\/wp\/v2\/pages\/3","targetHints":{"allow":["GET"]}}],"collection":[{"href":"https:\/\/sisu.ut.ee\/teke\/wp-json\/wp\/v2\/pages"}],"about":[{"href":"https:\/\/sisu.ut.ee\/teke\/wp-json\/wp\/v2\/types\/page"}],"author":[{"embeddable":true,"href":"https:\/\/sisu.ut.ee\/teke\/wp-json\/wp\/v2\/users\/214"}],"replies":[{"embeddable":true,"href":"https:\/\/sisu.ut.ee\/teke\/wp-json\/wp\/v2\/comments?post=3"}],"version-history":[{"count":1,"href":"https:\/\/sisu.ut.ee\/teke\/wp-json\/wp\/v2\/pages\/3\/revisions"}],"predecessor-version":[{"id":247,"href":"https:\/\/sisu.ut.ee\/teke\/wp-json\/wp\/v2\/pages\/3\/revisions\/247"}],"wp:attachment":[{"href":"https:\/\/sisu.ut.ee\/teke\/wp-json\/wp\/v2\/media?parent=3"}],"curies":[{"name":"wp","href":"https:\/\/api.w.org\/{rel}","templated":true}]}}