{"id":26,"date":"2024-04-04T05:45:37","date_gmt":"2024-04-04T02:45:37","guid":{"rendered":"https:\/\/sisu.ut.ee\/teke\/tegemised\/"},"modified":"2024-04-04T05:47:04","modified_gmt":"2024-04-04T02:47:04","slug":"tegemised","status":"publish","type":"page","link":"https:\/\/sisu.ut.ee\/teke\/tegemised\/","title":{"rendered":"Tegemised"},"content":{"rendered":"<p>\n\t<img loading=\"lazy\" decoding=\"async\" width=\"1065\" height=\"571\" class=\"alignnone wp-image-106\" style=\"width: 200px;height: 107px;margin-left: 10px;margin-right: 10px;float: right\" src=\"https:\/\/sisu.ut.ee\/wp-content\/uploads\/sites\/408\/eks_ingl_k.png\" title=\"eks_ingl_k.png\" alt=\"ingl k ettekanne\" srcset=\"https:\/\/sisu.ut.ee\/wp-content\/uploads\/sites\/408\/eks_ingl_k.png 1065w, https:\/\/sisu.ut.ee\/wp-content\/uploads\/sites\/408\/eks_ingl_k-300x161.png 300w, https:\/\/sisu.ut.ee\/wp-content\/uploads\/sites\/408\/eks_ingl_k-1024x549.png 1024w, https:\/\/sisu.ut.ee\/wp-content\/uploads\/sites\/408\/eks_ingl_k-768x412.png 768w\" sizes=\"auto, (max-width: 1065px) 100vw, 1065px\"><em>13.10.2022<\/em>\n<\/p>\n<p>\n\t<strong>Tartus Emakeele seltsi k\u00f5nekoosolekul <\/strong>sai kuulata TeKE uurimisruhma ettekandeid teismeliste keele teemal. Kavas oli neli ettekannet erinevatel teemadel nagu inglise keele kasutus, intensiivistajad ning suhtluspartiklid teismeliste keeles. Ettekannetele j\u00e4rgnes noortekeele teemaline\u00a0arutelu.\u00a0\n<\/p>\n<hr>\n<p>\n\t<em><span style=\"font-size:15px\">02.08.2022<\/span><\/em><img loading=\"lazy\" decoding=\"async\" width=\"841\" height=\"487\" class=\"alignnone wp-image-104\" style=\"width:200px;height:116px;float:right;margin-left:10px;margin-right:10px\" src=\"https:\/\/sisu.ut.ee\/wp-content\/uploads\/sites\/408\/mainz_ettekanne.jpg\" title=\"mainz_ettekanne.jpg\" alt=\"mainz\" srcset=\"https:\/\/sisu.ut.ee\/wp-content\/uploads\/sites\/408\/mainz_ettekanne.jpg 841w, https:\/\/sisu.ut.ee\/wp-content\/uploads\/sites\/408\/mainz_ettekanne-300x174.jpg 300w, https:\/\/sisu.ut.ee\/wp-content\/uploads\/sites\/408\/mainz_ettekanne-768x445.jpg 768w\" sizes=\"auto, (max-width: 841px) 100vw, 841px\">\n<\/p>\n<p>\n\t<span style=\"font-size:15px\">TeKE t\u00f6\u00f6r\u00fchma liikmed osalesid Saksamaal Mainzis toimunud konverentsil <a data-url=\"https:\/\/methodsxvii.uni-mainz.de\/\" href=\"https:\/\/methodsxvii.uni-mainz.de\/\" target=\"_blank\" title=\"\" rel=\"noopener\">Methods in Dialectology (Methods XVII)<\/a>\u00a0ettekandega\u00a0<strong>Teenagers\u2019 language in Estonia: the use of English in a newly compiled corpus<\/strong>. <a data-url=\"https:\/\/methodsxvii.uni-mainz.de\/files\/2022\/07\/Methods-XVII-Book-of-abstracts.pdf\" href=\"https:\/\/methodsxvii.uni-mainz.de\/files\/2022\/07\/Methods-XVII-Book-of-abstracts.pdf\" target=\"_blank\" title=\"\" rel=\"noopener\">Ettekande abstrakt<\/a>.<\/span>\n<\/p>\n<hr>\n<p>\n\t<img loading=\"lazy\" decoding=\"async\" width=\"800\" height=\"800\" class=\"alignnone wp-image-105\" style=\"width: 80px;height: 80px;margin-left: 10px;margin-right: 10px;float: right\" src=\"https:\/\/sisu.ut.ee\/wp-content\/uploads\/sites\/408\/instagram_logo.png\" title=\"instagram_logo.png\" alt=\"instagram\" srcset=\"https:\/\/sisu.ut.ee\/wp-content\/uploads\/sites\/408\/instagram_logo.png 800w, https:\/\/sisu.ut.ee\/wp-content\/uploads\/sites\/408\/instagram_logo-300x300.png 300w, https:\/\/sisu.ut.ee\/wp-content\/uploads\/sites\/408\/instagram_logo-150x150.png 150w, https:\/\/sisu.ut.ee\/wp-content\/uploads\/sites\/408\/instagram_logo-768x768.png 768w\" sizes=\"auto, (max-width: 800px) 100vw, 800px\"><em><span style=\"font-size:15px\">20<\/span><\/em><em><span style=\"font-size:15px\">.07.2022<\/span><\/em>\n<\/p>\n<p>\n\t<span style=\"font-size:15px\"><strong>\u00dchel juulin\u00e4dalal oli Tartu \u00fclikooli eesti ja \u00fcldkeeleteaduse Instagram p\u00fchendatud TeKE-le!<\/strong>\u00a0<a data-url=\"https:\/\/www.instagram.com\/unitartuling\/\" href=\"https:\/\/www.instagram.com\/unitartuling\/\" target=\"_blank\" title=\"\" rel=\"noopener\">Vaata instituudi postitusi ja\u00a0<em>story<\/em>\u2018sid<\/a>.<\/span>\n<\/p>\n<hr>\n<p>\n\t<span style=\"font-size:15px\"><em>28.06.2022<\/em><\/span>\n<\/p>\n<p>\n\t<span style=\"font-size:15px\"><strong>TeKE l\u00f5i kaasa Eesti Kirjandusmuuseumis toimunud noorteadlaste vestlusringis.<\/strong>\u00a0T\u00f6\u00f6r\u00fchma liige Mari-Liis Korkus pidas ettekande teemal \u201cKuidas uurida noortekeelt?\u201d Vestlusringis osales k\u00fcmmekond 2022. aasta \u00f5pilaste teadusfestivali humanitaarvaldkonnas silma paistnud noort, kes kuulasid lisaks keeleteadusele\u00a0ettekandeid ka kirjandusteadusest ja\u00a0folkloristikast.<\/span>\n<\/p>\n<hr>\n<p>\n\t<img loading=\"lazy\" decoding=\"async\" width=\"661\" height=\"408\" class=\"alignnone wp-image-100\" style=\"width:200px;height:123px;float:right;margin-left:10px;margin-right:10px\" src=\"https:\/\/sisu.ut.ee\/wp-content\/uploads\/sites\/408\/ery_1.jpg\" title=\"ery_1.jpg\" alt=\"er\u00fc kevadkonverents\" srcset=\"https:\/\/sisu.ut.ee\/wp-content\/uploads\/sites\/408\/ery_1.jpg 661w, https:\/\/sisu.ut.ee\/wp-content\/uploads\/sites\/408\/ery_1-300x185.jpg 300w\" sizes=\"auto, (max-width: 661px) 100vw, 661px\"><span style=\"font-size:15px\"><em>17.06.2022<\/em><\/span>\n<\/p>\n<p>\n\t<span style=\"font-size:15px\"><strong>TeKE uurimisruhma liikmed osalesid kolme ettekandega Tallinnas 19. rakenduslingvistika kevadkonverentsil<\/strong>\u00a0<em>Keele m\u00f5ju: andmetest t\u00f5endatud teadmuseni<\/em>. \u00dches ettekandes\u00a0keskenduti inglise keele kasutusele TeKE korpuseandmetes v\u00f5rrelduna\u00a0t\u00e4iskasvanute keelekasutusega, kaks ettekannet puudutasid inglise keele kasutust ja selle p\u00f5hjuseid\u00a0eesti sisuloojate keeles.\u00a0<a data-url=\"https:\/\/sisu.ut.ee\/teke\/kevadkonverents2022\" href=\"https:\/\/sisu.ut.ee\/teke\/kevadkonverents2022\" title=\"\">Loe l\u00e4hemalt!<\/a><\/span>\n<\/p>\n<hr>\n<p>\n\t<img loading=\"lazy\" decoding=\"async\" width=\"261\" height=\"370\" class=\"alignnone wp-image-102\" style=\"width: 90px;height: 128px;margin-left: 10px;margin-right: 10px;float: right\" src=\"https:\/\/sisu.ut.ee\/wp-content\/uploads\/sites\/408\/omakeel_01.jpg\" title=\"omakeel_01.jpg\" alt=\"omakeel\" srcset=\"https:\/\/sisu.ut.ee\/wp-content\/uploads\/sites\/408\/omakeel_01.jpg 261w, https:\/\/sisu.ut.ee\/wp-content\/uploads\/sites\/408\/omakeel_01-212x300.jpg 212w\" sizes=\"auto, (max-width: 261px) 100vw, 261px\"><em><span style=\"font-size:15px\">14.06.2022<\/span><\/em>\n<\/p>\n<p>\n\t<span style=\"font-size:15px\">V\u00e4rkes Oma Keele numbris\u00a0on ilmunud TeKE projekti tutvustav artikkel <strong>\u201cRahvateadusega noortekeelt kogumas\u201d<\/strong>.\u00a0Aive Mandel, Kristiina Praakli, Virve-Anneli Vihman ja\u00a0Kadri Koreinik kirjutavad teismeliste keelekasutuse uurimise aktuaalsusest ning noorte kaasamisest keeleandmete kogumisel.\u00a0<a data-url=\"https:\/\/www.emakeeleselts.ee\/wp-content\/uploads\/2022\/06\/Mandel-jt.pdf\" href=\"https:\/\/www.emakeeleselts.ee\/wp-content\/uploads\/2022\/06\/Mandel-jt.pdf\" target=\"_blank\" title=\"\" rel=\"noopener\">Loe artiklit!\u200b\u200b\u200b\u200b<\/a><\/span>\n<\/p>\n<hr>\n<p>\n\t<em><span style=\"font-size: 15px\">09.06.2022<\/span><\/em>\n<\/p>\n<p>\n\t<span style=\"font-size:15px\"><strong>TeKE keeleandmete p\u00f5hjal ning t\u00f6\u00f6r\u00fchma liikmete juhendamisel said t\u00e4na kaitstud kaks bakalaureuset\u00f6\u00f6d<\/strong>. Triin Aasa l\u00f5put\u00f6\u00f6 kannab pealkirja\u00a0<a data-url=\"https:\/\/dspace.ut.ee\/handle\/10062\/82601\" href=\"https:\/\/dspace.ut.ee\/handle\/10062\/82601\" target=\"_blank\" title=\"\" rel=\"noopener\">\u201cIntensiivistajad eesti noortekeeles\u201d<\/a> (juhendaja Liina Lindstr\u00f6m), Elis-Marii Anton kaitses t\u00f6\u00f6 teemal <a data-url=\"https:\/\/dspace.ut.ee\/handle\/10062\/82628\" href=\"https:\/\/dspace.ut.ee\/handle\/10062\/82628\" target=\"_blank\" title=\"\" rel=\"noopener\">\u201cL\u00fchendite kasutus noorte netikeeles\u201d<\/a> (juhendajad Virve-Anneli Vihman ja Kristiina Praakli).<\/span>\n<\/p>\n<hr>\n<p>\n\t<span><img loading=\"lazy\" decoding=\"async\" width=\"614\" height=\"330\" class=\"alignnone wp-image-99\" style=\"width:200px;height:107px;margin-left:10px;margin-right:10px;float:right\" src=\"https:\/\/sisu.ut.ee\/wp-content\/uploads\/sites\/408\/htg_klass.jpg\" title=\"htg_klass.jpg\" alt=\"htg\" srcset=\"https:\/\/sisu.ut.ee\/wp-content\/uploads\/sites\/408\/htg_klass.jpg 614w, https:\/\/sisu.ut.ee\/wp-content\/uploads\/sites\/408\/htg_klass-300x161.jpg 300w\" sizes=\"auto, (max-width: 614px) 100vw, 614px\"><\/span><span style=\"font-size:15px\"><em>13.05.2022<\/em><\/span>\n<\/p>\n<p style=\"text-align: justify\">\n\t<span style=\"font-size:15px\"><strong>TeKE k\u00fclastas\u00a0Tartu Hugo Treffneri G\u00fcmnaasiumi<\/strong>. R\u00e4\u00e4kisime 10. ja 11. klasside \u00f5pilastega keeleteadlaste t\u00f6\u00f6st ja\u00a0teismeliste keele uurimisest ning\u00a0arutasime \u00fcheskoos, mis\u00a0iseloomustab\u00a0noorte keelekasutust. <a data-url=\"https:\/\/sisu.ut.ee\/teke\/htg2022\" href=\"https:\/\/sisu.ut.ee\/teke\/htg2022\" title=\"\">Loe l\u00e4hemalt!<\/a><\/span>\n<\/p>\n<p style=\"text-align: justify\">\n\t\u00a0\n<\/p>\n<hr>\n<p>\n\t<span><img loading=\"lazy\" decoding=\"async\" width=\"288\" height=\"145\" class=\"alignnone wp-image-89\" style=\"float:right;margin-left:10px;margin-right:10px;height:101px;width:200px\" src=\"https:\/\/sisu.ut.ee\/wp-content\/uploads\/sites\/408\/noorusekool.jpg\" title=\"noorusekool.jpg\" alt=\"Nooruse Kool\"><\/span><span style=\"font-size:15px\"><em>12.04.2022<\/em><\/span>\n<\/p>\n<p>\n\t<span style=\"font-size:15px\"><strong>Kuressaare Nooruse Kooli ajaleht \u201cNooruse Meridiaan\u201d <\/strong>kirjutab oma kooli \u00f5pilaste kogemustest TeKE projekti keelesaadikutena:\u00a0<a data-url=\"https:\/\/nooruse.edu.ee\/meiekg\/?s=5918&amp;fbclid=IwAR13jumZEwIK-AG6sWPaEKLsN0gA_6vgbgIX77R6AUv9tArsn9LUuLX280s\" href=\"https:\/\/nooruse.edu.ee\/meiekg\/?s=5918&amp;fbclid=IwAR13jumZEwIK-AG6sWPaEKLsN0gA_6vgbgIX77R6AUv9tArsn9LUuLX280s\" target=\"_blank\" title=\"\" rel=\"noopener\">Keelesaadikuks olemine oli huvitav, meeldej\u00e4\u00e4v ning t\u00f5stis enesekindlust<\/a>.<\/span>\n<\/p>\n<p>\n\t\u00a0\n<\/p>\n<hr>\n<p>\n\t<span><img loading=\"lazy\" decoding=\"async\" width=\"790\" height=\"459\" class=\"alignnone wp-image-98\" style=\"width:200px;height:116px;margin-left:10px;margin-right:10px;float:right\" src=\"https:\/\/sisu.ut.ee\/wp-content\/uploads\/sites\/408\/sonapilv_kuressaare.jpg\" title=\"sonapilv_kuressaare.jpg\" alt=\"sonapilv\" srcset=\"https:\/\/sisu.ut.ee\/wp-content\/uploads\/sites\/408\/sonapilv_kuressaare.jpg 790w, https:\/\/sisu.ut.ee\/wp-content\/uploads\/sites\/408\/sonapilv_kuressaare-300x174.jpg 300w, https:\/\/sisu.ut.ee\/wp-content\/uploads\/sites\/408\/sonapilv_kuressaare-768x446.jpg 768w\" sizes=\"auto, (max-width: 790px) 100vw, 790px\"><\/span><span style=\"font-size:15px\"><em>18.03.2022<\/em><\/span>\n<\/p>\n<p style=\"text-align: justify\">\n\t<span style=\"font-size:15px\"><strong>TeKE k\u00fclastas Saaremaa G\u00fcmnaasiumi ja Kuressaare Nooruse Kooli<\/strong>. Emakeelep\u00e4evaga algaval n\u00e4dalal k\u00fclastasime koole, kus \u00f5pivad meid andmete kogumisel abistanud noored ehk keelesaadikud. Kristiina Praakli meie t\u00f6\u00f6r\u00fchmast j\u00f5udis kahe p\u00e4eva jooksul, 17. ja 18. m\u00e4rtsil \u00f5petaja Marit Tarkini kutsel\u00a0kohtuda lausa kahe Saaremaa kooli \u00f5pilaste ja \u00f5petajatega. <a data-url=\"https:\/\/sisu.ut.ee\/teke\/kuressaare\" href=\"https:\/\/sisu.ut.ee\/teke\/kuressaare\" title=\"\">Loe l\u00e4hemalt!<\/a><\/span>\n<\/p>\n<hr>\n<p>\n\t<span><img loading=\"lazy\" decoding=\"async\" width=\"616\" height=\"291\" class=\"alignnone wp-image-97\" style=\"width:200px;height:94px;margin-right:10px;margin-left:10px;float:right\" src=\"https:\/\/sisu.ut.ee\/wp-content\/uploads\/sites\/408\/katoliku.jpg\" title=\"katoliku.jpg\" alt=\"katoliku\" srcset=\"https:\/\/sisu.ut.ee\/wp-content\/uploads\/sites\/408\/katoliku.jpg 616w, https:\/\/sisu.ut.ee\/wp-content\/uploads\/sites\/408\/katoliku-300x142.jpg 300w\" sizes=\"auto, (max-width: 616px) 100vw, 616px\"><\/span><span style=\"font-size:15px\"><em>16.03.2022<\/em><\/span>\n<\/p>\n<p style=\"text-align: justify\">\n\t<span style=\"font-size:15px\"><strong>TeKE k\u00fclastas Tartu Katoliku Hariduskeskust.\u00a0<\/strong>Emakeelep\u00e4evaga alanud n\u00e4dalal k\u00fclastasid TeKE t\u00f6\u00f6r\u00fchma liikmed projektis kaasa l\u00f6\u00f6nud koole. Tartu Katoliku Hariduskeskuses k\u00e4isid\u00a0Virve Vihman, Mari-Liis Korkus ja\u00a0Annaliis Tenisson. <a data-url=\"https:\/\/sisu.ut.ee\/teke\/katoliku\" href=\"https:\/\/sisu.ut.ee\/teke\/katoliku\" title=\"\">Loe l\u00e4hemalt!<\/a><\/span>\n<\/p>\n<hr>\n<p>\n\t<span><img loading=\"lazy\" decoding=\"async\" width=\"883\" height=\"499\" class=\"alignnone wp-image-96\" style=\"height:113px;width:200px;margin-left:10px;margin-right:10px;float:right\" src=\"https:\/\/sisu.ut.ee\/wp-content\/uploads\/sites\/408\/teketako.jpg\" title=\"teketako.jpg\" alt=\"TeKETaKo\" srcset=\"https:\/\/sisu.ut.ee\/wp-content\/uploads\/sites\/408\/teketako.jpg 883w, https:\/\/sisu.ut.ee\/wp-content\/uploads\/sites\/408\/teketako-300x170.jpg 300w, https:\/\/sisu.ut.ee\/wp-content\/uploads\/sites\/408\/teketako-768x434.jpg 768w\" sizes=\"auto, (max-width: 883px) 100vw, 883px\"><\/span><span style=\"font-size:15px\"><em>14.03.2022<\/em><\/span>\n<\/p>\n<p style=\"text-align: justify\">\n\t<span style=\"font-size:15px\"><strong>TeKE k\u00fclastas emakeelep\u00e4eva puhul Antsla G\u00fcmnaasiumi<\/strong>.\u00a0E<\/span><span style=\"font-size:15px\">makeelep\u00e4evaga sai alguse TeKE koolik\u00fclastuste n\u00e4dal, mil k\u00fclastasime meie projektis andmete kogumisel kaasa l\u00f6\u00f6nud koole. Esimesena j\u00f5udsime p\u00e4ris \u00f5igel emakeelep\u00e4eval\u00a0Antslasse,\u00a0kus \u00f5pivad ka mitmed TeKE\u00a0projekti\u00a0keelesaadikud \u2013 meie kaast\u00f6\u00f6lised teismeliste keeleandmete kogumisel.\u00a0<a data-url=\"https:\/\/sisu.ut.ee\/teke\/antsla2022\" href=\"https:\/\/sisu.ut.ee\/teke\/antsla2022\" title=\"\">Loe l\u00e4hemalt!<\/a><\/span>\n<\/p>\n<hr>\n<p>\n\t<span><img loading=\"lazy\" decoding=\"async\" width=\"1220\" height=\"666\" class=\"alignnone wp-image-72\" style=\"width:200px;height:109px;float:right;margin-left:10px;margin-right:10px\" src=\"https:\/\/sisu.ut.ee\/wp-content\/uploads\/sites\/408\/juutuuberid_emakeelepaev4.jpg\" title=\"juutuuberid_emakeelepaev4.jpg\" alt=\"juutuuberid_\" srcset=\"https:\/\/sisu.ut.ee\/wp-content\/uploads\/sites\/408\/juutuuberid_emakeelepaev4.jpg 1220w, https:\/\/sisu.ut.ee\/wp-content\/uploads\/sites\/408\/juutuuberid_emakeelepaev4-300x164.jpg 300w, https:\/\/sisu.ut.ee\/wp-content\/uploads\/sites\/408\/juutuuberid_emakeelepaev4-1024x559.jpg 1024w, https:\/\/sisu.ut.ee\/wp-content\/uploads\/sites\/408\/juutuuberid_emakeelepaev4-768x419.jpg 768w\" sizes=\"auto, (max-width: 1220px) 100vw, 1220px\"><\/span><span style=\"font-size:15px\"><em>25.03.2022<\/em><\/span>\n<\/p>\n<p style=\"text-align: justify\">\n\t<span style=\"font-size:15px\"><strong>T\u00f6\u00f6tuba \u201cJuutuuberite keel: kas estonglish?\u201d.<\/strong>\u00a0M\u00e4rtsi l\u00f5pus olid T\u00dc eesti ja \u00fcldkeeleteaduse instituudis k\u00fclas emakeeleol\u00fcmpiaadi\u00a0l\u00f5ppvooru j\u00f5udnud\u00a0\u00f5pilased. Muu hulgas oli neil v\u00f5imalus\u00a0osaleda\u00a0\u00a0sisuloojate\u00a0eesti-inglise koodivahetusele keskenduvas t\u00f6\u00f6toas. <a data-url=\"https:\/\/sisu.ut.ee\/teke\/estonglish\" href=\"https:\/\/sisu.ut.ee\/teke\/estonglish\" title=\"\">Loe l\u00e4hemalt!<\/a><\/span>\n<\/p>\n<hr>\n<p>\n\t<span><img loading=\"lazy\" decoding=\"async\" width=\"656\" height=\"146\" class=\"alignnone wp-image-94\" style=\"margin-left:10px;margin-right:10px;float:right;width:200px;height:45px\" src=\"https:\/\/sisu.ut.ee\/wp-content\/uploads\/sites\/408\/yt.png\" title=\"yt.png\" alt=\"YT\" srcset=\"https:\/\/sisu.ut.ee\/wp-content\/uploads\/sites\/408\/yt.png 656w, https:\/\/sisu.ut.ee\/wp-content\/uploads\/sites\/408\/yt-300x67.png 300w\" sizes=\"auto, (max-width: 656px) 100vw, 656px\"><\/span><span style=\"font-size:15px\"><strong>TeKE uurib Eesti sisuloojate keelekasutust<\/strong>. 2021. aasta l\u00f5pus v\u00f5rsus TeKE uurimisruhmast eraldi t\u00f6\u00f6r\u00fchm eesm\u00e4rgiga uurida Eesti juutuuberite keelekasutust. <a data-url=\"https:\/\/sisu.ut.ee\/teke\/sisuloojad\" href=\"https:\/\/sisu.ut.ee\/teke\/sisuloojad\" title=\"\">Loe l\u00e4hemalt!<\/a><\/span>\n<\/p>\n<hr>\n<p style=\"text-align: justify\">\n\t<span><img loading=\"lazy\" decoding=\"async\" width=\"1202\" height=\"320\" class=\"alignnone wp-image-93\" style=\"width:200px;height:53px;margin-left:10px;margin-right:10px;float:right\" src=\"https:\/\/sisu.ut.ee\/wp-content\/uploads\/sites\/408\/ty_teaduskool_est_sinine-txt.png\" title=\"ty_teaduskool_est_sinine-txt.png\" alt=\"TY teaduskool\" srcset=\"https:\/\/sisu.ut.ee\/wp-content\/uploads\/sites\/408\/ty_teaduskool_est_sinine-txt.png 1202w, https:\/\/sisu.ut.ee\/wp-content\/uploads\/sites\/408\/ty_teaduskool_est_sinine-txt-300x80.png 300w, https:\/\/sisu.ut.ee\/wp-content\/uploads\/sites\/408\/ty_teaduskool_est_sinine-txt-1024x273.png 1024w, https:\/\/sisu.ut.ee\/wp-content\/uploads\/sites\/408\/ty_teaduskool_est_sinine-txt-768x204.png 768w\" sizes=\"auto, (max-width: 1202px) 100vw, 1202px\"><\/span><span style=\"font-size:15px\"><strong>TeKE osaleb 2021\/2022 \u00f5ppeaastal\u00a0Tartu \u00dclikooli teaduskooli programmis\u00a0\u201c<a data-url=\"https:\/\/www.teaduskool.ut.ee\/et\/ulikoolilt\/talendid-tartusse\" href=\"https:\/\/www.teaduskool.ut.ee\/et\/ulikoolilt\/talendid-tartusse\" target=\"_blank\" title=\"\" rel=\"noopener\">Talendid Tartusse<\/a>\u201c<\/strong>.<strong> <\/strong>Muu hulgas lubab see programm g\u00fcmnaasiumis riigieksamitulemuste v\u00f5i ol\u00fcmpiaadil\u00a0osalemisega silma paistnud vastsel \u00fcli\u00f5pilasel kohe pea ees teadusprojekti sukelduda. TeKE uurimisruhmaga liitus selle programmi kaudu\u00a0eesti ja soome-ugri keeleteaduse esimese kursuse \u00fcli\u00f5pilane Annaliis Tenisson. Kuidas m\u00f6\u00f6dus\u00a0Annaliisi\u00a0esimene semester\u00a0TeKE uurimisruhmas, saab lugeda\u00a0\u00a0eesti ja \u00fcldkeeleteaduse instituudi blogist:\u00a0<a data-url=\"https:\/\/www.blog.keel.ut.ee\/uliopilastelt\/esmakursuslasena-teadustood-tegemas-kuidas-nii\/\" href=\"https:\/\/www.blog.keel.ut.ee\/uliopilastelt\/esmakursuslasena-teadustood-tegemas-kuidas-nii\/\" target=\"_blank\" title=\"\" rel=\"noopener\">Esmakursuslasena teadust\u00f6\u00f6d tegemas \u2013 kuidas nii?<\/a><\/span><\/p>\n","protected":false},"excerpt":{"rendered":"<p>13.10.2022 Tartus Emakeele seltsi k\u00f5nekoosolekul sai kuulata TeKE uurimisruhma ettekandeid teismeliste keele teemal. Kavas oli neli ettekannet erinevatel teemadel nagu inglise keele kasutus, intensiivistajad ning suhtluspartiklid teismeliste keeles. Ettekannetele j\u00e4rgnes noortekeele teemaline\u00a0arutelu.\u00a0 02.08.2022 TeKE t\u00f6\u00f6r\u00fchma liikmed osalesid Saksamaal Mainzis toimunud &#8230;<\/p>\n","protected":false},"author":214,"featured_media":0,"parent":0,"menu_order":0,"comment_status":"closed","ping_status":"closed","template":"","meta":{"_acf_changed":false,"inline_featured_image":false,"footnotes":""},"class_list":["post-26","page","type-page","status-publish","hentry"],"acf":[],"_links":{"self":[{"href":"https:\/\/sisu.ut.ee\/teke\/wp-json\/wp\/v2\/pages\/26","targetHints":{"allow":["GET"]}}],"collection":[{"href":"https:\/\/sisu.ut.ee\/teke\/wp-json\/wp\/v2\/pages"}],"about":[{"href":"https:\/\/sisu.ut.ee\/teke\/wp-json\/wp\/v2\/types\/page"}],"author":[{"embeddable":true,"href":"https:\/\/sisu.ut.ee\/teke\/wp-json\/wp\/v2\/users\/214"}],"replies":[{"embeddable":true,"href":"https:\/\/sisu.ut.ee\/teke\/wp-json\/wp\/v2\/comments?post=26"}],"version-history":[{"count":1,"href":"https:\/\/sisu.ut.ee\/teke\/wp-json\/wp\/v2\/pages\/26\/revisions"}],"predecessor-version":[{"id":224,"href":"https:\/\/sisu.ut.ee\/teke\/wp-json\/wp\/v2\/pages\/26\/revisions\/224"}],"wp:attachment":[{"href":"https:\/\/sisu.ut.ee\/teke\/wp-json\/wp\/v2\/media?parent=26"}],"curies":[{"name":"wp","href":"https:\/\/api.w.org\/{rel}","templated":true}]}}