{"id":14,"date":"2024-04-04T05:45:36","date_gmt":"2024-04-04T02:45:36","guid":{"rendered":"https:\/\/sisu.ut.ee\/teke\/kuressaare\/"},"modified":"2024-04-04T05:47:05","modified_gmt":"2024-04-04T02:47:05","slug":"kuressaare","status":"publish","type":"page","link":"https:\/\/sisu.ut.ee\/teke\/kuressaare\/","title":{"rendered":"TeKE k\u00fclastas Kuressaare koole"},"content":{"rendered":"<p style=\"text-align: justify\">\n\t<span style=\"font-size:15px\"><img loading=\"lazy\" decoding=\"async\" width=\"514\" height=\"691\" class=\"alignnone wp-image-75\" style=\"height: 400px;margin: 10px 20px;float: right;width: 298px\" src=\"https:\/\/sisu.ut.ee\/wp-content\/uploads\/sites\/408\/kuressaare.jpg\" title=\"kuressaare.jpg\" alt=\"kuressaare\" srcset=\"https:\/\/sisu.ut.ee\/wp-content\/uploads\/sites\/408\/kuressaare.jpg 514w, https:\/\/sisu.ut.ee\/wp-content\/uploads\/sites\/408\/kuressaare-223x300.jpg 223w\" sizes=\"auto, (max-width: 514px) 100vw, 514px\"><strong>Emakeelep\u00e4evaga algaval n\u00e4dalal k\u00fclastasime koole, kus \u00f5pivad TeKE keelesaadikud ehk meid andmete kogumisel abistanud noored. \u00d5petaja Marit Tarkini kutsel j\u00f5udis Kristiina Praakli\u00a0kahe p\u00e4eva jooksul, 17. ja 18. m\u00e4rtsil kohtuda \u00f5pilaste ja \u00f5petajatega kahes Saaremaa koolis,\u00a0Saaremaa G\u00fcmnaasiumis ja Kuressaare Nooruse Koolis.<\/strong><\/span>\n<\/p>\n<p style=\"text-align: justify\">\n\t<span style=\"font-size:15px\">Kuues t\u00f6\u00f6toas arutles Kristiina noorte keelekasutuse teemadel\u00a0kokku 145 \u00f5pilastega 5. ja 6. klassist ning 10. ja 11. klassist. Killukesi sellest, mida \u00f5pilased t\u00f6\u00f6toast k\u00f5rva taha panid:<\/span>\n<\/p>\n<ul>\n<li>\n\t\t<span style=\"font-size:15px\">transkriptsioon on v\u00e4ga aega n\u00f5udev, aga mulle meeldiks sellega vb tegeleda<\/span>\n\t<\/li>\n<li>\n\t\t<span style=\"font-size:15px\">Huvitavaid fakte noorte keelekasutuse kohta<\/span>\n\t<\/li>\n<li>\n\t\t<span style=\"font-size:15px\">Sain teada mis on transkriptsioon ja millega tegeleb keeleteadus, mis tehnikat selle jaoks kasutatakse<\/span>\n\t<\/li>\n<li>\n\t\t<span style=\"font-size:15px\">Meie vanuste keelekasutus pole nii halb kui arvasin<\/span>\n\t<\/li>\n<li>\n\t\t<span style=\"font-size:15px\">Et keeleteadlase t\u00f6\u00f6 ei olegi nii ilmne kui esmapilgul n\u00e4is.<\/span>\n\t<\/li>\n<li>\n\t\t<span style=\"font-size:15px\">Mida uut sain t\u00e4na? paljud vanemad inimesed, arvavad, et noored ei oska eesti keelt, kuigi noored oskavad seda v\u00e4ga palju.<\/span>\n\t<\/li>\n<\/ul>\n<p>\n\t<span style=\"font-size:15px\">Kuressaare Nooruse Kooli ajalehest\u00a0\u201cNooruse Meridiaan\u201d saab\u00a0lugeda, mida arvavad Kuressaare \u00f5pilased oma kogemusest\u00a0TeKE projekti keelesaadikutena: <a data-url=\"https:\/\/nooruse.edu.ee\/meiekg\/?s=5918&amp;fbclid=IwAR13jumZEwIK-AG6sWPaEKLsN0gA_6vgbgIX77R6AUv9tArsn9LUuLX280s\" href=\"https:\/\/nooruse.edu.ee\/meiekg\/?s=5918&amp;fbclid=IwAR13jumZEwIK-AG6sWPaEKLsN0gA_6vgbgIX77R6AUv9tArsn9LUuLX280s\" target=\"_blank\" title=\"\" rel=\"noopener\">Keelesaadikuks olemine oli huvitav, meeldej\u00e4\u00e4v ning t\u00f5stis enesekindlust<\/a>.<\/span>\n<\/p>\n<p>\n\t\u00a0\n<\/p>\n<p>\n\t\u00a0\n<\/p>\n<p style=\"text-align: justify\">\n\t\u00a0<\/p>\n","protected":false},"excerpt":{"rendered":"<p>Emakeelep\u00e4evaga algaval n\u00e4dalal k\u00fclastasime koole, kus \u00f5pivad TeKE keelesaadikud ehk meid andmete kogumisel abistanud noored. \u00d5petaja Marit Tarkini kutsel j\u00f5udis Kristiina Praakli\u00a0kahe p\u00e4eva jooksul, 17. ja 18. m\u00e4rtsil kohtuda \u00f5pilaste ja \u00f5petajatega kahes Saaremaa koolis,\u00a0Saaremaa G\u00fcmnaasiumis ja Kuressaare Nooruse Koolis. &#8230;<\/p>\n","protected":false},"author":214,"featured_media":0,"parent":0,"menu_order":0,"comment_status":"closed","ping_status":"closed","template":"","meta":{"_acf_changed":false,"inline_featured_image":false,"footnotes":""},"class_list":["post-14","page","type-page","status-publish","hentry"],"acf":[],"_links":{"self":[{"href":"https:\/\/sisu.ut.ee\/teke\/wp-json\/wp\/v2\/pages\/14","targetHints":{"allow":["GET"]}}],"collection":[{"href":"https:\/\/sisu.ut.ee\/teke\/wp-json\/wp\/v2\/pages"}],"about":[{"href":"https:\/\/sisu.ut.ee\/teke\/wp-json\/wp\/v2\/types\/page"}],"author":[{"embeddable":true,"href":"https:\/\/sisu.ut.ee\/teke\/wp-json\/wp\/v2\/users\/214"}],"replies":[{"embeddable":true,"href":"https:\/\/sisu.ut.ee\/teke\/wp-json\/wp\/v2\/comments?post=14"}],"version-history":[{"count":1,"href":"https:\/\/sisu.ut.ee\/teke\/wp-json\/wp\/v2\/pages\/14\/revisions"}],"predecessor-version":[{"id":236,"href":"https:\/\/sisu.ut.ee\/teke\/wp-json\/wp\/v2\/pages\/14\/revisions\/236"}],"wp:attachment":[{"href":"https:\/\/sisu.ut.ee\/teke\/wp-json\/wp\/v2\/media?parent=14"}],"curies":[{"name":"wp","href":"https:\/\/api.w.org\/{rel}","templated":true}]}}