{"id":13,"date":"2024-04-04T05:45:36","date_gmt":"2024-04-04T02:45:36","guid":{"rendered":"https:\/\/sisu.ut.ee\/teke\/katoliku\/"},"modified":"2024-04-04T05:47:05","modified_gmt":"2024-04-04T02:47:05","slug":"katoliku","status":"publish","type":"page","link":"https:\/\/sisu.ut.ee\/teke\/katoliku\/","title":{"rendered":"TeKE k\u00fclastas Tartu Katoliku Hariduskeskust"},"content":{"rendered":"<p style=\"text-align: justify\">\n\t<img loading=\"lazy\" decoding=\"async\" width=\"805\" height=\"681\" class=\"alignnone wp-image-74\" style=\"width: 296px;height: 250px;float: right;margin-left: 10px;margin-right: 10px\" src=\"https:\/\/sisu.ut.ee\/wp-content\/uploads\/sites\/408\/katoliku3.jpg\" title=\"katoliku3.jpg\" alt=\"katoliku2\" srcset=\"https:\/\/sisu.ut.ee\/wp-content\/uploads\/sites\/408\/katoliku3.jpg 805w, https:\/\/sisu.ut.ee\/wp-content\/uploads\/sites\/408\/katoliku3-300x254.jpg 300w, https:\/\/sisu.ut.ee\/wp-content\/uploads\/sites\/408\/katoliku3-768x650.jpg 768w\" sizes=\"auto, (max-width: 805px) 100vw, 805px\"><strong><span style=\"font-size:15px\">Emakeelep\u00e4evaga alanud n\u00e4dalal k\u00fclastasid TeKE t\u00f6\u00f6r\u00fchma liikmed mitmeid projektis kaasa l\u00f6\u00f6nud koole. Tartu Katoliku Hariduskeskuses k\u00e4isid \u00f5petajate\u00a0Mai Palloni ja Aili Jaaniso kutsel Virve Vihman, Mari-Liis Korkus ja\u00a0Annaliis Tenisson.\u00a0<\/span><\/strong>\n<\/p>\n<p style=\"text-align: justify\">\n\t<span style=\"font-size:15px\">Neljas 45-minutilises t\u00f6\u00f6toas kohtusime kokku ligi 90 \u00f5pilasega kaheksandast kuni 10. klassist.\u00a0<\/span><span style=\"font-size:15px\">Millega t\u00f6\u00f6toas tegelesime? <\/span>\n<\/p>\n<p style=\"text-align: justify\">\n\t<strong><span style=\"font-size:15px\">R\u00e4\u00e4kisime, mis \u00fcldse on keeleteadus ja millega keeleteadlased tegelevad. \u00d5pilaste muljeid:<\/span><\/strong>\n<\/p>\n<ul>\n<li style=\"text-align:justify\">\n\t\tKeel on raske aga huvitav \ud83d\ude42\n\t<\/li>\n<li style=\"text-align:justify\">\n\t\t<span>Keeleteadus ei olegi peamiselt grammatika\u00a0<\/span>\n\t<\/li>\n<li>\n\t\t<span>keeleuurimis valdkond tegeleb rohkem, kui ainult s\u00f5nade ajalooga<\/span>\n\t<\/li>\n<\/ul>\n<p>\n\t<strong style=\"text-align: justify\">Arutasime, miks TeKE projekt ning miks ja kuidas uuritakse noorte\u00a0noorte keelekasutust. \u00d5pilased said muu hulgas teada, et \u2026<\/strong>\n<\/p>\n<ul>\n<li style=\"text-align: justify\">\n\t\t\u2026noortel on erinev keel kui suurtel (vanematel)\n\t<\/li>\n<li style=\"text-align:justify\">\n\t\t\u2026noorte keelekasutus ei ole halb asi (sl\u00e4ngid jm.)\n\t<\/li>\n<li style=\"text-align: justify\">\n\t\t..t\u00fcdrukud on aktiivsemad keeleuuringutes osalejad\n\t<\/li>\n<li style=\"text-align: justify\">\n\t\t<span>\u2026On olemas programme mis teevad helifaile s\u00f5nadeks<\/span>\n\t<\/li>\n<\/ul>\n<p style=\"text-align: justify\">\n\t<strong>\u00d5pilased tegid keele kohta muidki t\u00e4helepanekuid:<\/strong>\n<\/p>\n<ul>\n<li style=\"text-align: justify\">\n\t\t<span>Eesti keel on ajaga palju muutunud.<\/span>\n\t<\/li>\n<li style=\"text-align: justify\">\n\t\t<span>Keele muutumine ajas n\u00e4itab selle eluj\u00f5ulisust.<\/span>\n\t<\/li>\n<li>\n\t\t<span>Sain aru kui raske on tegelikult k\u00f5nelemisest aru saada.<\/span>\n\t<\/li>\n<li>\n\t\t<span>Sain teada erinevust tavalise r\u00e4\u00e4kimise ja teksti vahel.<\/span>\n\t<\/li>\n<li>\n\t\tSain teada, mida mu klass s\u00f5nadest kasutavad.\n\t<\/li>\n<\/ul>\n<p>\n\t<strong>Kokkuv\u00f5tvaid m\u00f5tteid t\u00f6\u00f6toas osalejatelt:<\/strong>\n<\/p>\n<ul>\n<li>\n\t\t<span>keele teadus ei ole mulle \ud83d\ude42<\/span>\n\t<\/li>\n<li>\n\t\t<span>V\u00e4ga tore loeng!<\/span>\n\t<\/li>\n<\/ul>\n<p>\n\t<span><img loading=\"lazy\" decoding=\"async\" width=\"891\" height=\"613\" class=\"alignnone wp-image-73\" style=\"height: 300px;width: 436px;float: left;margin-top: 10px;margin-bottom: 10px\" src=\"https:\/\/sisu.ut.ee\/wp-content\/uploads\/sites\/408\/katoliku2.jpg\" title=\"katoliku2.jpg\" alt=\"katoliku2\" srcset=\"https:\/\/sisu.ut.ee\/wp-content\/uploads\/sites\/408\/katoliku2.jpg 891w, https:\/\/sisu.ut.ee\/wp-content\/uploads\/sites\/408\/katoliku2-300x206.jpg 300w, https:\/\/sisu.ut.ee\/wp-content\/uploads\/sites\/408\/katoliku2-768x528.jpg 768w\" sizes=\"auto, (max-width: 891px) 100vw, 891px\"><\/span>\n<\/p>\n<p style=\"text-align: justify\">\n\t\u00a0\n<\/p>\n<p style=\"text-align: justify\">\n\t\u00a0<\/p>\n","protected":false},"excerpt":{"rendered":"<p>Emakeelep\u00e4evaga alanud n\u00e4dalal k\u00fclastasid TeKE t\u00f6\u00f6r\u00fchma liikmed mitmeid projektis kaasa l\u00f6\u00f6nud koole. Tartu Katoliku Hariduskeskuses k\u00e4isid \u00f5petajate\u00a0Mai Palloni ja Aili Jaaniso kutsel Virve Vihman, Mari-Liis Korkus ja\u00a0Annaliis Tenisson.\u00a0 Neljas 45-minutilises t\u00f6\u00f6toas kohtusime kokku ligi 90 \u00f5pilasega kaheksandast kuni 10. klassist.\u00a0Millega &#8230;<\/p>\n","protected":false},"author":214,"featured_media":0,"parent":0,"menu_order":0,"comment_status":"closed","ping_status":"closed","template":"","meta":{"_acf_changed":false,"inline_featured_image":false,"footnotes":""},"class_list":["post-13","page","type-page","status-publish","hentry"],"acf":[],"_links":{"self":[{"href":"https:\/\/sisu.ut.ee\/teke\/wp-json\/wp\/v2\/pages\/13","targetHints":{"allow":["GET"]}}],"collection":[{"href":"https:\/\/sisu.ut.ee\/teke\/wp-json\/wp\/v2\/pages"}],"about":[{"href":"https:\/\/sisu.ut.ee\/teke\/wp-json\/wp\/v2\/types\/page"}],"author":[{"embeddable":true,"href":"https:\/\/sisu.ut.ee\/teke\/wp-json\/wp\/v2\/users\/214"}],"replies":[{"embeddable":true,"href":"https:\/\/sisu.ut.ee\/teke\/wp-json\/wp\/v2\/comments?post=13"}],"version-history":[{"count":1,"href":"https:\/\/sisu.ut.ee\/teke\/wp-json\/wp\/v2\/pages\/13\/revisions"}],"predecessor-version":[{"id":237,"href":"https:\/\/sisu.ut.ee\/teke\/wp-json\/wp\/v2\/pages\/13\/revisions\/237"}],"wp:attachment":[{"href":"https:\/\/sisu.ut.ee\/teke\/wp-json\/wp\/v2\/media?parent=13"}],"curies":[{"name":"wp","href":"https:\/\/api.w.org\/{rel}","templated":true}]}}