{"id":11,"date":"2024-04-04T05:45:36","date_gmt":"2024-04-04T02:45:36","guid":{"rendered":"https:\/\/sisu.ut.ee\/teke\/antsla2022\/"},"modified":"2024-04-04T05:47:05","modified_gmt":"2024-04-04T02:47:05","slug":"antsla2022","status":"publish","type":"page","link":"https:\/\/sisu.ut.ee\/teke\/antsla2022\/","title":{"rendered":"TeKE k\u00fclastas Antsla G\u00fcmnaasiumi"},"content":{"rendered":"<p style=\"text-align: justify\">\n\t<span style=\"font-size:15px\"><img loading=\"lazy\" decoding=\"async\" width=\"820\" height=\"685\" class=\"alignnone wp-image-71\" style=\"width: 359px;height: 300px;margin: 10px;float: left\" src=\"https:\/\/sisu.ut.ee\/wp-content\/uploads\/sites\/408\/antsla2.jpg\" title=\"antsla2.jpg\" alt=\"Antsla2\" srcset=\"https:\/\/sisu.ut.ee\/wp-content\/uploads\/sites\/408\/antsla2.jpg 820w, https:\/\/sisu.ut.ee\/wp-content\/uploads\/sites\/408\/antsla2-300x251.jpg 300w, https:\/\/sisu.ut.ee\/wp-content\/uploads\/sites\/408\/antsla2-768x642.jpg 768w\" sizes=\"auto, (max-width: 820px) 100vw, 820px\">Emakeelep\u00e4eva puhul k\u00fclastasime\u00a0\u00f5petajate Iri Reile ja Anu Silma kutsel Antsla G\u00fcmnaasiumi, kus \u00f5pivad ka mitmed TeKE projekti keelesaadikud \u2013 meie abilised ja kaast\u00f6\u00f6lised teismeliste keeleandmete kogumisel.\u00a0<\/span>\n<\/p>\n<p style=\"text-align: justify\">\n\t<span style=\"font-size:15px\">Kahes tunni aja pikkuses\u00a0t\u00f6\u00f6toas kohtusid\u00a0TeKE t\u00f6\u00f6r\u00fchma liikmed Virve-Anneli Vihman ja Mari-Liis Korkus\u00a0k\u00fcmnenda klassi \u00f5pilastega ning segagrupiga, kus olid koos TeKE projektis ja emakeele ol\u00fcmpiaadil osalenud \u00f5pilased eri klassidest. <\/span>\n<\/p>\n<p style=\"text-align: justify\">\n\t<span style=\"font-size:15px\">R\u00e4\u00e4kisime kokku 55 noorega keeleuurimisest \u00fcldisemalt,\u00a0sellest, miks ja kuidas uurida noortekeelt, ning arutasime \u00fcheskoos teismeliste keelekasutusele iseloomulike joonte \u00fcle.<\/span>\n<\/p>\n<p>\n\t\u00a0\n<\/p>\n<p>\n\t<span style=\"font-size:16px\"><strong>\u00d5pilaste muljeid t\u00f6\u00f6toast:<\/strong><\/span>\n<\/p>\n<p>\n\t<span><img loading=\"lazy\" decoding=\"async\" width=\"524\" height=\"512\" class=\"alignnone wp-image-70\" style=\"height:300px;width:307px;margin:10px;float:right\" src=\"https:\/\/sisu.ut.ee\/wp-content\/uploads\/sites\/408\/kleepsud.jpg\" title=\"kleepsud.jpg\" alt=\"kleepsud\" srcset=\"https:\/\/sisu.ut.ee\/wp-content\/uploads\/sites\/408\/kleepsud.jpg 524w, https:\/\/sisu.ut.ee\/wp-content\/uploads\/sites\/408\/kleepsud-300x293.jpg 300w\" sizes=\"auto, (max-width: 524px) 100vw, 524px\"><\/span><span style=\"font-size:15px\"><span style=\"color:#66cc33\">Sain teada, kuidas keeleteadus tegelt t\u00f6\u00f6tab ja mis see on.<\/span><\/span>\n<\/p>\n<p>\n\t<span style=\"font-size:15px\"><span style=\"color:#6699ff\"><span style=\"font-family:Lucida Sans Unicode,Lucida Grande,sans-serif\">Sain teada, et on loodud selline n\u00f6 meeskond, kes tegeleb meie, noorte keele uurimise ja t\u00f5lgendamisega. Minu arust on see v\u00e4ga lahe.<\/span><\/span><\/span>\n<\/p>\n<p>\n\t<span style=\"font-size:15px\"><span style=\"color:#ff33ff\"><span style=\"font-family:Lucida Sans Unicode,Lucida Grande,sans-serif\">Keeleteadlaste t\u00f6\u00f6 on v\u00e4ga v\u00e4ga aega n\u00f5udev.<\/span><\/span><\/span>\n<\/p>\n<p>\n\t<span style=\"font-size:15px\"><span style=\"color:#ff8c00\"><span style=\"font-family:Lucida Sans Unicode,Lucida Grande,sans-serif\">Sain teada, et on olemas oluliselt rohkem l\u00fchendeid millest ma varasemalt teadlik olin.<\/span><\/span><\/span>\n<\/p>\n<p>\n\t<span style=\"font-size:15px\"><span style=\"color:#ffd700\">Keeleteadlased tegelevad veel palju muuga peal t\u00f5lkimise.<\/span><\/span>\n<\/p>\n<p>\n\t<span style=\"font-size:15px\"><span style=\"color:#6699ff\"><span style=\"font-family:Lucida Sans Unicode,Lucida Grande,sans-serif\">Keeleteadus on olemas uued programmid.<\/span><\/span><\/span>\n<\/p>\n<p>\n\t<span style=\"font-size:15px\"><span style=\"color:#ee82ee\">Sain teada kui huvitav on teie t\u00f6\u00f6 ja kui mitmekesine me keel tegelikult on. \ud83d\ude42<\/span><\/span>\n<\/p>\n<p>\n\t\u00a0<\/p>\n","protected":false},"excerpt":{"rendered":"<p>Emakeelep\u00e4eva puhul k\u00fclastasime\u00a0\u00f5petajate Iri Reile ja Anu Silma kutsel Antsla G\u00fcmnaasiumi, kus \u00f5pivad ka mitmed TeKE projekti keelesaadikud \u2013 meie abilised ja kaast\u00f6\u00f6lised teismeliste keeleandmete kogumisel.\u00a0 Kahes tunni aja pikkuses\u00a0t\u00f6\u00f6toas kohtusid\u00a0TeKE t\u00f6\u00f6r\u00fchma liikmed Virve-Anneli Vihman ja Mari-Liis Korkus\u00a0k\u00fcmnenda klassi \u00f5pilastega &#8230;<\/p>\n","protected":false},"author":214,"featured_media":0,"parent":0,"menu_order":0,"comment_status":"closed","ping_status":"closed","template":"","meta":{"_acf_changed":false,"inline_featured_image":false,"footnotes":""},"class_list":["post-11","page","type-page","status-publish","hentry"],"acf":[],"_links":{"self":[{"href":"https:\/\/sisu.ut.ee\/teke\/wp-json\/wp\/v2\/pages\/11","targetHints":{"allow":["GET"]}}],"collection":[{"href":"https:\/\/sisu.ut.ee\/teke\/wp-json\/wp\/v2\/pages"}],"about":[{"href":"https:\/\/sisu.ut.ee\/teke\/wp-json\/wp\/v2\/types\/page"}],"author":[{"embeddable":true,"href":"https:\/\/sisu.ut.ee\/teke\/wp-json\/wp\/v2\/users\/214"}],"replies":[{"embeddable":true,"href":"https:\/\/sisu.ut.ee\/teke\/wp-json\/wp\/v2\/comments?post=11"}],"version-history":[{"count":1,"href":"https:\/\/sisu.ut.ee\/teke\/wp-json\/wp\/v2\/pages\/11\/revisions"}],"predecessor-version":[{"id":239,"href":"https:\/\/sisu.ut.ee\/teke\/wp-json\/wp\/v2\/pages\/11\/revisions\/239"}],"wp:attachment":[{"href":"https:\/\/sisu.ut.ee\/teke\/wp-json\/wp\/v2\/media?parent=11"}],"curies":[{"name":"wp","href":"https:\/\/api.w.org\/{rel}","templated":true}]}}