{"id":9,"date":"2024-04-04T04:32:43","date_gmt":"2024-04-04T01:32:43","guid":{"rendered":"https:\/\/sisu.ut.ee\/teadustoo_alused\/lisalugemine\/"},"modified":"2024-04-17T16:22:30","modified_gmt":"2024-04-17T13:22:30","slug":"lisalugemine","status":"publish","type":"page","link":"https:\/\/sisu.ut.ee\/teadustoo_alused\/lisalugemine\/","title":{"rendered":"Lisalugemine"},"content":{"rendered":"<ul>\n<li>Blaikie, N. (2015<em>). Designing social research: the logic of anticipation<\/em>. Cambridge Malden (Mass) Polity Press.<\/li>\n<li>Della Porta, D., Keating, M. (2008). <em>Approaches and methodologies in the social sciences<\/em>. Cambridge University Press.<\/li>\n<li>Guba, E. G. (Ed.). (1990).\u00a0<em>The paradigm dialog<\/em>. Sage publications.<\/li>\n<li>Guba, E.G., Lincoln, Y. S. (1998). Competing Paradigms in Qualitative Research. Denzin, N. K., Lincoln, Y. S. (Toim), <em>The Landscape of Qualitative Research: Theories and Issues<\/em>. Sage: Thousand Oaks. 195-220.<\/li>\n<li>Lagerspetz, M. (2017). \u00dchiskonna uurimise meetodid. Sissejuhatus ja v\u00e4ljajuhatus. Tallinn: TL\u00dc Kirjastus. Peat\u00fckk 3. Sotsioloogilised teadusideaalid. (lk 45-58).<\/li>\n<\/ul>\n","protected":false},"excerpt":{"rendered":"<p>Blaikie, N. (2015). Designing social research: the logic of anticipation. Cambridge Malden (Mass) Polity Press. Della Porta, D., Keating, M. (2008). Approaches and methodologies in the social sciences. Cambridge University Press. Guba, E. G. (Ed.). (1990).\u00a0The paradigm dialog. Sage publications. &#8230;<\/p>\n","protected":false},"author":3,"featured_media":0,"parent":0,"menu_order":0,"comment_status":"closed","ping_status":"closed","template":"","meta":{"_acf_changed":false,"inline_featured_image":false,"footnotes":""},"class_list":["post-9","page","type-page","status-publish","hentry"],"acf":[],"_links":{"self":[{"href":"https:\/\/sisu.ut.ee\/teadustoo_alused\/wp-json\/wp\/v2\/pages\/9","targetHints":{"allow":["GET"]}}],"collection":[{"href":"https:\/\/sisu.ut.ee\/teadustoo_alused\/wp-json\/wp\/v2\/pages"}],"about":[{"href":"https:\/\/sisu.ut.ee\/teadustoo_alused\/wp-json\/wp\/v2\/types\/page"}],"author":[{"embeddable":true,"href":"https:\/\/sisu.ut.ee\/teadustoo_alused\/wp-json\/wp\/v2\/users\/3"}],"replies":[{"embeddable":true,"href":"https:\/\/sisu.ut.ee\/teadustoo_alused\/wp-json\/wp\/v2\/comments?post=9"}],"version-history":[{"count":2,"href":"https:\/\/sisu.ut.ee\/teadustoo_alused\/wp-json\/wp\/v2\/pages\/9\/revisions"}],"predecessor-version":[{"id":288,"href":"https:\/\/sisu.ut.ee\/teadustoo_alused\/wp-json\/wp\/v2\/pages\/9\/revisions\/288"}],"wp:attachment":[{"href":"https:\/\/sisu.ut.ee\/teadustoo_alused\/wp-json\/wp\/v2\/media?parent=9"}],"curies":[{"name":"wp","href":"https:\/\/api.w.org\/{rel}","templated":true}]}}