{"id":83,"date":"2024-04-04T04:32:48","date_gmt":"2024-04-04T01:32:48","guid":{"rendered":"https:\/\/sisu.ut.ee\/teadustoo_alused\/kasutatud-kirjandus-0\/"},"modified":"2024-04-04T04:33:10","modified_gmt":"2024-04-04T01:33:10","slug":"kasutatud-kirjandus-0","status":"publish","type":"page","link":"https:\/\/sisu.ut.ee\/teadustoo_alused\/kasutatud-kirjandus-0\/","title":{"rendered":"Kasutatud kirjandus"},"content":{"rendered":"<p>Creme, P., &amp; Lea, M. R. (2003). <em>Writing at University, a guide for students.<\/em> Open University Press Maidenhead.<\/p>\n<p>Ehala, M. (2000). <em>Kirjutamise kunst. <\/em>Tallinn: K\u00fcnnimees.<\/p>\n<p>Hennoste, M. (1999). Teksti\u00f5petuse \u00f5pik. Tallinn: Avita.<\/p>\n<p>Hirsj\u00e4rvi, S., Remes, P., &amp; Sajavaara, P. (2005). <em>Uuri ja kirjuta.<\/em> Tallinn: Medicina.<\/p>\n","protected":false},"excerpt":{"rendered":"<p>Creme, P., &amp; Lea, M. R. (2003). Writing at University, a guide for students. Open University Press Maidenhead. Ehala, M. (2000). Kirjutamise kunst. Tallinn: K\u00fcnnimees. Hennoste, M. (1999). Teksti\u00f5petuse \u00f5pik. Tallinn: Avita. Hirsj\u00e4rvi, S., Remes, P., &amp; Sajavaara, P. (2005). &#8230;<\/p>\n","protected":false},"author":3,"featured_media":0,"parent":0,"menu_order":0,"comment_status":"closed","ping_status":"closed","template":"","meta":{"_acf_changed":false,"inline_featured_image":false,"footnotes":""},"class_list":["post-83","page","type-page","status-publish","hentry"],"acf":[],"_links":{"self":[{"href":"https:\/\/sisu.ut.ee\/teadustoo_alused\/wp-json\/wp\/v2\/pages\/83","targetHints":{"allow":["GET"]}}],"collection":[{"href":"https:\/\/sisu.ut.ee\/teadustoo_alused\/wp-json\/wp\/v2\/pages"}],"about":[{"href":"https:\/\/sisu.ut.ee\/teadustoo_alused\/wp-json\/wp\/v2\/types\/page"}],"author":[{"embeddable":true,"href":"https:\/\/sisu.ut.ee\/teadustoo_alused\/wp-json\/wp\/v2\/users\/3"}],"replies":[{"embeddable":true,"href":"https:\/\/sisu.ut.ee\/teadustoo_alused\/wp-json\/wp\/v2\/comments?post=83"}],"version-history":[{"count":1,"href":"https:\/\/sisu.ut.ee\/teadustoo_alused\/wp-json\/wp\/v2\/pages\/83\/revisions"}],"predecessor-version":[{"id":194,"href":"https:\/\/sisu.ut.ee\/teadustoo_alused\/wp-json\/wp\/v2\/pages\/83\/revisions\/194"}],"wp:attachment":[{"href":"https:\/\/sisu.ut.ee\/teadustoo_alused\/wp-json\/wp\/v2\/media?parent=83"}],"curies":[{"name":"wp","href":"https:\/\/api.w.org\/{rel}","templated":true}]}}