{"id":82,"date":"2024-04-04T04:32:48","date_gmt":"2024-04-04T01:32:48","guid":{"rendered":"https:\/\/sisu.ut.ee\/teadustoo_alused\/kasutatud-kirjandus\/"},"modified":"2024-04-04T04:33:10","modified_gmt":"2024-04-04T01:33:10","slug":"kasutatud-kirjandus","status":"publish","type":"page","link":"https:\/\/sisu.ut.ee\/teadustoo_alused\/kasutatud-kirjandus\/","title":{"rendered":"Kasutatud kirjandus"},"content":{"rendered":"<p>Hirsj\u00e4rvi, S., Remes, P., &amp; Sajavaara, P. (2005). <em>Uuri ja kirjuta.<\/em> Tallinn: Medicina.<\/p>\n<p>Kasik, R. (2007). <em>Sissejuhatus teksti\u00f5petusse.<\/em> Tartu \u00dclikooli Kirjastus.<\/p>\n<p>Kasik, R., Erelt, M., &amp; Erelt, T. (2011). <em>Eesti keele v\u00e4ljendus\u00f5petus k\u00f5rgkoolidele<\/em>. Tallinn: Emakeele Selts.<\/p>\n","protected":false},"excerpt":{"rendered":"<p>Hirsj\u00e4rvi, S., Remes, P., &amp; Sajavaara, P. (2005). Uuri ja kirjuta. Tallinn: Medicina. Kasik, R. (2007). Sissejuhatus teksti\u00f5petusse. Tartu \u00dclikooli Kirjastus. Kasik, R., Erelt, M., &amp; Erelt, T. (2011). Eesti keele v\u00e4ljendus\u00f5petus k\u00f5rgkoolidele. Tallinn: Emakeele Selts.<\/p>\n","protected":false},"author":3,"featured_media":0,"parent":0,"menu_order":0,"comment_status":"closed","ping_status":"closed","template":"","meta":{"_acf_changed":false,"inline_featured_image":false,"footnotes":""},"class_list":["post-82","page","type-page","status-publish","hentry"],"acf":[],"_links":{"self":[{"href":"https:\/\/sisu.ut.ee\/teadustoo_alused\/wp-json\/wp\/v2\/pages\/82","targetHints":{"allow":["GET"]}}],"collection":[{"href":"https:\/\/sisu.ut.ee\/teadustoo_alused\/wp-json\/wp\/v2\/pages"}],"about":[{"href":"https:\/\/sisu.ut.ee\/teadustoo_alused\/wp-json\/wp\/v2\/types\/page"}],"author":[{"embeddable":true,"href":"https:\/\/sisu.ut.ee\/teadustoo_alused\/wp-json\/wp\/v2\/users\/3"}],"replies":[{"embeddable":true,"href":"https:\/\/sisu.ut.ee\/teadustoo_alused\/wp-json\/wp\/v2\/comments?post=82"}],"version-history":[{"count":1,"href":"https:\/\/sisu.ut.ee\/teadustoo_alused\/wp-json\/wp\/v2\/pages\/82\/revisions"}],"predecessor-version":[{"id":193,"href":"https:\/\/sisu.ut.ee\/teadustoo_alused\/wp-json\/wp\/v2\/pages\/82\/revisions\/193"}],"wp:attachment":[{"href":"https:\/\/sisu.ut.ee\/teadustoo_alused\/wp-json\/wp\/v2\/media?parent=82"}],"curies":[{"name":"wp","href":"https:\/\/api.w.org\/{rel}","templated":true}]}}