{"id":81,"date":"2024-04-04T04:32:48","date_gmt":"2024-04-04T01:32:48","guid":{"rendered":"https:\/\/sisu.ut.ee\/teadustoo_alused\/allikate-valik-ja-viitamine\/"},"modified":"2024-04-04T04:33:10","modified_gmt":"2024-04-04T01:33:10","slug":"allikate-valik-ja-viitamine","status":"publish","type":"page","link":"https:\/\/sisu.ut.ee\/teadustoo_alused\/allikate-valik-ja-viitamine\/","title":{"rendered":"Allikate valik ja viitamine"},"content":{"rendered":"<p style=\"text-align: right\">\n\tVilve Seiler (T\u00dc raamatukogu), kasutatud on ka K\u00e4rt Miili koostatud materjale.\n<\/p>\n<p>\n\t<span>See kursuse moodul annab teile teadmisi ja oskusi \u00fcli\u00f5pilast\u00f6\u00f6deks vajaliku teadusinformatsiooni otsimiseks. Tutvute infootsingu \u00fcldiste p\u00f5him\u00f5tetega, Eesti andmebaasidega ja nende otsinguv\u00f5imalustega, \u00f5pite kasutama otsinguportaali EBSCO Discovery ning teadusinfo otsinguvahendit Google Scholarit. \u00d5pite ka info hindamist ning saate <\/span><span>harjutada, kuidas teha viidete haldamise vahendi Zotero abil tekstisiseseid viiteid ja vormistada kirjanduse loetelu.<\/span>\n<\/p>\n<p>\n\t<span data-mce-mark=\"1\">. <\/span>\n<\/p>\n<p>\n\t<span>\u00a0<\/span><\/p>\n","protected":false},"excerpt":{"rendered":"<p>Vilve Seiler (T\u00dc raamatukogu), kasutatud on ka K\u00e4rt Miili koostatud materjale. See kursuse moodul annab teile teadmisi ja oskusi \u00fcli\u00f5pilast\u00f6\u00f6deks vajaliku teadusinformatsiooni otsimiseks. Tutvute infootsingu \u00fcldiste p\u00f5him\u00f5tetega, Eesti andmebaasidega ja nende otsinguv\u00f5imalustega, \u00f5pite kasutama otsinguportaali EBSCO Discovery ning teadusinfo otsinguvahendit &#8230;<\/p>\n","protected":false},"author":3,"featured_media":0,"parent":0,"menu_order":0,"comment_status":"closed","ping_status":"closed","template":"","meta":{"_acf_changed":false,"inline_featured_image":false,"footnotes":""},"class_list":["post-81","page","type-page","status-publish","hentry"],"acf":[],"_links":{"self":[{"href":"https:\/\/sisu.ut.ee\/teadustoo_alused\/wp-json\/wp\/v2\/pages\/81","targetHints":{"allow":["GET"]}}],"collection":[{"href":"https:\/\/sisu.ut.ee\/teadustoo_alused\/wp-json\/wp\/v2\/pages"}],"about":[{"href":"https:\/\/sisu.ut.ee\/teadustoo_alused\/wp-json\/wp\/v2\/types\/page"}],"author":[{"embeddable":true,"href":"https:\/\/sisu.ut.ee\/teadustoo_alused\/wp-json\/wp\/v2\/users\/3"}],"replies":[{"embeddable":true,"href":"https:\/\/sisu.ut.ee\/teadustoo_alused\/wp-json\/wp\/v2\/comments?post=81"}],"version-history":[{"count":1,"href":"https:\/\/sisu.ut.ee\/teadustoo_alused\/wp-json\/wp\/v2\/pages\/81\/revisions"}],"predecessor-version":[{"id":192,"href":"https:\/\/sisu.ut.ee\/teadustoo_alused\/wp-json\/wp\/v2\/pages\/81\/revisions\/192"}],"wp:attachment":[{"href":"https:\/\/sisu.ut.ee\/teadustoo_alused\/wp-json\/wp\/v2\/media?parent=81"}],"curies":[{"name":"wp","href":"https:\/\/api.w.org\/{rel}","templated":true}]}}