{"id":80,"date":"2024-04-04T04:32:48","date_gmt":"2024-04-04T01:32:48","guid":{"rendered":"https:\/\/sisu.ut.ee\/teadustoo_alused\/akadeemiline-petturlus\/"},"modified":"2024-04-04T04:33:10","modified_gmt":"2024-04-04T01:33:10","slug":"akadeemiline-petturlus","status":"publish","type":"page","link":"https:\/\/sisu.ut.ee\/teadustoo_alused\/akadeemiline-petturlus\/","title":{"rendered":"Akadeemiline petturlus"},"content":{"rendered":"<p>Akadeemilise eetika (sh teadust\u00f6\u00f6 eetika) \u00fcheks oluliseks osaks on akadeemilisest petturlusest hoidumine, seda nii teadus- kui ka \u00f5ppet\u00f6\u00f6s. Selles plokis tulebki k\u00e4sitlusele akadeemilise petturluse teema. Mooduli l\u00e4binuna: oskate v\u00e4lja tuua akadeemilise petturluse sisu ja teate, missugused dokumendid reguleerivad Tartu \u00dclikoolis (ja kitsamalt sotsiaalteaduste valdkonnas) akadeemilise petturluse menetlemise korda ning missugused on akadeemilise petturluse tagaj\u00e4rjed; oskate tuua n\u00e4iteid akadeemilise petturluse erinevatest liikidest ja olete teadlikud, kuidas akadeemilist petturlust v\u00e4ltida.\u00a0<\/p>\n<p>Akadeemilise petturluse teemaploki l\u00e4bimiseks arvestatud ajakulu on 5\u00a0\u00a0tundi. Esmalt tutvuge videoloengutega \u201cAkadeemilise petturluse olemus\u201d ja \u201cAkadeemilise petturluse tagaj\u00e4rjed ja juhtumite menetlemise kord.\u201d M\u00f5lema videloengu l\u00f5pust leiate m\u00f5tlemis\u00fclesanded\/k\u00fcsimused, mis suunavad teid m\u00f5tlema teie enda kogemustele akadeemilise petturlusega ja seadma eesm\u00e4rke akadeemilise petturluse vabaks \u00f5pinguteeks. Teemaploki l\u00f5pus saate teema kinnistamiseks ja \u00f5pitulemuste saavutamise kontrollimiseks sooritada testi \u201cAkadeemiline petturlus\u201d.<\/p>\n<p>Lisamaterjalide alt leiate lugemissoovitustena akadeemilise petturluse teemalisi uuringuid nii Eestist kui ka mujalt maailmast\u00a0ja juhised plagiaadituvastusprogrammide kasutamiseks.\u00a0<\/p>\n","protected":false},"excerpt":{"rendered":"<p>Akadeemilise eetika (sh teadust\u00f6\u00f6 eetika) \u00fcheks oluliseks osaks on akadeemilisest petturlusest hoidumine, seda nii teadus- kui ka \u00f5ppet\u00f6\u00f6s. Selles plokis tulebki k\u00e4sitlusele akadeemilise petturluse teema. Mooduli l\u00e4binuna: oskate v\u00e4lja tuua akadeemilise petturluse sisu ja teate, missugused dokumendid reguleerivad Tartu \u00dclikoolis &#8230;<\/p>\n","protected":false},"author":3,"featured_media":0,"parent":0,"menu_order":0,"comment_status":"closed","ping_status":"closed","template":"","meta":{"_acf_changed":false,"inline_featured_image":false,"footnotes":""},"class_list":["post-80","page","type-page","status-publish","hentry"],"acf":[],"_links":{"self":[{"href":"https:\/\/sisu.ut.ee\/teadustoo_alused\/wp-json\/wp\/v2\/pages\/80","targetHints":{"allow":["GET"]}}],"collection":[{"href":"https:\/\/sisu.ut.ee\/teadustoo_alused\/wp-json\/wp\/v2\/pages"}],"about":[{"href":"https:\/\/sisu.ut.ee\/teadustoo_alused\/wp-json\/wp\/v2\/types\/page"}],"author":[{"embeddable":true,"href":"https:\/\/sisu.ut.ee\/teadustoo_alused\/wp-json\/wp\/v2\/users\/3"}],"replies":[{"embeddable":true,"href":"https:\/\/sisu.ut.ee\/teadustoo_alused\/wp-json\/wp\/v2\/comments?post=80"}],"version-history":[{"count":1,"href":"https:\/\/sisu.ut.ee\/teadustoo_alused\/wp-json\/wp\/v2\/pages\/80\/revisions"}],"predecessor-version":[{"id":191,"href":"https:\/\/sisu.ut.ee\/teadustoo_alused\/wp-json\/wp\/v2\/pages\/80\/revisions\/191"}],"wp:attachment":[{"href":"https:\/\/sisu.ut.ee\/teadustoo_alused\/wp-json\/wp\/v2\/media?parent=80"}],"curies":[{"name":"wp","href":"https:\/\/api.w.org\/{rel}","templated":true}]}}