{"id":79,"date":"2024-04-04T04:32:48","date_gmt":"2024-04-04T01:32:48","guid":{"rendered":"https:\/\/sisu.ut.ee\/teadustoo_alused\/teaduseetika-pohimoisted\/"},"modified":"2024-04-04T04:33:10","modified_gmt":"2024-04-04T01:33:10","slug":"teaduseetika-pohimoisted","status":"publish","type":"page","link":"https:\/\/sisu.ut.ee\/teadustoo_alused\/teaduseetika-pohimoisted\/","title":{"rendered":"Teaduseetika p\u00f5him\u00f5isted"},"content":{"rendered":"<p>K\u00e4esoleva \u00f5piobjekti eesm\u00e4rk on anda \u00fclevaade teaduseetika p\u00f5him\u00f5istetest ja vajalikud teadmised teadust\u00f6\u00f6 eetilistest aspektidest, mis on abiks \u00fcli\u00f5pilase uurimist\u00f6\u00f6 kirjutamisel. \u00d5piobjekt sisaldab teadust\u00f6\u00f6 eetiliste aspektide kirjeldamist ja lahtim\u00f5testamist, lisalugemist ja enesekontrolli testi.<\/p>\n","protected":false},"excerpt":{"rendered":"<p>K\u00e4esoleva \u00f5piobjekti eesm\u00e4rk on anda \u00fclevaade teaduseetika p\u00f5him\u00f5istetest ja vajalikud teadmised teadust\u00f6\u00f6 eetilistest aspektidest, mis on abiks \u00fcli\u00f5pilase uurimist\u00f6\u00f6 kirjutamisel. \u00d5piobjekt sisaldab teadust\u00f6\u00f6 eetiliste aspektide kirjeldamist ja lahtim\u00f5testamist, lisalugemist ja enesekontrolli testi.<\/p>\n","protected":false},"author":3,"featured_media":0,"parent":0,"menu_order":0,"comment_status":"closed","ping_status":"closed","template":"","meta":{"_acf_changed":false,"inline_featured_image":false,"footnotes":""},"class_list":["post-79","page","type-page","status-publish","hentry"],"acf":[],"_links":{"self":[{"href":"https:\/\/sisu.ut.ee\/teadustoo_alused\/wp-json\/wp\/v2\/pages\/79","targetHints":{"allow":["GET"]}}],"collection":[{"href":"https:\/\/sisu.ut.ee\/teadustoo_alused\/wp-json\/wp\/v2\/pages"}],"about":[{"href":"https:\/\/sisu.ut.ee\/teadustoo_alused\/wp-json\/wp\/v2\/types\/page"}],"author":[{"embeddable":true,"href":"https:\/\/sisu.ut.ee\/teadustoo_alused\/wp-json\/wp\/v2\/users\/3"}],"replies":[{"embeddable":true,"href":"https:\/\/sisu.ut.ee\/teadustoo_alused\/wp-json\/wp\/v2\/comments?post=79"}],"version-history":[{"count":1,"href":"https:\/\/sisu.ut.ee\/teadustoo_alused\/wp-json\/wp\/v2\/pages\/79\/revisions"}],"predecessor-version":[{"id":190,"href":"https:\/\/sisu.ut.ee\/teadustoo_alused\/wp-json\/wp\/v2\/pages\/79\/revisions\/190"}],"wp:attachment":[{"href":"https:\/\/sisu.ut.ee\/teadustoo_alused\/wp-json\/wp\/v2\/media?parent=79"}],"curies":[{"name":"wp","href":"https:\/\/api.w.org\/{rel}","templated":true}]}}