{"id":78,"date":"2024-04-04T04:32:48","date_gmt":"2024-04-04T01:32:48","guid":{"rendered":"https:\/\/sisu.ut.ee\/teadustoo_alused\/teadusliku-uurimise-loogika\/"},"modified":"2024-04-17T16:23:15","modified_gmt":"2024-04-17T13:23:15","slug":"teadusliku-uurimise-loogika","status":"publish","type":"page","link":"https:\/\/sisu.ut.ee\/teadustoo_alused\/teadusliku-uurimise-loogika\/","title":{"rendered":"Uurimist\u00f6\u00f6 protsess ja teadusliku t\u00f6\u00f6 loogika"},"content":{"rendered":"<p>See moodul annab esmased teadmised teadust\u00f6\u00f6 loogikast ja teadust\u00f6\u00f6 protsessist. Mooduli l\u00e4bimiseks on vaja l\u00e4bi t\u00f6\u00f6tada lugemismaterjalid, lahendada m\u00f5tte\u00fclesanded ja enesekontrolli test.<\/p>\n<p>Mooduli l\u00e4bimise j\u00e4rel \u00f5ppija:<\/p>\n<ul>\n<li>on omandanud esmased teadmised akadeemilise uurimist\u00f6\u00f6 protsessi kohta;<\/li>\n<li>teab akadeemilise uurimist\u00f6\u00f6 etappe;<\/li>\n<li>tunneb olulisemaid uurimisviise ja -strateegiaid;<\/li>\n<li>teab, kuidas kavandada ja l\u00e4bi viia uurimist\u00f6\u00f6d<\/li>\n<\/ul>\n","protected":false},"excerpt":{"rendered":"<p>See moodul annab esmased teadmised teadust\u00f6\u00f6 loogikast ja teadust\u00f6\u00f6 protsessist. Mooduli l\u00e4bimiseks on vaja l\u00e4bi t\u00f6\u00f6tada lugemismaterjalid, lahendada m\u00f5tte\u00fclesanded ja enesekontrolli test. Mooduli l\u00e4bimise j\u00e4rel \u00f5ppija: on omandanud esmased teadmised akadeemilise uurimist\u00f6\u00f6 protsessi kohta; teab akadeemilise uurimist\u00f6\u00f6 etappe; tunneb olulisemaid &#8230;<\/p>\n","protected":false},"author":3,"featured_media":0,"parent":0,"menu_order":0,"comment_status":"closed","ping_status":"closed","template":"","meta":{"_acf_changed":false,"inline_featured_image":false,"footnotes":""},"class_list":["post-78","page","type-page","status-publish","hentry"],"acf":[],"_links":{"self":[{"href":"https:\/\/sisu.ut.ee\/teadustoo_alused\/wp-json\/wp\/v2\/pages\/78","targetHints":{"allow":["GET"]}}],"collection":[{"href":"https:\/\/sisu.ut.ee\/teadustoo_alused\/wp-json\/wp\/v2\/pages"}],"about":[{"href":"https:\/\/sisu.ut.ee\/teadustoo_alused\/wp-json\/wp\/v2\/types\/page"}],"author":[{"embeddable":true,"href":"https:\/\/sisu.ut.ee\/teadustoo_alused\/wp-json\/wp\/v2\/users\/3"}],"replies":[{"embeddable":true,"href":"https:\/\/sisu.ut.ee\/teadustoo_alused\/wp-json\/wp\/v2\/comments?post=78"}],"version-history":[{"count":2,"href":"https:\/\/sisu.ut.ee\/teadustoo_alused\/wp-json\/wp\/v2\/pages\/78\/revisions"}],"predecessor-version":[{"id":289,"href":"https:\/\/sisu.ut.ee\/teadustoo_alused\/wp-json\/wp\/v2\/pages\/78\/revisions\/289"}],"wp:attachment":[{"href":"https:\/\/sisu.ut.ee\/teadustoo_alused\/wp-json\/wp\/v2\/media?parent=78"}],"curies":[{"name":"wp","href":"https:\/\/api.w.org\/{rel}","templated":true}]}}