{"id":77,"date":"2024-04-04T04:32:48","date_gmt":"2024-04-04T01:32:48","guid":{"rendered":"https:\/\/sisu.ut.ee\/teadustoo_alused\/uurimisparadigmad\/"},"modified":"2024-04-04T04:33:09","modified_gmt":"2024-04-04T01:33:09","slug":"uurimisparadigmad","status":"publish","type":"page","link":"https:\/\/sisu.ut.ee\/teadustoo_alused\/uurimisparadigmad\/","title":{"rendered":"Sotsiaalteaduslikud paradigmad"},"content":{"rendered":"<p>Olles eelmises peat\u00fckis tutvustanud teadust \u00fcldiselt, vaatleme n\u00fc\u00fcd natuke l\u00e4hemalt sotsiaalteaduste olemust. Videoloeng annab \u00fclevaate peamistest l\u00e4henemistest (paradigmadest) sotsiaalteadustes.<\/p>\n<p><strong><\/strong><\/p>\n<p><strong>Videoloeng<\/strong><\/p>\n\n<p><\/p><div class=\"ratio ratio-16x9 mb-3\"><div class=\"video-placeholder-wrapper video-placeholder-wrapper--16x9\">\n\t\t\t    <div class=\"video-placeholder d-flex justify-content-center align-items-center\">\n\t\t\t        <div class=\"overlay text-white p-2 w-100 text-center d-block justify-content-center align-items-center\">\n\t\t\t            <div>Kolmandate osapoolte sisu n\u00e4gemiseks palun n\u00f5ustu k\u00fcpsistega.<\/div>\n\t\t\t            <button class=\"btn btn-secondary btn-sm mt-1 consent-change\">Muuda n\u00f5usolekut<\/button>\n\t\t\t        <\/div>\n\t\t\t    <\/div>\n\t\t\t<\/div>\n<\/div>\n","protected":false},"excerpt":{"rendered":"<p>Olles eelmises peat\u00fckis tutvustanud teadust \u00fcldiselt, vaatleme n\u00fc\u00fcd natuke l\u00e4hemalt sotsiaalteaduste olemust. Videoloeng annab \u00fclevaate peamistest l\u00e4henemistest (paradigmadest) sotsiaalteadustes. Videoloeng Kolmandate osapoolte sisu n\u00e4gemiseks palun n\u00f5ustu k\u00fcpsistega. Muuda n\u00f5usolekut<\/p>\n","protected":false},"author":3,"featured_media":0,"parent":0,"menu_order":0,"comment_status":"closed","ping_status":"closed","template":"","meta":{"_acf_changed":false,"inline_featured_image":false,"footnotes":""},"class_list":["post-77","page","type-page","status-publish","hentry"],"acf":[],"_links":{"self":[{"href":"https:\/\/sisu.ut.ee\/teadustoo_alused\/wp-json\/wp\/v2\/pages\/77","targetHints":{"allow":["GET"]}}],"collection":[{"href":"https:\/\/sisu.ut.ee\/teadustoo_alused\/wp-json\/wp\/v2\/pages"}],"about":[{"href":"https:\/\/sisu.ut.ee\/teadustoo_alused\/wp-json\/wp\/v2\/types\/page"}],"author":[{"embeddable":true,"href":"https:\/\/sisu.ut.ee\/teadustoo_alused\/wp-json\/wp\/v2\/users\/3"}],"replies":[{"embeddable":true,"href":"https:\/\/sisu.ut.ee\/teadustoo_alused\/wp-json\/wp\/v2\/comments?post=77"}],"version-history":[{"count":1,"href":"https:\/\/sisu.ut.ee\/teadustoo_alused\/wp-json\/wp\/v2\/pages\/77\/revisions"}],"predecessor-version":[{"id":188,"href":"https:\/\/sisu.ut.ee\/teadustoo_alused\/wp-json\/wp\/v2\/pages\/77\/revisions\/188"}],"wp:attachment":[{"href":"https:\/\/sisu.ut.ee\/teadustoo_alused\/wp-json\/wp\/v2\/media?parent=77"}],"curies":[{"name":"wp","href":"https:\/\/api.w.org\/{rel}","templated":true}]}}