{"id":76,"date":"2024-04-04T04:32:48","date_gmt":"2024-04-04T01:32:48","guid":{"rendered":"https:\/\/sisu.ut.ee\/teadustoo_alused\/paradigmad-sotsiaalteadustes\/"},"modified":"2024-04-04T04:33:09","modified_gmt":"2024-04-04T01:33:09","slug":"paradigmad-sotsiaalteadustes","status":"publish","type":"page","link":"https:\/\/sisu.ut.ee\/teadustoo_alused\/paradigmad-sotsiaalteadustes\/","title":{"rendered":"Paradigmad sotsiaalteadustes"},"content":{"rendered":"<p>\n\tSotsiaalteadustes on kaks peamist paradigma \u2013 positivism ja interpretivism. Kuid antud paradigmade k\u00f5rvale mahub veel mitmeid teisi, millest tuleb juttu allpool. Esmalt aga alustame kahest suuremast, mida tihtipeale kirjeldatakse ka kui teineteise suhtes vastanduvaid paradigmasid.\n<\/p>\n<p>\n\t<strong>Positivism<\/strong>\n<\/p>\n<p>\n\tPositivistliku paradigma ontoloogia eeldab, et sotsiaalne maailm on v\u00e4line ja eksisteerib \u00fcks objektiivne sotsiaalne reaalsus s\u00f5ltumata sellest, milline on uurija uskumus v\u00f5i vaatenurk. Positivistliku paradigma esindaja eeldab, et sotsiaalseid n\u00e4htuseid on v\u00f5imalik vaadelda ja m\u00f5\u00f5ta ning teadmiseni j\u00f5uame \u00fcldistuste tegemise ja universaalsete seadusp\u00e4rade v\u00e4lja selgitamise kaudu. Seega tuleb keskenduda sotsiaalsete n\u00e4htuste puhul p\u00f5hjuslike seletuste otsimisele ehk selgitada v\u00e4lja milline on p\u00f5hjus-tagaj\u00e4rg seos. Positivism leiab, et reaalsust saab peegeldada objektiivsete faktide kaudu. Kuna positivstlik paradigma eeldab \u00fchte ainuv\u00f5imalikku t\u00f5de ehk sotsiaalse reaalsuse seletust, siis antud paradigmast l\u00e4htudes on uurimist\u00f6\u00f6 eesm\u00e4rk identifitseerida, hinnata ja elimineerida v\u00f5istlevad seletused.\n<\/p>\n<p>\n\t<strong>Interpretivism<\/strong>\n<\/p>\n<p>\n\tInterpertivistlik ontoloogia eeldab, et reaalsus on suhteline ja samal ajal v\u00f5ib kooseksisteerida mitu erinevat reaalsust. Teadmine on sotsiaalselt konstrueeritud ehk sotsiaalseid s\u00fcndmusi ja n\u00e4htusi tuleb m\u00f5ista l\u00e4bi t\u00e4henduste, mida inimesed tegelikkusele, oma k\u00e4itumisele ja v\u00e4lisele maailmale omistavad ja viise, kuidas nad seda teevad. Seega sotsiaalne reaalsus on t\u00f5lgenduslik, mis t\u00e4hendab, et ei ole \u00fcldist ja \u00fchtsest reaalsust. Antud paradigma eesm\u00e4rk on sotsiaalsete n\u00e4htuste seletamine l\u00e4bi inimloomuse m\u00f5istmise ja seega tuleb keskenduda inimeste motiividele ja t\u00e4hendustele, mida nad oma k\u00e4itumise kohta annavad. Seega seletus tuleneb inimeste k\u00e4itumismotiivide interpretatsioonist. K\u00e4itumismotiive saab t\u00f5lgendada teades konteksti, mis omakorda on ajas muutuv, seega interpretivistlik l\u00e4henemine ei pretendeeri etteennustatavusele.\n<\/p>\n<p style=\"text-align: center\">\n\t<img loading=\"lazy\" decoding=\"async\" width=\"753\" height=\"928\" class=\"alignnone wp-image-101\" style=\"max-width: 500px;height: auto\" src=\"https:\/\/sisu.ut.ee\/wp-content\/uploads\/sites\/290\/para1.png\" title=\"para1.png\" alt=\"para1.png\" srcset=\"https:\/\/sisu.ut.ee\/wp-content\/uploads\/sites\/290\/para1.png 753w, https:\/\/sisu.ut.ee\/wp-content\/uploads\/sites\/290\/para1-243x300.png 243w\" sizes=\"auto, (max-width: 753px) 100vw, 753px\">\n<\/p>\n<div class=\"O0\">\n<p>\n\t\t\u00a0\n\t<\/p>\n<\/div>\n<div class=\"O0\">\n<p>\n\t\t\u00a0\n\t<\/p>\n<\/div>\n","protected":false},"excerpt":{"rendered":"<p>Sotsiaalteadustes on kaks peamist paradigma \u2013 positivism ja interpretivism. Kuid antud paradigmade k\u00f5rvale mahub veel mitmeid teisi, millest tuleb juttu allpool. Esmalt aga alustame kahest suuremast, mida tihtipeale kirjeldatakse ka kui teineteise suhtes vastanduvaid paradigmasid. Positivism Positivistliku paradigma ontoloogia eeldab, &#8230;<\/p>\n","protected":false},"author":3,"featured_media":0,"parent":0,"menu_order":0,"comment_status":"closed","ping_status":"closed","template":"","meta":{"_acf_changed":false,"inline_featured_image":false,"footnotes":""},"class_list":["post-76","page","type-page","status-publish","hentry"],"acf":[],"_links":{"self":[{"href":"https:\/\/sisu.ut.ee\/teadustoo_alused\/wp-json\/wp\/v2\/pages\/76","targetHints":{"allow":["GET"]}}],"collection":[{"href":"https:\/\/sisu.ut.ee\/teadustoo_alused\/wp-json\/wp\/v2\/pages"}],"about":[{"href":"https:\/\/sisu.ut.ee\/teadustoo_alused\/wp-json\/wp\/v2\/types\/page"}],"author":[{"embeddable":true,"href":"https:\/\/sisu.ut.ee\/teadustoo_alused\/wp-json\/wp\/v2\/users\/3"}],"replies":[{"embeddable":true,"href":"https:\/\/sisu.ut.ee\/teadustoo_alused\/wp-json\/wp\/v2\/comments?post=76"}],"version-history":[{"count":1,"href":"https:\/\/sisu.ut.ee\/teadustoo_alused\/wp-json\/wp\/v2\/pages\/76\/revisions"}],"predecessor-version":[{"id":187,"href":"https:\/\/sisu.ut.ee\/teadustoo_alused\/wp-json\/wp\/v2\/pages\/76\/revisions\/187"}],"wp:attachment":[{"href":"https:\/\/sisu.ut.ee\/teadustoo_alused\/wp-json\/wp\/v2\/media?parent=76"}],"curies":[{"name":"wp","href":"https:\/\/api.w.org\/{rel}","templated":true}]}}