{"id":75,"date":"2024-04-04T04:32:48","date_gmt":"2024-04-04T01:32:48","guid":{"rendered":"https:\/\/sisu.ut.ee\/teadustoo_alused\/teadusliku-lahenemise-olemus\/"},"modified":"2024-04-04T04:33:09","modified_gmt":"2024-04-04T01:33:09","slug":"teadusliku-lahenemise-olemus","status":"publish","type":"page","link":"https:\/\/sisu.ut.ee\/teadustoo_alused\/teadusliku-lahenemise-olemus\/","title":{"rendered":"Teadusest \u00fcldiselt"},"content":{"rendered":"<p>\n\tTeadust\u00f6\u00f6 kursuse alustuseks r\u00e4\u00e4gime teaduse \u00fcldisest olemusest. Mis on teadus? Teadus on p\u00f5him\u00f5tteliselt \u00fcks maailma m\u00f5istmise viis. Teadus v\u00f5imaldab inimestel maailmast aru saada. Sama v\u00f5imaldavad ka teised uskumuste s\u00fcsteemid, nagu religioon, kunst ja tavam\u00f5tlemine.\u00a0\n<\/p>\n<p>\n\t<strong>Videoloeng<\/strong>\n<\/p>\n<p>\n\t<\/p><div class=\"ratio ratio-16x9 mb-3\"><div class=\"video-placeholder-wrapper video-placeholder-wrapper--16x9\">\n\t\t\t    <div class=\"video-placeholder d-flex justify-content-center align-items-center\">\n\t\t\t        <div class=\"overlay text-white p-2 w-100 text-center d-block justify-content-center align-items-center\">\n\t\t\t            <div>Kolmandate osapoolte sisu n\u00e4gemiseks palun n\u00f5ustu k\u00fcpsistega.<\/div>\n\t\t\t            <button class=\"btn btn-secondary btn-sm mt-1 consent-change\">Muuda n\u00f5usolekut<\/button>\n\t\t\t        <\/div>\n\t\t\t    <\/div>\n\t\t\t<\/div>\n<\/div>\n","protected":false},"excerpt":{"rendered":"<p>Teadust\u00f6\u00f6 kursuse alustuseks r\u00e4\u00e4gime teaduse \u00fcldisest olemusest. Mis on teadus? Teadus on p\u00f5him\u00f5tteliselt \u00fcks maailma m\u00f5istmise viis. Teadus v\u00f5imaldab inimestel maailmast aru saada. Sama v\u00f5imaldavad ka teised uskumuste s\u00fcsteemid, nagu religioon, kunst ja tavam\u00f5tlemine.\u00a0 Videoloeng Kolmandate osapoolte sisu n\u00e4gemiseks palun &#8230;<\/p>\n","protected":false},"author":3,"featured_media":0,"parent":0,"menu_order":0,"comment_status":"closed","ping_status":"closed","template":"","meta":{"_acf_changed":false,"inline_featured_image":false,"footnotes":""},"class_list":["post-75","page","type-page","status-publish","hentry"],"acf":[],"_links":{"self":[{"href":"https:\/\/sisu.ut.ee\/teadustoo_alused\/wp-json\/wp\/v2\/pages\/75","targetHints":{"allow":["GET"]}}],"collection":[{"href":"https:\/\/sisu.ut.ee\/teadustoo_alused\/wp-json\/wp\/v2\/pages"}],"about":[{"href":"https:\/\/sisu.ut.ee\/teadustoo_alused\/wp-json\/wp\/v2\/types\/page"}],"author":[{"embeddable":true,"href":"https:\/\/sisu.ut.ee\/teadustoo_alused\/wp-json\/wp\/v2\/users\/3"}],"replies":[{"embeddable":true,"href":"https:\/\/sisu.ut.ee\/teadustoo_alused\/wp-json\/wp\/v2\/comments?post=75"}],"version-history":[{"count":1,"href":"https:\/\/sisu.ut.ee\/teadustoo_alused\/wp-json\/wp\/v2\/pages\/75\/revisions"}],"predecessor-version":[{"id":186,"href":"https:\/\/sisu.ut.ee\/teadustoo_alused\/wp-json\/wp\/v2\/pages\/75\/revisions\/186"}],"wp:attachment":[{"href":"https:\/\/sisu.ut.ee\/teadustoo_alused\/wp-json\/wp\/v2\/media?parent=75"}],"curies":[{"name":"wp","href":"https:\/\/api.w.org\/{rel}","templated":true}]}}