{"id":72,"date":"2024-04-04T04:32:47","date_gmt":"2024-04-04T01:32:47","guid":{"rendered":"https:\/\/sisu.ut.ee\/teadustoo_alused\/avaleht\/"},"modified":"2024-04-17T15:57:59","modified_gmt":"2024-04-17T12:57:59","slug":"avaleht","status":"publish","type":"page","link":"https:\/\/sisu.ut.ee\/teadustoo_alused\/","title":{"rendered":"Avaleht"},"content":{"rendered":"<h2>Tere tulemast teadust\u00f6\u00f6 aluste e-kursusele!<\/h2>\n\n<p>\u00dclikool ja teadus kuuluvad lahutamatult kokku.<\/p>\n\n<blockquote>\n<p>Mis aga on teadus?<\/p>\n<p>Milline on teadusliku uurimise loogika?<\/p>\n<p>Mida tuleb silmas pidada teadustekste kirjutades?<\/p>\n<\/blockquote>\n<p>Nendele ja ka paljudele teistele teemaga haakuvatele k\u00fcsimustele saate antud kursusel vastuse. Kursus annab l\u00fchi\u00fclevaate teaduse olemusest, peamistest paradigmadest sotsiaalteadustes, teadust\u00f6\u00f6 eetika p\u00f5hiprintsiipidest, olulisematest teaduskirjanduse andmebaasidest ning nendest teemakohaste allikate otsimisest ning akadeemilise kirjutamise p\u00f5hit\u00f5dedest. Kursus on eesk\u00e4tt m\u00f5eldud sotsiaalteaduste valdkonna bakalaureuse\u00f5ppe \u00fcli\u00f5pilastele, aga oma teadmisi v\u00e4rskendama on oodatud ka magistrandid ja doktorandid.<\/p>\n<p>Head \u00f5ppimist!<\/p>\n","protected":false},"excerpt":{"rendered":"<p>Tere tulemast teadust\u00f6\u00f6 aluste e-kursusele! \u00dclikool ja teadus kuuluvad lahutamatult kokku. Mis aga on teadus? Milline on teadusliku uurimise loogika? Mida tuleb silmas pidada teadustekste kirjutades? Nendele ja ka paljudele teistele teemaga haakuvatele k\u00fcsimustele saate antud kursusel vastuse. Kursus annab &#8230;<\/p>\n","protected":false},"author":3,"featured_media":0,"parent":0,"menu_order":0,"comment_status":"closed","ping_status":"closed","template":"","meta":{"_acf_changed":false,"inline_featured_image":false,"footnotes":""},"class_list":["post-72","page","type-page","status-publish","hentry"],"acf":[],"_links":{"self":[{"href":"https:\/\/sisu.ut.ee\/teadustoo_alused\/wp-json\/wp\/v2\/pages\/72","targetHints":{"allow":["GET"]}}],"collection":[{"href":"https:\/\/sisu.ut.ee\/teadustoo_alused\/wp-json\/wp\/v2\/pages"}],"about":[{"href":"https:\/\/sisu.ut.ee\/teadustoo_alused\/wp-json\/wp\/v2\/types\/page"}],"author":[{"embeddable":true,"href":"https:\/\/sisu.ut.ee\/teadustoo_alused\/wp-json\/wp\/v2\/users\/3"}],"replies":[{"embeddable":true,"href":"https:\/\/sisu.ut.ee\/teadustoo_alused\/wp-json\/wp\/v2\/comments?post=72"}],"version-history":[{"count":2,"href":"https:\/\/sisu.ut.ee\/teadustoo_alused\/wp-json\/wp\/v2\/pages\/72\/revisions"}],"predecessor-version":[{"id":271,"href":"https:\/\/sisu.ut.ee\/teadustoo_alused\/wp-json\/wp\/v2\/pages\/72\/revisions\/271"}],"wp:attachment":[{"href":"https:\/\/sisu.ut.ee\/teadustoo_alused\/wp-json\/wp\/v2\/media?parent=72"}],"curies":[{"name":"wp","href":"https:\/\/api.w.org\/{rel}","templated":true}]}}